{"id":813,"date":"2020-09-14T07:15:09","date_gmt":"2020-09-14T07:15:09","guid":{"rendered":"http:\/\/desarrollo.fronteira.eu\/fronteira2020\/?page_id=813"},"modified":"2020-10-02T06:28:39","modified_gmt":"2020-10-02T06:28:39","slug":"aviso-legal","status":"publish","type":"page","link":"https:\/\/www.fronteira.eu\/fronteira2020\/aviso-legal\/","title":{"rendered":"Aviso Legal"},"content":{"rendered":"\n<p>Las presentes Condiciones Generales tienen por objeto regular las condiciones de uso del Sitio Web \u00abhttps:\/\/fronteira.eu\/fronteira2020\/\u00bb (en adelante, \u00abla web\u00bb), cuyo titular es la empresa ASPRODES (en adelante, ASPRODES.), con CIF G 37021946, Domicilio social: C\/ Mariseca 1, 37003 Salamanca, con la cual se puede poner en contacto a trav\u00e9s de\u00a0<a href=\"mailto:asprodes@asprodes.es\">asprodes@asprodes.es<\/a>.<\/p>\n\n\n\n<h3>1. <strong>Condiciones de acceso<\/strong><\/h3>\n\n\n\n<p>La finalidad de esta web es facilitar informaci\u00f3n sobre nuestra actividad. Su utilizaci\u00f3n supone la aceptaci\u00f3n plena por el Usuario de estas condiciones, por lo que si no est\u00e1 de acuerdo con el contenido de las mismas deber\u00e1 abstenerse de hacer uso de la web, as\u00ed como de la informaci\u00f3n ofrecida en ella. ASPRODES se reserva el derecho a efectuar las modificaciones que estime oportunas, pudiendo modificar, suprimir o incluir, sin previo aviso, nuevos contenidos y\/o servicios, as\u00ed como la forma en que \u00e9stos aparezcan presentados y localizados y las condiciones de uso de la web.<\/p>\n\n\n\n<p>El Usuario acepta que el acceso y uso de la web y de los contenidos incluidos en la misma tiene lugar libre y conscientemente, bajo su exclusiva responsabilidad, y en consecuencia se compromete a:<\/p>\n\n\n\n<ul><li>No utilizar la web para la realizaci\u00f3n de actividades contrarias a la ley, a la moral, al orden p\u00fablico, en general, y hacer un uso l\u00edcito y honrado conforme a las presentes Condiciones Generales, as\u00ed como abstenerse de realizar cualquier acto que pudiera da\u00f1ar, inutilizar, sobrecargar o deteriorar la web y\/o impedir el normal uso y utilizaci\u00f3n por parte del resto de Usuarios.<\/li><li>No manipular o alterar cualquier contenido de la web sin el consentimiento expreso y por escrito de su titular. Cualquier alteraci\u00f3n, modificaci\u00f3n o manipulaci\u00f3n sin el consentimiento de su titular, exime a su \u00e9ste de responsabilidad alguna.<\/li><li>No reproducir, copiar, distribuir, comunicar p\u00fablicamente, transformar o modificar los contenidos, a menos que se cuente con la preceptiva autorizaci\u00f3n del titular de los correspondientes derechos o ello resulte legalmente permitido; as\u00ed como suprimir, eludir o manipular el Copyright y dem\u00e1s datos identificativos de los derechos de ASPRODES o de sus titulares incorporados a los contenidos, as\u00ed como los dispositivos t\u00e9cnicos de protecci\u00f3n, o cualesquiera mecanismos de informaci\u00f3n que pudieren contener los rese\u00f1ados contenidos.<\/li><li>No introducir o difundir en la web programas de datos (virus o cualquier tipo de software de car\u00e1cter nocivo) susceptibles de provocar da\u00f1os en la web.<\/li><li>ASPRODES no garantiza la disponibilidad y continuidad de la web ni se hace responsable de cualesquiera da\u00f1os y perjuicios puedan producirse, ni de los defectos t\u00e9cnicos, incluidos virus u otros elementos lesivos, cualquiera que sea la naturaleza, derivados del uso de la informaci\u00f3n y de las materias contenidas en la web.<\/li><\/ul>\n\n\n\n<h3>2. Uso de cookies<\/h3>\n\n\n\n<p>Con el objeto de prestar un mejor servicio, ASPRODES puede almacenar en el ordenador del Usuario peque\u00f1os ficheros de informaci\u00f3n denominados cookies, utilizados para el correcto funcionamiento de algunos de los servicios que se ofrecen, as\u00ed como para realizar estad\u00edsticas de uso, diagnosticar problemas en la web, y para la administraci\u00f3n de algunos de los servicios ofrecidos. Para limitar o restringir la admisi\u00f3n de cookies en su equipo, el Usuario puede configurar su navegador a estos efectos. Para m\u00e1s informaci\u00f3n, por favor visite nuestra pol\u00edtica de cookies.<\/p>\n\n\n\n<h3>3. Responsabilidades<\/h3>\n\n\n\n<p>El Usuario responder\u00e1 de los da\u00f1os y perjuicios de toda naturaleza que ASPRODES. o cualquier tercero pueda sufrir como consecuencia del incumplimiento de cualquiera de las obligaciones a las que queda sometido por las presentes Condiciones Generales.<\/p>\n\n\n\n<p>ASPRODES no asume ninguna responsabilidad ni realiza ning\u00fan control sobre los posibles hiperv\u00ednculos que contenga la web a contenidos externos a la misma; no obstante, retirar\u00e1 aquellos enlaces que incluyan contenidos il\u00edcitos tan pronto como pueda conocerlo.<\/p>\n\n\n\n<h3>4. Propiedad Intelectual e Industrial<\/h3>\n\n\n\n<p>El Usuario reconoce que todos los contenidos de la web y, en concreto, de toda la informaci\u00f3n y materiales, la estructura, selecci\u00f3n, ordenaci\u00f3n y prestaci\u00f3n de sus contenidos, programas y desarrollo de aplicaciones utilizados en relaci\u00f3n con ellos, est\u00e1n protegidos por derechos de propiedad intelectual e industrial propiedad del titular de la web o, en su caso, de terceros.<\/p>\n\n\n\n<p>En ning\u00fan caso el acceso a los mismos o su utilizaci\u00f3n por parte del Usuario implicar\u00e1 ning\u00fan tipo de renuncia, transmisi\u00f3n o cesi\u00f3n total ni parcial de dichos derechos, ni confiere ning\u00fan derecho de utilizaci\u00f3n, alteraci\u00f3n, explotaci\u00f3n, reproducci\u00f3n, distribuci\u00f3n o comunicaci\u00f3n p\u00fablica sobre dichos contenidos sin la previa y expresa autorizaci\u00f3n espec\u00edficamente otorgada a tal efecto por parte de ASPRODES &nbsp;o del tercero titular de los derechos afectados.<\/p>\n\n\n\n<p>ASPRODES es titular de los elementos que integran el dise\u00f1o gr\u00e1fico de su web, los men\u00fas, botones de navegaci\u00f3n, el c\u00f3digo, los textos, im\u00e1genes, texturas, gr\u00e1ficos y cualquier otro contenido de la p\u00e1gina web o, en otros casos, dispone de la correspondiente autorizaci\u00f3n para la utilizaci\u00f3n de dichos elementos.<\/p>\n\n\n\n<p>Todas las marcas, nombres comerciales o signos distintivos mostrados en esta p\u00e1gina son propiedad de ASPRODES y\/o de terceras empresas. Se proh\u00edbe usarlos o descargarlos permanentemente, copiarlos o distribuirlos por cualquier medio sin el preceptivo consentimiento de su titular.<\/p>\n\n\n\n<p>En el caso de que cualquier Usuario o un tercero consideren que cualquiera de los contenidos ha sido introducido en la web con violaci\u00f3n de sus derechos de Propiedad Intelectual o Industrial deber\u00e1 enviar una notificaci\u00f3n a ASPRODES &nbsp;identific\u00e1ndose a s\u00ed mismo y al titular de los derechos de propiedad intelectual o industrial supuestamente infringidos, aportando t\u00edtulo o acreditaci\u00f3n de la representaci\u00f3n de los mencionados derechos.<\/p>\n\n\n\n<h3>5. Protecci\u00f3n de datos<\/h3>\n\n\n\n<p>Para obtener m\u00e1s informaci\u00f3n acerca del tratamiento de sus datos, consulte nuestra Pol\u00edtica de Privacidad.<\/p>\n\n\n\n<h3>6. Confidencialidad<\/h3>\n\n\n\n<p>Toda informaci\u00f3n que cualquiera de las partes comunique o facilite a la otra o a la que tengan acceso cualquiera de ellas, ser\u00e1 considerada confidencial y no podr\u00e1 ser divulgada, mostrada, reproducida, copiada, discutida con terceros, ni empleada por ninguna de las partes para fines ajenos a los que motivaron su comunicaci\u00f3n.<\/p>\n\n\n\n<h3>7. Legislaci\u00f3n aplicable y jurisdicci\u00f3n<\/h3>\n\n\n\n<p>Las presentes Condiciones Generales se regir\u00e1n por lo dispuesto en la legislaci\u00f3n espa\u00f1ola. Para cuantas cuestiones pudieran suscitarse entre las partes en relaci\u00f3n con la interpretaci\u00f3n y ejecuci\u00f3n del presente documento, ambas partes acuerdan de forma expresa y con renuncia de cualquier otro fuero que pudiera corresponderles, a la jurisdicci\u00f3n de los Juzgados y Tribunales de SALAMANCA.<\/p>\n","protected":false},"excerpt":{"rendered":"<p>Las presentes Condiciones Generales tienen por objeto regular las condiciones de uso del Sitio Web \u00abhttps:\/\/fronteira.eu\/fronteira2020\/\u00bb (en adelante, \u00abla web\u00bb), cuyo titular es la empresa ASPRODES (en adelante, ASPRODES.), con CIF G 37021946, Domicilio social: C\/ Mariseca 1, 37003 Salamanca,<\/p>\n","protected":false},"author":1,"featured_media":0,"parent":0,"menu_order":0,"comment_status":"closed","ping_status":"closed","template":"","meta":[],"_links":{"self":[{"href":"https:\/\/www.fronteira.eu\/fronteira2020\/wp-json\/wp\/v2\/pages\/813"}],"collection":[{"href":"https:\/\/www.fronteira.eu\/fronteira2020\/wp-json\/wp\/v2\/pages"}],"about":[{"href":"https:\/\/www.fronteira.eu\/fronteira2020\/wp-json\/wp\/v2\/types\/page"}],"author":[{"embeddable":true,"href":"https:\/\/www.fronteira.eu\/fronteira2020\/wp-json\/wp\/v2\/users\/1"}],"replies":[{"embeddable":true,"href":"https:\/\/www.fronteira.eu\/fronteira2020\/wp-json\/wp\/v2\/comments?post=813"}],"version-history":[{"count":8,"href":"https:\/\/www.fronteira.eu\/fronteira2020\/wp-json\/wp\/v2\/pages\/813\/revisions"}],"predecessor-version":[{"id":904,"href":"https:\/\/www.fronteira.eu\/fronteira2020\/wp-json\/wp\/v2\/pages\/813\/revisions\/904"}],"wp:attachment":[{"href":"https:\/\/www.fronteira.eu\/fronteira2020\/wp-json\/wp\/v2\/media?parent=813"}],"curies":[{"name":"wp","href":"https:\/\/api.w.org\/{rel}","templated":true}]}}