{"id":8,"date":"2020-04-02T09:03:48","date_gmt":"2020-04-02T09:03:48","guid":{"rendered":"http:\/\/desarrollo.fronteira.eu\/fronteira2020\/?page_id=8"},"modified":"2020-05-25T10:19:19","modified_gmt":"2020-05-25T10:19:19","slug":"actualidad","status":"publish","type":"page","link":"https:\/\/www.fronteira.eu\/fronteira2020\/actualidad\/","title":{"rendered":"Actualidad"},"content":{"rendered":"\n<div class=\"actualidad\"><style>.wp-show-posts-columns#wpsp-547 {margin-left: -2em; }.wp-show-posts-columns#wpsp-547 .wp-show-posts-inner {margin: 0 0 2em 2em; }<\/style><section id=\"wpsp-547\" class=\" wp-show-posts-columns wp-show-posts\" style=\"\"><article class=\" wp-show-posts-single post-1483 post type-post status-publish format-standard hentry category-noticias wpsp-col-4\" itemtype=\"http:\/\/schema.org\/CreativeWork\" itemscope><div class=\"wp-show-posts-inner\" style=\"\">\t\t\t\t\t\t<header class=\"wp-show-posts-entry-header\">\n\t\t\t\t\t\t\t<h3 class=\"wp-show-posts-entry-title\" itemprop=\"headline\"><a href=\"https:\/\/www.fronteira.eu\/fronteira2020\/iii-jornadas-de-impulso-de-una-red-transfronteriza-de-centros-de-innovacion-o-hubs\/\" rel=\"bookmark\">III Jornadas de impulso de una red transfronteriza de centros de innovaci\u00f3n o hubs<\/a><\/h3><div class=\"wp-show-posts-entry-meta wp-show-posts-entry-meta-below-title post-meta-inline\"><span class=\"wp-show-posts-posted-on wp-show-posts-meta\">\n\t\t\t\t\t<a href=\"https:\/\/www.fronteira.eu\/fronteira2020\/iii-jornadas-de-impulso-de-una-red-transfronteriza-de-centros-de-innovacion-o-hubs\/\" title=\"07:33\" rel=\"bookmark\"><time class=\"wp-show-posts-entry-date published\" datetime=\"2024-10-30T07:33:02+00:00\" itemprop=\"datePublished\">30 octubre 2024<\/time><time class=\"wp-show-posts-updated\" datetime=\"2024-10-30T07:38:12+00:00\" itemprop=\"dateModified\">30 octubre 2024<\/time><\/a>\n\t\t\t\t<\/span><\/div>\t\t\t\t\t\t<\/header><!-- .entry-header -->\n\t\t\t\t\t\t\t\t\t\t\t<div class=\"wp-show-posts-entry-summary\" itemprop=\"text\">\n\t\t\t\t\t\t\t<p>El pr\u00f3ximo d\u00eda 13 de noviembre, se celebrar\u00e1n en Valladolid las III Jornadas de impulso de una red transfronteriza de centros de innovaci\u00f3n o hubs, que se centrar\u00e1n en los&#8230;<\/p>\n\t\t\t\t\t\t<\/div><!-- .entry-summary -->\n\t\t\t\t\t<div class=\"wpsp-read-more\"><a title=\"III Jornadas de impulso de una red transfronteriza de centros de innovaci\u00f3n o hubs\" class=\"btn-mas\" href=\"https:\/\/www.fronteira.eu\/fronteira2020\/iii-jornadas-de-impulso-de-una-red-transfronteriza-de-centros-de-innovacion-o-hubs\/\">Leer m\u00e1s<\/a><\/div><\/div><!-- wp-show-posts-inner --><\/article><article class=\" wp-show-posts-single post-1476 post type-post status-publish format-standard hentry category-noticias wpsp-col-4\" itemtype=\"http:\/\/schema.org\/CreativeWork\" itemscope><div class=\"wp-show-posts-inner\" style=\"\">\t\t\t\t\t\t<header class=\"wp-show-posts-entry-header\">\n\t\t\t\t\t\t\t<h3 class=\"wp-show-posts-entry-title\" itemprop=\"headline\"><a href=\"https:\/\/www.fronteira.eu\/fronteira2020\/jornada-de-impulso-de-una-red-transfronteriza-de-centros-de-innovacion-o-hubs-en-el-marco-del-proyecto-ris-fronteira\/\" rel=\"bookmark\">\u201cJornada de Impulso de una Red Transfronteriza de Centros de Innovaci\u00f3n o Hubs\u201d, en el marco del proyecto RIS FRONTEIRA<\/a><\/h3><div class=\"wp-show-posts-entry-meta wp-show-posts-entry-meta-below-title post-meta-inline\"><span class=\"wp-show-posts-posted-on wp-show-posts-meta\">\n\t\t\t\t\t<a href=\"https:\/\/www.fronteira.eu\/fronteira2020\/jornada-de-impulso-de-una-red-transfronteriza-de-centros-de-innovacion-o-hubs-en-el-marco-del-proyecto-ris-fronteira\/\" title=\"13:04\" rel=\"bookmark\"><time class=\"wp-show-posts-entry-date published\" datetime=\"2024-04-19T13:04:12+00:00\" itemprop=\"datePublished\">19 abril 2024<\/time><time class=\"wp-show-posts-updated\" datetime=\"2024-04-19T13:04:15+00:00\" itemprop=\"dateModified\">19 abril 2024<\/time><\/a>\n\t\t\t\t<\/span><\/div>\t\t\t\t\t\t<\/header><!-- .entry-header -->\n\t\t\t\t\t\t\t\t\t\t\t<div class=\"wp-show-posts-entry-summary\" itemprop=\"text\">\n\t\t\t\t\t\t\t<p>Se ha celebrado la \u201cJornada de Impulso de una Red Transfronteriza de Centros de Innovaci\u00f3n o Hubs\u201d, el d\u00eda 30 de enero en el Centro Municipal Integrado Victoria Adrados (Salamanca),&#8230;<\/p>\n\t\t\t\t\t\t<\/div><!-- .entry-summary -->\n\t\t\t\t\t<div class=\"wpsp-read-more\"><a title=\"\u201cJornada de Impulso de una Red Transfronteriza de Centros de Innovaci\u00f3n o Hubs\u201d, en el marco del proyecto RIS FRONTEIRA\" class=\"btn-mas\" href=\"https:\/\/www.fronteira.eu\/fronteira2020\/jornada-de-impulso-de-una-red-transfronteriza-de-centros-de-innovacion-o-hubs-en-el-marco-del-proyecto-ris-fronteira\/\">Leer m\u00e1s<\/a><\/div><\/div><!-- wp-show-posts-inner --><\/article><article class=\" wp-show-posts-single post-1468 post type-post status-publish format-standard hentry category-noticias wpsp-col-4\" itemtype=\"http:\/\/schema.org\/CreativeWork\" itemscope><div class=\"wp-show-posts-inner\" style=\"\">\t\t\t\t\t\t<header class=\"wp-show-posts-entry-header\">\n\t\t\t\t\t\t\t<h3 class=\"wp-show-posts-entry-title\" itemprop=\"headline\"><a href=\"https:\/\/www.fronteira.eu\/fronteira2020\/videos-de-las-jornadas-de-innovacion-turistica\/\" rel=\"bookmark\">V\u00eddeos de las Jornadas de Innovaci\u00f3n Tur\u00edstica<\/a><\/h3><div class=\"wp-show-posts-entry-meta wp-show-posts-entry-meta-below-title post-meta-inline\"><span class=\"wp-show-posts-posted-on wp-show-posts-meta\">\n\t\t\t\t\t<a href=\"https:\/\/www.fronteira.eu\/fronteira2020\/videos-de-las-jornadas-de-innovacion-turistica\/\" title=\"14:25\" rel=\"bookmark\"><time class=\"wp-show-posts-entry-date published\" datetime=\"2023-09-14T14:25:11+00:00\" itemprop=\"datePublished\">14 septiembre 2023<\/time><time class=\"wp-show-posts-updated\" datetime=\"2023-09-14T14:25:14+00:00\" itemprop=\"dateModified\">14 septiembre 2023<\/time><\/a>\n\t\t\t\t<\/span><\/div>\t\t\t\t\t\t<\/header><!-- .entry-header -->\n\t\t\t\t\t\t\t\t\t\t\t<div class=\"wp-show-posts-entry-summary\" itemprop=\"text\">\n\t\t\t\t\t\t\t<p>Ya est\u00e1n disponibles los v\u00eddeos de las Jornadas de Innovaci\u00f3n Tur\u00edstica celebradas durante los d\u00edas 30 y 31 de mayo en B\u00e9jar, Salamanca, que sirvieron de punto de encuentro e&#8230;<\/p>\n\t\t\t\t\t\t<\/div><!-- .entry-summary -->\n\t\t\t\t\t<div class=\"wpsp-read-more\"><a title=\"V\u00eddeos de las Jornadas de Innovaci\u00f3n Tur\u00edstica\" class=\"btn-mas\" href=\"https:\/\/www.fronteira.eu\/fronteira2020\/videos-de-las-jornadas-de-innovacion-turistica\/\">Leer m\u00e1s<\/a><\/div><\/div><!-- wp-show-posts-inner --><\/article><article class=\" wp-show-posts-single post-1453 post type-post status-publish format-standard hentry category-noticias wpsp-col-4\" itemtype=\"http:\/\/schema.org\/CreativeWork\" itemscope><div class=\"wp-show-posts-inner\" style=\"\">\t\t\t\t\t\t<header class=\"wp-show-posts-entry-header\">\n\t\t\t\t\t\t\t<h3 class=\"wp-show-posts-entry-title\" itemprop=\"headline\"><a href=\"https:\/\/www.fronteira.eu\/fronteira2020\/conferencia-final-del-proyecto-ruralcare\/\" rel=\"bookmark\">Conferencia final del proyecto RuralCare<\/a><\/h3><div class=\"wp-show-posts-entry-meta wp-show-posts-entry-meta-below-title post-meta-inline\"><span class=\"wp-show-posts-posted-on wp-show-posts-meta\">\n\t\t\t\t\t<a href=\"https:\/\/www.fronteira.eu\/fronteira2020\/conferencia-final-del-proyecto-ruralcare\/\" title=\"07:17\" rel=\"bookmark\"><time class=\"wp-show-posts-entry-date published\" datetime=\"2023-09-12T07:17:27+00:00\" itemprop=\"datePublished\">12 septiembre 2023<\/time><time class=\"wp-show-posts-updated\" datetime=\"2023-09-12T07:17:30+00:00\" itemprop=\"dateModified\">12 septiembre 2023<\/time><\/a>\n\t\t\t\t<\/span><\/div>\t\t\t\t\t\t<\/header><!-- .entry-header -->\n\t\t\t\t\t\t\t\t\t\t\t<div class=\"wp-show-posts-entry-summary\" itemprop=\"text\">\n\t\t\t\t\t\t\t<p>RuralCare es un proyecto europeo de innovaci\u00f3n en servicios sociales de dise\u00f1o, puesta a prueba y evaluaci\u00f3n de un enfoque innovador sist\u00e9mico, para la provisi\u00f3n de cuidados integrados de larga&#8230;<\/p>\n\t\t\t\t\t\t<\/div><!-- .entry-summary -->\n\t\t\t\t\t<div class=\"wpsp-read-more\"><a title=\"Conferencia final del proyecto RuralCare\" class=\"btn-mas\" href=\"https:\/\/www.fronteira.eu\/fronteira2020\/conferencia-final-del-proyecto-ruralcare\/\">Leer m\u00e1s<\/a><\/div><\/div><!-- wp-show-posts-inner --><\/article><article class=\" wp-show-posts-single post-1442 post type-post status-publish format-standard hentry category-noticias wpsp-col-4\" itemtype=\"http:\/\/schema.org\/CreativeWork\" itemscope><div class=\"wp-show-posts-inner\" style=\"\">\t\t\t\t\t\t<header class=\"wp-show-posts-entry-header\">\n\t\t\t\t\t\t\t<h3 class=\"wp-show-posts-entry-title\" itemprop=\"headline\"><a href=\"https:\/\/www.fronteira.eu\/fronteira2020\/la-economia-de-cuidados-en-la-jornada-del-proyecto-fronteira-ii%ef%bf%bc\/\" rel=\"bookmark\">La econom\u00eda de cuidados en la jornada del Proyecto Fronteira II<\/a><\/h3><div class=\"wp-show-posts-entry-meta wp-show-posts-entry-meta-below-title post-meta-inline\"><span class=\"wp-show-posts-posted-on wp-show-posts-meta\">\n\t\t\t\t\t<a href=\"https:\/\/www.fronteira.eu\/fronteira2020\/la-economia-de-cuidados-en-la-jornada-del-proyecto-fronteira-ii%ef%bf%bc\/\" title=\"13:18\" rel=\"bookmark\"><time class=\"wp-show-posts-entry-date published\" datetime=\"2023-06-29T13:18:00+00:00\" itemprop=\"datePublished\">29 junio 2023<\/time><time class=\"wp-show-posts-updated\" datetime=\"2023-06-30T13:43:03+00:00\" itemprop=\"dateModified\">30 junio 2023<\/time><\/a>\n\t\t\t\t<\/span><\/div>\t\t\t\t\t\t<\/header><!-- .entry-header -->\n\t\t\t\t\t\t\t\t\t\t\t<div class=\"wp-show-posts-entry-summary\" itemprop=\"text\">\n\t\t\t\t\t\t\t<p>El d\u00eda 28 de junio se ha celebrado&nbsp; un encuentro transfronterizo en el que se ha abordado la necesidad de una Europa m\u00e1s social e inclusiva a trav\u00e9s de la&#8230;<\/p>\n\t\t\t\t\t\t<\/div><!-- .entry-summary -->\n\t\t\t\t\t<div class=\"wpsp-read-more\"><a title=\"La econom\u00eda de cuidados en la jornada del Proyecto Fronteira II\" class=\"btn-mas\" href=\"https:\/\/www.fronteira.eu\/fronteira2020\/la-economia-de-cuidados-en-la-jornada-del-proyecto-fronteira-ii%ef%bf%bc\/\">Leer m\u00e1s<\/a><\/div><\/div><!-- wp-show-posts-inner --><\/article><article class=\" wp-show-posts-single post-1440 post type-post status-publish format-standard hentry category-noticias wpsp-col-4\" itemtype=\"http:\/\/schema.org\/CreativeWork\" itemscope><div class=\"wp-show-posts-inner\" style=\"\">\t\t\t\t\t\t<header class=\"wp-show-posts-entry-header\">\n\t\t\t\t\t\t\t<h3 class=\"wp-show-posts-entry-title\" itemprop=\"headline\"><a href=\"https:\/\/www.fronteira.eu\/fronteira2020\/economia-ecologica-y-nye-empleo-verde-en-la-jornada-del-proyecto-fronteira-ii\/\" rel=\"bookmark\">Econom\u00eda Ecol\u00f3gica y NYE Empleo Verde en la jornada del Proyecto Fronteira II<\/a><\/h3><div class=\"wp-show-posts-entry-meta wp-show-posts-entry-meta-below-title post-meta-inline\"><span class=\"wp-show-posts-posted-on wp-show-posts-meta\">\n\t\t\t\t\t<a href=\"https:\/\/www.fronteira.eu\/fronteira2020\/economia-ecologica-y-nye-empleo-verde-en-la-jornada-del-proyecto-fronteira-ii\/\" title=\"15:37\" rel=\"bookmark\"><time class=\"wp-show-posts-entry-date published\" datetime=\"2023-06-28T15:37:19+00:00\" itemprop=\"datePublished\">28 junio 2023<\/time><time class=\"wp-show-posts-updated\" datetime=\"2023-06-30T13:37:35+00:00\" itemprop=\"dateModified\">30 junio 2023<\/time><\/a>\n\t\t\t\t<\/span><\/div>\t\t\t\t\t\t<\/header><!-- .entry-header -->\n\t\t\t\t\t\t\t\t\t\t\t<div class=\"wp-show-posts-entry-summary\" itemprop=\"text\">\n\t\t\t\t\t\t\t<p>Los socios del proyecto Fronteira II, enmarcado en el programa de Cooperaci\u00f3n Interreg V A Espa\u00f1a &#8211; portugal (POCTEP), han participado el d\u00eda 27 de junio en un encuentro transfronterizo&#8230;<\/p>\n\t\t\t\t\t\t<\/div><!-- .entry-summary -->\n\t\t\t\t\t<div class=\"wpsp-read-more\"><a title=\"Econom\u00eda Ecol\u00f3gica y NYE Empleo Verde en la jornada del Proyecto Fronteira II\" class=\"btn-mas\" href=\"https:\/\/www.fronteira.eu\/fronteira2020\/economia-ecologica-y-nye-empleo-verde-en-la-jornada-del-proyecto-fronteira-ii\/\">Leer m\u00e1s<\/a><\/div><\/div><!-- wp-show-posts-inner --><\/article><article class=\" wp-show-posts-single post-1428 post type-post status-publish format-standard hentry category-noticias wpsp-col-4\" itemtype=\"http:\/\/schema.org\/CreativeWork\" itemscope><div class=\"wp-show-posts-inner\" style=\"\">\t\t\t\t\t\t<header class=\"wp-show-posts-entry-header\">\n\t\t\t\t\t\t\t<h3 class=\"wp-show-posts-entry-title\" itemprop=\"headline\"><a href=\"https:\/\/www.fronteira.eu\/fronteira2020\/nuevo-seminario-de-innovacion-y-emprendimiento-hackathon-de-turismo-accesible-e-inclusivo\/\" rel=\"bookmark\">Nuevo Seminario de Innovaci\u00f3n y Emprendimiento Hackathon de Turismo Accesible e Inclusivo<\/a><\/h3><div class=\"wp-show-posts-entry-meta wp-show-posts-entry-meta-below-title post-meta-inline\"><span class=\"wp-show-posts-posted-on wp-show-posts-meta\">\n\t\t\t\t\t<a href=\"https:\/\/www.fronteira.eu\/fronteira2020\/nuevo-seminario-de-innovacion-y-emprendimiento-hackathon-de-turismo-accesible-e-inclusivo\/\" title=\"09:08\" rel=\"bookmark\"><time class=\"wp-show-posts-entry-date published\" datetime=\"2023-06-23T09:08:05+00:00\" itemprop=\"datePublished\">23 junio 2023<\/time><time class=\"wp-show-posts-updated\" datetime=\"2023-06-23T09:08:14+00:00\" itemprop=\"dateModified\">23 junio 2023<\/time><\/a>\n\t\t\t\t<\/span><\/div>\t\t\t\t\t\t<\/header><!-- .entry-header -->\n\t\t\t\t\t\t\t\t\t\t\t<div class=\"wp-show-posts-entry-summary\" itemprop=\"text\">\n\t\t\t\t\t\t\t<p>Durante los d\u00edas 23, 24 y 25 de junio se va a celebrar en B\u00e9jar, Salamanca, un Seminario de Innovaci\u00f3n y Emprendimiento Hackathon de Turismo Accesible e Inclusivo para desarrollar&#8230;<\/p>\n\t\t\t\t\t\t<\/div><!-- .entry-summary -->\n\t\t\t\t\t<div class=\"wpsp-read-more\"><a title=\"Nuevo Seminario de Innovaci\u00f3n y Emprendimiento Hackathon de Turismo Accesible e Inclusivo\" class=\"btn-mas\" href=\"https:\/\/www.fronteira.eu\/fronteira2020\/nuevo-seminario-de-innovacion-y-emprendimiento-hackathon-de-turismo-accesible-e-inclusivo\/\">Leer m\u00e1s<\/a><\/div><\/div><!-- wp-show-posts-inner --><\/article><article class=\" wp-show-posts-single post-1421 post type-post status-publish format-standard hentry category-noticias wpsp-col-4\" itemtype=\"http:\/\/schema.org\/CreativeWork\" itemscope><div class=\"wp-show-posts-inner\" style=\"\">\t\t\t\t\t\t<header class=\"wp-show-posts-entry-header\">\n\t\t\t\t\t\t\t<h3 class=\"wp-show-posts-entry-title\" itemprop=\"headline\"><a href=\"https:\/\/www.fronteira.eu\/fronteira2020\/economia-ecologica-y-nye-empleo-verde%ef%bf%bc\/\" rel=\"bookmark\">Econom\u00eda Ecol\u00f3gica y NYE Empleo Verde\ufffc<\/a><\/h3><div class=\"wp-show-posts-entry-meta wp-show-posts-entry-meta-below-title post-meta-inline\"><span class=\"wp-show-posts-posted-on wp-show-posts-meta\">\n\t\t\t\t\t<a href=\"https:\/\/www.fronteira.eu\/fronteira2020\/economia-ecologica-y-nye-empleo-verde%ef%bf%bc\/\" title=\"10:48\" rel=\"bookmark\"><time class=\"wp-show-posts-entry-date published\" datetime=\"2023-06-22T10:48:43+00:00\" itemprop=\"datePublished\">22 junio 2023<\/time><time class=\"wp-show-posts-updated\" datetime=\"2023-06-22T13:20:34+00:00\" itemprop=\"dateModified\">22 junio 2023<\/time><\/a>\n\t\t\t\t<\/span><\/div>\t\t\t\t\t\t<\/header><!-- .entry-header -->\n\t\t\t\t\t\t\t\t\t\t\t<div class=\"wp-show-posts-entry-summary\" itemprop=\"text\">\n\t\t\t\t\t\t\t<p>El pr\u00f3ximo d\u00eda 27 de junio se va a celebrar una nueva jornada de trabajo del proyecto Fronteira II, bajo el t\u00edtulo Econom\u00eda Ecol\u00f3gica y NYE Empleo Verde, en Salamanca.&nbsp;&#8230;<\/p>\n\t\t\t\t\t\t<\/div><!-- .entry-summary -->\n\t\t\t\t\t<div class=\"wpsp-read-more\"><a title=\"Econom\u00eda Ecol\u00f3gica y NYE Empleo Verde\ufffc\" class=\"btn-mas\" href=\"https:\/\/www.fronteira.eu\/fronteira2020\/economia-ecologica-y-nye-empleo-verde%ef%bf%bc\/\">Leer m\u00e1s<\/a><\/div><\/div><!-- wp-show-posts-inner --><\/article><article class=\" wp-show-posts-single post-1407 post type-post status-publish format-standard hentry category-noticias wpsp-col-4\" itemtype=\"http:\/\/schema.org\/CreativeWork\" itemscope><div class=\"wp-show-posts-inner\" style=\"\">\t\t\t\t\t\t<header class=\"wp-show-posts-entry-header\">\n\t\t\t\t\t\t\t<h3 class=\"wp-show-posts-entry-title\" itemprop=\"headline\"><a href=\"https:\/\/www.fronteira.eu\/fronteira2020\/se-celebran-las-jornadas-de-innovacion-turistica-en-bejar-salamanca\/\" rel=\"bookmark\">Se celebran las Jornadas de Innovaci\u00f3n Tur\u00edstica en B\u00e9jar, Salamanca<\/a><\/h3><div class=\"wp-show-posts-entry-meta wp-show-posts-entry-meta-below-title post-meta-inline\"><span class=\"wp-show-posts-posted-on wp-show-posts-meta\">\n\t\t\t\t\t<a href=\"https:\/\/www.fronteira.eu\/fronteira2020\/se-celebran-las-jornadas-de-innovacion-turistica-en-bejar-salamanca\/\" title=\"09:32\" rel=\"bookmark\"><time class=\"wp-show-posts-entry-date published\" datetime=\"2023-06-01T09:32:12+00:00\" itemprop=\"datePublished\">1 junio 2023<\/time><time class=\"wp-show-posts-updated\" datetime=\"2023-06-01T10:12:29+00:00\" itemprop=\"dateModified\">1 junio 2023<\/time><\/a>\n\t\t\t\t<\/span><\/div>\t\t\t\t\t\t<\/header><!-- .entry-header -->\n\t\t\t\t\t\t\t\t\t\t\t<div class=\"wp-show-posts-entry-summary\" itemprop=\"text\">\n\t\t\t\t\t\t\t<p>Durante los d\u00edas 30 y 31 de mayo se han celebrado en B\u00e9jar, Salamanca, las Jornadas de Innovaci\u00f3n Tur\u00edstica en el \u00e1mbito de la cooperaci\u00f3n transfronterizo Espa\u00f1a Portugal: Accesibilidad, Inclusi\u00f3n&#8230;<\/p>\n\t\t\t\t\t\t<\/div><!-- .entry-summary -->\n\t\t\t\t\t<div class=\"wpsp-read-more\"><a title=\"Se celebran las Jornadas de Innovaci\u00f3n Tur\u00edstica en B\u00e9jar, Salamanca\" class=\"btn-mas\" href=\"https:\/\/www.fronteira.eu\/fronteira2020\/se-celebran-las-jornadas-de-innovacion-turistica-en-bejar-salamanca\/\">Leer m\u00e1s<\/a><\/div><\/div><!-- wp-show-posts-inner --><\/article><article class=\" wp-show-posts-single post-1399 post type-post status-publish format-standard hentry category-noticias wpsp-col-4\" itemtype=\"http:\/\/schema.org\/CreativeWork\" itemscope><div class=\"wp-show-posts-inner\" style=\"\">\t\t\t\t\t\t<header class=\"wp-show-posts-entry-header\">\n\t\t\t\t\t\t\t<h3 class=\"wp-show-posts-entry-title\" itemprop=\"headline\"><a href=\"https:\/\/www.fronteira.eu\/fronteira2020\/jornadas-de-innovacion-turistica\/\" rel=\"bookmark\">Jornadas de Innovaci\u00f3n Tur\u00edstica<\/a><\/h3><div class=\"wp-show-posts-entry-meta wp-show-posts-entry-meta-below-title post-meta-inline\"><span class=\"wp-show-posts-posted-on wp-show-posts-meta\">\n\t\t\t\t\t<a href=\"https:\/\/www.fronteira.eu\/fronteira2020\/jornadas-de-innovacion-turistica\/\" title=\"13:42\" rel=\"bookmark\"><time class=\"wp-show-posts-entry-date published\" datetime=\"2023-05-19T13:42:39+00:00\" itemprop=\"datePublished\">19 mayo 2023<\/time><time class=\"wp-show-posts-updated\" datetime=\"2023-06-02T08:57:37+00:00\" itemprop=\"dateModified\">2 junio 2023<\/time><\/a>\n\t\t\t\t<\/span><\/div>\t\t\t\t\t\t<\/header><!-- .entry-header -->\n\t\t\t\t\t\t\t\t\t\t\t<div class=\"wp-show-posts-entry-summary\" itemprop=\"text\">\n\t\t\t\t\t\t\t<p>Desde el proyecto Fronteira II, se est\u00e1n organizando las Jornadas de Innovaci\u00f3n Tur\u00edstica en el \u00e1mbito de la cooperaci\u00f3n transfronterizo Espa\u00f1a Portugal: Accesibilidad, Inclusi\u00f3n y Sostenibilidad, que tendr\u00e1n lugar los&#8230;<\/p>\n\t\t\t\t\t\t<\/div><!-- .entry-summary -->\n\t\t\t\t\t<div class=\"wpsp-read-more\"><a title=\"Jornadas de Innovaci\u00f3n Tur\u00edstica\" class=\"btn-mas\" href=\"https:\/\/www.fronteira.eu\/fronteira2020\/jornadas-de-innovacion-turistica\/\">Leer m\u00e1s<\/a><\/div><\/div><!-- wp-show-posts-inner --><\/article><article class=\" wp-show-posts-single post-1389 post type-post status-publish format-standard hentry category-noticias wpsp-col-4\" itemtype=\"http:\/\/schema.org\/CreativeWork\" itemscope><div class=\"wp-show-posts-inner\" style=\"\">\t\t\t\t\t\t<header class=\"wp-show-posts-entry-header\">\n\t\t\t\t\t\t\t<h3 class=\"wp-show-posts-entry-title\" itemprop=\"headline\"><a href=\"https:\/\/www.fronteira.eu\/fronteira2020\/jornadas-fronteira-turismo-accesible-e-inclusivo-en-guarda-portugal\/\" rel=\"bookmark\">Jornadas Fronteira &#8211; Turismo Accesible e Inclusivo, en Guarda, Portugal<\/a><\/h3><div class=\"wp-show-posts-entry-meta wp-show-posts-entry-meta-below-title post-meta-inline\"><span class=\"wp-show-posts-posted-on wp-show-posts-meta\">\n\t\t\t\t\t<a href=\"https:\/\/www.fronteira.eu\/fronteira2020\/jornadas-fronteira-turismo-accesible-e-inclusivo-en-guarda-portugal\/\" title=\"09:19\" rel=\"bookmark\"><time class=\"wp-show-posts-entry-date published\" datetime=\"2023-05-03T09:19:57+00:00\" itemprop=\"datePublished\">3 mayo 2023<\/time><time class=\"wp-show-posts-updated\" datetime=\"2023-05-03T09:20:06+00:00\" itemprop=\"dateModified\">3 mayo 2023<\/time><\/a>\n\t\t\t\t<\/span><\/div>\t\t\t\t\t\t<\/header><!-- .entry-header -->\n\t\t\t\t\t\t\t\t\t\t\t<div class=\"wp-show-posts-entry-summary\" itemprop=\"text\">\n\t\t\t\t\t\t\t<p>Con el objetivo de hablar sobre turismo accesible y comprender mejor las necesidades y dificultades que conlleva, se han celebrado las Jornadas Fronteira &#8211; Turismo Accesible e Inclusivo, en la&#8230;<\/p>\n\t\t\t\t\t\t<\/div><!-- .entry-summary -->\n\t\t\t\t\t<div class=\"wpsp-read-more\"><a title=\"Jornadas Fronteira &#8211; Turismo Accesible e Inclusivo, en Guarda, Portugal\" class=\"btn-mas\" href=\"https:\/\/www.fronteira.eu\/fronteira2020\/jornadas-fronteira-turismo-accesible-e-inclusivo-en-guarda-portugal\/\">Leer m\u00e1s<\/a><\/div><\/div><!-- wp-show-posts-inner --><\/article><article class=\" wp-show-posts-single post-1381 post type-post status-publish format-standard hentry category-noticias wpsp-col-4\" itemtype=\"http:\/\/schema.org\/CreativeWork\" itemscope><div class=\"wp-show-posts-inner\" style=\"\">\t\t\t\t\t\t<header class=\"wp-show-posts-entry-header\">\n\t\t\t\t\t\t\t<h3 class=\"wp-show-posts-entry-title\" itemprop=\"headline\"><a href=\"https:\/\/www.fronteira.eu\/fronteira2020\/los-socios-del-proyecto-fronteira-celebran-una-reunion-de-seguimiento-en-san-esteban-de-la-sierra-%ef%bf%bc\/\" rel=\"bookmark\">Los socios del proyecto Fronteira celebran una reuni\u00f3n de seguimiento en San Esteban de la Sierra\u00a0\ufffc<\/a><\/h3><div class=\"wp-show-posts-entry-meta wp-show-posts-entry-meta-below-title post-meta-inline\"><span class=\"wp-show-posts-posted-on wp-show-posts-meta\">\n\t\t\t\t\t<a href=\"https:\/\/www.fronteira.eu\/fronteira2020\/los-socios-del-proyecto-fronteira-celebran-una-reunion-de-seguimiento-en-san-esteban-de-la-sierra-%ef%bf%bc\/\" title=\"13:22\" rel=\"bookmark\"><time class=\"wp-show-posts-entry-date published\" datetime=\"2023-03-29T13:22:49+00:00\" itemprop=\"datePublished\">29 marzo 2023<\/time><time class=\"wp-show-posts-updated\" datetime=\"2023-04-05T09:07:31+00:00\" itemprop=\"dateModified\">5 abril 2023<\/time><\/a>\n\t\t\t\t<\/span><\/div>\t\t\t\t\t\t<\/header><!-- .entry-header -->\n\t\t\t\t\t\t\t\t\t\t\t<div class=\"wp-show-posts-entry-summary\" itemprop=\"text\">\n\t\t\t\t\t\t\t<p>La localidad salmantina de San Esteban de la Sierra ha acogido la reuni\u00f3n de seguimiento del proyecto Fronteira, enmarcado dentro del programa de Cooperaci\u00f3n Territorial Europeo (Interreg), donde se ha&#8230;<\/p>\n\t\t\t\t\t\t<\/div><!-- .entry-summary -->\n\t\t\t\t\t<div class=\"wpsp-read-more\"><a title=\"Los socios del proyecto Fronteira celebran una reuni\u00f3n de seguimiento en San Esteban de la Sierra\u00a0\ufffc\" class=\"btn-mas\" href=\"https:\/\/www.fronteira.eu\/fronteira2020\/los-socios-del-proyecto-fronteira-celebran-una-reunion-de-seguimiento-en-san-esteban-de-la-sierra-%ef%bf%bc\/\">Leer m\u00e1s<\/a><\/div><\/div><!-- wp-show-posts-inner --><\/article><div class=\"wpsp-clear\"><\/div><\/section><!-- .wp-show-posts --><div class=\"wpsp-load-more\"><span aria-current=\"page\" class=\"page-numbers current\">1<\/span>\n<a class=\"page-numbers\" href=\"https:\/\/www.fronteira.eu\/fronteira2020\/wp-json\/wp\/v2\/pages\/8\/page\/2\/\">2<\/a>\n<a class=\"page-numbers\" href=\"https:\/\/www.fronteira.eu\/fronteira2020\/wp-json\/wp\/v2\/pages\/8\/page\/3\/\">3<\/a>\n<a class=\"next page-numbers\" href=\"https:\/\/www.fronteira.eu\/fronteira2020\/wp-json\/wp\/v2\/pages\/8\/page\/2\/\">Siguiente &rarr;<\/a><\/div><\/div>\n","protected":false},"excerpt":{"rendered":"","protected":false},"author":1,"featured_media":0,"parent":0,"menu_order":0,"comment_status":"closed","ping_status":"closed","template":"","meta":[],"_links":{"self":[{"href":"https:\/\/www.fronteira.eu\/fronteira2020\/wp-json\/wp\/v2\/pages\/8"}],"collection":[{"href":"https:\/\/www.fronteira.eu\/fronteira2020\/wp-json\/wp\/v2\/pages"}],"about":[{"href":"https:\/\/www.fronteira.eu\/fronteira2020\/wp-json\/wp\/v2\/types\/page"}],"author":[{"embeddable":true,"href":"https:\/\/www.fronteira.eu\/fronteira2020\/wp-json\/wp\/v2\/users\/1"}],"replies":[{"embeddable":true,"href":"https:\/\/www.fronteira.eu\/fronteira2020\/wp-json\/wp\/v2\/comments?post=8"}],"version-history":[{"count":5,"href":"https:\/\/www.fronteira.eu\/fronteira2020\/wp-json\/wp\/v2\/pages\/8\/revisions"}],"predecessor-version":[{"id":564,"href":"https:\/\/www.fronteira.eu\/fronteira2020\/wp-json\/wp\/v2\/pages\/8\/revisions\/564"}],"wp:attachment":[{"href":"https:\/\/www.fronteira.eu\/fronteira2020\/wp-json\/wp\/v2\/media?parent=8"}],"curies":[{"name":"wp","href":"https:\/\/api.w.org\/{rel}","templated":true}]}}