{"id":780,"date":"2020-06-24T07:55:59","date_gmt":"2020-06-24T07:55:59","guid":{"rendered":"http:\/\/desarrollo.fronteira.eu\/fronteira2020\/?page_id=780"},"modified":"2020-06-26T12:10:35","modified_gmt":"2020-06-26T12:10:35","slug":"acessibilidade-site","status":"publish","type":"page","link":"https:\/\/www.fronteira.eu\/fronteira2020\/pt\/acessibilidade-site\/","title":{"rendered":"Acessibilidade do site"},"content":{"rendered":"\n<p>O objetivo da Fronteira 2020 \u00e9 que todas as pessoas, independentemente de terem uma defici\u00eancia, idade ou acessem a web a partir de tecnologias n\u00e3o convencionais, possam navegar pelas p\u00e1ginas deste site sem encontrar dificuldades de acesso.<\/p>\n\n\n\n<p>Para esse fim, o desenvolvimento foi baseado na conformidade com as Diretrizes de acessibilidade de conte\u00fado da Web 2.1, estabelecidas pelo W3C (World Wide Web Consortium) para o n\u00edvel de adequa\u00e7\u00e3o \u00abduplo A\u00bb (AA).<\/p>\n\n\n\n<p>Acordo <a title=\"Uma nova janela se abrir\u00e1\" href=\"http:\/\/achecker.ca\/checker\/index.php\" target=\"_blank\" rel=\"noopener noreferrer\">AChecker<\/a>, este site atende ao n\u00edvel <strong>WAI-AA<\/strong> para WCAG 2.0.<\/p>\n<p style=\"text-align: center;\"><a title=\"Uma nova janela se abrir\u00e1\" href=\"http:\/\/achecker.ca\/checker\/index.php\" target=\"_blank\" rel=\"noopener noreferrer\"><strong><img src=\"\/wp-content\/themes\/spacious\/images\/checker_logo.png\" alt=\"Achecker\"><\/strong><\/a><\/p>\n\n\n\n<p>O site foi projetado respeitando a filosofia \u00ab<strong>responsive<\/strong>\u00bb para que seu modelo seja reajustado, dependendo do tamanho do dispositivo em que est\u00e1 sendo visualizado, adaptando-se a ele.<\/p>\n\n\n\n<p>As p\u00e1ginas t\u00eam uma estrutura clara, tanto para o usu\u00e1rio que pode ver todo o conte\u00fado, quanto para o usu\u00e1rio que l\u00ea as informa\u00e7\u00f5es com um leitor de tela, usu\u00e1rios que desativam a folha de estilos etc. Sob esse objetivo, os t\u00edtulos das se\u00e7\u00f5es, as listas e todos os elementos que ajudam o entendimento geral do site foram definidos usando o c\u00f3digo HTML.<\/p>\n","protected":false},"excerpt":{"rendered":"<p>O objetivo da Fronteira 2020 \u00e9 que todas as pessoas, independentemente de terem uma defici\u00eancia, idade ou acessem a web a partir de tecnologias n\u00e3o convencionais, possam navegar pelas p\u00e1ginas deste site sem encontrar dificuldades de acesso. Para esse fim,<\/p>\n","protected":false},"author":1,"featured_media":0,"parent":0,"menu_order":0,"comment_status":"closed","ping_status":"closed","template":"","meta":[],"_links":{"self":[{"href":"https:\/\/www.fronteira.eu\/fronteira2020\/wp-json\/wp\/v2\/pages\/780"}],"collection":[{"href":"https:\/\/www.fronteira.eu\/fronteira2020\/wp-json\/wp\/v2\/pages"}],"about":[{"href":"https:\/\/www.fronteira.eu\/fronteira2020\/wp-json\/wp\/v2\/types\/page"}],"author":[{"embeddable":true,"href":"https:\/\/www.fronteira.eu\/fronteira2020\/wp-json\/wp\/v2\/users\/1"}],"replies":[{"embeddable":true,"href":"https:\/\/www.fronteira.eu\/fronteira2020\/wp-json\/wp\/v2\/comments?post=780"}],"version-history":[{"count":5,"href":"https:\/\/www.fronteira.eu\/fronteira2020\/wp-json\/wp\/v2\/pages\/780\/revisions"}],"predecessor-version":[{"id":794,"href":"https:\/\/www.fronteira.eu\/fronteira2020\/wp-json\/wp\/v2\/pages\/780\/revisions\/794"}],"wp:attachment":[{"href":"https:\/\/www.fronteira.eu\/fronteira2020\/wp-json\/wp\/v2\/media?parent=780"}],"curies":[{"name":"wp","href":"https:\/\/api.w.org\/{rel}","templated":true}]}}