{"id":692,"date":"2020-06-19T08:21:26","date_gmt":"2020-06-19T08:21:26","guid":{"rendered":"http:\/\/desarrollo.fronteira.eu\/fronteira2020\/?page_id=692"},"modified":"2020-06-19T08:26:52","modified_gmt":"2020-06-19T08:26:52","slug":"artesanato-e-produtos-locais","status":"publish","type":"page","link":"https:\/\/www.fronteira.eu\/fronteira2020\/pt\/novos-depositos-de-emprego\/artesanato-e-produtos-locais\/","title":{"rendered":"Artesanato e Produtos Locais"},"content":{"rendered":"\n<p>O artesanato \u00e9 uma atividade econ\u00f4mica com um valor cultural reconhecido. Trabalhamos nesse novo campo de trabalho com base na produ\u00e7\u00e3o, restaura\u00e7\u00e3o ou reparo de bens de valor art\u00edstico ou utilit\u00e1rio, de origem tradicional ou contempor\u00e2nea. Tamb\u00e9m na presta\u00e7\u00e3o de servi\u00e7os do mesmo tipo, bem como na produ\u00e7\u00e3o e prepara\u00e7\u00e3o de alimentos. Sempre com um equil\u00edbrio entre a fidelidade aos processos tradicionais e a estrutura \u00e0 inova\u00e7\u00e3o, de acordo com o Estatuto do Artes\u00e3o da Unidade Produtiva Artesanal da Comiss\u00e3o Nacional para a promo\u00e7\u00e3o do artesanato e microempresas.<\/p>\n\n\n\n<p>O artesanato \u00e9 uma atividade transversal em diferentes setores econ\u00f4micos e ligada a diferentes t\u00e9cnicas e materiais, tornando-o um setor econ\u00f4mico com potencial para fonte de renda e cria\u00e7\u00e3o de empregos. Al\u00e9m disso, o artesanato est\u00e1 relacionado a valores culturais, hist\u00f3ricos, patrimoniais e etnogr\u00e1ficos, raz\u00e3o pela qual sua prote\u00e7\u00e3o e valoriza\u00e7\u00e3o s\u00e3o essenciais para a transmiss\u00e3o do conhecimento \u00e0s novas gera\u00e7\u00f5es.<\/p>\n\n\n\n<p>No projeto On Inclusive Entrepreneur, este novo local de trabalho foi trabalhado no fornecimento de informa\u00e7\u00f5es, certificados de profissionalismo, materiais de treinamento, informa\u00e7\u00f5es sobre fundos europeus relacionados e em refer\u00eancia aos modelos de interven\u00e7\u00e3o para novos locais de trabalho.<\/p>\n\n\n\n<p class=\"enlace-oninclusive\"><strong><a rel=\"noreferrer noopener\" href=\"https:\/\/oninclusiventrepreneur.com\/novas-oportunidades-de-emprego\/artesanato-e-produtos-locais\/\" target=\"_blank\"><strong>C<\/strong><\/a><strong><a rel=\"noreferrer noopener\" href=\"https:\/\/oninclusiventrepreneur.com\/novas-oportunidades-de-emprego\/artesanato-e-produtos-locais\/\" target=\"_blank\">o<\/a><\/strong><strong><a rel=\"noreferrer noopener\" href=\"https:\/\/oninclusiventrepreneur.com\/novas-oportunidades-de-emprego\/artesanato-e-produtos-locais\/\" target=\"_blank\">n<\/a><\/strong><strong><a rel=\"noreferrer noopener\" href=\"https:\/\/oninclusiventrepreneur.com\/novas-oportunidades-de-emprego\/artesanato-e-produtos-locais\/\" target=\"_blank\">s<\/a><\/strong><strong><a rel=\"noreferrer noopener\" href=\"https:\/\/oninclusiventrepreneur.com\/novas-oportunidades-de-emprego\/artesanato-e-produtos-locais\/\" target=\"_blank\">u<\/a><\/strong><strong><a rel=\"noreferrer noopener\" href=\"https:\/\/oninclusiventrepreneur.com\/novas-oportunidades-de-emprego\/artesanato-e-produtos-locais\/\" target=\"_blank\">l<\/a><\/strong><strong><a rel=\"noreferrer noopener\" href=\"https:\/\/oninclusiventrepreneur.com\/novas-oportunidades-de-emprego\/artesanato-e-produtos-locais\/\" target=\"_blank\">t<\/a><\/strong><strong><a rel=\"noreferrer noopener\" href=\"https:\/\/oninclusiventrepreneur.com\/novas-oportunidades-de-emprego\/artesanato-e-produtos-locais\/\" target=\"_blank\">e<\/a><\/strong><a href=\"https:\/\/oninclusiventrepreneur.com\/novas-oportunidades-de-emprego\/artesanato-e-produtos-locais\/\" target=\"_blank\" rel=\"noreferrer noopener\"><strong> <\/strong><\/a><a rel=\"noreferrer noopener\" href=\"https:\/\/oninclusiventrepreneur.com\/novas-oportunidades-de-emprego\/artesanato-e-produtos-locais\/\" target=\"_blank\"><strong>os recursos do Craft no site do projeto On Inclusive Entrepreneu<\/strong>r<\/a><\/strong>.<\/p>\n","protected":false},"excerpt":{"rendered":"<p>O artesanato \u00e9 uma atividade econ\u00f4mica com um valor cultural reconhecido. Trabalhamos nesse novo campo de trabalho com base na produ\u00e7\u00e3o, restaura\u00e7\u00e3o ou reparo de bens de valor art\u00edstico ou utilit\u00e1rio, de origem tradicional ou contempor\u00e2nea. Tamb\u00e9m na presta\u00e7\u00e3o de<\/p>\n","protected":false},"author":1,"featured_media":0,"parent":656,"menu_order":0,"comment_status":"closed","ping_status":"closed","template":"","meta":[],"_links":{"self":[{"href":"https:\/\/www.fronteira.eu\/fronteira2020\/wp-json\/wp\/v2\/pages\/692"}],"collection":[{"href":"https:\/\/www.fronteira.eu\/fronteira2020\/wp-json\/wp\/v2\/pages"}],"about":[{"href":"https:\/\/www.fronteira.eu\/fronteira2020\/wp-json\/wp\/v2\/types\/page"}],"author":[{"embeddable":true,"href":"https:\/\/www.fronteira.eu\/fronteira2020\/wp-json\/wp\/v2\/users\/1"}],"replies":[{"embeddable":true,"href":"https:\/\/www.fronteira.eu\/fronteira2020\/wp-json\/wp\/v2\/comments?post=692"}],"version-history":[{"count":5,"href":"https:\/\/www.fronteira.eu\/fronteira2020\/wp-json\/wp\/v2\/pages\/692\/revisions"}],"predecessor-version":[{"id":698,"href":"https:\/\/www.fronteira.eu\/fronteira2020\/wp-json\/wp\/v2\/pages\/692\/revisions\/698"}],"up":[{"embeddable":true,"href":"https:\/\/www.fronteira.eu\/fronteira2020\/wp-json\/wp\/v2\/pages\/656"}],"wp:attachment":[{"href":"https:\/\/www.fronteira.eu\/fronteira2020\/wp-json\/wp\/v2\/media?parent=692"}],"curies":[{"name":"wp","href":"https:\/\/api.w.org\/{rel}","templated":true}]}}