{"id":656,"date":"2020-06-19T07:46:18","date_gmt":"2020-06-19T07:46:18","guid":{"rendered":"http:\/\/desarrollo.fronteira.eu\/fronteira2020\/?page_id=656"},"modified":"2022-05-25T10:55:41","modified_gmt":"2022-05-25T10:55:41","slug":"novos-depositos-de-emprego","status":"publish","type":"page","link":"https:\/\/www.fronteira.eu\/fronteira2020\/pt\/novos-depositos-de-emprego\/","title":{"rendered":"Novos Dep\u00f3sitos de Emprego"},"content":{"rendered":"\n<p>Os Novos Dep\u00f3sitos de Emprego (NYE) se referem a todas as atividades de trabalho que surgem como conseq\u00fc\u00eancia de mudan\u00e7as sociais e tecnol\u00f3gicas e que permitem gerar novas demandas que precisam ser atendidas.<\/p>\n\n\n\n<p><br>S\u00e3o atividades com alto potencial de gera\u00e7\u00e3o de empregos, porque tendem a pertencer a setores pouco cobertos pelo mercado, seja por serem parte de novas necessidades sociais ou por seu desenvolvimento implicar mais dificuldade. Portanto, \u00e9 necess\u00e1rio ter em mente que essas novas fontes de emprego s\u00e3o apresentadas como uma lista aberta a novas atividades.<\/p>\n\n\n\n<p><br>A partir do projeto Fronteira, continuamos a trabalhar nas linhas de novos campos que foram aprofundados no projeto On Inclusive Entrepreneur: Emprego Verde, Turismo Acess\u00edvel, Produ\u00e7\u00e3o Agroalimentar, Servi\u00e7os de Proximidade e Artesanato e Produtos Locais.<\/p>\n\n\n\n<div id=\"yacimientos\" class=\"servicios-div \">\n<div class=\"container-fluid \" style=\"margin-top:2em;\">\n\t<div class=\"row justify-content-center\">\n    <div class=\"col-md-4 col-sm-6 text-center item-yacimiento\">\n        <a href=\"\/pt\/novos-depositos-de-emprego\/emprego-verde\/\">\n\t\t<img src=\"\/wp-content\/uploads\/2020\/06\/portada_verde.jpg\" alt=\"Em um bosque\">\n        <p class=\"name-yacimiento\"><strong>Emprego Verde<\/strong><\/p><\/a>\n    <\/div>\n    <div class=\"col-md-4 col-sm-6 text-center item-yacimiento\">\n        <a href=\"\/pt\/novos-depositos-de-emprego\/turismo-acessivel\/\">\n\t\t<img src=\"\/wp-content\/uploads\/2020\/04\/portada_Turismo.jpg\" alt=\"De excurs\u00e3o\">\n        <p class=\"name-yacimiento\"><strong>Turismo Acces\u00edvel<\/strong><\/p><\/a>\n    <\/div>\n    <div class=\"col-md-4 col-sm-6 text-center item-yacimiento\">\n        <a href=\"\/pt\/novos-depositos-de-emprego\/agroalim\/\">\n\t\t<img src=\"\/wp-content\/uploads\/2020\/04\/portada_Agroalimentario.jpg\" alt=\"Mercado de frutas e vegetais\">\n        <p class=\"name-yacimiento\"><strong>Produ\u00e7\u00e3o Agroalimentar<\/strong><\/p><\/a>\n    <\/div>\n    <div class=\"col-md-4 col-sm-6 text-center item-yacimiento\">\n        <a href=\"\/pt\/novos-depositos-de-emprego\/proximidade-servicos\/\">\n\t\t<img src=\"\/wp-content\/uploads\/2020\/04\/portada_Servicios.jpg\" alt=\"Acompanhando uma pessoa idosa\">\n        <p class=\"name-yacimiento\"><strong>Servi\u00e7os de Proximidade<\/strong><\/p><\/a>\n    <\/div>\n    <div class=\"col-md-4 col-sm-6 text-center item-yacimiento\">\n        <a href=\"\/pt\/novos-depositos-de-emprego\/artesanato-e-produtos-locais\/\">\n\t\t<img src=\"\/wp-content\/uploads\/2020\/06\/portada_artesania.jpg\" alt=\"Fazendo cestas\">\n        <p class=\"name-yacimiento\"><strong>Artesanato e Produtos Locais<\/strong><\/p><\/a>\n    <\/div>\n<\/div>\n<\/div><\/div>\n","protected":false},"excerpt":{"rendered":"<p>Os Novos Dep\u00f3sitos de Emprego (NYE) se referem a todas as atividades de trabalho que surgem como conseq\u00fc\u00eancia de mudan\u00e7as sociais e tecnol\u00f3gicas e que permitem gerar novas demandas que precisam ser atendidas. S\u00e3o atividades com alto potencial de gera\u00e7\u00e3o<\/p>\n","protected":false},"author":1,"featured_media":0,"parent":0,"menu_order":0,"comment_status":"closed","ping_status":"closed","template":"","meta":[],"_links":{"self":[{"href":"https:\/\/www.fronteira.eu\/fronteira2020\/wp-json\/wp\/v2\/pages\/656"}],"collection":[{"href":"https:\/\/www.fronteira.eu\/fronteira2020\/wp-json\/wp\/v2\/pages"}],"about":[{"href":"https:\/\/www.fronteira.eu\/fronteira2020\/wp-json\/wp\/v2\/types\/page"}],"author":[{"embeddable":true,"href":"https:\/\/www.fronteira.eu\/fronteira2020\/wp-json\/wp\/v2\/users\/1"}],"replies":[{"embeddable":true,"href":"https:\/\/www.fronteira.eu\/fronteira2020\/wp-json\/wp\/v2\/comments?post=656"}],"version-history":[{"count":11,"href":"https:\/\/www.fronteira.eu\/fronteira2020\/wp-json\/wp\/v2\/pages\/656\/revisions"}],"predecessor-version":[{"id":1142,"href":"https:\/\/www.fronteira.eu\/fronteira2020\/wp-json\/wp\/v2\/pages\/656\/revisions\/1142"}],"wp:attachment":[{"href":"https:\/\/www.fronteira.eu\/fronteira2020\/wp-json\/wp\/v2\/media?parent=656"}],"curies":[{"name":"wp","href":"https:\/\/api.w.org\/{rel}","templated":true}]}}