{"id":646,"date":"2020-06-18T16:37:04","date_gmt":"2020-06-18T16:37:04","guid":{"rendered":"http:\/\/desarrollo.fronteira.eu\/fronteira2020\/?page_id=646"},"modified":"2026-03-20T12:52:48","modified_gmt":"2026-03-20T12:52:48","slug":"artesania","status":"publish","type":"page","link":"https:\/\/www.fronteira.eu\/fronteira2020\/nuevos-yacimientos-de-empleo\/artesania\/","title":{"rendered":"Artesan\u00eda y Productos locales"},"content":{"rendered":"\n<p>La artesan\u00eda se trata de una actividad econ\u00f3mica con un reconocido valor cultural. Trabajamos este nuevo yacimiento de empleo basado en la producci\u00f3n, restauraci\u00f3n o reparaci\u00f3n de bienes de valor art\u00edstico o utilitario, ya sean de origen tradicional o contempor\u00e1neo. Tambi\u00e9n en la prestaci\u00f3n de servicios de igual tipo, as\u00ed como en la producci\u00f3n y preparaci\u00f3n de alimentos. Siempre con un equilibrio entre la fidelidad a los procesos tradicionales y la estructura a la innovaci\u00f3n, seg\u00fan el Estatuto del Artesano de la Unidad Productiva artesanal de la Comisi\u00f3n Nacional para la promoci\u00f3n de oficios y microempresas artesanales.<\/p>\n\n\n\n<p>La artesan\u00eda es una actividad transversal a diferentes sectores econ\u00f3micos y vinculada a diferentes t\u00e9cnicas y materiales, por lo que constituye un sector econ\u00f3mico con potencialidad para la fuente de ingresos y generaci\u00f3n de empleo. Adem\u00e1s, la artesan\u00eda est\u00e1 relacionada con los valores culturales, hist\u00f3ricos, patrimoniales y etnogr\u00e1ficos, por lo que es fundamental su protecci\u00f3n y valorizaci\u00f3n para la transmisi\u00f3n de los saberes a las nuevas generaciones.<\/p>\n\n\n\n<p>En el proyecto On Inclusive Entrepreneur se trabaj\u00f3 este nuevo yacimiento de empleo proporcionando informaci\u00f3n, certificados de profesionalidad, materiales formativos, informaci\u00f3n sobre los fondos europeos relacionados y en referencia a los modelos de intervenci\u00f3n de Nuevos Yacimientos de Empleo.<\/p>\n","protected":false},"excerpt":{"rendered":"<p>La artesan\u00eda se trata de una actividad econ\u00f3mica con un reconocido valor cultural. Trabajamos este nuevo yacimiento de empleo basado en la producci\u00f3n, restauraci\u00f3n o reparaci\u00f3n de bienes de valor art\u00edstico o utilitario, ya sean de origen tradicional o contempor\u00e1neo.<\/p>\n","protected":false},"author":1,"featured_media":0,"parent":643,"menu_order":0,"comment_status":"closed","ping_status":"closed","template":"","meta":[],"_links":{"self":[{"href":"https:\/\/www.fronteira.eu\/fronteira2020\/wp-json\/wp\/v2\/pages\/646"}],"collection":[{"href":"https:\/\/www.fronteira.eu\/fronteira2020\/wp-json\/wp\/v2\/pages"}],"about":[{"href":"https:\/\/www.fronteira.eu\/fronteira2020\/wp-json\/wp\/v2\/types\/page"}],"author":[{"embeddable":true,"href":"https:\/\/www.fronteira.eu\/fronteira2020\/wp-json\/wp\/v2\/users\/1"}],"replies":[{"embeddable":true,"href":"https:\/\/www.fronteira.eu\/fronteira2020\/wp-json\/wp\/v2\/comments?post=646"}],"version-history":[{"count":5,"href":"https:\/\/www.fronteira.eu\/fronteira2020\/wp-json\/wp\/v2\/pages\/646\/revisions"}],"predecessor-version":[{"id":1565,"href":"https:\/\/www.fronteira.eu\/fronteira2020\/wp-json\/wp\/v2\/pages\/646\/revisions\/1565"}],"up":[{"embeddable":true,"href":"https:\/\/www.fronteira.eu\/fronteira2020\/wp-json\/wp\/v2\/pages\/643"}],"wp:attachment":[{"href":"https:\/\/www.fronteira.eu\/fronteira2020\/wp-json\/wp\/v2\/media?parent=646"}],"curies":[{"name":"wp","href":"https:\/\/api.w.org\/{rel}","templated":true}]}}