{"id":637,"date":"2020-06-18T16:11:35","date_gmt":"2020-06-18T16:11:35","guid":{"rendered":"http:\/\/desarrollo.fronteira.eu\/fronteira2020\/?page_id=637"},"modified":"2026-03-20T11:29:31","modified_gmt":"2026-03-20T11:29:31","slug":"empleo-verde","status":"publish","type":"page","link":"https:\/\/www.fronteira.eu\/fronteira2020\/nuevos-yacimientos-de-empleo\/empleo-verde\/","title":{"rendered":"Empleo Verde"},"content":{"rendered":"\n<p>Con el empleo verde encontramos oportunidades que dan respuesta a necesidades ambientales que se encuentran totalmente vigentes. Por ejemplo, la econom\u00eda baja en carbono, la conservaci\u00f3n del patrimonio natural y cultural o la gesti\u00f3n eficiente de los recursos naturales.<\/p>\n\n\n\n<p>Dentro de este nuevo Yacimiento de Empleo se trabajan hasta un total de 25 actividades potenciales para la creaci\u00f3n de empleo, agrupadas en diferentes bloques como la restauraci\u00f3n paisaj\u00edstica de \u00e1reas degradadas, la conservaci\u00f3n de la biodiversidad, la custodia del territorio, la producci\u00f3n innovadora en viveros, la educaci\u00f3n ambiental, la gesti\u00f3n forestal o el reciclaje. <\/p>\n\n\n\n<p>En el proyecto On Inclusive Entrepreneur se trabajaron estos nuevos yacimientos de empleo proporcionando informaci\u00f3n, certificados de profesionalidad, materiales formativos, informaci\u00f3n sobre los fondos europeos relacionados y en referencia a los modelos de intervenci\u00f3n de Nuevos Yacimientos de Empleo.<\/p>\n\n\n<div ><style>#sp-ea-1525 .spcollapsing { height: 0; overflow: hidden; transition-property: height;transition-duration: 300ms;}#sp-ea-1525.sp-easy-accordion>.sp-ea-single {margin-bottom: 10px; border: 1px solid #e2e2e2; }#sp-ea-1525.sp-easy-accordion>.sp-ea-single>.ea-header a {color: #444;}#sp-ea-1525.sp-easy-accordion>.sp-ea-single>.sp-collapse>.ea-body {background: #fff; color: #444;}#sp-ea-1525.sp-easy-accordion>.sp-ea-single {background: #eee;}#sp-ea-1525.sp-easy-accordion>.sp-ea-single>.ea-header a .ea-expand-icon { float: left; color: #444;font-size: 16px;}<\/style><div id=\"sp_easy_accordion-1773910859\"><div id=\"sp-ea-1525\" class=\"sp-ea-one sp-easy-accordion\" data-ea-active=\"ea-click\" data-ea-mode=\"vertical\" data-preloader=\"\" data-scroll-active-item=\"\" data-offset-to-scroll=\"0\"><div class=\"ea-card ea-expand sp-ea-single\"><h3 class=\"ea-header\"><a class=\"collapsed\" id=\"ea-header-15250\" role=\"button\" data-sptoggle=\"spcollapse\" data-sptarget=\"#collapse15250\" aria-controls=\"collapse15250\" href=\"#\" aria-expanded=\"true\" tabindex=\"0\"><i aria-hidden=\"true\" role=\"presentation\" class=\"ea-expand-icon eap-icon-ea-expand-minus\"><\/i> Bloque 1.- Restauraci\u00f3n paisaj\u00edstica y \u00e1reas degradadas<\/a><\/h3><div class=\"sp-collapse spcollapse collapsed show\" id=\"collapse15250\" data-parent=\"#sp-ea-1525\" role=\"region\" aria-labelledby=\"ea-header-15250\"> <div class=\"ea-body\"><ul style=\"padding-left: 0\"><li><a href=\"https:\/\/www.fronteira.eu\/fronteira2020\/\/wp-content\/doc\/onep\/verde\/I.1%20recuperacion-de-entornos-degradados.pdf\" target=\"_blank\" rel=\"noopener\"><br \/>\ud83d\udcc4 I.1 recuperaci\u00f3n-de-entornos-degradados \u2197\ufe0f<br \/><\/a><\/li><li><a href=\"https:\/\/www.fronteira.eu\/fronteira2020\/\/wp-content\/doc\/onep\/verde\/I.2%20restauracion-de-minas-a-cielo-abierto.pdf\" target=\"_blank\" rel=\"noopener\"><br \/>\ud83d\udcc4 I.2 restauraci\u00f3n-de-minas-a-cielo-abierto \u2197\ufe0f<br \/><\/a><\/li><li><a href=\"https:\/\/www.fronteira.eu\/fronteira2020\/\/wp-content\/doc\/onep\/verde\/I.3%20incendios-forestales.pdf\" target=\"_blank\" rel=\"noopener\"><br \/>\ud83d\udcc4 I.3 incendios-forestales \u2197\ufe0f<br \/><\/a><\/li><li><a href=\"https:\/\/www.fronteira.eu\/fronteira2020\/\/wp-content\/doc\/onep\/verde\/I.4%20mejora-de-espacios-en-transicion.pdf\" target=\"_blank\" rel=\"noopener\"><br \/>\ud83d\udcc4 I.4 mejora-de-espacios-en-transici\u00f3n \u2197\ufe0f<br \/><\/a><\/li><\/ul><\/div><\/div><\/div><div class=\"ea-card sp-ea-single\"><h3 class=\"ea-header\"><a class=\"collapsed\" id=\"ea-header-15251\" role=\"button\" data-sptoggle=\"spcollapse\" data-sptarget=\"#collapse15251\" aria-controls=\"collapse15251\" href=\"#\" aria-expanded=\"false\" tabindex=\"0\"><i aria-hidden=\"true\" role=\"presentation\" class=\"ea-expand-icon eap-icon-ea-expand-plus\"><\/i> Bloque 2.- Conservaci\u00f3n de la biodiversidad<\/a><\/h3><div class=\"sp-collapse spcollapse \" id=\"collapse15251\" data-parent=\"#sp-ea-1525\" role=\"region\" aria-labelledby=\"ea-header-15251\"> <div class=\"ea-body\"><ul style=\"padding-left: 0\"><li><a href=\"https:\/\/www.fronteira.eu\/fronteira2020\/\/wp-content\/doc\/onep\/verde\/II.1%20gestion-ecologica-de-escenarios-naturales.pdf\" target=\"_blank\" rel=\"noopener\"><br \/>\ud83d\udcc4 I.1 gesti\u00f3n-ecol\u00f3gica-de-escenarios-naturales \u2197\ufe0f<br \/><\/a><\/li><li><a href=\"https:\/\/www.fronteira.eu\/fronteira2020\/\/wp-content\/doc\/onep\/verde\/II.2%20produccion-de-infraestructuras-para-el-incremento-de-la-biodiversidad.pdf\" target=\"_blank\" rel=\"noopener\"><br \/>\ud83d\udcc4 I.2 producci\u00f3n-de-infraestructuras-para-el-incremento-de-la-biodiversidad \u2197\ufe0f<br \/><\/a><\/li><li><a href=\"https:\/\/www.fronteira.eu\/fronteira2020\/\/wp-content\/doc\/onep\/verde\/II.3%20gestion-ecologica-de-jardines.pdf\" target=\"_blank\" rel=\"noopener\"><br \/>\ud83d\udcc4 I.3 gesti\u00f3n-ecol\u00f3gica-de-jardines \u2197\ufe0f<br \/><\/a><\/li><\/ul><\/div><\/div><\/div><div class=\"ea-card sp-ea-single\"><h3 class=\"ea-header\"><a class=\"collapsed\" id=\"ea-header-15252\" role=\"button\" data-sptoggle=\"spcollapse\" data-sptarget=\"#collapse15252\" aria-controls=\"collapse15252\" href=\"#\" aria-expanded=\"false\" tabindex=\"0\"><i aria-hidden=\"true\" role=\"presentation\" class=\"ea-expand-icon eap-icon-ea-expand-plus\"><\/i> Bloque 3.- Custodia del territorio<\/a><\/h3><div class=\"sp-collapse spcollapse \" id=\"collapse15252\" data-parent=\"#sp-ea-1525\" role=\"region\" aria-labelledby=\"ea-header-15252\"> <div class=\"ea-body\"><ul style=\"padding-left: 0\"><li><a href=\"https:\/\/www.fronteira.eu\/fronteira2020\/\/wp-content\/doc\/onep\/verde\/I.1%20III.1 custodia-fluvial.pdf\" target=\"_blank\" rel=\"noopener\"><br \/>\ud83d\udcc4 III.1 custodia-fluvial\u2197\ufe0f<br \/><\/a><\/li><li><a href=\"https:\/\/www.fronteira.eu\/fronteira2020\/\/wp-content\/doc\/onep\/verde\/I.2%20III.2 custodia-de-vias-pecuarias.pdf\" target=\"_blank\" rel=\"noopener\"><br \/>\ud83d\udcc4 III.2 custodia-de-vias-pecuarias\u2197\ufe0f<br \/><\/a><\/li><li><a href=\"https:\/\/www.fronteira.eu\/fronteira2020\/\/wp-content\/doc\/onep\/verde\/I.3%20III.3 custodia-forestal-de-montes.pdf\" target=\"_blank\" rel=\"noopener\"><br \/>\ud83d\udcc4 III.3 custodia-forestal-de-montes\u2197\ufe0f <\/a><\/li><\/ul><\/div><\/div><\/div><div class=\"ea-card sp-ea-single\"><h3 class=\"ea-header\"><a class=\"collapsed\" id=\"ea-header-15253\" role=\"button\" data-sptoggle=\"spcollapse\" data-sptarget=\"#collapse15253\" aria-controls=\"collapse15253\" href=\"#\" aria-expanded=\"false\" tabindex=\"0\"><i aria-hidden=\"true\" role=\"presentation\" class=\"ea-expand-icon eap-icon-ea-expand-plus\"><\/i> Bloque 4.- Producci\u00f3n viveros<\/a><\/h3><div class=\"sp-collapse spcollapse \" id=\"collapse15253\" data-parent=\"#sp-ea-1525\" role=\"region\" aria-labelledby=\"ea-header-15253\"> <div class=\"ea-body\"><ul style=\"padding-left: 0\"><li><a href=\"https:\/\/www.fronteira.eu\/fronteira2020\/\/wp-content\/doc\/onep\/verde\/IV.1%20produccion agricultura-ecologica.pdf\" target=\"_blank\" rel=\"noopener\"><br \/>\ud83d\udcc4 IV.1 produccion agricultura-ecologica \u2197\ufe0f<\/a><\/li><li><a href=\"https:\/\/www.fronteira.eu\/fronteira2020\/\/wp-content\/doc\/onep\/verde\/IV.2%20bancos-de-semillas-de-variedades-autoctonas.pdf\" target=\"_blank\" rel=\"noopener\"><br \/>\ud83d\udcc4 IV.2 bancos-de-semillas-de-variedades-autoctonas \u2197\ufe0f<\/a><\/li><li><a href=\"https:\/\/www.fronteira.eu\/fronteira2020\/wp-content\/doc\/onep\/verde\/IV.3.%20produccion-maderas-nobles.pdf\" target=\"_blank\" rel=\"noopener\"><br \/>\ud83d\udcc4 IV.3 produccion-maderas-nobles \u2197\ufe0f<\/a><\/li><li><a href=\"https:\/\/www.fronteira.eu\/fronteira2020\/wp-content\/doc\/onep\/verde\/IV.4%20produccion-de-planta-xerojardineria.pdf\" target=\"_blank\" rel=\"noopener\"><br \/>\ud83d\udcc4 IV.4 produccion-de-planta xerojardineria \u2197\ufe0f<\/a><\/li><li><a href=\"https:\/\/www.fronteira.eu\/fronteira2020\/\/wp-content\/doc\/onep\/verde\/IV.5%20produccion-de-planta-Fomento-de-la-biodiversidad.pdf\" target=\"_blank\" rel=\"noopener\"><br \/>\ud83d\udcc4 IV.5 produccion-de-planta-Fomento-de-la-biodiversidad \u2197\ufe0f<\/a><\/li><li><a href=\"https:\/\/www.fronteira.eu\/fronteira2020\/\/wp-content\/doc\/onep\/verde\/IV.6%20uso-de-hongos-micorricicos-como-abonos-naturales-y-ecologicos.pdf\" target=\"_blank\" rel=\"noopener\"><br \/>\ud83d\udcc4 IV.6 uso-de-hongos-micorricicos-como-abonos-naturales-y-ecologicos \u2197\ufe0f<\/a><\/li><li><a href=\"https:\/\/www.fronteira.eu\/fronteira2020\/\/wp-content\/doc\/onep\/verde\/IV.7%20produccion-de-compost-y-lombricultura.pdf\" target=\"_blank\" rel=\"noopener\"><br \/>\ud83d\udcc4 IV.7 produccion-de-compost-y-lombricultura \u2197\ufe0f<\/a><\/li><li><a href=\"https:\/\/www.fronteira.eu\/fronteira2020\/\/wp-content\/doc\/onep\/verde\/IV.8%20produccion miel ecologica.pdf\" target=\"_blank\" rel=\"noopener\"><br \/>\ud83d\udcc4 IV.8 produccion miel ecologica \u2197\ufe0f<\/a><\/li><li><a href=\"https:\/\/www.fronteira.eu\/fronteira2020\/\/wp-content\/doc\/onep\/verde\/IV.9%20Plantas Arom\u00e1ticas y Medicinales.pdf\" target=\"_blank\" rel=\"noopener\"><br \/>\ud83d\udcc4 IV.9 Plantas Arom\u00e1ticas y Medicinales \u2197\ufe0f <\/a><\/li><\/ul><\/div><\/div><\/div><div class=\"ea-card sp-ea-single\"><h3 class=\"ea-header\"><a class=\"collapsed\" id=\"ea-header-15254\" role=\"button\" data-sptoggle=\"spcollapse\" data-sptarget=\"#collapse15254\" aria-controls=\"collapse15254\" href=\"#\" aria-expanded=\"false\" tabindex=\"0\"><i aria-hidden=\"true\" role=\"presentation\" class=\"ea-expand-icon eap-icon-ea-expand-plus\"><\/i> Bloque 5.- Educaci\u00f3n ambiental<\/a><\/h3><div class=\"sp-collapse spcollapse \" id=\"collapse15254\" data-parent=\"#sp-ea-1525\" role=\"region\" aria-labelledby=\"ea-header-15254\"> <div class=\"ea-body\"><ul style=\"padding-left: 0\"><li><a href=\"https:\/\/www.fronteira.eu\/fronteira2020\/\/wp-content\/doc\/onep\/verde\/V.1%20produccion-de-recursos-de-educacion-ambiental.pdf\" target=\"_blank\" rel=\"noopener\"><br \/>\ud83d\udcc4 V.1 producci\u00f3n-de-recursos-de-educaci\u00f3n-ambiental \u2197\ufe0f<\/a><\/li><li><a href=\"https:\/\/www.fronteira.eu\/fronteira2020\/\/wp-content\/doc\/onep\/verde\/V.2%20monitoreo-en-talleres-de-educacion-ambiental.pdf\" target=\"_blank\" rel=\"noopener\"><br \/>\ud83d\udcc4 V.2 monitoreo-en-talleres-de-educaci\u00f3n-ambiental \u2197\ufe0f<\/a><\/li><li><a href=\"https:\/\/www.fronteira.eu\/fronteira2020\/\/wp-content\/doc\/onep\/verde\/V.3%20gestion-de-centros-de-interpretacion.pdf\" target=\"_blank\" rel=\"noopener\"><br \/>\ud83d\udcc4 V.3 gesti\u00f3n-de-centros-de-interpretaci\u00f3n \u2197\ufe0f <\/a><\/li><\/ul><\/div><\/div><\/div><div class=\"ea-card sp-ea-single\"><h3 class=\"ea-header\"><a class=\"collapsed\" id=\"ea-header-15255\" role=\"button\" data-sptoggle=\"spcollapse\" data-sptarget=\"#collapse15255\" aria-controls=\"collapse15255\" href=\"#\" aria-expanded=\"false\" tabindex=\"0\"><i aria-hidden=\"true\" role=\"presentation\" class=\"ea-expand-icon eap-icon-ea-expand-plus\"><\/i> Bloque 6.- Gesti\u00f3n forestal<\/a><\/h3><div class=\"sp-collapse spcollapse \" id=\"collapse15255\" data-parent=\"#sp-ea-1525\" role=\"region\" aria-labelledby=\"ea-header-15255\"> <div class=\"ea-body\"><ul style=\"padding-left: 0\"><li><a href=\"https:\/\/www.fronteira.eu\/fronteira2020\/\/wp-content\/doc\/onep\/verde\/VI.1%20aprovechamiento-micologico.pdf\" target=\"_blank\" rel=\"noopener\"><br \/>\ud83d\udcc4 VI.1 aprovechamiento-micol\u00f3gico \u2197\ufe0f<\/a><\/li><li><a href=\"https:\/\/www.fronteira.eu\/fronteira2020\/\/wp-content\/doc\/onep\/verde\/VI.2%20aprovechamiento-de-biomasa.pdf\" target=\"_blank\" rel=\"noopener\"><br \/>\ud83d\udcc4 VI.2 aprovechamiento-de-biomasa \u2197\ufe0f<\/a><\/li><li><a href=\"https:\/\/www.fronteira.eu\/fronteira2020\/\/wp-content\/doc\/onep\/verde\/VI.3%20proyectos-forestales-cerocarbono.pdf\" target=\"_blank\" rel=\"noopener\"><br \/>\ud83d\udcc4 VI.3 proyectos-forestales-cerocarbono \u2197\ufe0f <\/a><\/li><li><a href=\"https:\/\/www.fronteira.eu\/fronteira2020\/\/wp-content\/doc\/onep\/verde\/VI.4%20biodiversidad-forestal.pdf\" target=\"_blank\" rel=\"noopener\"><br \/>\ud83d\udcc4 VI.4 biodiversidad-forestal \u2197\ufe0f <\/a><\/li><\/ul><\/div><\/div><\/div><div class=\"ea-card sp-ea-single\"><h3 class=\"ea-header\"><a class=\"collapsed\" id=\"ea-header-15256\" role=\"button\" data-sptoggle=\"spcollapse\" data-sptarget=\"#collapse15256\" aria-controls=\"collapse15256\" href=\"#\" aria-expanded=\"false\" tabindex=\"0\"><i aria-hidden=\"true\" role=\"presentation\" class=\"ea-expand-icon eap-icon-ea-expand-plus\"><\/i> Bloque 7.- Reciclaje<\/a><\/h3><div class=\"sp-collapse spcollapse \" id=\"collapse15256\" data-parent=\"#sp-ea-1525\" role=\"region\" aria-labelledby=\"ea-header-15256\"> <div class=\"ea-body\"><ul style=\"padding-left: 0\"><li><a href=\"https:\/\/www.fronteira.eu\/fronteira2020\/\/wp-content\/doc\/onep\/verde\/VII.1%20reciclaje-ropa-papel-textil.pdf\" target=\"_blank\" rel=\"noopener\"><br \/>VII.1 Reciclaje-ropa-papel-textil <\/a><\/li><li><a href=\"https:\/\/www.fronteira.eu\/fronteira2020\/\/wp-content\/doc\/onep\/verde\/VII.2%20Reciclaje Textil y calzado.pdf\" target=\"_blank\" rel=\"noopener\"><br \/>VII.2 Reciclaje Textil y calzado <\/a><\/li><li><a href=\"https:\/\/www.fronteira.eu\/fronteira2020\/\/wp-content\/doc\/onep\/verde\/VII.3%20Reciclaje Aceite.pdf\" target=\"_blank\" rel=\"noopener\"><br \/>VII.3 Reciclaje Aceite <\/a><\/li><li><a href=\"https:\/\/www.fronteira.eu\/fronteira2020\/\/wp-content\/doc\/onep\/verde\/VII.4%20Componentes electronicos.pdf\" target=\"_blank\" rel=\"noopener\"><br \/>VII.4 Componentes electronicos <\/a><\/li><\/ul><\/div><\/div><\/div><\/div><\/div><\/div>","protected":false},"excerpt":{"rendered":"<p>Con el empleo verde encontramos oportunidades que dan respuesta a necesidades ambientales que se encuentran totalmente vigentes. Por ejemplo, la econom\u00eda baja en carbono, la conservaci\u00f3n del patrimonio natural y cultural o la gesti\u00f3n eficiente de los recursos naturales. Dentro<\/p>\n","protected":false},"author":1,"featured_media":0,"parent":643,"menu_order":0,"comment_status":"closed","ping_status":"closed","template":"","meta":[],"_links":{"self":[{"href":"https:\/\/www.fronteira.eu\/fronteira2020\/wp-json\/wp\/v2\/pages\/637"}],"collection":[{"href":"https:\/\/www.fronteira.eu\/fronteira2020\/wp-json\/wp\/v2\/pages"}],"about":[{"href":"https:\/\/www.fronteira.eu\/fronteira2020\/wp-json\/wp\/v2\/types\/page"}],"author":[{"embeddable":true,"href":"https:\/\/www.fronteira.eu\/fronteira2020\/wp-json\/wp\/v2\/users\/1"}],"replies":[{"embeddable":true,"href":"https:\/\/www.fronteira.eu\/fronteira2020\/wp-json\/wp\/v2\/comments?post=637"}],"version-history":[{"count":7,"href":"https:\/\/www.fronteira.eu\/fronteira2020\/wp-json\/wp\/v2\/pages\/637\/revisions"}],"predecessor-version":[{"id":1561,"href":"https:\/\/www.fronteira.eu\/fronteira2020\/wp-json\/wp\/v2\/pages\/637\/revisions\/1561"}],"up":[{"embeddable":true,"href":"https:\/\/www.fronteira.eu\/fronteira2020\/wp-json\/wp\/v2\/pages\/643"}],"wp:attachment":[{"href":"https:\/\/www.fronteira.eu\/fronteira2020\/wp-json\/wp\/v2\/media?parent=637"}],"curies":[{"name":"wp","href":"https:\/\/api.w.org\/{rel}","templated":true}]}}