{"id":417,"date":"2020-04-27T15:52:06","date_gmt":"2020-04-27T15:52:06","guid":{"rendered":"http:\/\/desarrollo.fronteira.eu\/fronteira2020\/?page_id=417"},"modified":"2020-06-20T23:10:37","modified_gmt":"2020-06-20T23:10:37","slug":"parceiros","status":"publish","type":"page","link":"https:\/\/www.fronteira.eu\/fronteira2020\/pt\/parceiros\/","title":{"rendered":"Parceiros"},"content":{"rendered":"\n<aside id=\"spacious_service_widget-4\" class=\"widget widget_service_block amr_widget\">\t\t\t\t\t<div class=\"tg-one-third\">\r\n\t\t\t\t<div class=\"service-image\"><img width=\"500\" height=\"200\" src=\"https:\/\/www.fronteira.eu\/fronteira2020\/wp-content\/uploads\/2020\/04\/socio_asprodes.png\" class=\"attachment-featured size-featured wp-post-image\" alt=\"ASPRODES Plena Inclusi\u00f3n CyL\" loading=\"lazy\" title=\"Associa\u00e7\u00e3o Asprodes Plena Inclusi\u00f3n Castilla y Le\u00f3n\" srcset=\"https:\/\/www.fronteira.eu\/fronteira2020\/wp-content\/uploads\/2020\/04\/socio_asprodes.png 500w, https:\/\/www.fronteira.eu\/fronteira2020\/wp-content\/uploads\/2020\/04\/socio_asprodes-300x120.png 300w, https:\/\/www.fronteira.eu\/fronteira2020\/wp-content\/uploads\/2020\/04\/socio_asprodes-200x80.png 200w\" sizes=\"(max-width: 500px) 100vw, 500px\" \/><\/div>\t\t\t\t<h3 class=\"widget-title\"><span>\t\t\t\t<a title=\"Associa\u00e7\u00e3o Asprodes Plena Inclusi\u00f3n Castilla y Le\u00f3n\" href=\"https:\/\/www.fronteira.eu\/fronteira2020\/pt\/parceiros\/associacao-asprodes\/\">Associa\u00e7\u00e3o Asprodes Plena Inclusi\u00f3n Castilla y Le\u00f3n<\/a><\/span><\/h3>\t\t\t\t<p>(Parceiro Coordenador)<br \/>\n\u00c9 uma associa\u00e7\u00e3o criada, h\u00e1 mais de 50 anos, por um grupo de fam\u00edlias que decidiu empreender um trabalho coletivo de reivindica\u00e7\u00e3o e, mais tarde, gerenciamento de centros e servi\u00e7os&#8230;<\/p>\n\t\t\t\t<div class=\"more-link-wrap\">\r\n\t\t\t\t\t<a class=\"more-link\" title=\"Associa\u00e7\u00e3o Asprodes Plena Inclusi\u00f3n Castilla y Le\u00f3n\" href=\"https:\/\/www.fronteira.eu\/fronteira2020\/pt\/parceiros\/associacao-asprodes\/\">Leer m\u00e1s<\/a>\r\n\t\t\t\t<\/div>\r\n\t\t\t<\/div>\r\n\t\t\t\t\t\t\t\t<div class=\"tg-one-third\">\r\n\t\t\t\t<div class=\"service-image\"><img width=\"500\" height=\"200\" src=\"https:\/\/www.fronteira.eu\/fronteira2020\/wp-content\/uploads\/2020\/04\/socio_guarda.png\" class=\"attachment-featured size-featured wp-post-image\" alt=\"GUARDA a guarda por si\" loading=\"lazy\" title=\"C\u00e2mara Municipal Da Guarda\" srcset=\"https:\/\/www.fronteira.eu\/fronteira2020\/wp-content\/uploads\/2020\/04\/socio_guarda.png 500w, https:\/\/www.fronteira.eu\/fronteira2020\/wp-content\/uploads\/2020\/04\/socio_guarda-300x120.png 300w, https:\/\/www.fronteira.eu\/fronteira2020\/wp-content\/uploads\/2020\/04\/socio_guarda-200x80.png 200w\" sizes=\"(max-width: 500px) 100vw, 500px\" \/><\/div>\t\t\t\t<h3 class=\"widget-title\"><span>\t\t\t\t<a title=\"C\u00e2mara Municipal Da Guarda\" href=\"https:\/\/www.fronteira.eu\/fronteira2020\/pt\/parceiros\/camara-municipal-da-guarda-2\/\">C\u00e2mara Municipal Da Guarda<\/a><\/span><\/h3>\t\t\t\t<p>A C\u00e2mara Municipal de Guarda vem desempenhando, nos \u00faltimos anos, um papel fundamental no desenvolvimento local e regional&#8230;<\/p>\n\t\t\t\t<div class=\"more-link-wrap\">\r\n\t\t\t\t\t<a class=\"more-link\" title=\"C\u00e2mara Municipal Da Guarda\" href=\"https:\/\/www.fronteira.eu\/fronteira2020\/pt\/parceiros\/camara-municipal-da-guarda-2\/\">Leer m\u00e1s<\/a>\r\n\t\t\t\t<\/div>\r\n\t\t\t<\/div>\r\n\t\t\t\t\t\t\t\t<div class=\"tg-one-third\">\r\n\t\t\t\t<div class=\"service-image\"><img width=\"500\" height=\"200\" src=\"https:\/\/www.fronteira.eu\/fronteira2020\/wp-content\/uploads\/2020\/04\/socio_ipg.jpg\" class=\"attachment-featured size-featured wp-post-image\" alt=\"Polytechnic of Guarda\" loading=\"lazy\" title=\"Instituto Polit\u00e9cnico Da Guarda\" srcset=\"https:\/\/www.fronteira.eu\/fronteira2020\/wp-content\/uploads\/2020\/04\/socio_ipg.jpg 500w, https:\/\/www.fronteira.eu\/fronteira2020\/wp-content\/uploads\/2020\/04\/socio_ipg-300x120.jpg 300w, https:\/\/www.fronteira.eu\/fronteira2020\/wp-content\/uploads\/2020\/04\/socio_ipg-200x80.jpg 200w\" sizes=\"(max-width: 500px) 100vw, 500px\" \/><\/div>\t\t\t\t<h3 class=\"widget-title\"><span>\t\t\t\t<a title=\"Instituto Polit\u00e9cnico Da Guarda\" href=\"https:\/\/www.fronteira.eu\/fronteira2020\/pt\/parceiros\/instituto-politecnico-da-guarda-2\/\">Instituto Polit\u00e9cnico Da Guarda<\/a><\/span><\/h3>\t\t\t\t<p>\u00c9 uma institui\u00e7\u00e3o de ensino superior em Portugal e \u00e9 composta por quatro escolas&#8230;<\/p>\n\t\t\t\t<div class=\"more-link-wrap\">\r\n\t\t\t\t\t<a class=\"more-link\" title=\"Instituto Polit\u00e9cnico Da Guarda\" href=\"https:\/\/www.fronteira.eu\/fronteira2020\/pt\/parceiros\/instituto-politecnico-da-guarda-2\/\">Leer m\u00e1s<\/a>\r\n\t\t\t\t<\/div>\r\n\t\t\t<\/div>\r\n\t\t\t\t\t\t\t\t<div class=\"tg-one-third tg-after-three-blocks-clearfix\">\r\n\t\t\t\t<div class=\"service-image\"><img width=\"500\" height=\"200\" src=\"https:\/\/www.fronteira.eu\/fronteira2020\/wp-content\/uploads\/2020\/04\/socio_intras.jpg\" class=\"attachment-featured size-featured wp-post-image\" alt=\"Fundaci\u00f3n INTRAS\" loading=\"lazy\" title=\"Funda\u00e7\u00e3o INTRAS\" srcset=\"https:\/\/www.fronteira.eu\/fronteira2020\/wp-content\/uploads\/2020\/04\/socio_intras.jpg 500w, https:\/\/www.fronteira.eu\/fronteira2020\/wp-content\/uploads\/2020\/04\/socio_intras-300x120.jpg 300w, https:\/\/www.fronteira.eu\/fronteira2020\/wp-content\/uploads\/2020\/04\/socio_intras-200x80.jpg 200w\" sizes=\"(max-width: 500px) 100vw, 500px\" \/><\/div>\t\t\t\t<h3 class=\"widget-title\"><span>\t\t\t\t<a title=\"Funda\u00e7\u00e3o INTRAS\" href=\"https:\/\/www.fronteira.eu\/fronteira2020\/pt\/parceiros\/fundacao-intras\/\">Funda\u00e7\u00e3o INTRAS<\/a><\/span><\/h3>\t\t\t\t<p>\u00c9 uma organiza\u00e7\u00e3o sem fins lucrativos, com 25 anos de experi\u00eancia na coordena\u00e7\u00e3o e presta\u00e7\u00e3o de servi\u00e7os de assist\u00eancia socioambiental&#8230;<\/p>\n\t\t\t\t<div class=\"more-link-wrap\">\r\n\t\t\t\t\t<a class=\"more-link\" title=\"Funda\u00e7\u00e3o INTRAS\" href=\"https:\/\/www.fronteira.eu\/fronteira2020\/pt\/parceiros\/fundacao-intras\/\">Leer m\u00e1s<\/a>\r\n\t\t\t\t<\/div>\r\n\t\t\t<\/div>\r\n\t\t\t\t\t\t\t\t<div class=\"tg-one-third\">\r\n\t\t\t\t<div class=\"service-image\"><img width=\"500\" height=\"200\" src=\"https:\/\/www.fronteira.eu\/fronteira2020\/wp-content\/uploads\/2020\/04\/socio_aspaym_cyl.jpg\" class=\"attachment-featured size-featured wp-post-image\" alt=\"fundaci\u00f3n ASPAYM CYL\" loading=\"lazy\" title=\"Funda\u00e7\u00e3o ASPAYM Castilla Y Le\u00f3n\" srcset=\"https:\/\/www.fronteira.eu\/fronteira2020\/wp-content\/uploads\/2020\/04\/socio_aspaym_cyl.jpg 500w, https:\/\/www.fronteira.eu\/fronteira2020\/wp-content\/uploads\/2020\/04\/socio_aspaym_cyl-300x120.jpg 300w, https:\/\/www.fronteira.eu\/fronteira2020\/wp-content\/uploads\/2020\/04\/socio_aspaym_cyl-200x80.jpg 200w\" sizes=\"(max-width: 500px) 100vw, 500px\" \/><\/div>\t\t\t\t<h3 class=\"widget-title\"><span>\t\t\t\t<a title=\"Funda\u00e7\u00e3o ASPAYM Castilla Y Le\u00f3n\" href=\"https:\/\/www.fronteira.eu\/fronteira2020\/pt\/parceiros\/fundacao-aspaym-castilla-y-leon\/\">Funda\u00e7\u00e3o ASPAYM Castilla Y Le\u00f3n<\/a><\/span><\/h3>\t\t\t\t<p>Nasceu h\u00e1 mais de 25 anos, com o \u00fanico objetivo de melhorar a qualidade de vida das pessoas com defici\u00eancia\u2026<\/p>\n\t\t\t\t<div class=\"more-link-wrap\">\r\n\t\t\t\t\t<a class=\"more-link\" title=\"Funda\u00e7\u00e3o ASPAYM Castilla Y Le\u00f3n\" href=\"https:\/\/www.fronteira.eu\/fronteira2020\/pt\/parceiros\/fundacao-aspaym-castilla-y-leon\/\">Leer m\u00e1s<\/a>\r\n\t\t\t\t<\/div>\r\n\t\t\t<\/div>\r\n\t\t\t\t\t\t\t\t<div class=\"tg-one-third\">\r\n\t\t\t\t<div class=\"service-image\"><img width=\"500\" height=\"200\" src=\"https:\/\/www.fronteira.eu\/fronteira2020\/wp-content\/uploads\/2020\/04\/socio_cercig.jpg\" class=\"attachment-featured size-featured wp-post-image\" alt=\"CERCIG\" loading=\"lazy\" title=\"CERCIG \u2013 Cooperativa para Educa\u00e7\u00e3o e Reabilita\u00e7\u00e3o de Cidad\u00e3os Inadaptados de la Guarda\" srcset=\"https:\/\/www.fronteira.eu\/fronteira2020\/wp-content\/uploads\/2020\/04\/socio_cercig.jpg 500w, https:\/\/www.fronteira.eu\/fronteira2020\/wp-content\/uploads\/2020\/04\/socio_cercig-300x120.jpg 300w, https:\/\/www.fronteira.eu\/fronteira2020\/wp-content\/uploads\/2020\/04\/socio_cercig-200x80.jpg 200w\" sizes=\"(max-width: 500px) 100vw, 500px\" \/><\/div>\t\t\t\t<h3 class=\"widget-title\"><span>\t\t\t\t<a title=\"CERCIG \u2013 Cooperativa para Educa\u00e7\u00e3o e Reabilita\u00e7\u00e3o de Cidad\u00e3os Inadaptados de la Guarda\" href=\"https:\/\/www.fronteira.eu\/fronteira2020\/pt\/parceiros\/cercig-cooperativa-para-educacao-e-reabilitacao-de-cidadaos-inadaptados-de-la-guarda\/\">CERCIG \u2013 Cooperativa para Educa\u00e7\u00e3o e Reabilita\u00e7\u00e3o de Cidad\u00e3os Inadaptados de la Guarda<\/a><\/span><\/h3>\t\t\t\t<p>\u00c9 uma institui\u00e7\u00e3o sem fins lucrativos de utilidade p\u00fablica reconhecida que recomenda sua interven\u00e7\u00e3o perante os grupos mais vulner\u00e1veis socialmente&#8230;<\/p>\n\t\t\t\t<div class=\"more-link-wrap\">\r\n\t\t\t\t\t<a class=\"more-link\" title=\"CERCIG \u2013 Cooperativa para Educa\u00e7\u00e3o e Reabilita\u00e7\u00e3o de Cidad\u00e3os Inadaptados de la Guarda\" href=\"https:\/\/www.fronteira.eu\/fronteira2020\/pt\/parceiros\/cercig-cooperativa-para-educacao-e-reabilitacao-de-cidadaos-inadaptados-de-la-guarda\/\">Leer m\u00e1s<\/a>\r\n\t\t\t\t<\/div>\r\n\t\t\t<\/div>\r\n\t\t\t\t\t\t\t<\/aside>\n\n\n\n<div class=\"clearfix\" style=\"clear:both;\">\n<aside id=\"spacious_service_widget-5\" class=\"widget widget_service_block amr_widget\">\t\t\t\t\t<div class=\"tg-one-third\">\r\n\t\t\t\t<div class=\"service-image\"><img width=\"500\" height=\"200\" src=\"https:\/\/www.fronteira.eu\/fronteira2020\/wp-content\/uploads\/2020\/04\/socio_estrela.jpg\" class=\"attachment-featured size-featured wp-post-image\" alt=\"ADM ESTRELA\" loading=\"lazy\" title=\"ADM Estrela \u2013 Associa\u00e7\u00e3o Social e Desenvolvimento\" srcset=\"https:\/\/www.fronteira.eu\/fronteira2020\/wp-content\/uploads\/2020\/04\/socio_estrela.jpg 500w, https:\/\/www.fronteira.eu\/fronteira2020\/wp-content\/uploads\/2020\/04\/socio_estrela-300x120.jpg 300w, https:\/\/www.fronteira.eu\/fronteira2020\/wp-content\/uploads\/2020\/04\/socio_estrela-200x80.jpg 200w\" sizes=\"(max-width: 500px) 100vw, 500px\" \/><\/div>\t\t\t\t<h3 class=\"widget-title\"><span>\t\t\t\t<a title=\"ADM Estrela \u2013 Associa\u00e7\u00e3o Social e Desenvolvimento\" href=\"https:\/\/www.fronteira.eu\/fronteira2020\/pt\/parceiros\/adm-estrela-associacao-social-e-desenvolvimento\/\">ADM Estrela \u2013 Associa\u00e7\u00e3o Social e Desenvolvimento<\/a><\/span><\/h3>\t\t\t\t<p>\u00c9 uma institui\u00e7\u00e3o que desenvolve desde 1989 trabalhos na \u00e1rea social, com diversos projetos na \u00e1rea da inf\u00e2ncia e juventude, defici\u00eancia&#8230;<\/p>\n\t\t\t\t<div class=\"more-link-wrap\">\r\n\t\t\t\t\t<a class=\"more-link\" title=\"ADM Estrela \u2013 Associa\u00e7\u00e3o Social e Desenvolvimento\" href=\"https:\/\/www.fronteira.eu\/fronteira2020\/pt\/parceiros\/adm-estrela-associacao-social-e-desenvolvimento\/\">Leer m\u00e1s<\/a>\r\n\t\t\t\t<\/div>\r\n\t\t\t<\/div>\r\n\t\t\t\t\t\t\t\t<div class=\"tg-one-third\">\r\n\t\t\t\t<div class=\"service-image\"><img width=\"500\" height=\"200\" src=\"https:\/\/www.fronteira.eu\/fronteira2020\/wp-content\/uploads\/2020\/06\/socio_jcyl_ssocialescyl.jpg\" class=\"attachment-featured size-featured wp-post-image\" alt=\"Servicios Sociales de Castilla y Le\u00f3n. Junta de Castilla y Le\u00f3n\" loading=\"lazy\" title=\"Gest\u00e3o de servi\u00e7os sociais de Castela e Le\u00e3o\" srcset=\"https:\/\/www.fronteira.eu\/fronteira2020\/wp-content\/uploads\/2020\/06\/socio_jcyl_ssocialescyl.jpg 500w, https:\/\/www.fronteira.eu\/fronteira2020\/wp-content\/uploads\/2020\/06\/socio_jcyl_ssocialescyl-300x120.jpg 300w\" sizes=\"(max-width: 500px) 100vw, 500px\" \/><\/div>\t\t\t\t<h3 class=\"widget-title\"><span>\t\t\t\t<a title=\"Gest\u00e3o de servi\u00e7os sociais de Castela e Le\u00e3o\" href=\"https:\/\/www.fronteira.eu\/fronteira2020\/pt\/parceiros\/gestao-de-servicos-sociais-de-castela-e-leao\/\">Gest\u00e3o de servi\u00e7os sociais de Castela e Le\u00e3o<\/a><\/span><\/h3>\t\t\t\t<p>A Administra\u00e7\u00e3o de Servi\u00e7os Sociais de Castela e Le\u00e3o (GSS) \u00e9 o \u00f3rg\u00e3o p\u00fablico competente em assist\u00eancia social, pertencente ao Minist\u00e9rio da fam\u00edlia e igualdade de oportunidades&#8230;<\/p>\n\t\t\t\t<div class=\"more-link-wrap\">\r\n\t\t\t\t\t<a class=\"more-link\" title=\"Gest\u00e3o de servi\u00e7os sociais de Castela e Le\u00e3o\" href=\"https:\/\/www.fronteira.eu\/fronteira2020\/pt\/parceiros\/gestao-de-servicos-sociais-de-castela-e-leao\/\">Leer m\u00e1s<\/a>\r\n\t\t\t\t<\/div>\r\n\t\t\t<\/div>\r\n\t\t\t\t\t\t\t<\/aside>\n<\/div>\n\n\n\n<p><\/p>\n","protected":false},"excerpt":{"rendered":"","protected":false},"author":1,"featured_media":0,"parent":0,"menu_order":0,"comment_status":"closed","ping_status":"closed","template":"","meta":[],"_links":{"self":[{"href":"https:\/\/www.fronteira.eu\/fronteira2020\/wp-json\/wp\/v2\/pages\/417"}],"collection":[{"href":"https:\/\/www.fronteira.eu\/fronteira2020\/wp-json\/wp\/v2\/pages"}],"about":[{"href":"https:\/\/www.fronteira.eu\/fronteira2020\/wp-json\/wp\/v2\/types\/page"}],"author":[{"embeddable":true,"href":"https:\/\/www.fronteira.eu\/fronteira2020\/wp-json\/wp\/v2\/users\/1"}],"replies":[{"embeddable":true,"href":"https:\/\/www.fronteira.eu\/fronteira2020\/wp-json\/wp\/v2\/comments?post=417"}],"version-history":[{"count":11,"href":"https:\/\/www.fronteira.eu\/fronteira2020\/wp-json\/wp\/v2\/pages\/417\/revisions"}],"predecessor-version":[{"id":758,"href":"https:\/\/www.fronteira.eu\/fronteira2020\/wp-json\/wp\/v2\/pages\/417\/revisions\/758"}],"wp:attachment":[{"href":"https:\/\/www.fronteira.eu\/fronteira2020\/wp-json\/wp\/v2\/media?parent=417"}],"curies":[{"name":"wp","href":"https:\/\/api.w.org\/{rel}","templated":true}]}}