{"id":413,"date":"2020-04-27T15:40:47","date_gmt":"2020-04-27T15:40:47","guid":{"rendered":"http:\/\/desarrollo.fronteira.eu\/fronteira2020\/?page_id=413"},"modified":"2020-08-04T10:58:09","modified_gmt":"2020-08-04T10:58:09","slug":"gestao-de-servicos-sociais-de-castela-e-leao","status":"publish","type":"page","link":"https:\/\/www.fronteira.eu\/fronteira2020\/pt\/parceiros\/gestao-de-servicos-sociais-de-castela-e-leao\/","title":{"rendered":"Gest\u00e3o de servi\u00e7os sociais de Castela e Le\u00e3o"},"content":{"rendered":"\n<figure class=\"wp-block-image size-large img-logo_socio\"><img loading=\"lazy\" width=\"556\" height=\"129\" src=\"http:\/\/desarrollo.fronteira.eu\/fronteira2020\/wp-content\/uploads\/2020\/06\/logo_jcyl_ssocialescyl.jpg\" alt=\"Servicios Sociales de Castilla y Le\u00f3n. Junta de Castilla y Le\u00f3n\" class=\"wp-image-628\" srcset=\"https:\/\/www.fronteira.eu\/fronteira2020\/wp-content\/uploads\/2020\/06\/logo_jcyl_ssocialescyl.jpg 556w, https:\/\/www.fronteira.eu\/fronteira2020\/wp-content\/uploads\/2020\/06\/logo_jcyl_ssocialescyl-300x70.jpg 300w\" sizes=\"(max-width: 556px) 100vw, 556px\" \/><\/figure>\n\n\n\n<h3><strong>Territ\u00f3rio<\/strong>:<\/h3>\n\n\n\n<p>Calle Padre Francisco Su\u00e1rez, 2, 47006, Valladolid, Espa\u00f1a<\/p>\n\n\n\n<h3><strong>Compet\u00eancias e experi\u00eancias relevantes<\/strong>:<\/h3>\n\n\n\n<p>A Ger\u00eancia de Servi\u00e7os Sociais&nbsp;de Castilla y Le\u00f3n (GSS) \u00e9 o organismo P\u00fablico competente em Assist\u00eancia Social, pertencente \u00e0 Consejer\u00eda de Familia e Igualdad de Oportunidades, que se encarrega do desenho, planifica\u00e7\u00e3o e gest\u00e3o do Sistema de Assist\u00eancia Social na regi\u00e3o de Castela e Le\u00e3o, Espanha.<\/p>\n\n\n\n<p>GSS \u00e9 a autoridade relevante para a adop\u00e7\u00e3o de medidas orientadas \u00e0 implementa\u00e7\u00e3o da pol\u00edtica de seguran\u00e7a social: a planifica\u00e7\u00e3o regional e o seu desenvolvimento, incluindo a cria\u00e7\u00e3o, organiza\u00e7\u00e3o, manuten\u00e7\u00e3o e gest\u00e3o de programas, servi\u00e7os, instala\u00e7\u00f5es e recursos.<\/p>\n\n\n\n<h3>Site, redes sociais e e-mail de contato:<\/h3>\n\n\n\n<div class=\"redes-socios\">\n\n<p><span class=\"fa fa-globe\"><\/span>    <a href=\"https:\/\/www.serviciossociales.jcyl.es\" target=\"_blank\" rel=\"noopener noreferrer\">www.serviciossociales.jcyl.es<\/a><\/p>\n<p><span class=\"fa fa-envelope\"><\/span>  <a href=\"mailto:CamPerBe@jcyl.e\" target=\"_blank\" rel=\"noopener noreferrer\">\nCamPerBe@jcyl.e<\/a><\/p> \n<\/div>\n","protected":false},"excerpt":{"rendered":"<p>A Administra\u00e7\u00e3o de Servi\u00e7os Sociais de Castela e Le\u00e3o (GSS) \u00e9 o \u00f3rg\u00e3o p\u00fablico competente em assist\u00eancia social, pertencente ao Minist\u00e9rio da fam\u00edlia e igualdade de oportunidades&#8230;<\/p>\n","protected":false},"author":1,"featured_media":627,"parent":417,"menu_order":0,"comment_status":"closed","ping_status":"closed","template":"","meta":[],"_links":{"self":[{"href":"https:\/\/www.fronteira.eu\/fronteira2020\/wp-json\/wp\/v2\/pages\/413"}],"collection":[{"href":"https:\/\/www.fronteira.eu\/fronteira2020\/wp-json\/wp\/v2\/pages"}],"about":[{"href":"https:\/\/www.fronteira.eu\/fronteira2020\/wp-json\/wp\/v2\/types\/page"}],"author":[{"embeddable":true,"href":"https:\/\/www.fronteira.eu\/fronteira2020\/wp-json\/wp\/v2\/users\/1"}],"replies":[{"embeddable":true,"href":"https:\/\/www.fronteira.eu\/fronteira2020\/wp-json\/wp\/v2\/comments?post=413"}],"version-history":[{"count":8,"href":"https:\/\/www.fronteira.eu\/fronteira2020\/wp-json\/wp\/v2\/pages\/413\/revisions"}],"predecessor-version":[{"id":810,"href":"https:\/\/www.fronteira.eu\/fronteira2020\/wp-json\/wp\/v2\/pages\/413\/revisions\/810"}],"up":[{"embeddable":true,"href":"https:\/\/www.fronteira.eu\/fronteira2020\/wp-json\/wp\/v2\/pages\/417"}],"wp:featuredmedia":[{"embeddable":true,"href":"https:\/\/www.fronteira.eu\/fronteira2020\/wp-json\/wp\/v2\/media\/627"}],"wp:attachment":[{"href":"https:\/\/www.fronteira.eu\/fronteira2020\/wp-json\/wp\/v2\/media?parent=413"}],"curies":[{"name":"wp","href":"https:\/\/api.w.org\/{rel}","templated":true}]}}