{"id":411,"date":"2020-04-27T15:39:14","date_gmt":"2020-04-27T15:39:14","guid":{"rendered":"http:\/\/desarrollo.fronteira.eu\/fronteira2020\/?page_id=411"},"modified":"2020-08-04T10:55:03","modified_gmt":"2020-08-04T10:55:03","slug":"adm-estrela-associacao-social-e-desenvolvimento","status":"publish","type":"page","link":"https:\/\/www.fronteira.eu\/fronteira2020\/pt\/parceiros\/adm-estrela-associacao-social-e-desenvolvimento\/","title":{"rendered":"ADM Estrela \u2013 Associa\u00e7\u00e3o Social e Desenvolvimento"},"content":{"rendered":"\n<figure class=\"wp-block-image size-large img-logo_socio\"><img loading=\"lazy\" width=\"432\" height=\"168\" src=\"http:\/\/desarrollo.fronteira.eu\/fronteira2020\/wp-content\/uploads\/2020\/04\/logo_estrela.jpg\" alt=\"\" class=\"wp-image-316\" srcset=\"https:\/\/www.fronteira.eu\/fronteira2020\/wp-content\/uploads\/2020\/04\/logo_estrela.jpg 432w, https:\/\/www.fronteira.eu\/fronteira2020\/wp-content\/uploads\/2020\/04\/logo_estrela-300x117.jpg 300w\" sizes=\"(max-width: 432px) 100vw, 432px\" \/><\/figure>\n\n\n\n<p>ADM Estrella \u2013 Asociaci\u00f3n Social y Desarrollo es una instituci\u00f3n que lleva desde 1989 trabajando en materia social con varios proyectos enfocados a ni\u00f1os y j\u00f3venes, discapacidad, formaci\u00f3n superior, formaci\u00f3n profesional y al desarrollo de una visi\u00f3n cr\u00edtica de los territorios y la mejora de las condiciones de vida de sus poblaciones, en particular de aquellos en situaci\u00f3n de mayor vulnerabilidad.<\/p>\n\n\n\n<h3><strong>Territ\u00f3rio<\/strong>:<\/h3>\n\n\n\n<p>Travessa da Rua da Fontinha, s\/n, 6300 \u2013 569 Guarda \u2013 Portugal<\/p>\n\n\n\n<h3><strong>Compet\u00eancias e experi\u00eancias relevantes:<\/strong><\/h3>\n\n\n\n<p>A&nbsp;ADM Estrela \u2013&nbsp;Associa\u00e7\u00e3o&nbsp;Social e&nbsp;Desenvolvimento&nbsp;\u00e9&nbsp;uma&nbsp;institui\u00e7\u00e3o&nbsp;que&nbsp;desenvolve&nbsp;desde 1989&nbsp;trabalho&nbsp;na \u00e1rea social&nbsp;com&nbsp;v\u00e1rios&nbsp;projetos&nbsp;na \u00e1rea da&nbsp;inf\u00e2ncia&nbsp;e&nbsp;juventude,&nbsp;defici\u00eancia, s\u00e9nior,&nbsp;forma\u00e7\u00e3o&nbsp;profissional&nbsp;e de base territorial&nbsp;tendo&nbsp;uma&nbsp;vis\u00e3o&nbsp;critica no&nbsp;desenvolvimento&nbsp;dos&nbsp;territ\u00f3rios&nbsp;e na&nbsp;melhoria&nbsp;das&nbsp;condi\u00e7\u00f5es&nbsp;de vida das&nbsp;suas&nbsp;popula\u00e7\u00f5es&nbsp;nomeadamente&nbsp;as que se&nbsp;encontram&nbsp;em&nbsp;situa\u00e7\u00e3o&nbsp;de&nbsp;maior&nbsp;vulnerabilidade.&nbsp;&nbsp;<\/p>\n\n\n\n<p>Como&nbsp;respostas&nbsp;sociais&nbsp;e&nbsp;projetos&nbsp;de&nbsp;interven\u00e7\u00e3o&nbsp;apresenta&nbsp;os&nbsp;seguintes:<\/p>\n\n\n\n<ul><li><strong><strong>Inf\u00e2ncia e Juventude<\/strong>:<\/strong>&nbsp;Jardim-de-Inf\u00e2ncia e Centro de Atividades de Tempos Livres \u201cArco \u00cdris\u201d (Guarda); Jardim de Inf\u00e2ncia e Creche Favo de Mel (Manteigas); Centro Juvenil \u201cGr\u00e9mio\u201d (Vale de Estrela); Casa de Acolhimento de Jovens \u201cLar do Cansado\u201d (Castelo Branco)&nbsp;;<\/li><li><strong><strong>Pessoas Idosas<\/strong>:<\/strong>&nbsp;Estrutura Residencial para Pessoas Idosas \u201cS. Silvestre\u201d, Centro de Dia e Servi\u00e7o de Apoio Domicili\u00e1rio (Vale de Estrela); Centro de Conv\u00edvio S\u00e9nior \u201cEspa\u00e7o&nbsp;Nov\u2019Idade\u201d (Guarda).<\/li><li><strong><strong>Pessoas Adultas com Defici\u00eancia<\/strong>:<\/strong>&nbsp;Centro de Atividades Ocupacionais (Vale de Estrela); Resid\u00eancia e&nbsp;Centro de Atividades Ocupacionais&nbsp;\u201cL\u00e9a&nbsp;Nobre\u201d (Pinhel);<\/li><li><strong><strong>Educa\u00e7\u00e3o, Forma\u00e7\u00e3o Profissional e Empreendedorismo Social<\/strong>:<\/strong>&nbsp;Cursos formativos para jovens \u201cAprendizagens\u201d; qualifica\u00e7\u00e3o de pessoas com defici\u00eancia e incapacidades; forma\u00e7\u00e3o p\u00fablicos estrat\u00e9gicos (Igualdade de G\u00e9nero);&nbsp;<\/li><li><strong><strong>Fam\u00edlia e Comunidade<\/strong>:<\/strong>&nbsp;Projeto&nbsp;MOOV Liberdade,&nbsp;Projeto Reviver o Bairro,&nbsp;Campos de F\u00e9rias Residenciais,&nbsp;Projeto Desporto Mexe Comigo,&nbsp;Anima\u00e7\u00e3o Territorial \u2013 Grupo Comunit\u00e1rio Liberdade e Serafina&nbsp;(Delega\u00e7\u00e3o Lisboa);&nbsp;CLDS 3G \u2013 Guarda Gera\u00e7\u00e3o;&nbsp;POAPMC \u2013 Territ\u00f3rio da Guarda e Manteigas;<\/li><li><strong>C<strong>oopera\u00e7\u00e3o Internacional e Desenvolvimento<\/strong>:<\/strong>&nbsp;Projeto&nbsp;\u201cMais Voz, Viol\u00eancia Zero!\u201d&nbsp;(S\u00e3o&nbsp;Tom\u00e9 e Pr\u00edncipe).<\/li><\/ul>\n\n\n\n<h3>Site, redes sociais e e-mail de contato:<\/h3>\n\n\n\n<div class=\"redes-socios\">\n\n<p><span class=\"fa fa-globe\"><\/span>    <a href=\"https:\/\/www.admestrela.pt\" target=\"_blank\" rel=\"noopener noreferrer\">www.admestrela.pt<\/a><\/p>\n\n<p><span class=\"fa fa-facebook-f\"><\/span>    <a href=\"https:\/\/www.facebook.com\/adm.estrela\/\" target=\"_blank\" rel=\"noopener noreferrer\">\nwww.facebook.com\/adm.estrela\/ <\/a><\/p>\n\n\n<p><span class=\"fa fa-envelope\"><\/span>  <a href=\"mailto:admestrela@admestrela.p\" target=\"_blank\" rel=\"noopener noreferrer\">\nadmestrela@admestrela.p<\/a><\/p> \n<\/div>\n","protected":false},"excerpt":{"rendered":"<p>\u00c9 uma institui\u00e7\u00e3o que desenvolve desde 1989 trabalhos na \u00e1rea social, com diversos projetos na \u00e1rea da inf\u00e2ncia e juventude, defici\u00eancia&#8230;<\/p>\n","protected":false},"author":1,"featured_media":223,"parent":417,"menu_order":0,"comment_status":"closed","ping_status":"closed","template":"","meta":[],"_links":{"self":[{"href":"https:\/\/www.fronteira.eu\/fronteira2020\/wp-json\/wp\/v2\/pages\/411"}],"collection":[{"href":"https:\/\/www.fronteira.eu\/fronteira2020\/wp-json\/wp\/v2\/pages"}],"about":[{"href":"https:\/\/www.fronteira.eu\/fronteira2020\/wp-json\/wp\/v2\/types\/page"}],"author":[{"embeddable":true,"href":"https:\/\/www.fronteira.eu\/fronteira2020\/wp-json\/wp\/v2\/users\/1"}],"replies":[{"embeddable":true,"href":"https:\/\/www.fronteira.eu\/fronteira2020\/wp-json\/wp\/v2\/comments?post=411"}],"version-history":[{"count":10,"href":"https:\/\/www.fronteira.eu\/fronteira2020\/wp-json\/wp\/v2\/pages\/411\/revisions"}],"predecessor-version":[{"id":805,"href":"https:\/\/www.fronteira.eu\/fronteira2020\/wp-json\/wp\/v2\/pages\/411\/revisions\/805"}],"up":[{"embeddable":true,"href":"https:\/\/www.fronteira.eu\/fronteira2020\/wp-json\/wp\/v2\/pages\/417"}],"wp:featuredmedia":[{"embeddable":true,"href":"https:\/\/www.fronteira.eu\/fronteira2020\/wp-json\/wp\/v2\/media\/223"}],"wp:attachment":[{"href":"https:\/\/www.fronteira.eu\/fronteira2020\/wp-json\/wp\/v2\/media?parent=411"}],"curies":[{"name":"wp","href":"https:\/\/api.w.org\/{rel}","templated":true}]}}