{"id":409,"date":"2020-04-27T15:37:58","date_gmt":"2020-04-27T15:37:58","guid":{"rendered":"http:\/\/desarrollo.fronteira.eu\/fronteira2020\/?page_id=409"},"modified":"2020-08-04T10:56:40","modified_gmt":"2020-08-04T10:56:40","slug":"cercig-cooperativa-para-educacao-e-reabilitacao-de-cidadaos-inadaptados-de-la-guarda","status":"publish","type":"page","link":"https:\/\/www.fronteira.eu\/fronteira2020\/pt\/parceiros\/cercig-cooperativa-para-educacao-e-reabilitacao-de-cidadaos-inadaptados-de-la-guarda\/","title":{"rendered":"CERCIG \u2013 Cooperativa para Educa\u00e7\u00e3o e Reabilita\u00e7\u00e3o de Cidad\u00e3os Inadaptados de la Guarda"},"content":{"rendered":"\n<figure class=\"wp-block-image size-large is-resized img-logo_socio\"><img loading=\"lazy\" src=\"http:\/\/desarrollo.fronteira.eu\/fronteira2020\/wp-content\/uploads\/2020\/04\/logo_cercig.jpg\" alt=\"\" class=\"wp-image-315\" width=\"300\" height=\"130\"\/><\/figure>\n\n\n\n<h3><strong>Territ\u00f3rio<\/strong>:<\/h3>\n\n\n\n<p>Parque da Sa\u00fade, 6300-749 Guarda \u2013 Portugal<\/p>\n\n\n\n<h3><strong><strong>Compet\u00eancias e experi\u00eancias relevantes<\/strong><\/strong>:<\/h3>\n\n\n\n<p>A&nbsp;CERCIG \u2013 Cooperativa para Educa\u00e7\u00e3o e Reabilita\u00e7\u00e3o de Cidad\u00e3os Inadaptados da Guarda, \u00e9 uma institui\u00e7\u00e3o sem fins lucrativos e de reconhecida utilidade p\u00fablica que preconiza a sua interven\u00e7\u00e3o junto dos grupos socialmente mais vulner\u00e1veis (crian\u00e7as, jovens, adultos e idosos com defici\u00eancia e\/ou problemas de inser\u00e7\u00e3o socioprofissional), a fim de defender os seus direitos individuais e de cidadania, designadamente para a promo\u00e7\u00e3o do direito \u00e0 igualdade de oportunidades e melhoria da sua qualidade de vida.<\/p>\n\n\n\n<p>Potencia e redimensiona a realiza\u00e7\u00e3o de um conjunto de atividades enquadradas nos objetivos delineados pelo Conselho de Administra\u00e7\u00e3o, atrav\u00e9s das diferentes respostas sociais e servi\u00e7os.<\/p>\n\n\n\n<h3>Site, redes sociais e e-mail de contato:<\/h3>\n\n\n\n<div class=\"redes-socios\">\n\n<p><span class=\"fa fa-globe\"><\/span>    <a href=\"https:\/\/www.cercig.com\" target=\"_blank\" rel=\"noopener noreferrer\">www.cercig.com<\/a><\/p>\n\n<p><span class=\"fa fa-facebook-f\"><\/span>    <a href=\"https:\/\/www.facebook.com\/cerciguarda\/\" target=\"_blank\" rel=\"noopener noreferrer\">www.facebook.com\/cerciguarda\/ <\/a><\/p>\n\n<p><span class=\"fa fa-envelope\"><\/span>  <a href=\"mailto:direcao@cercig.org.pt\" target=\"_blank\" rel=\"noopener noreferrer\">direcao@cercig.org.pt<\/a><\/p> \n<\/div>\n","protected":false},"excerpt":{"rendered":"<p>\u00c9 uma institui\u00e7\u00e3o sem fins lucrativos de utilidade p\u00fablica reconhecida que recomenda sua interven\u00e7\u00e3o perante os grupos mais vulner\u00e1veis socialmente&#8230;<\/p>\n","protected":false},"author":1,"featured_media":222,"parent":417,"menu_order":0,"comment_status":"closed","ping_status":"closed","template":"","meta":[],"_links":{"self":[{"href":"https:\/\/www.fronteira.eu\/fronteira2020\/wp-json\/wp\/v2\/pages\/409"}],"collection":[{"href":"https:\/\/www.fronteira.eu\/fronteira2020\/wp-json\/wp\/v2\/pages"}],"about":[{"href":"https:\/\/www.fronteira.eu\/fronteira2020\/wp-json\/wp\/v2\/types\/page"}],"author":[{"embeddable":true,"href":"https:\/\/www.fronteira.eu\/fronteira2020\/wp-json\/wp\/v2\/users\/1"}],"replies":[{"embeddable":true,"href":"https:\/\/www.fronteira.eu\/fronteira2020\/wp-json\/wp\/v2\/comments?post=409"}],"version-history":[{"count":6,"href":"https:\/\/www.fronteira.eu\/fronteira2020\/wp-json\/wp\/v2\/pages\/409\/revisions"}],"predecessor-version":[{"id":808,"href":"https:\/\/www.fronteira.eu\/fronteira2020\/wp-json\/wp\/v2\/pages\/409\/revisions\/808"}],"up":[{"embeddable":true,"href":"https:\/\/www.fronteira.eu\/fronteira2020\/wp-json\/wp\/v2\/pages\/417"}],"wp:featuredmedia":[{"embeddable":true,"href":"https:\/\/www.fronteira.eu\/fronteira2020\/wp-json\/wp\/v2\/media\/222"}],"wp:attachment":[{"href":"https:\/\/www.fronteira.eu\/fronteira2020\/wp-json\/wp\/v2\/media?parent=409"}],"curies":[{"name":"wp","href":"https:\/\/api.w.org\/{rel}","templated":true}]}}