{"id":407,"date":"2020-04-27T15:36:15","date_gmt":"2020-04-27T15:36:15","guid":{"rendered":"http:\/\/desarrollo.fronteira.eu\/fronteira2020\/?page_id=407"},"modified":"2020-08-04T10:57:20","modified_gmt":"2020-08-04T10:57:20","slug":"fundacao-aspaym-castilla-y-leon","status":"publish","type":"page","link":"https:\/\/www.fronteira.eu\/fronteira2020\/pt\/parceiros\/fundacao-aspaym-castilla-y-leon\/","title":{"rendered":"Funda\u00e7\u00e3o ASPAYM Castilla Y Le\u00f3n"},"content":{"rendered":"\n<figure class=\"wp-block-image size-large img-logo_socio\"><img loading=\"lazy\" width=\"432\" height=\"168\" src=\"http:\/\/desarrollo.fronteira.eu\/fronteira2020\/wp-content\/uploads\/2020\/04\/logo_aspaym_cyl.jpg\" alt=\"\" class=\"wp-image-314\" srcset=\"https:\/\/www.fronteira.eu\/fronteira2020\/wp-content\/uploads\/2020\/04\/logo_aspaym_cyl.jpg 432w, https:\/\/www.fronteira.eu\/fronteira2020\/wp-content\/uploads\/2020\/04\/logo_aspaym_cyl-300x117.jpg 300w\" sizes=\"(max-width: 432px) 100vw, 432px\" \/><\/figure>\n\n\n\n<h3><strong>Territ\u00f3rio<\/strong>:<\/h3>\n\n\n\n<p>Calle de Trevi\u00f1o, 74, 47008 Valladolid (Espa\u00f1a)&nbsp;<\/p>\n\n\n\n<h3><strong>Compet\u00eancias e experi\u00eancias relevantes<\/strong>:<\/h3>\n\n\n\n<p>A ASPAYM Castilla y Le\u00f3n nasceu h\u00e1 mais de 25 anos, com o \u00fanico objetivo de melhorar a qualidade de vida das pessoas com defici\u00eancia. No in\u00edcio, a entidade focava o atendimento de pessoas com les\u00e3o medular na comunidade, no entanto, durante seus anos de atividade, a ASPAYM Castilla y Le\u00f3n evoluiu de acordo com a sociedade, dando aten\u00e7\u00e3o a todos os tipos de defici\u00eancias f\u00edsicas (les\u00e3o medula espinhal, derrame, ataxia etc.). Depois de se posicionar na comunidade como uma entidade de refer\u00eancia no campo da defici\u00eancia, abre todos os seus servi\u00e7os para a sociedade em geral, gerando uma metodologia de trabalho inclusiva, onde todos t\u00eam um lugar.<\/p>\n\n\n\n<p>Atualmente, possui mais de 2.000 membros em toda a comunidade e mais de 300 trabalhadores espalhados por suas delega\u00e7\u00f5es (Valladolid, Le\u00e3o, \u00c1vila, Burgos e Palencia, El Bierzo, Paredes de Nava, Sahag\u00fan, Matapozuelos, Villadiego e Camponaraya). A ASPAYM Castilla y Le\u00f3n trabalha com novos projetos para permitir a inclus\u00e3o social e trabalhista de pessoas com defici\u00eancia, aproxim\u00e1-las do mundo real e lev\u00e1-las a realizar qualquer tipo de atividade sem limita\u00e7\u00f5es.<\/p>\n\n\n\n<p>A organiza\u00e7\u00e3o nasceu em 1992 em Valladolid, com uma voca\u00e7\u00e3o aut\u00f4noma para responder \u00e0s preocupa\u00e7\u00f5es dos pacientes do Hospital Nacional de Parapl\u00e9gicos, que, sendo de Castilla e Le\u00e3o, n\u00e3o possu\u00edam um servi\u00e7o que pudesse atender e atender \u00e0s suas necessidades. A cria\u00e7\u00e3o da entidade est\u00e1 intimamente ligada \u00e0 Federa\u00e7\u00e3o Nacional ASPAYM, nascida em 1979 sob os ausp\u00edcios do Hospital Nacional de Parapl\u00e9gicos de Toledo, est\u00e1 localizada em 12 comunidades aut\u00f4nomas e \u00e9 composta por mais de 7.000 membros e mais de 30.000 representados.<\/p>\n\n\n\n<h3>Site, redes sociais e e-mail de contato:<\/h3>\n\n\n\n<div class=\"redes-socios\">\n\n<p><span class=\"fa fa-globe\"><\/span>    <a href=\"https:\/\/www.aspaymcyl.org\/\" target=\"_blank\" rel=\"noopener noreferrer\">www.aspaymcyl.org\/<\/a><\/p>\n\n<p><span class=\"fa fa-facebook-f\"><\/span>    <a href=\"https:\/\/www.facebook.com\/aspaym.castillayleon\/\" target=\"_blank\" rel=\"noopener noreferrer\">www.facebook.com\/aspaym.castillayleon\/ <\/a><\/p>\n\n<p><span class=\"fa fa-twitter\"><\/span>    <a href=\"https:\/\/twitter.com\/Aspaym_CyL\" target=\"_blank\" rel=\"noopener noreferrer\">twitter.com\/Aspaym_CyL<\/a><\/p>\n\n<p><span class=\"fa fa-instagram\"><\/span>    <a href=\"https:\/\/www.instagram.com\/aspaym_cyl\/\" target=\"_blank\" rel=\"noopener noreferrer\">www.instagram.com\/aspaym_cyl\/<\/a><\/p>\n\n<p><span class=\"fa fa-youtube\"><\/span>    <a href=\"https:\/\/www.youtube.com\/user\/aspaymcyl\" target=\"_blank\" rel=\"noopener noreferrer\">www.youtube.com\/user\/aspaymcyl<\/a><\/p>\n\n<p><span class=\"fa fa-flickr\"><\/span>    <a href=\"https:\/\/www.flickr.com\/photos\/aspaymcyl\/\" target=\"_blank\" rel=\"noopener noreferrer\">www.flickr.com\/photos\/aspaymcyl\/<\/a><\/p>\n\n<p><span class=\"fa fa-envelope\"><\/span>  <a href=\"mailto:aspaymcyl@aspaymcyl.org\" target=\"_blank\" rel=\"noopener noreferrer\">aspaymcyl@aspaymcyl.org<\/a><\/p> \n<\/div>\n","protected":false},"excerpt":{"rendered":"<p>Nasceu h\u00e1 mais de 25 anos, com o \u00fanico objetivo de melhorar a qualidade de vida das pessoas com defici\u00eancia\u2026<\/p>\n","protected":false},"author":1,"featured_media":220,"parent":417,"menu_order":0,"comment_status":"closed","ping_status":"closed","template":"","meta":[],"_links":{"self":[{"href":"https:\/\/www.fronteira.eu\/fronteira2020\/wp-json\/wp\/v2\/pages\/407"}],"collection":[{"href":"https:\/\/www.fronteira.eu\/fronteira2020\/wp-json\/wp\/v2\/pages"}],"about":[{"href":"https:\/\/www.fronteira.eu\/fronteira2020\/wp-json\/wp\/v2\/types\/page"}],"author":[{"embeddable":true,"href":"https:\/\/www.fronteira.eu\/fronteira2020\/wp-json\/wp\/v2\/users\/1"}],"replies":[{"embeddable":true,"href":"https:\/\/www.fronteira.eu\/fronteira2020\/wp-json\/wp\/v2\/comments?post=407"}],"version-history":[{"count":7,"href":"https:\/\/www.fronteira.eu\/fronteira2020\/wp-json\/wp\/v2\/pages\/407\/revisions"}],"predecessor-version":[{"id":809,"href":"https:\/\/www.fronteira.eu\/fronteira2020\/wp-json\/wp\/v2\/pages\/407\/revisions\/809"}],"up":[{"embeddable":true,"href":"https:\/\/www.fronteira.eu\/fronteira2020\/wp-json\/wp\/v2\/pages\/417"}],"wp:featuredmedia":[{"embeddable":true,"href":"https:\/\/www.fronteira.eu\/fronteira2020\/wp-json\/wp\/v2\/media\/220"}],"wp:attachment":[{"href":"https:\/\/www.fronteira.eu\/fronteira2020\/wp-json\/wp\/v2\/media?parent=407"}],"curies":[{"name":"wp","href":"https:\/\/api.w.org\/{rel}","templated":true}]}}