{"id":405,"date":"2020-04-27T15:34:49","date_gmt":"2020-04-27T15:34:49","guid":{"rendered":"http:\/\/desarrollo.fronteira.eu\/fronteira2020\/?page_id=405"},"modified":"2020-06-20T22:43:20","modified_gmt":"2020-06-20T22:43:20","slug":"fundacao-intras","status":"publish","type":"page","link":"https:\/\/www.fronteira.eu\/fronteira2020\/pt\/parceiros\/fundacao-intras\/","title":{"rendered":"Funda\u00e7\u00e3o INTRAS"},"content":{"rendered":"\n<figure class=\"wp-block-image size-large img-logo_socio\"><img loading=\"lazy\" width=\"400\" height=\"136\" src=\"http:\/\/desarrollo.fronteira.eu\/fronteira2020\/wp-content\/uploads\/2020\/04\/logo_intras.jpg\" alt=\"\" class=\"wp-image-318\" srcset=\"https:\/\/www.fronteira.eu\/fronteira2020\/wp-content\/uploads\/2020\/04\/logo_intras.jpg 400w, https:\/\/www.fronteira.eu\/fronteira2020\/wp-content\/uploads\/2020\/04\/logo_intras-300x102.jpg 300w\" sizes=\"(max-width: 400px) 100vw, 400px\" \/><\/figure>\n\n\n\n<h3><strong>Territ\u00f3rio<\/strong>:<\/h3>\n\n\n\n<p>Mart\u00edn Santos Romero, 1. 47016 Valladolid, Espa\u00f1a<\/p>\n\n\n\n<h3><strong>Compet\u00eancias e experi\u00eancias relevantes<\/strong>:<\/h3>\n\n\n\n<p>A Funda\u00e7\u00e3o INTRAS \u00e9 uma organiza\u00e7\u00e3o sem fins lucrativos, com 25 anos de experi\u00eancia na coordena\u00e7\u00e3o e presta\u00e7\u00e3o de servi\u00e7os de assist\u00eancia s\u00f3cio-sanit\u00e1ria em 6 prov\u00edncias da Espanha, combinando uma forte \u00e1rea de pesquisa dedicada ao envelhecimento, sa\u00fade mental, vida assistida, desenvolvimento e desenvolvimento. aplica\u00e7\u00e3o de solu\u00e7\u00f5es tecnol\u00f3gicas, modelos e processos de integra\u00e7\u00e3o socioambiental mais eficientes, teste e valida\u00e7\u00e3o de solu\u00e7\u00f5es e modelos.<\/p>\n\n\n\n<p>O INTRAS coopera permanentemente com o governo regional na cria\u00e7\u00e3o de modelos de coordena\u00e7\u00e3o s\u00f3cio-sanit\u00e1ria e coordena estruturas transfronteiri\u00e7as para promover a P + D + I. Ele tamb\u00e9m \u00e9 co-fundador do SIVI Cluster, constru\u00eddo sob o modelo de h\u00e9lice qu\u00e1drupla, para promover a inova\u00e7\u00e3o em sa\u00fade.<\/p>\n\n\n\n<p>O INTRAS apresenta uma s\u00f3lida experi\u00eancia em coordena\u00e7\u00e3o e participa\u00e7\u00e3o em projetos nacionais e internacionais, sendo exemplo a participa\u00e7\u00e3o nos programas POCTEP, SUDOE, Interreg IVC, CIP ICT PSP, Sa\u00fade, V, VI, VII FP, Iberoeka, H2020, MSCA. O INTRAS foi Chefe da Linha de Cons\u00f3rcio da chamada INTERREG IIIA: CERLEM (2003 \/ SP2.E29 \/ 4.2.), UDEP 0184_INDESS_2_E (2010, Pesquisa e desenvolvimento de tecnologias em assist\u00eancia socioambiental). Ele tamb\u00e9m participou como parceiro dos projetos RESATER: REDE DE SA\u00daDE E TELEMEDICINA EM \u00c1REAS RURAIS (SOE1 \/ P3 \/ F197) e e-RESATER (SOE3 \/ P1 \/ F682), financiado por SUDOE e INN.OVAge (Interreg IVC 1282R4 ).<\/p>\n\n\n\n<h3>Site, redes sociais e e-mail de contato:<\/h3>\n\n\n\n<div class=\"redes-socios\">\n<p><span class=\"fa fa-globe\"><\/span>    <a href=\"https:\/\/www.intras.es\/\" target=\"_blank\" rel=\"noopener noreferrer\">https:\/\/www.intras.es\/<\/a><\/p>\n\n<p><span class=\"fa fa-facebook-f\"><\/span>    <a href=\"https:\/\/www.facebook.com\/fintras\/\" target=\"_blank\" rel=\"noopener noreferrer\">https:\/\/www.facebook.com\/fintras\/<\/a><\/p>\n\n<p><span class=\"fa fa-twitter\"><\/span>    <a href=\"https:\/\/twitter.com\/fintras\" target=\"_blank\" rel=\"noopener noreferrer\">https:\/\/twitter.com\/fintras\/<\/a><\/p>\n\n<p><span class=\"fa fa-instagram\"><\/span>    <a href=\"https:\/\/www.instagram.com\/fintras\/\" target=\"_blank\" rel=\"noopener noreferrer\">https:\/\/www.instagram.com\/fintras\/<\/a><\/p>\n\n<p><span class=\"fa fa-envelope\"><\/span>  <a href=\"mailto:pp@intras.es\" target=\"_blank\" rel=\"noopener noreferrer\">Pablo S\u00e1nchez: psp@intras.es<\/a><\/p>\n \n<\/div>\n\n\n\n<p><\/p>\n","protected":false},"excerpt":{"rendered":"<p>\u00c9 uma organiza\u00e7\u00e3o sem fins lucrativos, com 25 anos de experi\u00eancia na coordena\u00e7\u00e3o e presta\u00e7\u00e3o de servi\u00e7os de assist\u00eancia socioambiental&#8230;<\/p>\n","protected":false},"author":1,"featured_media":225,"parent":417,"menu_order":0,"comment_status":"closed","ping_status":"closed","template":"","meta":[],"_links":{"self":[{"href":"https:\/\/www.fronteira.eu\/fronteira2020\/wp-json\/wp\/v2\/pages\/405"}],"collection":[{"href":"https:\/\/www.fronteira.eu\/fronteira2020\/wp-json\/wp\/v2\/pages"}],"about":[{"href":"https:\/\/www.fronteira.eu\/fronteira2020\/wp-json\/wp\/v2\/types\/page"}],"author":[{"embeddable":true,"href":"https:\/\/www.fronteira.eu\/fronteira2020\/wp-json\/wp\/v2\/users\/1"}],"replies":[{"embeddable":true,"href":"https:\/\/www.fronteira.eu\/fronteira2020\/wp-json\/wp\/v2\/comments?post=405"}],"version-history":[{"count":6,"href":"https:\/\/www.fronteira.eu\/fronteira2020\/wp-json\/wp\/v2\/pages\/405\/revisions"}],"predecessor-version":[{"id":744,"href":"https:\/\/www.fronteira.eu\/fronteira2020\/wp-json\/wp\/v2\/pages\/405\/revisions\/744"}],"up":[{"embeddable":true,"href":"https:\/\/www.fronteira.eu\/fronteira2020\/wp-json\/wp\/v2\/pages\/417"}],"wp:featuredmedia":[{"embeddable":true,"href":"https:\/\/www.fronteira.eu\/fronteira2020\/wp-json\/wp\/v2\/media\/225"}],"wp:attachment":[{"href":"https:\/\/www.fronteira.eu\/fronteira2020\/wp-json\/wp\/v2\/media?parent=405"}],"curies":[{"name":"wp","href":"https:\/\/api.w.org\/{rel}","templated":true}]}}