{"id":403,"date":"2020-04-27T15:31:05","date_gmt":"2020-04-27T15:31:05","guid":{"rendered":"http:\/\/desarrollo.fronteira.eu\/fronteira2020\/?page_id=403"},"modified":"2020-08-04T10:55:36","modified_gmt":"2020-08-04T10:55:36","slug":"associacao-asprodes","status":"publish","type":"page","link":"https:\/\/www.fronteira.eu\/fronteira2020\/pt\/parceiros\/associacao-asprodes\/","title":{"rendered":"Associa\u00e7\u00e3o Asprodes Plena Inclusi\u00f3n Castilla y Le\u00f3n"},"content":{"rendered":"\n<p><\/p>\n\n\n\n<figure class=\"wp-block-image size-large img-logo_socio\"><img loading=\"lazy\" width=\"300\" height=\"200\" src=\"http:\/\/desarrollo.fronteira.eu\/fronteira2020\/wp-content\/uploads\/2020\/04\/logo_asprodes-1.jpg\" alt=\"\" class=\"wp-image-434\"\/><\/figure>\n\n\n\n<h3><strong>Territ\u00f3rio<\/strong>:<\/h3>\n\n\n\n<p>Calle Mariseca 1, Bajo, 37003 Salamanca<\/p>\n\n\n\n<h3><strong><strong>Compet\u00eancias e experi\u00eancias relevantes<\/strong>:<\/strong><\/h3>\n\n\n\n<p>Asprodes Plena Inclusi\u00f3n Castilla y Le\u00f3n \u00e9 uma associa\u00e7\u00e3o criada, h\u00e1 mais de 50 anos, por um grupo de fam\u00edlias que decidiu empreender um trabalho coletivo de reivindica\u00e7\u00e3o e, mais tarde, gerenciamento de centros e servi\u00e7os.<\/p>\n\n\n\n<p>A Asprodes \u00e9 composta por fam\u00edlias, pessoas atendidas, volunt\u00e1rios, parceiros, clientes e profissionais que trabalham todos os dias para melhorar a qualidade de vida das pessoas com defici\u00eancia intelectual e suas fam\u00edlias.<\/p>\n\n\n\n<p>Atualmente, a Asprodes gerencia diferentes centros de dia, uma escola de educa\u00e7\u00e3o especial, um centro especial para emprego, habita\u00e7\u00e3o e resid\u00eancias em Salamanca e sua prov\u00edncia, apoiando mais de 1000 pessoas com defici\u00eancia e suas fam\u00edlias.<\/p>\n\n\n\n<h3>Site, redes sociais e e-mail de contato:<\/h3>\n\n\n\n<div class=\"redes-socios\">\n\n<p><span class=\"fa fa-globe\"><\/span>    <a href=\"https:\/\/www.asprodes.es\/\" target=\"_blank\" rel=\"noopener noreferrer\">www.asprodes.es\/<\/a><\/p>\n\n<p><span class=\"fa fa-facebook-f\"><\/span>    <a href=\"https:\/\/www.facebook.com\/ASPRODES\/\" target=\"_blank\" rel=\"noopener noreferrer\">\nwww.facebook.com\/ASPRODES\/ <\/a><\/p>\n\n<p><span class=\"fa fa-twitter\"><\/span>    <a href=\"https:\/\/www.twitter.com\/asprodessalaman\" target=\"_blank\" rel=\"noopener noreferrer\">www.twitter.com\/asprodessalaman<\/a><\/p>\n\n<p><span class=\"fa fa-envelope\"><\/span>  <a href=\"mailto:asprodes@asprodes.es\" target=\"_blank\" rel=\"noopener noreferrer\">asprodes@asprodes.es<\/a><\/p> \n<\/div>\n","protected":false},"excerpt":{"rendered":"<p>(Parceiro Coordenador)<br \/>\n\u00c9 uma associa\u00e7\u00e3o criada, h\u00e1 mais de 50 anos, por um grupo de fam\u00edlias que decidiu empreender um trabalho coletivo de reivindica\u00e7\u00e3o e, mais tarde, gerenciamento de centros e servi\u00e7os&#8230;<\/p>\n","protected":false},"author":1,"featured_media":221,"parent":417,"menu_order":0,"comment_status":"closed","ping_status":"closed","template":"","meta":[],"_links":{"self":[{"href":"https:\/\/www.fronteira.eu\/fronteira2020\/wp-json\/wp\/v2\/pages\/403"}],"collection":[{"href":"https:\/\/www.fronteira.eu\/fronteira2020\/wp-json\/wp\/v2\/pages"}],"about":[{"href":"https:\/\/www.fronteira.eu\/fronteira2020\/wp-json\/wp\/v2\/types\/page"}],"author":[{"embeddable":true,"href":"https:\/\/www.fronteira.eu\/fronteira2020\/wp-json\/wp\/v2\/users\/1"}],"replies":[{"embeddable":true,"href":"https:\/\/www.fronteira.eu\/fronteira2020\/wp-json\/wp\/v2\/comments?post=403"}],"version-history":[{"count":11,"href":"https:\/\/www.fronteira.eu\/fronteira2020\/wp-json\/wp\/v2\/pages\/403\/revisions"}],"predecessor-version":[{"id":806,"href":"https:\/\/www.fronteira.eu\/fronteira2020\/wp-json\/wp\/v2\/pages\/403\/revisions\/806"}],"up":[{"embeddable":true,"href":"https:\/\/www.fronteira.eu\/fronteira2020\/wp-json\/wp\/v2\/pages\/417"}],"wp:featuredmedia":[{"embeddable":true,"href":"https:\/\/www.fronteira.eu\/fronteira2020\/wp-json\/wp\/v2\/media\/221"}],"wp:attachment":[{"href":"https:\/\/www.fronteira.eu\/fronteira2020\/wp-json\/wp\/v2\/media?parent=403"}],"curies":[{"name":"wp","href":"https:\/\/api.w.org\/{rel}","templated":true}]}}