{"id":400,"date":"2020-04-27T15:06:04","date_gmt":"2020-04-27T15:06:04","guid":{"rendered":"http:\/\/desarrollo.fronteira.eu\/fronteira2020\/?page_id=400"},"modified":"2020-08-04T10:59:41","modified_gmt":"2020-08-04T10:59:41","slug":"instituto-politecnico-da-guarda-2","status":"publish","type":"page","link":"https:\/\/www.fronteira.eu\/fronteira2020\/pt\/parceiros\/instituto-politecnico-da-guarda-2\/","title":{"rendered":"Instituto Polit\u00e9cnico Da Guarda"},"content":{"rendered":"\n<figure class=\"wp-block-image size-large img-logo_socio\"><img loading=\"lazy\" width=\"430\" height=\"112\" src=\"http:\/\/desarrollo.fronteira.eu\/fronteira2020\/wp-content\/uploads\/2020\/04\/logo_ipg.jpg\" alt=\"\" class=\"wp-image-322\" srcset=\"https:\/\/www.fronteira.eu\/fronteira2020\/wp-content\/uploads\/2020\/04\/logo_ipg.jpg 430w, https:\/\/www.fronteira.eu\/fronteira2020\/wp-content\/uploads\/2020\/04\/logo_ipg-300x78.jpg 300w\" sizes=\"(max-width: 430px) 100vw, 430px\" \/><\/figure>\n\n\n\n<h3><strong>Territ\u00f3rio<\/strong>:<\/h3>\n\n\n\n<p>Av. Dr. Francisco S\u00e1 Carneiro, 50<br>6300-559 Guarda<br>Portugal<\/p>\n\n\n\n<p><\/p>\n\n\n\n<h3>Descri\u00e7\u00e3o, compet\u00eancias e experi\u00eancias relevantes:<\/h3>\n\n\n\n<p>O IPG \u2013 Instituto Polit\u00e9cnico da Guarda \u00e9 uma institui\u00e7\u00e3o de ensino superior em Portugal e \u00e9 constitu\u00edda por quatro escolas (Escola Superior de Tecnologia e Gest\u00e3o, Escola Superior de Educa\u00e7\u00e3o, Comunica\u00e7\u00e3o e Desporto, Escola Superior de Sa\u00fade e Escola Superior de Turismo e Hotelaria). O Instituto tem-se sido definido como um centro de conhecimento e inova\u00e7\u00e3o que procura a qualidade e rigor da forma\u00e7\u00e3o. A pr\u00e1tica de melhoria cont\u00ednua tem sido uma preocupa\u00e7\u00e3o permanente deste Instituto, que procura garantir a qualidade da forma\u00e7\u00e3o e dos servi\u00e7os prestados, bem como a satisfa\u00e7\u00e3o da comunidade acad\u00e9mica e o bom funcionamento de toda a institui\u00e7\u00e3o. Desenvolve, ainda, atividades nos dom\u00ednios da investiga\u00e7\u00e3o, transfer\u00eancia de conhecimento cient\u00edfico e tecnol\u00f3gico, presta\u00e7\u00e3o de servi\u00e7os \u00e0 comunidade, servi\u00e7os de apoio ao desenvolvimento e coopera\u00e7\u00e3o nos dom\u00ednios da educa\u00e7\u00e3o, cultura e tecnologia. Desta forma, o IPG desempenha um papel decisivo na qualifica\u00e7\u00e3o dos recursos humanos em diversas \u00e1reas do conhecimento, na sua compet\u00eancia, bem como na economia, social, cultural e cient\u00edfica da Guarda.<\/p>\n\n\n\n<p>Neste contexto, o IPG pretende ser reconhecido como uma entidade essencial para o desenvolvimento regional, na qual os profissionais formados na institui\u00e7\u00e3o se distinguem pela sua compet\u00eancia profissional, pelo seu sentido de solidariedade, pela sua capacidade de servir com responsabilidade e \u00e9tica profissional a sociedade, gerando conhecimento e uma presen\u00e7a cultural que contribui para a solu\u00e7\u00e3o de problemas regionais,  num contexto global.<\/p>\n\n\n\n<p>O IPG procura uma articula\u00e7\u00e3o crescente com outras entidades internacionais, promovendo a mobilidade de professores e estudantes, bem como o interc\u00e2mbio de conhecimentos e compet\u00eancias em projetos de forma\u00e7\u00e3o e desenvolvimento nas principais \u00e1reas de atividade da institui\u00e7\u00e3o<\/p>\n\n\n\n<h3>Site, redes sociais e e-mail de contato:<\/h3>\n\n\n\n<div class=\"redes-socios\">\n\n<p><span class=\"fa fa-globe\"><\/span>    <a href=\"https:\/\/www.ipg.pt\" target=\"_blank\" rel=\"noopener noreferrer\">www.ipg.pt <\/a><\/p>\n\n<p><span class=\"fa fa-facebook-f\"><\/span>    <a href=\"https:\/\/www.facebook.com\/politecnicodaguarda\" target=\"_blank\" rel=\"noopener noreferrer\">https:\/\/www.facebook.com\/politecnicodaguarda <\/a><\/p>\n\n<p><span class=\"fa fa-twitter\"><\/span>    <a href=\"https:\/\/twitter.com\/ipguarda\" target=\"_blank\" rel=\"noopener noreferrer\">https:\/\/twitter.com\/ipguarda<\/a><\/p>\n\n<p><span class=\"fa fa-instagram\"><\/span>    <a href=\"https:\/\/www.instagram.com\/ipolitecnicoguarda\/\" target=\"_blank\" rel=\"noopener noreferrer\">https:\/\/www.instagram.com\/ipolitecnicoguarda\/ <\/a><\/p>\n\n<p><span class=\"fa fa-youtube\"><\/span>    <a href=\"https:\/\/www.youtube.com\/politecnicodaguarda\" target=\"_blank\" rel=\"noopener noreferrer\">https:\/\/www.youtube.com\/politecnicodaguarda<\/a><\/p>\n\n<p><span class=\"fa fa-envelope\"><\/span>  <a href=\"mailto:ipg@ipg.pt\" target=\"_blank\" rel=\"noopener noreferrer\">ipg@ipg.pt<\/a><\/p> \n<\/div>\n\n\n\n<p><\/p>\n\n\n\n<p><\/p>\n","protected":false},"excerpt":{"rendered":"<p>\u00c9 uma institui\u00e7\u00e3o de ensino superior em Portugal e \u00e9 composta por quatro escolas&#8230;<\/p>\n","protected":false},"author":1,"featured_media":323,"parent":417,"menu_order":0,"comment_status":"closed","ping_status":"closed","template":"","meta":[],"_links":{"self":[{"href":"https:\/\/www.fronteira.eu\/fronteira2020\/wp-json\/wp\/v2\/pages\/400"}],"collection":[{"href":"https:\/\/www.fronteira.eu\/fronteira2020\/wp-json\/wp\/v2\/pages"}],"about":[{"href":"https:\/\/www.fronteira.eu\/fronteira2020\/wp-json\/wp\/v2\/types\/page"}],"author":[{"embeddable":true,"href":"https:\/\/www.fronteira.eu\/fronteira2020\/wp-json\/wp\/v2\/users\/1"}],"replies":[{"embeddable":true,"href":"https:\/\/www.fronteira.eu\/fronteira2020\/wp-json\/wp\/v2\/comments?post=400"}],"version-history":[{"count":6,"href":"https:\/\/www.fronteira.eu\/fronteira2020\/wp-json\/wp\/v2\/pages\/400\/revisions"}],"predecessor-version":[{"id":811,"href":"https:\/\/www.fronteira.eu\/fronteira2020\/wp-json\/wp\/v2\/pages\/400\/revisions\/811"}],"up":[{"embeddable":true,"href":"https:\/\/www.fronteira.eu\/fronteira2020\/wp-json\/wp\/v2\/pages\/417"}],"wp:featuredmedia":[{"embeddable":true,"href":"https:\/\/www.fronteira.eu\/fronteira2020\/wp-json\/wp\/v2\/media\/323"}],"wp:attachment":[{"href":"https:\/\/www.fronteira.eu\/fronteira2020\/wp-json\/wp\/v2\/media?parent=400"}],"curies":[{"name":"wp","href":"https:\/\/api.w.org\/{rel}","templated":true}]}}