{"id":397,"date":"2020-04-27T15:02:54","date_gmt":"2020-04-27T15:02:54","guid":{"rendered":"http:\/\/desarrollo.fronteira.eu\/fronteira2020\/?page_id=397"},"modified":"2020-08-04T10:56:09","modified_gmt":"2020-08-04T10:56:09","slug":"camara-municipal-da-guarda-2","status":"publish","type":"page","link":"https:\/\/www.fronteira.eu\/fronteira2020\/pt\/parceiros\/camara-municipal-da-guarda-2\/","title":{"rendered":"C\u00e2mara Municipal Da Guarda"},"content":{"rendered":"\n<figure class=\"wp-block-image size-large img-logo_socio\"><img loading=\"lazy\" width=\"480\" height=\"192\" src=\"http:\/\/desarrollo.fronteira.eu\/fronteira2020\/wp-content\/uploads\/2020\/04\/logo_guarda.jpg\" alt=\"\" class=\"wp-image-317\" srcset=\"https:\/\/www.fronteira.eu\/fronteira2020\/wp-content\/uploads\/2020\/04\/logo_guarda.jpg 480w, https:\/\/www.fronteira.eu\/fronteira2020\/wp-content\/uploads\/2020\/04\/logo_guarda-300x120.jpg 300w\" sizes=\"(max-width: 480px) 100vw, 480px\" \/><\/figure>\n\n\n\n<h3><strong>Territ\u00f3rio<\/strong>:<\/h3>\n\n\n\n<p>Pra\u00e7a do Munic\u00edpio, 6301-854 \u2013 Guarda<\/p>\n\n\n\n<h3><strong>Compet\u00eancias e experi\u00eancias relevantes<\/strong>:<\/h3>\n\n\n\n<p>A C\u00e2mara Municipal da Guarda vem desempenhando, ao longo dos anos, um papel fundamental no desenvolvimento local e regional. Para al\u00e9m de se preocupar com a dimens\u00e3o quantitativa do desenvolvimento, atrav\u00e9s da implementa\u00e7\u00e3o de redes de infraestruturas b\u00e1sicas, a C\u00e2mara Municipal da Guarda n\u00e3o se esqueceu das responsabilidades de \u00e2mbito social, educativo e cultural tendo em vista o progresso humano integral, a redu\u00e7\u00e3o da exclus\u00e3o social e o fortalecimento da autoestima das pessoas e comunidades locais. Existe, assim, uma diversidade de atividades que se v\u00eam realizando a n\u00edvel educativo, econ\u00f3mico, social e cultural.<\/p>\n\n\n\n<h3>Site, redes sociais e e-mail de contato:<\/h3>\n\n\n\n<div class=\"redes-socios\">\n<p><span class=\"fa fa-globe\"><\/span>    <a href=\"https:\/\/www.mun-guarda.pt\/Portal\/default.aspx\" target=\"_blank\" rel=\"noopener noreferrer\">https:\/\/www.mun-guarda.pt\/Portal\/default.aspx<\/a><\/p>\n<p><span class=\"fa fa-facebook-f\"><\/span>    <a href=\"https:\/\/www.facebook.com\/MunicipiodaGuarda\" target=\"_blank\" rel=\"noopener noreferrer\">www.facebook.com\/MunicipiodaGuarda<\/a><\/p>\n<p><span class=\"fa fa-envelope\"><\/span>  <a href=\"mailto:gfc@mun-guarda.pt\" target=\"_blank\" rel=\"noopener noreferrer\">gfc@mun-guarda.pt<\/a><\/p> \n<\/div>\n","protected":false},"excerpt":{"rendered":"<p>A C\u00e2mara Municipal de Guarda vem desempenhando, nos \u00faltimos anos, um papel fundamental no desenvolvimento local e regional&#8230;<\/p>\n","protected":false},"author":1,"featured_media":224,"parent":417,"menu_order":0,"comment_status":"closed","ping_status":"closed","template":"","meta":[],"_links":{"self":[{"href":"https:\/\/www.fronteira.eu\/fronteira2020\/wp-json\/wp\/v2\/pages\/397"}],"collection":[{"href":"https:\/\/www.fronteira.eu\/fronteira2020\/wp-json\/wp\/v2\/pages"}],"about":[{"href":"https:\/\/www.fronteira.eu\/fronteira2020\/wp-json\/wp\/v2\/types\/page"}],"author":[{"embeddable":true,"href":"https:\/\/www.fronteira.eu\/fronteira2020\/wp-json\/wp\/v2\/users\/1"}],"replies":[{"embeddable":true,"href":"https:\/\/www.fronteira.eu\/fronteira2020\/wp-json\/wp\/v2\/comments?post=397"}],"version-history":[{"count":7,"href":"https:\/\/www.fronteira.eu\/fronteira2020\/wp-json\/wp\/v2\/pages\/397\/revisions"}],"predecessor-version":[{"id":807,"href":"https:\/\/www.fronteira.eu\/fronteira2020\/wp-json\/wp\/v2\/pages\/397\/revisions\/807"}],"up":[{"embeddable":true,"href":"https:\/\/www.fronteira.eu\/fronteira2020\/wp-json\/wp\/v2\/pages\/417"}],"wp:featuredmedia":[{"embeddable":true,"href":"https:\/\/www.fronteira.eu\/fronteira2020\/wp-json\/wp\/v2\/media\/224"}],"wp:attachment":[{"href":"https:\/\/www.fronteira.eu\/fronteira2020\/wp-json\/wp\/v2\/media?parent=397"}],"curies":[{"name":"wp","href":"https:\/\/api.w.org\/{rel}","templated":true}]}}