{"id":386,"date":"2020-04-27T12:43:31","date_gmt":"2020-04-27T12:43:31","guid":{"rendered":"http:\/\/desarrollo.fronteira.eu\/fronteira2020\/?page_id=386"},"modified":"2020-06-19T08:20:34","modified_gmt":"2020-06-19T08:20:34","slug":"proximidade-servicos","status":"publish","type":"page","link":"https:\/\/www.fronteira.eu\/fronteira2020\/pt\/novos-depositos-de-emprego\/proximidade-servicos\/","title":{"rendered":"Servi\u00e7os de Proximidade"},"content":{"rendered":"\n<p>Os servi\u00e7os de promo\u00e7\u00e3o da autonomia pessoal e de vida independente para pessoas dependentes residentes em pequenos munic\u00edpios, dispersos e distantes das capitais da regi\u00e3o, onde est\u00e3o os servi\u00e7os atuais, s\u00e3o uma das novas fontes de emprego que est\u00e3o sendo trabalhadas pelo Projeto Fronteira 2020. <\/p>\n\n\n\n<p>O objetivo \u00e9 gerar um portf\u00f3lio de servi\u00e7os inclusivo que gere emprego local de qualidade.<\/p>\n\n\n\n<p>O projeto On Inclusive Entrepreneur trabalhou em novas fontes de emprego relacionadas a servi\u00e7os locais, como assistente pessoal, catering em casa, catering para eventos, gerenciamento de edif\u00edcios de uso p\u00fablico, servi\u00e7o de lavanderia em casa, servi\u00e7o de lavanderia em hospitalidade e servi\u00e7os para promover a autonomia pessoal. Al\u00e9m disso, foram fornecidas informa\u00e7\u00f5es, certificados de profissionalismo, materiais de treinamento, informa\u00e7\u00f5es sobre fundos europeus relacionados e com refer\u00eancia a modelos de interven\u00e7\u00e3o para novas fontes de emprego.<\/p>\n\n\n\n<p class=\"enlace-oninclusive\"><strong><a href=\"https:\/\/oninclusiventrepreneur.com\/novas-oportunidades-de-emprego\/servicos-de-proximidade\/\" target=\"_blank\" rel=\"noreferrer noopener\">Consulte os recursos sobre Novas Reservas em Servi\u00e7os de Proximidade no site do projeto On Inclusive Entrepreneur<\/a><\/strong>.<\/p>\n","protected":false},"excerpt":{"rendered":"<p>Os servi\u00e7os de promo\u00e7\u00e3o da autonomia pessoal e de vida independente para pessoas dependentes residentes em pequenos munic\u00edpios, dispersos e distantes das capitais da regi\u00e3o, onde est\u00e3o os servi\u00e7os atuais, s\u00e3o uma das novas fontes de emprego que est\u00e3o sendo<\/p>\n","protected":false},"author":1,"featured_media":0,"parent":656,"menu_order":0,"comment_status":"closed","ping_status":"closed","template":"","meta":[],"_links":{"self":[{"href":"https:\/\/www.fronteira.eu\/fronteira2020\/wp-json\/wp\/v2\/pages\/386"}],"collection":[{"href":"https:\/\/www.fronteira.eu\/fronteira2020\/wp-json\/wp\/v2\/pages"}],"about":[{"href":"https:\/\/www.fronteira.eu\/fronteira2020\/wp-json\/wp\/v2\/types\/page"}],"author":[{"embeddable":true,"href":"https:\/\/www.fronteira.eu\/fronteira2020\/wp-json\/wp\/v2\/users\/1"}],"replies":[{"embeddable":true,"href":"https:\/\/www.fronteira.eu\/fronteira2020\/wp-json\/wp\/v2\/comments?post=386"}],"version-history":[{"count":9,"href":"https:\/\/www.fronteira.eu\/fronteira2020\/wp-json\/wp\/v2\/pages\/386\/revisions"}],"predecessor-version":[{"id":691,"href":"https:\/\/www.fronteira.eu\/fronteira2020\/wp-json\/wp\/v2\/pages\/386\/revisions\/691"}],"up":[{"embeddable":true,"href":"https:\/\/www.fronteira.eu\/fronteira2020\/wp-json\/wp\/v2\/pages\/656"}],"wp:attachment":[{"href":"https:\/\/www.fronteira.eu\/fronteira2020\/wp-json\/wp\/v2\/media?parent=386"}],"curies":[{"name":"wp","href":"https:\/\/api.w.org\/{rel}","templated":true}]}}