{"id":383,"date":"2020-04-27T12:40:04","date_gmt":"2020-04-27T12:40:04","guid":{"rendered":"http:\/\/desarrollo.fronteira.eu\/fronteira2020\/?page_id=383"},"modified":"2020-06-19T08:06:12","modified_gmt":"2020-06-19T08:06:12","slug":"turismo-acessivel","status":"publish","type":"page","link":"https:\/\/www.fronteira.eu\/fronteira2020\/pt\/novos-depositos-de-emprego\/turismo-acessivel\/","title":{"rendered":"Turismo Acess\u00edvel"},"content":{"rendered":"\n<p>A partir do Projeto Fronteira 2020, o Turismo Rural Acess\u00edvel funciona como um Novo Local de Emprego para gerar um territ\u00f3rio mais inclusivo. Queremos compartilhar a experi\u00eancia em gerenciamento de acessibilidade no ambiente dos diferentes benefici\u00e1rios que fazem parte do projeto, atrav\u00e9s de alian\u00e7as e parceiros locais.<\/p>\n\n\n\n<p><br>Nossa aspira\u00e7\u00e3o \u00e9 a cria\u00e7\u00e3o de um destino tur\u00edstico inteligente transfronteiri\u00e7o.<\/p>\n\n\n\n<p>Em rela\u00e7\u00e3o ao turismo acess\u00edvel, trabalhamos com cerca de 16 fontes diferentes de emprego, enquadradas em categorias como alojamento e gastronomia, turismo terap\u00eautico e de sa\u00fade, turismo cultural e turismo ativo nas \u00e1reas rurais.<\/p>\n\n\n\n<p class=\"enlace-oninclusive\">No projeto On Inclusive Entrepreneur, esses novos sites de Turismo Acess\u00edvel foram trabalhados no fornecimento de informa\u00e7\u00f5es, certificados de profissionalismo, materiais de treinamento, informa\u00e7\u00f5es sobre fundos europeus relacionados e em refer\u00eancia aos modelos de interven\u00e7\u00e3o dos Novos Sites de Emprego.<\/p>\n\n\n\n<p class=\"enlace-oninclusive\"><strong><a href=\"https:\/\/oninclusiventrepreneur.com\/novas-oportunidades-de-emprego\/turismo-acessivel\/\" target=\"_blank\" rel=\"noreferrer noopener\">Consulte os recursos em Novos Sites de Turismo Acess\u00edvel no site do projeto On Inclusive Entrepreneur<\/a>.<\/strong><\/p>\n","protected":false},"excerpt":{"rendered":"<p>A partir do Projeto Fronteira 2020, o Turismo Rural Acess\u00edvel funciona como um Novo Local de Emprego para gerar um territ\u00f3rio mais inclusivo. Queremos compartilhar a experi\u00eancia em gerenciamento de acessibilidade no ambiente dos diferentes benefici\u00e1rios que fazem parte do<\/p>\n","protected":false},"author":1,"featured_media":0,"parent":656,"menu_order":0,"comment_status":"closed","ping_status":"closed","template":"","meta":[],"_links":{"self":[{"href":"https:\/\/www.fronteira.eu\/fronteira2020\/wp-json\/wp\/v2\/pages\/383"}],"collection":[{"href":"https:\/\/www.fronteira.eu\/fronteira2020\/wp-json\/wp\/v2\/pages"}],"about":[{"href":"https:\/\/www.fronteira.eu\/fronteira2020\/wp-json\/wp\/v2\/types\/page"}],"author":[{"embeddable":true,"href":"https:\/\/www.fronteira.eu\/fronteira2020\/wp-json\/wp\/v2\/users\/1"}],"replies":[{"embeddable":true,"href":"https:\/\/www.fronteira.eu\/fronteira2020\/wp-json\/wp\/v2\/comments?post=383"}],"version-history":[{"count":8,"href":"https:\/\/www.fronteira.eu\/fronteira2020\/wp-json\/wp\/v2\/pages\/383\/revisions"}],"predecessor-version":[{"id":674,"href":"https:\/\/www.fronteira.eu\/fronteira2020\/wp-json\/wp\/v2\/pages\/383\/revisions\/674"}],"up":[{"embeddable":true,"href":"https:\/\/www.fronteira.eu\/fronteira2020\/wp-json\/wp\/v2\/pages\/656"}],"wp:attachment":[{"href":"https:\/\/www.fronteira.eu\/fronteira2020\/wp-json\/wp\/v2\/media?parent=383"}],"curies":[{"name":"wp","href":"https:\/\/api.w.org\/{rel}","templated":true}]}}