{"id":379,"date":"2020-04-27T12:36:17","date_gmt":"2020-04-27T12:36:17","guid":{"rendered":"http:\/\/desarrollo.fronteira.eu\/fronteira2020\/?page_id=379"},"modified":"2020-06-19T08:11:34","modified_gmt":"2020-06-19T08:11:34","slug":"agroalim","status":"publish","type":"page","link":"https:\/\/www.fronteira.eu\/fronteira2020\/pt\/novos-depositos-de-emprego\/agroalim\/","title":{"rendered":"Produ\u00e7\u00e3o Agroalimentar"},"content":{"rendered":"\n<p>Atrav\u00e9s do projeto Fronteira 2020, trabalhamos com agricultura, pecu\u00e1ria, apicultura e silvicultura atrav\u00e9s da produ\u00e7\u00e3o e transforma\u00e7\u00e3o de produtos agro-alimentares e produ\u00e7\u00e3o florestal.<\/p>\n\n\n\n<p>Desta forma, pretendemos promover uma marca conjunta de produ\u00e7\u00e3o agroalimentar ligada a \u00e1reas naturais de fronteira.<\/p>\n\n\n\n<p>No projeto On Inclusive Entrepreneur, novos campos relacionados \u00e0 produ\u00e7\u00e3o de esp\u00e9cies para consumo ecol\u00f3gico, bancos de sementes de variedades ind\u00edgenas ou produ\u00e7\u00e3o de mel e outros produtos de montanha foram trabalhados. Foram fornecidas informa\u00e7\u00f5es, certificados de profissionalismo, materiais de treinamento, informa\u00e7\u00f5es sobre os fundos europeus relacionados e em refer\u00eancia aos modelos de interven\u00e7\u00e3o de novas fontes de emprego.<\/p>\n\n\n\n<p class=\"enlace-oninclusive\"><strong><a href=\"https:\/\/oninclusiventrepreneur.com\/novas-oportunidades-de-emprego\/producao-agroalimentar-agricultura-ecologica\/\" target=\"_blank\" rel=\"noreferrer noopener\">Consulte os recursos em Novos Reservat\u00f3rios na Produ\u00e7\u00e3o Agroalimentar no site do projeto On Inclusive Entrepreneur<\/a><\/strong>.<\/p>\n\n\n","protected":false},"excerpt":{"rendered":"<p>Atrav\u00e9s do projeto Fronteira 2020, trabalhamos com agricultura, pecu\u00e1ria, apicultura e silvicultura atrav\u00e9s da produ\u00e7\u00e3o e transforma\u00e7\u00e3o de produtos agro-alimentares e produ\u00e7\u00e3o florestal. Desta forma, pretendemos promover uma marca conjunta de produ\u00e7\u00e3o agroalimentar ligada a \u00e1reas naturais de fronteira. No<\/p>\n","protected":false},"author":1,"featured_media":0,"parent":656,"menu_order":0,"comment_status":"closed","ping_status":"closed","template":"","meta":[],"_links":{"self":[{"href":"https:\/\/www.fronteira.eu\/fronteira2020\/wp-json\/wp\/v2\/pages\/379"}],"collection":[{"href":"https:\/\/www.fronteira.eu\/fronteira2020\/wp-json\/wp\/v2\/pages"}],"about":[{"href":"https:\/\/www.fronteira.eu\/fronteira2020\/wp-json\/wp\/v2\/types\/page"}],"author":[{"embeddable":true,"href":"https:\/\/www.fronteira.eu\/fronteira2020\/wp-json\/wp\/v2\/users\/1"}],"replies":[{"embeddable":true,"href":"https:\/\/www.fronteira.eu\/fronteira2020\/wp-json\/wp\/v2\/comments?post=379"}],"version-history":[{"count":10,"href":"https:\/\/www.fronteira.eu\/fronteira2020\/wp-json\/wp\/v2\/pages\/379\/revisions"}],"predecessor-version":[{"id":683,"href":"https:\/\/www.fronteira.eu\/fronteira2020\/wp-json\/wp\/v2\/pages\/379\/revisions\/683"}],"up":[{"embeddable":true,"href":"https:\/\/www.fronteira.eu\/fronteira2020\/wp-json\/wp\/v2\/pages\/656"}],"wp:attachment":[{"href":"https:\/\/www.fronteira.eu\/fronteira2020\/wp-json\/wp\/v2\/media?parent=379"}],"curies":[{"name":"wp","href":"https:\/\/api.w.org\/{rel}","templated":true}]}}