{"id":372,"date":"2020-04-27T09:03:43","date_gmt":"2020-04-27T09:03:43","guid":{"rendered":"http:\/\/desarrollo.fronteira.eu\/fronteira2020\/?page_id=372"},"modified":"2020-05-25T10:17:18","modified_gmt":"2020-05-25T10:17:18","slug":"atualidade","status":"publish","type":"page","link":"https:\/\/www.fronteira.eu\/fronteira2020\/pt\/atualidade\/","title":{"rendered":"Atualidade"},"content":{"rendered":"\n<div class=\"actualidad\"><style>.wp-show-posts-columns#wpsp-560 {margin-left: -2em; }.wp-show-posts-columns#wpsp-560 .wp-show-posts-inner {margin: 0 0 2em 2em; }<\/style><section id=\"wpsp-560\" class=\" wp-show-posts-columns wp-show-posts\" style=\"\"><article class=\" wp-show-posts-single post-1488 post type-post status-publish format-standard hentry category-noticias-pt wpsp-col-4\" itemtype=\"http:\/\/schema.org\/CreativeWork\" itemscope><div class=\"wp-show-posts-inner\" style=\"\">\t\t\t\t\t\t<header class=\"wp-show-posts-entry-header\">\n\t\t\t\t\t\t\t<h3 class=\"wp-show-posts-entry-title\" itemprop=\"headline\"><a href=\"https:\/\/www.fronteira.eu\/fronteira2020\/pt\/iii-conferencia-sobre-a-promocao-de-uma-rede-transfronteirica-de-centros-ou-polos-de-inovacao\/\" rel=\"bookmark\">III Confer\u00eancia sobre a promo\u00e7\u00e3o de uma rede transfronteiri\u00e7a de centros ou p\u00f3los de inova\u00e7\u00e3o<\/a><\/h3><div class=\"wp-show-posts-entry-meta wp-show-posts-entry-meta-below-title post-meta-inline\"><span class=\"wp-show-posts-posted-on wp-show-posts-meta\">\n\t\t\t\t\t<a href=\"https:\/\/www.fronteira.eu\/fronteira2020\/pt\/iii-conferencia-sobre-a-promocao-de-uma-rede-transfronteirica-de-centros-ou-polos-de-inovacao\/\" title=\"07:35\" rel=\"bookmark\"><time class=\"wp-show-posts-entry-date published\" datetime=\"2024-10-30T07:35:49+00:00\" itemprop=\"datePublished\">30 octubre 2024<\/time><time class=\"wp-show-posts-updated\" datetime=\"2024-10-30T07:39:20+00:00\" itemprop=\"dateModified\">30 octubre 2024<\/time><\/a>\n\t\t\t\t<\/span><\/div>\t\t\t\t\t\t<\/header><!-- .entry-header -->\n\t\t\t\t\t\t\t\t\t\t\t<div class=\"wp-show-posts-entry-summary\" itemprop=\"text\">\n\t\t\t\t\t\t\t<p>No pr\u00f3ximo dia 13 de novembro, ter\u00e1 lugar em Valladolid a III Confer\u00eancia sobre a promo\u00e7\u00e3o de uma rede transfronteiri\u00e7a de centros ou p\u00f3los de inova\u00e7\u00e3o, centrada nos ecossistemas territoriais&#8230;<\/p>\n\t\t\t\t\t\t<\/div><!-- .entry-summary -->\n\t\t\t\t\t<div class=\"wpsp-read-more\"><a title=\"III Confer\u00eancia sobre a promo\u00e7\u00e3o de uma rede transfronteiri\u00e7a de centros ou p\u00f3los de inova\u00e7\u00e3o\" class=\"btn-mas\" href=\"https:\/\/www.fronteira.eu\/fronteira2020\/pt\/iii-conferencia-sobre-a-promocao-de-uma-rede-transfronteirica-de-centros-ou-polos-de-inovacao\/\">Ler mais<\/a><\/div><\/div><!-- wp-show-posts-inner --><\/article><article class=\" wp-show-posts-single post-1480 post type-post status-publish format-standard hentry category-noticias-pt wpsp-col-4\" itemtype=\"http:\/\/schema.org\/CreativeWork\" itemscope><div class=\"wp-show-posts-inner\" style=\"\">\t\t\t\t\t\t<header class=\"wp-show-posts-entry-header\">\n\t\t\t\t\t\t\t<h3 class=\"wp-show-posts-entry-title\" itemprop=\"headline\"><a href=\"https:\/\/www.fronteira.eu\/fronteira2020\/pt\/jornada-para-a-promocao-de-uma-rede-transfronteirica-de-centros-ou-hubs-de-inovacao-no-ambito-do-projeto-ris-fronteira\/\" rel=\"bookmark\">\u00abJornada para a Promo\u00e7\u00e3o de uma Rede Transfronteiri\u00e7a de Centros ou Hubs de Inova\u00e7\u00e3o\u00bb, no \u00e2mbito do projeto RIS FRONTEIRA.<\/a><\/h3><div class=\"wp-show-posts-entry-meta wp-show-posts-entry-meta-below-title post-meta-inline\"><span class=\"wp-show-posts-posted-on wp-show-posts-meta\">\n\t\t\t\t\t<a href=\"https:\/\/www.fronteira.eu\/fronteira2020\/pt\/jornada-para-a-promocao-de-uma-rede-transfronteirica-de-centros-ou-hubs-de-inovacao-no-ambito-do-projeto-ris-fronteira\/\" title=\"14:07\" rel=\"bookmark\"><time class=\"wp-show-posts-entry-date published\" datetime=\"2024-02-01T14:07:00+00:00\" itemprop=\"datePublished\">1 febrero 2024<\/time><time class=\"wp-show-posts-updated\" datetime=\"2024-04-19T13:08:26+00:00\" itemprop=\"dateModified\">19 abril 2024<\/time><\/a>\n\t\t\t\t<\/span><\/div>\t\t\t\t\t\t<\/header><!-- .entry-header -->\n\t\t\t\t\t\t\t\t\t\t\t<div class=\"wp-show-posts-entry-summary\" itemprop=\"text\">\n\t\t\t\t\t\t\t<p>No passado dia 30 de janeiro, realizou-se no Centro Municipal Integrado Victoria Adrados (Salamanca) a \u00abConfer\u00eancia sobre a Promo\u00e7\u00e3o de uma Rede Transfronteiri\u00e7a de Centros ou P\u00f3los de Inova\u00e7\u00e3o\u00bb, no&#8230;<\/p>\n\t\t\t\t\t\t<\/div><!-- .entry-summary -->\n\t\t\t\t\t<div class=\"wpsp-read-more\"><a title=\"\u00abJornada para a Promo\u00e7\u00e3o de uma Rede Transfronteiri\u00e7a de Centros ou Hubs de Inova\u00e7\u00e3o\u00bb, no \u00e2mbito do projeto RIS FRONTEIRA.\" class=\"btn-mas\" href=\"https:\/\/www.fronteira.eu\/fronteira2020\/pt\/jornada-para-a-promocao-de-uma-rede-transfronteirica-de-centros-ou-hubs-de-inovacao-no-ambito-do-projeto-ris-fronteira\/\">Ler mais<\/a><\/div><\/div><!-- wp-show-posts-inner --><\/article><article class=\" wp-show-posts-single post-1470 post type-post status-publish format-standard hentry category-noticias-pt wpsp-col-4\" itemtype=\"http:\/\/schema.org\/CreativeWork\" itemscope><div class=\"wp-show-posts-inner\" style=\"\">\t\t\t\t\t\t<header class=\"wp-show-posts-entry-header\">\n\t\t\t\t\t\t\t<h3 class=\"wp-show-posts-entry-title\" itemprop=\"headline\"><a href=\"https:\/\/www.fronteira.eu\/fronteira2020\/pt\/videos-de-las-jornadas-de-innovacion-turistica-2\/\" rel=\"bookmark\">V\u00eddeos de las Jornadas de Innovaci\u00f3n Tur\u00edstica<\/a><\/h3><div class=\"wp-show-posts-entry-meta wp-show-posts-entry-meta-below-title post-meta-inline\"><span class=\"wp-show-posts-posted-on wp-show-posts-meta\">\n\t\t\t\t\t<a href=\"https:\/\/www.fronteira.eu\/fronteira2020\/pt\/videos-de-las-jornadas-de-innovacion-turistica-2\/\" title=\"14:28\" rel=\"bookmark\"><time class=\"wp-show-posts-entry-date published\" datetime=\"2023-09-14T14:28:16+00:00\" itemprop=\"datePublished\">14 septiembre 2023<\/time><time class=\"wp-show-posts-updated\" datetime=\"2023-09-14T14:28:19+00:00\" itemprop=\"dateModified\">14 septiembre 2023<\/time><\/a>\n\t\t\t\t<\/span><\/div>\t\t\t\t\t\t<\/header><!-- .entry-header -->\n\t\t\t\t\t\t\t\t\t\t\t<div class=\"wp-show-posts-entry-summary\" itemprop=\"text\">\n\t\t\t\t\t\t\t<p>J\u00e1 est\u00e3o dispon\u00edveis os v\u00eddeos da Confer\u00eancia de Inova\u00e7\u00e3o Tur\u00edstica realizada nos dias 30 e 31 de maio em B\u00e9jar, Salamanca, que serviu de ponto de encontro e interc\u00e2mbio entre&#8230;<\/p>\n\t\t\t\t\t\t<\/div><!-- .entry-summary -->\n\t\t\t\t\t<div class=\"wpsp-read-more\"><a title=\"V\u00eddeos de las Jornadas de Innovaci\u00f3n Tur\u00edstica\" class=\"btn-mas\" href=\"https:\/\/www.fronteira.eu\/fronteira2020\/pt\/videos-de-las-jornadas-de-innovacion-turistica-2\/\">Ler mais<\/a><\/div><\/div><!-- wp-show-posts-inner --><\/article><article class=\" wp-show-posts-single post-1458 post type-post status-publish format-standard hentry category-noticias-pt wpsp-col-4\" itemtype=\"http:\/\/schema.org\/CreativeWork\" itemscope><div class=\"wp-show-posts-inner\" style=\"\">\t\t\t\t\t\t<header class=\"wp-show-posts-entry-header\">\n\t\t\t\t\t\t\t<h3 class=\"wp-show-posts-entry-title\" itemprop=\"headline\"><a href=\"https:\/\/www.fronteira.eu\/fronteira2020\/pt\/conferencia-final-do-projeto-ruralcare%ef%bf%bc\/\" rel=\"bookmark\">Confer\u00eancia final do projeto RuralCare\ufffc<\/a><\/h3><div class=\"wp-show-posts-entry-meta wp-show-posts-entry-meta-below-title post-meta-inline\"><span class=\"wp-show-posts-posted-on wp-show-posts-meta\">\n\t\t\t\t\t<a href=\"https:\/\/www.fronteira.eu\/fronteira2020\/pt\/conferencia-final-do-projeto-ruralcare%ef%bf%bc\/\" title=\"07:19\" rel=\"bookmark\"><time class=\"wp-show-posts-entry-date published\" datetime=\"2023-09-12T07:19:41+00:00\" itemprop=\"datePublished\">12 septiembre 2023<\/time><time class=\"wp-show-posts-updated\" datetime=\"2023-09-12T07:19:43+00:00\" itemprop=\"dateModified\">12 septiembre 2023<\/time><\/a>\n\t\t\t\t<\/span><\/div>\t\t\t\t\t\t<\/header><!-- .entry-header -->\n\t\t\t\t\t\t\t\t\t\t\t<div class=\"wp-show-posts-entry-summary\" itemprop=\"text\">\n\t\t\t\t\t\t\t<p>RuralCare \u00e9 um projeto europeu de inova\u00e7\u00e3o em servi\u00e7os sociais para a conce\u00e7\u00e3o, teste e avalia\u00e7\u00e3o de uma abordagem sist\u00e9mica inovadora para a presta\u00e7\u00e3o de cuidados integrados de longa dura\u00e7\u00e3o,&#8230;<\/p>\n\t\t\t\t\t\t<\/div><!-- .entry-summary -->\n\t\t\t\t\t<div class=\"wpsp-read-more\"><a title=\"Confer\u00eancia final do projeto RuralCare\ufffc\" class=\"btn-mas\" href=\"https:\/\/www.fronteira.eu\/fronteira2020\/pt\/conferencia-final-do-projeto-ruralcare%ef%bf%bc\/\">Ler mais<\/a><\/div><\/div><!-- wp-show-posts-inner --><\/article><article class=\" wp-show-posts-single post-1449 post type-post status-publish format-standard hentry category-noticias-pt wpsp-col-4\" itemtype=\"http:\/\/schema.org\/CreativeWork\" itemscope><div class=\"wp-show-posts-inner\" style=\"\">\t\t\t\t\t\t<header class=\"wp-show-posts-entry-header\">\n\t\t\t\t\t\t\t<h3 class=\"wp-show-posts-entry-title\" itemprop=\"headline\"><a href=\"https:\/\/www.fronteira.eu\/fronteira2020\/pt\/a-economia-dos-cuidados-na-conferencia-do-projeto-fronteira-ii\/\" rel=\"bookmark\">A economia dos cuidados na confer\u00eancia do Projeto Fronteira II<\/a><\/h3><div class=\"wp-show-posts-entry-meta wp-show-posts-entry-meta-below-title post-meta-inline\"><span class=\"wp-show-posts-posted-on wp-show-posts-meta\">\n\t\t\t\t\t<a href=\"https:\/\/www.fronteira.eu\/fronteira2020\/pt\/a-economia-dos-cuidados-na-conferencia-do-projeto-fronteira-ii\/\" title=\"13:33\" rel=\"bookmark\"><time class=\"wp-show-posts-entry-date published\" datetime=\"2023-06-30T13:33:59+00:00\" itemprop=\"datePublished\">30 junio 2023<\/time><time class=\"wp-show-posts-updated\" datetime=\"2023-06-30T13:34:03+00:00\" itemprop=\"dateModified\">30 junio 2023<\/time><\/a>\n\t\t\t\t<\/span><\/div>\t\t\t\t\t\t<\/header><!-- .entry-header -->\n\t\t\t\t\t\t\t\t\t\t\t<div class=\"wp-show-posts-entry-summary\" itemprop=\"text\">\n\t\t\t\t\t\t\t<p>No dia 28 de junho, realizou-se um encontro transfronteiri\u00e7o para discutir a necessidade de uma Europa mais social e inclusiva atrav\u00e9s da cria\u00e7\u00e3o de emprego local no sector dos cuidados.&nbsp;&#8230;<\/p>\n\t\t\t\t\t\t<\/div><!-- .entry-summary -->\n\t\t\t\t\t<div class=\"wpsp-read-more\"><a title=\"A economia dos cuidados na confer\u00eancia do Projeto Fronteira II\" class=\"btn-mas\" href=\"https:\/\/www.fronteira.eu\/fronteira2020\/pt\/a-economia-dos-cuidados-na-conferencia-do-projeto-fronteira-ii\/\">Ler mais<\/a><\/div><\/div><!-- wp-show-posts-inner --><\/article><article class=\" wp-show-posts-single post-1444 post type-post status-publish format-standard hentry category-noticias-pt wpsp-col-4\" itemtype=\"http:\/\/schema.org\/CreativeWork\" itemscope><div class=\"wp-show-posts-inner\" style=\"\">\t\t\t\t\t\t<header class=\"wp-show-posts-entry-header\">\n\t\t\t\t\t\t\t<h3 class=\"wp-show-posts-entry-title\" itemprop=\"headline\"><a href=\"https:\/\/www.fronteira.eu\/fronteira2020\/pt\/economia-verde-e-emprego-verde-nye-na-conferencia-do-projeto-fronteira-ii\/\" rel=\"bookmark\"><strong>Economia Verde e Emprego Verde NYE na confer\u00eancia do Projeto Fronteira II<\/strong><\/a><\/h3><div class=\"wp-show-posts-entry-meta wp-show-posts-entry-meta-below-title post-meta-inline\"><span class=\"wp-show-posts-posted-on wp-show-posts-meta\">\n\t\t\t\t\t<a href=\"https:\/\/www.fronteira.eu\/fronteira2020\/pt\/economia-verde-e-emprego-verde-nye-na-conferencia-do-projeto-fronteira-ii\/\" title=\"13:29\" rel=\"bookmark\"><time class=\"wp-show-posts-entry-date published\" datetime=\"2023-06-30T13:29:42+00:00\" itemprop=\"datePublished\">30 junio 2023<\/time><time class=\"wp-show-posts-updated\" datetime=\"2023-06-30T13:29:45+00:00\" itemprop=\"dateModified\">30 junio 2023<\/time><\/a>\n\t\t\t\t<\/span><\/div>\t\t\t\t\t\t<\/header><!-- .entry-header -->\n\t\t\t\t\t\t\t\t\t\t\t<div class=\"wp-show-posts-entry-summary\" itemprop=\"text\">\n\t\t\t\t\t\t\t<p>Os parceiros do projeto Fronteira II, enquadrado no Programa de Coopera\u00e7\u00e3o Interreg V A Espanha &#8211; Portugal (POCTEP), participaram no dia 27 de junho numa reuni\u00e3o transfronteiri\u00e7a na qual abordaram&#8230;<\/p>\n\t\t\t\t\t\t<\/div><!-- .entry-summary -->\n\t\t\t\t\t<div class=\"wpsp-read-more\"><a title=\"Economia Verde e Emprego Verde NYE na confer\u00eancia do Projeto Fronteira II\" class=\"btn-mas\" href=\"https:\/\/www.fronteira.eu\/fronteira2020\/pt\/economia-verde-e-emprego-verde-nye-na-conferencia-do-projeto-fronteira-ii\/\">Ler mais<\/a><\/div><\/div><!-- wp-show-posts-inner --><\/article><article class=\" wp-show-posts-single post-1436 post type-post status-publish format-standard hentry category-noticias-pt wpsp-col-4\" itemtype=\"http:\/\/schema.org\/CreativeWork\" itemscope><div class=\"wp-show-posts-inner\" style=\"\">\t\t\t\t\t\t<header class=\"wp-show-posts-entry-header\">\n\t\t\t\t\t\t\t<h3 class=\"wp-show-posts-entry-title\" itemprop=\"headline\"><a href=\"https:\/\/www.fronteira.eu\/fronteira2020\/pt\/novo-hackathon-do-seminario-de-inovacao-e-empreendedorismo-sobre-turismo-acessivel-e-inclusivo\/\" rel=\"bookmark\">Novo Hackathon do Semin\u00e1rio de Inova\u00e7\u00e3o e Empreendedorismo sobre Turismo Acess\u00edvel e Inclusivo<\/a><\/h3><div class=\"wp-show-posts-entry-meta wp-show-posts-entry-meta-below-title post-meta-inline\"><span class=\"wp-show-posts-posted-on wp-show-posts-meta\">\n\t\t\t\t\t<a href=\"https:\/\/www.fronteira.eu\/fronteira2020\/pt\/novo-hackathon-do-seminario-de-inovacao-e-empreendedorismo-sobre-turismo-acessivel-e-inclusivo\/\" title=\"09:11\" rel=\"bookmark\"><time class=\"wp-show-posts-entry-date published\" datetime=\"2023-06-23T09:11:36+00:00\" itemprop=\"datePublished\">23 junio 2023<\/time><time class=\"wp-show-posts-updated\" datetime=\"2023-06-23T09:11:47+00:00\" itemprop=\"dateModified\">23 junio 2023<\/time><\/a>\n\t\t\t\t<\/span><\/div>\t\t\t\t\t\t<\/header><!-- .entry-header -->\n\t\t\t\t\t\t\t\t\t\t\t<div class=\"wp-show-posts-entry-summary\" itemprop=\"text\">\n\t\t\t\t\t\t\t<p>Nos dias 23, 24 e 25 de junho, realizar-se-\u00e1 em B\u00e9jar, Salamanca, um Hackathon do Semin\u00e1rio de Inova\u00e7\u00e3o e Empreendedorismo sobre Turismo Acess\u00edvel e Inclusivo, para desenvolver solu\u00e7\u00f5es inovadoras neste&#8230;<\/p>\n\t\t\t\t\t\t<\/div><!-- .entry-summary -->\n\t\t\t\t\t<div class=\"wpsp-read-more\"><a title=\"Novo Hackathon do Semin\u00e1rio de Inova\u00e7\u00e3o e Empreendedorismo sobre Turismo Acess\u00edvel e Inclusivo\" class=\"btn-mas\" href=\"https:\/\/www.fronteira.eu\/fronteira2020\/pt\/novo-hackathon-do-seminario-de-inovacao-e-empreendedorismo-sobre-turismo-acessivel-e-inclusivo\/\">Ler mais<\/a><\/div><\/div><!-- wp-show-posts-inner --><\/article><article class=\" wp-show-posts-single post-1423 post type-post status-publish format-standard hentry category-noticias-pt wpsp-col-4\" itemtype=\"http:\/\/schema.org\/CreativeWork\" itemscope><div class=\"wp-show-posts-inner\" style=\"\">\t\t\t\t\t\t<header class=\"wp-show-posts-entry-header\">\n\t\t\t\t\t\t\t<h3 class=\"wp-show-posts-entry-title\" itemprop=\"headline\"><a href=\"https:\/\/www.fronteira.eu\/fronteira2020\/pt\/economia-ecologica-e-emprego-verde-nye\/\" rel=\"bookmark\">Economia Ecol\u00f3gica e Emprego Verde NYE<\/a><\/h3><div class=\"wp-show-posts-entry-meta wp-show-posts-entry-meta-below-title post-meta-inline\"><span class=\"wp-show-posts-posted-on wp-show-posts-meta\">\n\t\t\t\t\t<a href=\"https:\/\/www.fronteira.eu\/fronteira2020\/pt\/economia-ecologica-e-emprego-verde-nye\/\" title=\"10:51\" rel=\"bookmark\"><time class=\"wp-show-posts-entry-date published\" datetime=\"2023-06-22T10:51:07+00:00\" itemprop=\"datePublished\">22 junio 2023<\/time><time class=\"wp-show-posts-updated\" datetime=\"2023-06-22T13:20:51+00:00\" itemprop=\"dateModified\">22 junio 2023<\/time><\/a>\n\t\t\t\t<\/span><\/div>\t\t\t\t\t\t<\/header><!-- .entry-header -->\n\t\t\t\t\t\t\t\t\t\t\t<div class=\"wp-show-posts-entry-summary\" itemprop=\"text\">\n\t\t\t\t\t\t\t<p>No dia 27 de junho ter\u00e1 lugar em Salamanca uma nova jornada de trabalho do projeto Fronteira II, sob o t\u00edtulo Economia Ecol\u00f3gica e Emprego Verde NYE. O objetivo desta&#8230;<\/p>\n\t\t\t\t\t\t<\/div><!-- .entry-summary -->\n\t\t\t\t\t<div class=\"wpsp-read-more\"><a title=\"Economia Ecol\u00f3gica e Emprego Verde NYE\" class=\"btn-mas\" href=\"https:\/\/www.fronteira.eu\/fronteira2020\/pt\/economia-ecologica-e-emprego-verde-nye\/\">Ler mais<\/a><\/div><\/div><!-- wp-show-posts-inner --><\/article><article class=\" wp-show-posts-single post-1411 post type-post status-publish format-standard hentry category-noticias-pt wpsp-col-4\" itemtype=\"http:\/\/schema.org\/CreativeWork\" itemscope><div class=\"wp-show-posts-inner\" style=\"\">\t\t\t\t\t\t<header class=\"wp-show-posts-entry-header\">\n\t\t\t\t\t\t\t<h3 class=\"wp-show-posts-entry-title\" itemprop=\"headline\"><a href=\"https:\/\/www.fronteira.eu\/fronteira2020\/pt\/conferencia-de-inovacao-turistica-realizada-em-bejar-salamanca\/\" rel=\"bookmark\">Confer\u00eancia de Inova\u00e7\u00e3o Tur\u00edstica realizada em B\u00e9jar, Salamanca<\/a><\/h3><div class=\"wp-show-posts-entry-meta wp-show-posts-entry-meta-below-title post-meta-inline\"><span class=\"wp-show-posts-posted-on wp-show-posts-meta\">\n\t\t\t\t\t<a href=\"https:\/\/www.fronteira.eu\/fronteira2020\/pt\/conferencia-de-inovacao-turistica-realizada-em-bejar-salamanca\/\" title=\"09:34\" rel=\"bookmark\"><time class=\"wp-show-posts-entry-date published\" datetime=\"2023-06-01T09:34:02+00:00\" itemprop=\"datePublished\">1 junio 2023<\/time><time class=\"wp-show-posts-updated\" datetime=\"2023-06-01T09:36:21+00:00\" itemprop=\"dateModified\">1 junio 2023<\/time><\/a>\n\t\t\t\t<\/span><\/div>\t\t\t\t\t\t<\/header><!-- .entry-header -->\n\t\t\t\t\t\t\t\t\t\t\t<div class=\"wp-show-posts-entry-summary\" itemprop=\"text\">\n\t\t\t\t\t\t\t<p>Nos dias 30 e 31 de Maio, realizou-se em B\u00e9jar, Salamanca, a Confer\u00eancia sobre Inova\u00e7\u00e3o Tur\u00edstica no \u00e2mbito da coopera\u00e7\u00e3o transfronteiri\u00e7a entre Espanha e Portugal: Acessibilidade, Inclus\u00e3o e Sustentabilidade, que&#8230;<\/p>\n\t\t\t\t\t\t<\/div><!-- .entry-summary -->\n\t\t\t\t\t<div class=\"wpsp-read-more\"><a title=\"Confer\u00eancia de Inova\u00e7\u00e3o Tur\u00edstica realizada em B\u00e9jar, Salamanca\" class=\"btn-mas\" href=\"https:\/\/www.fronteira.eu\/fronteira2020\/pt\/conferencia-de-inovacao-turistica-realizada-em-bejar-salamanca\/\">Ler mais<\/a><\/div><\/div><!-- wp-show-posts-inner --><\/article><article class=\" wp-show-posts-single post-1401 post type-post status-publish format-standard hentry category-noticias-pt wpsp-col-4\" itemtype=\"http:\/\/schema.org\/CreativeWork\" itemscope><div class=\"wp-show-posts-inner\" style=\"\">\t\t\t\t\t\t<header class=\"wp-show-posts-entry-header\">\n\t\t\t\t\t\t\t<h3 class=\"wp-show-posts-entry-title\" itemprop=\"headline\"><a href=\"https:\/\/www.fronteira.eu\/fronteira2020\/pt\/conferencia-de-inovacao-turistica\/\" rel=\"bookmark\">Confer\u00eancia de Inova\u00e7\u00e3o Tur\u00edstica<\/a><\/h3><div class=\"wp-show-posts-entry-meta wp-show-posts-entry-meta-below-title post-meta-inline\"><span class=\"wp-show-posts-posted-on wp-show-posts-meta\">\n\t\t\t\t\t<a href=\"https:\/\/www.fronteira.eu\/fronteira2020\/pt\/conferencia-de-inovacao-turistica\/\" title=\"13:47\" rel=\"bookmark\"><time class=\"wp-show-posts-entry-date published\" datetime=\"2023-05-19T13:47:16+00:00\" itemprop=\"datePublished\">19 mayo 2023<\/time><time class=\"wp-show-posts-updated\" datetime=\"2023-05-19T13:47:26+00:00\" itemprop=\"dateModified\">19 mayo 2023<\/time><\/a>\n\t\t\t\t<\/span><\/div>\t\t\t\t\t\t<\/header><!-- .entry-header -->\n\t\t\t\t\t\t\t\t\t\t\t<div class=\"wp-show-posts-entry-summary\" itemprop=\"text\">\n\t\t\t\t\t\t\t<p>O projecto Fronteira II organiza a Confer\u00eancia sobre Inova\u00e7\u00e3o Tur\u00edstica no \u00e2mbito da coopera\u00e7\u00e3o transfronteiri\u00e7a entre Espanha e Portugal: Acessibilidade, Inclus\u00e3o e Sustentabilidade, que ter\u00e1 lugar nos dias 30 e&#8230;<\/p>\n\t\t\t\t\t\t<\/div><!-- .entry-summary -->\n\t\t\t\t\t<div class=\"wpsp-read-more\"><a title=\"Confer\u00eancia de Inova\u00e7\u00e3o Tur\u00edstica\" class=\"btn-mas\" href=\"https:\/\/www.fronteira.eu\/fronteira2020\/pt\/conferencia-de-inovacao-turistica\/\">Ler mais<\/a><\/div><\/div><!-- wp-show-posts-inner --><\/article><article class=\" wp-show-posts-single post-1394 post type-post status-publish format-standard hentry category-noticias-pt wpsp-col-4\" itemtype=\"http:\/\/schema.org\/CreativeWork\" itemscope><div class=\"wp-show-posts-inner\" style=\"\">\t\t\t\t\t\t<header class=\"wp-show-posts-entry-header\">\n\t\t\t\t\t\t\t<h3 class=\"wp-show-posts-entry-title\" itemprop=\"headline\"><a href=\"https:\/\/www.fronteira.eu\/fronteira2020\/pt\/conferencia-fronteira-turismo-acessivel-e-inclusivo-na-guarda-portugal\/\" rel=\"bookmark\">Confer\u00eancia Fronteira &#8211; Turismo Acess\u00edvel e Inclusivo, na Guarda, Portugal<\/a><\/h3><div class=\"wp-show-posts-entry-meta wp-show-posts-entry-meta-below-title post-meta-inline\"><span class=\"wp-show-posts-posted-on wp-show-posts-meta\">\n\t\t\t\t\t<a href=\"https:\/\/www.fronteira.eu\/fronteira2020\/pt\/conferencia-fronteira-turismo-acessivel-e-inclusivo-na-guarda-portugal\/\" title=\"09:24\" rel=\"bookmark\"><time class=\"wp-show-posts-entry-date published\" datetime=\"2023-05-03T09:24:09+00:00\" itemprop=\"datePublished\">3 mayo 2023<\/time><time class=\"wp-show-posts-updated\" datetime=\"2023-05-03T09:24:17+00:00\" itemprop=\"dateModified\">3 mayo 2023<\/time><\/a>\n\t\t\t\t<\/span><\/div>\t\t\t\t\t\t<\/header><!-- .entry-header -->\n\t\t\t\t\t\t\t\t\t\t\t<div class=\"wp-show-posts-entry-summary\" itemprop=\"text\">\n\t\t\t\t\t\t\t<p>A Confer\u00eancia Fronteira &#8211; Turismo Acess\u00edvel e Inclusivo realizou-se na Guarda, Portugal, com o objectivo de debater o turismo acess\u00edvel e conhecer melhor as suas necessidades e dificuldades. O programa&#8230;<\/p>\n\t\t\t\t\t\t<\/div><!-- .entry-summary -->\n\t\t\t\t\t<div class=\"wpsp-read-more\"><a title=\"Confer\u00eancia Fronteira &#8211; Turismo Acess\u00edvel e Inclusivo, na Guarda, Portugal\" class=\"btn-mas\" href=\"https:\/\/www.fronteira.eu\/fronteira2020\/pt\/conferencia-fronteira-turismo-acessivel-e-inclusivo-na-guarda-portugal\/\">Ler mais<\/a><\/div><\/div><!-- wp-show-posts-inner --><\/article><article class=\" wp-show-posts-single post-1384 post type-post status-publish format-standard hentry category-noticias-pt wpsp-col-4\" itemtype=\"http:\/\/schema.org\/CreativeWork\" itemscope><div class=\"wp-show-posts-inner\" style=\"\">\t\t\t\t\t\t<header class=\"wp-show-posts-entry-header\">\n\t\t\t\t\t\t\t<h3 class=\"wp-show-posts-entry-title\" itemprop=\"headline\"><a href=\"https:\/\/www.fronteira.eu\/fronteira2020\/pt\/os-parceiros-do-projecto-fronteira-realizam-uma-reuniao-de-acompanhamento-em-san-esteban-de-la-sierra\/\" rel=\"bookmark\">Os parceiros do projecto Fronteira realizam uma reuni\u00e3o de acompanhamento em San Esteban de la Sierra<\/a><\/h3><div class=\"wp-show-posts-entry-meta wp-show-posts-entry-meta-below-title post-meta-inline\"><span class=\"wp-show-posts-posted-on wp-show-posts-meta\">\n\t\t\t\t\t<a href=\"https:\/\/www.fronteira.eu\/fronteira2020\/pt\/os-parceiros-do-projecto-fronteira-realizam-uma-reuniao-de-acompanhamento-em-san-esteban-de-la-sierra\/\" title=\"09:08\" rel=\"bookmark\"><time class=\"wp-show-posts-entry-date published\" datetime=\"2023-04-05T09:08:15+00:00\" itemprop=\"datePublished\">5 abril 2023<\/time><time class=\"wp-show-posts-updated\" datetime=\"2023-04-05T09:08:20+00:00\" itemprop=\"dateModified\">5 abril 2023<\/time><\/a>\n\t\t\t\t<\/span><\/div>\t\t\t\t\t\t<\/header><!-- .entry-header -->\n\t\t\t\t\t\t\t\t\t\t\t<div class=\"wp-show-posts-entry-summary\" itemprop=\"text\">\n\t\t\t\t\t\t\t<p>A cidade de Salamanca de San Esteban de la Sierra acolheu a reuni\u00e3o de acompanhamento do projecto Fronteira, enquadrada no \u00e2mbito do programa de Coopera\u00e7\u00e3o Territorial Europeia (Interreg), onde a&#8230;<\/p>\n\t\t\t\t\t\t<\/div><!-- .entry-summary -->\n\t\t\t\t\t<div class=\"wpsp-read-more\"><a title=\"Os parceiros do projecto Fronteira realizam uma reuni\u00e3o de acompanhamento em San Esteban de la Sierra\" class=\"btn-mas\" href=\"https:\/\/www.fronteira.eu\/fronteira2020\/pt\/os-parceiros-do-projecto-fronteira-realizam-uma-reuniao-de-acompanhamento-em-san-esteban-de-la-sierra\/\">Ler mais<\/a><\/div><\/div><!-- wp-show-posts-inner --><\/article><div class=\"wpsp-clear\"><\/div><\/section><!-- .wp-show-posts --><div class=\"wpsp-load-more\"><span aria-current=\"page\" class=\"page-numbers current\">1<\/span>\n<a class=\"page-numbers\" href=\"https:\/\/www.fronteira.eu\/fronteira2020\/wp-json\/wp\/v2\/pages\/372\/page\/2\/\">2<\/a>\n<a class=\"page-numbers\" href=\"https:\/\/www.fronteira.eu\/fronteira2020\/wp-json\/wp\/v2\/pages\/372\/page\/3\/\">3<\/a>\n<a class=\"next page-numbers\" href=\"https:\/\/www.fronteira.eu\/fronteira2020\/wp-json\/wp\/v2\/pages\/372\/page\/2\/\">Siguiente &rarr;<\/a><\/div><\/div>\n","protected":false},"excerpt":{"rendered":"","protected":false},"author":1,"featured_media":300,"parent":0,"menu_order":0,"comment_status":"closed","ping_status":"closed","template":"","meta":[],"_links":{"self":[{"href":"https:\/\/www.fronteira.eu\/fronteira2020\/wp-json\/wp\/v2\/pages\/372"}],"collection":[{"href":"https:\/\/www.fronteira.eu\/fronteira2020\/wp-json\/wp\/v2\/pages"}],"about":[{"href":"https:\/\/www.fronteira.eu\/fronteira2020\/wp-json\/wp\/v2\/types\/page"}],"author":[{"embeddable":true,"href":"https:\/\/www.fronteira.eu\/fronteira2020\/wp-json\/wp\/v2\/users\/1"}],"replies":[{"embeddable":true,"href":"https:\/\/www.fronteira.eu\/fronteira2020\/wp-json\/wp\/v2\/comments?post=372"}],"version-history":[{"count":4,"href":"https:\/\/www.fronteira.eu\/fronteira2020\/wp-json\/wp\/v2\/pages\/372\/revisions"}],"predecessor-version":[{"id":563,"href":"https:\/\/www.fronteira.eu\/fronteira2020\/wp-json\/wp\/v2\/pages\/372\/revisions\/563"}],"wp:featuredmedia":[{"embeddable":true,"href":"https:\/\/www.fronteira.eu\/fronteira2020\/wp-json\/wp\/v2\/media\/300"}],"wp:attachment":[{"href":"https:\/\/www.fronteira.eu\/fronteira2020\/wp-json\/wp\/v2\/media?parent=372"}],"curies":[{"name":"wp","href":"https:\/\/api.w.org\/{rel}","templated":true}]}}