{"id":321,"date":"2020-04-20T10:39:47","date_gmt":"2020-04-20T10:39:47","guid":{"rendered":"http:\/\/desarrollo.fronteira.eu\/fronteira2020\/?page_id=321"},"modified":"2020-08-04T10:53:32","modified_gmt":"2020-08-04T10:53:32","slug":"instituto-politecnico-da-guarda","status":"publish","type":"page","link":"https:\/\/www.fronteira.eu\/fronteira2020\/socios\/instituto-politecnico-da-guarda\/","title":{"rendered":"Instituto Polit\u00e9cnico Da Guarda"},"content":{"rendered":"\n<figure class=\"wp-block-image size-large img-logo_socio\"><img loading=\"lazy\" width=\"430\" height=\"112\" src=\"http:\/\/desarrollo.fronteira.eu\/fronteira2020\/wp-content\/uploads\/2020\/04\/logo_ipg.jpg\" alt=\"\" class=\"wp-image-322\" srcset=\"https:\/\/www.fronteira.eu\/fronteira2020\/wp-content\/uploads\/2020\/04\/logo_ipg.jpg 430w, https:\/\/www.fronteira.eu\/fronteira2020\/wp-content\/uploads\/2020\/04\/logo_ipg-300x78.jpg 300w\" sizes=\"(max-width: 430px) 100vw, 430px\" \/><\/figure>\n\n\n\n<h3>Direcci\u00f3n:<\/h3>\n\n\n\n<p>Av. Dr. Francisco S\u00e1 Carneiro, 50<br>6300-559 Guarda<br>Portugal<\/p>\n\n\n\n<p><\/p>\n\n\n\n<h3><strong>Descripci\u00f3n, competencias y experiencias relevantes<\/strong>:<\/h3>\n\n\n\n<p>El IPG \u2013 Instituto Polit\u00e9cnico da Guarda es una instituci\u00f3n de ense\u00f1anza superior en Portugal y es constituido por cuatro escuelas (Escola Superior de Tecnologia e Gest\u00e3o, Escola Superior de Educa\u00e7\u00e3o, Comunica\u00e7\u00e3o e Desporto, Escola Superior de Sa\u00fade e Escola Superior de Turismo e Hotelaria). El Instituto se ha definido como un centro de conocimiento e innovaci\u00f3n que busca la calidad y el rigor de la formaci\u00f3n. Una pr\u00e1ctica de mejora continua ha sido una preocupaci\u00f3n permanente de este Instituto, que busca asegurar la calidad de la formaci\u00f3n y servicios prestados, as\u00ed como la satisfacci\u00f3n de la comunidad acad\u00e9mica y el correcto funcionamiento de toda la instituci\u00f3n. Tambi\u00e9n desarrolla actividades en los campos de investigaci\u00f3n, transferencia de conocimiento cient\u00edfico y tecnol\u00f3gico, la prestaci\u00f3n de servicios a la comunidad, servicios de apoyo al desarrollo y cooperaci\u00f3n en las \u00e1reas de educaci\u00f3n, de la cultura y t\u00e9cnica. De esta manera, el IPG juega un papel decisivo en la calificaci\u00f3n de los recursos humanos en diversas \u00e1reas del conocimiento, en su competencia, as\u00ed como en el econ\u00f3mico, social, cultural y cient\u00edfica la Guarda.<\/p>\n\n\n\n<p>En este contexto, el IPG pretende ser reconocido como entidad esencial al desarrollo regional, en el que los profesionales capacitados en la instituci\u00f3n se distinguen por su competencia profesional, su sentido de solidaridad, a su capacidad para servir a responsable y con \u00e9tica en el trabajo, la sociedad generando conocimiento y una presencia cultural que contribuye a la soluci\u00f3n de problemas regionales, en un contexto global.<\/p>\n\n\n\n<p>El IPG busca una articulaci\u00f3n creciente con otras entidades internacionales, promoviendo la movilidad docente y estudiantil, as\u00ed como para intercambio de conocimientos y habilidades en capacitaci\u00f3n y en proyectos de desarrollo en las principales \u00e1reas de actividad de la instituci\u00f3n<\/p>\n\n\n\n<h3>P\u00e1gina web, redes sociales y email de contacto:<\/h3>\n\n\n\n<div class=\"redes-socios\">\n\n<p><span class=\"fa fa-globe\"><\/span>    <a href=\"https:\/\/www.ipg.pt\" target=\"_blank\" rel=\"noopener noreferrer\">www.ipg.pt <\/a><\/p>\n\n<p><span class=\"fa fa-facebook-f\"><\/span>    <a href=\"https:\/\/www.facebook.com\/politecnicodaguarda\" target=\"_blank\" rel=\"noopener noreferrer\">https:\/\/www.facebook.com\/politecnicodaguarda <\/a><\/p>\n\n<p><span class=\"fa fa-twitter\"><\/span>    <a href=\"https:\/\/twitter.com\/ipguarda\" target=\"_blank\" rel=\"noopener noreferrer\">https:\/\/twitter.com\/ipguarda<\/a><\/p>\n\n<p><span class=\"fa fa-instagram\"><\/span>    <a href=\"https:\/\/www.instagram.com\/ipolitecnicoguarda\/\" target=\"_blank\" rel=\"noopener noreferrer\">https:\/\/www.instagram.com\/ipolitecnicoguarda\/ <\/a><\/p>\n\n<p><span class=\"fa fa-youtube\"><\/span>    <a href=\"https:\/\/www.youtube.com\/politecnicodaguarda\" target=\"_blank\" rel=\"noopener noreferrer\">https:\/\/www.youtube.com\/politecnicodaguarda<\/a><\/p>\n\n<p><span class=\"fa fa-envelope\"><\/span>  <a href=\"mailto:ipg@ipg.pt\" target=\"_blank\" rel=\"noopener noreferrer\">ipg@ipg.pt<\/a><\/p> \n<\/div>\n\n\n\n<p><\/p>\n","protected":false},"excerpt":{"rendered":"<p>Es una instituci\u00f3n de ense\u00f1anza superior en Portugal y es constituido por cuatro escuelas&#8230;<\/p>\n","protected":false},"author":1,"featured_media":323,"parent":26,"menu_order":0,"comment_status":"closed","ping_status":"closed","template":"","meta":[],"_links":{"self":[{"href":"https:\/\/www.fronteira.eu\/fronteira2020\/wp-json\/wp\/v2\/pages\/321"}],"collection":[{"href":"https:\/\/www.fronteira.eu\/fronteira2020\/wp-json\/wp\/v2\/pages"}],"about":[{"href":"https:\/\/www.fronteira.eu\/fronteira2020\/wp-json\/wp\/v2\/types\/page"}],"author":[{"embeddable":true,"href":"https:\/\/www.fronteira.eu\/fronteira2020\/wp-json\/wp\/v2\/users\/1"}],"replies":[{"embeddable":true,"href":"https:\/\/www.fronteira.eu\/fronteira2020\/wp-json\/wp\/v2\/comments?post=321"}],"version-history":[{"count":13,"href":"https:\/\/www.fronteira.eu\/fronteira2020\/wp-json\/wp\/v2\/pages\/321\/revisions"}],"predecessor-version":[{"id":804,"href":"https:\/\/www.fronteira.eu\/fronteira2020\/wp-json\/wp\/v2\/pages\/321\/revisions\/804"}],"up":[{"embeddable":true,"href":"https:\/\/www.fronteira.eu\/fronteira2020\/wp-json\/wp\/v2\/pages\/26"}],"wp:featuredmedia":[{"embeddable":true,"href":"https:\/\/www.fronteira.eu\/fronteira2020\/wp-json\/wp\/v2\/media\/323"}],"wp:attachment":[{"href":"https:\/\/www.fronteira.eu\/fronteira2020\/wp-json\/wp\/v2\/media?parent=321"}],"curies":[{"name":"wp","href":"https:\/\/api.w.org\/{rel}","templated":true}]}}