{"id":32,"date":"2020-04-03T06:51:01","date_gmt":"2020-04-03T06:51:01","guid":{"rendered":"http:\/\/desarrollo.fronteira.eu\/fronteira2020\/?page_id=32"},"modified":"2026-03-20T12:51:53","modified_gmt":"2026-03-20T12:51:53","slug":"agroalimentaria","status":"publish","type":"page","link":"https:\/\/www.fronteira.eu\/fronteira2020\/nuevos-yacimientos-de-empleo\/agroalimentaria\/","title":{"rendered":"Producci\u00f3n Agroalimentaria"},"content":{"rendered":"\n<p>A trav\u00e9s del proyecto Fronteira 2020 trabajamos con la agricultura, la ganader\u00eda, la apicultura y la silvicultura a trav\u00e9s de la producci\u00f3n y transformaci\u00f3n de productos agroalimentarios y producci\u00f3n forestal.<\/p>\n\n\n\n<p>De esta manera pretendemos impulsar una marca conjunta de producci\u00f3n agroalimentaria ligada a los espacios naturales fronterizos.<\/p>\n\n\n\n<p>En el proyecto On Inclusive Entrepreneur se trabajaron&nbsp; nuevos yacimientos relacionados con la producci\u00f3n de especies para el consumo ecol\u00f3gico, bancos de semillas de variedades aut\u00f3ctonas o producci\u00f3n de miel y otros productos de monta\u00f1a. Se proporcion\u00f3 informaci\u00f3n, certificados de profesionalidad, materiales formativos, informaci\u00f3n sobre los fondos europeos relacionados y en referencia a los modelos de intervenci\u00f3n de nuevos yacimientos de empleo.<\/p>\n\n\n\n<p><\/p>\n","protected":false},"excerpt":{"rendered":"<p>A trav\u00e9s del proyecto Fronteira 2020 trabajamos con la agricultura, la ganader\u00eda, la apicultura y la silvicultura a trav\u00e9s de la producci\u00f3n y transformaci\u00f3n de productos agroalimentarios y producci\u00f3n forestal. De esta manera pretendemos impulsar una marca conjunta de producci\u00f3n<\/p>\n","protected":false},"author":1,"featured_media":0,"parent":643,"menu_order":0,"comment_status":"closed","ping_status":"closed","template":"","meta":[],"_links":{"self":[{"href":"https:\/\/www.fronteira.eu\/fronteira2020\/wp-json\/wp\/v2\/pages\/32"}],"collection":[{"href":"https:\/\/www.fronteira.eu\/fronteira2020\/wp-json\/wp\/v2\/pages"}],"about":[{"href":"https:\/\/www.fronteira.eu\/fronteira2020\/wp-json\/wp\/v2\/types\/page"}],"author":[{"embeddable":true,"href":"https:\/\/www.fronteira.eu\/fronteira2020\/wp-json\/wp\/v2\/users\/1"}],"replies":[{"embeddable":true,"href":"https:\/\/www.fronteira.eu\/fronteira2020\/wp-json\/wp\/v2\/comments?post=32"}],"version-history":[{"count":10,"href":"https:\/\/www.fronteira.eu\/fronteira2020\/wp-json\/wp\/v2\/pages\/32\/revisions"}],"predecessor-version":[{"id":1564,"href":"https:\/\/www.fronteira.eu\/fronteira2020\/wp-json\/wp\/v2\/pages\/32\/revisions\/1564"}],"up":[{"embeddable":true,"href":"https:\/\/www.fronteira.eu\/fronteira2020\/wp-json\/wp\/v2\/pages\/643"}],"wp:attachment":[{"href":"https:\/\/www.fronteira.eu\/fronteira2020\/wp-json\/wp\/v2\/media?parent=32"}],"curies":[{"name":"wp","href":"https:\/\/api.w.org\/{rel}","templated":true}]}}