{"id":30,"date":"2020-04-03T06:49:58","date_gmt":"2020-04-03T06:49:58","guid":{"rendered":"http:\/\/desarrollo.fronteira.eu\/fronteira2020\/?page_id=30"},"modified":"2026-03-20T11:29:59","modified_gmt":"2026-03-20T11:29:59","slug":"turismo-accesible","status":"publish","type":"page","link":"https:\/\/www.fronteira.eu\/fronteira2020\/nuevos-yacimientos-de-empleo\/turismo-accesible\/","title":{"rendered":"Turismo Accesible"},"content":{"rendered":"\n<p>Desde el Proyecto Fronteira 2020 se trabaja el Turismo Rural Accesible como un Nuevo Yacimiento de Empleo para generar un territorio m\u00e1s inclusivo. Queremos compartir la experiencia en gesti\u00f3n de la accesibilidad en el entorno de los diferentes beneficiarios que forman parte del proyecto, a trav\u00e9s de alianzas y partners locales.<\/p>\n\n\n\n<p>Nuestra aspiraci\u00f3n es la creaci\u00f3n de un Destino Tur\u00edstico Inteligente Transfronterizo.<\/p>\n\n\n\n<p>En lo referente a turismo accesible, trabajamos con unos 16 yacimientos de empleo diferentes, enmarcados dentro de categor\u00edas como alojamiento y gastronom\u00eda, turismo terap\u00e9utico y de salud, turismo cultural y turismo activo en el medio rural.<\/p>\n\n\n\n<p>En el proyecto On Inclusive Entrepreneur se trabajaron estos nuevos yacimientos de Turismo Accesible proporcionando informaci\u00f3n, certificados de profesionalidad, materiales formativos, informaci\u00f3n sobre los fondos europeos relacionados y en referencia a los modelos de intervenci\u00f3n de Nuevos Yacimientos de Empleo.<\/p>\n\n\n<div ><style>#sp-ea-1548 .spcollapsing { height: 0; overflow: hidden; transition-property: height;transition-duration: 300ms;}#sp-ea-1548.sp-easy-accordion>.sp-ea-single {margin-bottom: 10px; border: 1px solid #e2e2e2; }#sp-ea-1548.sp-easy-accordion>.sp-ea-single>.ea-header a {color: #444;}#sp-ea-1548.sp-easy-accordion>.sp-ea-single>.sp-collapse>.ea-body {background: #fff; color: #444;}#sp-ea-1548.sp-easy-accordion>.sp-ea-single {background: #eee;}#sp-ea-1548.sp-easy-accordion>.sp-ea-single>.ea-header a .ea-expand-icon { float: left; color: #444;font-size: 16px;}<\/style><div id=\"sp_easy_accordion-1773998161\"><div id=\"sp-ea-1548\" class=\"sp-ea-one sp-easy-accordion\" data-ea-active=\"ea-click\" data-ea-mode=\"vertical\" data-preloader=\"\" data-scroll-active-item=\"\" data-offset-to-scroll=\"0\"><div class=\"ea-card ea-expand sp-ea-single\"><h3 class=\"ea-header\"><a class=\"collapsed\" id=\"ea-header-15480\" role=\"button\" data-sptoggle=\"spcollapse\" data-sptarget=\"#collapse15480\" aria-controls=\"collapse15480\" href=\"#\" aria-expanded=\"true\" tabindex=\"0\"><i aria-hidden=\"true\" role=\"presentation\" class=\"ea-expand-icon eap-icon-ea-expand-minus\"><\/i> Bloque 1.- Alojamientos, gastronom\u00edas y otros<\/a><\/h3><div class=\"sp-collapse spcollapse collapsed show\" id=\"collapse15480\" data-parent=\"#sp-ea-1548\" role=\"region\" aria-labelledby=\"ea-header-15480\"> <div class=\"ea-body\"><ul style=\"padding-left: 0\"><li><a href=\"https:\/\/www.fronteira.eu\/fronteira2020\/\/wp-content\/doc\/onep\/turismo\/I.1%20Alojamiento%20-%20turismo%20rural.pdf\" target=\"_blank\" rel=\"noopener\"><br \/>\ud83d\udcc4 I.1 aprovechamiento-micol\u00f3gico \u2197\ufe0f <\/a><\/li><li><a href=\"https:\/\/www.fronteira.eu\/fronteira2020\/\/wp-content\/doc\/onep\/turismo\/I.2%20Alojamiento%20en%20Albergue%20Rural.pdf\" target=\"_blank\" rel=\"noopener\"><br \/>\ud83d\udcc4 I.2 aprovechamiento-de-biomasa \u2197\ufe0f <\/a><\/li><li><a href=\"https:\/\/www.fronteira.eu\/fronteira2020\/\/wp-content\/doc\/onep\/turismo\/I.3%20Restaurante%20Turismo%20rural.pdf\" target=\"_blank\" rel=\"noopener\"><br \/>\ud83d\udcc4 I.3 proyectos-forestales-cerocarbono \u2197\ufe0f <\/a><\/li><li><a href=\"https:\/\/www.fronteira.eu\/fronteira2020\/\/wp-content\/doc\/onep\/turismo\/I.4%20Catering%20a%20eventos.pdf\" target=\"_blank\" rel=\"noopener\"><br \/>\ud83d\udcc4 I.4 biodiversidad-forestal \u2197\ufe0f <\/a><\/li><li><a href=\"https:\/\/www.fronteira.eu\/fronteira2020\/\/wp-content\/doc\/onep\/turismo\/I.5%20Servicio%20de%20lavander\u00eda%20a%20hosteleria.pdf\" target=\"_blank\" rel=\"noopener\"><br \/>\ud83d\udcc4 I.5 biodiversidad-forestal \u2197\ufe0f <\/a><\/li><\/ul><\/div><\/div><\/div><div class=\"ea-card sp-ea-single\"><h3 class=\"ea-header\"><a class=\"collapsed\" id=\"ea-header-15481\" role=\"button\" data-sptoggle=\"spcollapse\" data-sptarget=\"#collapse15481\" aria-controls=\"collapse15481\" href=\"#\" aria-expanded=\"false\" tabindex=\"0\"><i aria-hidden=\"true\" role=\"presentation\" class=\"ea-expand-icon eap-icon-ea-expand-plus\"><\/i> Bloque 2.- Turismo terap\u00e9utico y de salud<\/a><\/h3><div class=\"sp-collapse spcollapse \" id=\"collapse15481\" data-parent=\"#sp-ea-1548\" role=\"region\" aria-labelledby=\"ea-header-15481\"> <div class=\"ea-body\"><ul style=\"padding-left: 0\"><li><a href=\"https:\/\/www.fronteira.eu\/fronteira2020\/\/wp-content\/doc\/onep\/turismo\/II.1%20agricultura-social-y-terapeutica.pdf\" target=\"_blank\" rel=\"noopener\"><br \/>\ud83d\udcc4 II.1 agricultura-social-y-terap\u00e9utica \u2197\ufe0f <\/a><\/li><li><a href=\"https:\/\/www.fronteira.eu\/fronteira2020\/\/wp-content\/doc\/onep\/turismo\/II.2%20Intervenciones%20Asistidas%20con%20caballos.pdf\" target=\"_blank\" rel=\"noopener\"><br \/>\ud83d\udcc4 II.2 Intervenciones-Asistidas-con-caballos \u2197\ufe0f <\/a><\/li><li><a href=\"https:\/\/www.fronteira.eu\/fronteira2020\/\/wp-content\/doc\/onep\/turismo\/II.3%20Actividades-acuaticas-en-piscina.pdf\" target=\"_blank\" rel=\"noopener\"><br \/>\ud83d\udcc4 II.3 Actividades-acu\u00e1ticas-en-piscina \u2197\ufe0f <\/a><\/li><\/ul><\/div><\/div><\/div><div class=\"ea-card sp-ea-single\"><h3 class=\"ea-header\"><a class=\"collapsed\" id=\"ea-header-15482\" role=\"button\" data-sptoggle=\"spcollapse\" data-sptarget=\"#collapse15482\" aria-controls=\"collapse15482\" href=\"#\" aria-expanded=\"false\" tabindex=\"0\"><i aria-hidden=\"true\" role=\"presentation\" class=\"ea-expand-icon eap-icon-ea-expand-plus\"><\/i> Bloque 3.- Turismo cultural<\/a><\/h3><div class=\"sp-collapse spcollapse \" id=\"collapse15482\" data-parent=\"#sp-ea-1548\" role=\"region\" aria-labelledby=\"ea-header-15482\"> <div class=\"ea-body\"><ul style=\"padding-left: 0\"><li><a href=\"https:\/\/www.fronteira.eu\/fronteira2020\/\/wp-content\/doc\/onep\/turismo\/III.1%20Turismo%20Ciudades%20Patrimonio.pdf\" target=\"_blank\" rel=\"noopener\"><br \/>\ud83d\udcc4 III.1 aprovechamiento-micol\u00f3gico \u2197\ufe0f <\/a><\/li><li><a href=\"https:\/\/www.fronteira.eu\/fronteira2020\/\/wp-content\/doc\/onep\/turismo\/III.2%20Turismo%20Monumentos%20Para%20todos.pdf\" target=\"_blank\" rel=\"noopener\"><br \/>\ud83d\udcc4 III.2 Turismo-Monumentos-Para-todos \u2197\ufe0f <\/a><\/li><li><a href=\"https:\/\/www.fronteira.eu\/fronteira2020\/\/wp-content\/doc\/onep\/turismo\/III.3%20Turismo%20Enol\u00f3gico.pdf\" target=\"_blank\" rel=\"noopener\"><br \/>\ud83d\udcc4 III.3 Turismo-ecol\u00f3gico \u2197\ufe0f <\/a><\/li><\/ul><\/div><\/div><\/div><div class=\"ea-card sp-ea-single\"><h3 class=\"ea-header\"><a class=\"collapsed\" id=\"ea-header-15483\" role=\"button\" data-sptoggle=\"spcollapse\" data-sptarget=\"#collapse15483\" aria-controls=\"collapse15483\" href=\"#\" aria-expanded=\"false\" tabindex=\"0\"><i aria-hidden=\"true\" role=\"presentation\" class=\"ea-expand-icon eap-icon-ea-expand-plus\"><\/i> Bloque 4.- Turismo naturaleza<\/a><\/h3><div class=\"sp-collapse spcollapse \" id=\"collapse15483\" data-parent=\"#sp-ea-1548\" role=\"region\" aria-labelledby=\"ea-header-15483\"> <div class=\"ea-body\"><ul style=\"padding-left: 0\"><li><a href=\"https:\/\/www.fronteira.eu\/fronteira2020\/\/wp-content\/doc\/onep\/turismo\/IV.1%20Turismo-botanico-y-gastrobotanico.pdf\" target=\"_blank\" rel=\"noopener\"><br \/>\ud83d\udcc4 IV.1 Turismo-botanico-y-gastrobotanico \u2197\ufe0f <\/a><\/li><li><a href=\"https:\/\/www.fronteira.eu\/fronteira2020\/\/wp-content\/doc\/onep\/turismo\/IV.2%20Actividades-de-turismo-activo-adaptado.pdf\" target=\"_blank\" rel=\"noopener\"><br \/>\ud83d\udcc4 IV.2 aprovechamiento-de-biomasa \u2197\ufe0f <\/a><\/li><li><a href=\"https:\/\/www.fronteira.eu\/fronteira2020\/\/wp-content\/doc\/onep\/turismo\/IV.3%20Turismo-activo-adaptado-senderismo.pdf\" target=\"_blank\" rel=\"noopener\"><br \/>\ud83d\udcc4 IV.3 proyectos-forestales-cerocarbono \u2197\ufe0f <\/a><\/li><li><a href=\"https:\/\/www.fronteira.eu\/fronteira2020\/\/wp-content\/doc\/onep\/turismo\/IV.4%20Turismo-ornitologico.pdf\" target=\"_blank\" rel=\"noopener\"><br \/>\ud83d\udcc4 IV.3 proyectos-forestales-cerocarbono \u2197\ufe0f <\/a><\/li><li><a href=\"https:\/\/www.fronteira.eu\/fronteira2020\/\/wp-content\/doc\/onep\/turismo\/IV.5%20Turismo-de-rastreo.pdf\" target=\"_blank\" rel=\"noopener\"><br \/>\ud83d\udcc4 IV.3 proyectos-forestales-cerocarbono \u2197\ufe0f <\/a><\/li><li><a href=\"https:\/\/www.fronteira.eu\/fronteira2020\/\/wp-content\/doc\/onep\/turismo\/IV.6%20Turismo%20Espacios%20Naturales%20Protegidos.pdf\" target=\"_blank\" rel=\"noopener\"><br \/>\ud83d\udcc4 IV.3 proyectos-forestales-cerocarbono \u2197\ufe0f <\/a><\/li><li><a href=\"https:\/\/www.fronteira.eu\/fronteira2020\/\/wp-content\/doc\/onep\/turismo\/IV.7%20Turismo%20en%20vias%20verdes.pdf\" target=\"_blank\" rel=\"noopener\"><br \/>\ud83d\udcc4 IV.3 proyectos-forestales-cerocarbono \u2197\ufe0f <\/a><\/li><\/ul><\/div><\/div><\/div><\/div><\/div><\/div>","protected":false},"excerpt":{"rendered":"<p>Desde el Proyecto Fronteira 2020 se trabaja el Turismo Rural Accesible como un Nuevo Yacimiento de Empleo para generar un territorio m\u00e1s inclusivo. Queremos compartir la experiencia en gesti\u00f3n de la accesibilidad en el entorno de los diferentes beneficiarios que<\/p>\n","protected":false},"author":1,"featured_media":0,"parent":643,"menu_order":0,"comment_status":"closed","ping_status":"closed","template":"","meta":[],"_links":{"self":[{"href":"https:\/\/www.fronteira.eu\/fronteira2020\/wp-json\/wp\/v2\/pages\/30"}],"collection":[{"href":"https:\/\/www.fronteira.eu\/fronteira2020\/wp-json\/wp\/v2\/pages"}],"about":[{"href":"https:\/\/www.fronteira.eu\/fronteira2020\/wp-json\/wp\/v2\/types\/page"}],"author":[{"embeddable":true,"href":"https:\/\/www.fronteira.eu\/fronteira2020\/wp-json\/wp\/v2\/users\/1"}],"replies":[{"embeddable":true,"href":"https:\/\/www.fronteira.eu\/fronteira2020\/wp-json\/wp\/v2\/comments?post=30"}],"version-history":[{"count":16,"href":"https:\/\/www.fronteira.eu\/fronteira2020\/wp-json\/wp\/v2\/pages\/30\/revisions"}],"predecessor-version":[{"id":1562,"href":"https:\/\/www.fronteira.eu\/fronteira2020\/wp-json\/wp\/v2\/pages\/30\/revisions\/1562"}],"up":[{"embeddable":true,"href":"https:\/\/www.fronteira.eu\/fronteira2020\/wp-json\/wp\/v2\/pages\/643"}],"wp:attachment":[{"href":"https:\/\/www.fronteira.eu\/fronteira2020\/wp-json\/wp\/v2\/media?parent=30"}],"curies":[{"name":"wp","href":"https:\/\/api.w.org\/{rel}","templated":true}]}}