{"id":28,"date":"2020-04-03T06:49:15","date_gmt":"2020-04-03T06:49:15","guid":{"rendered":"http:\/\/desarrollo.fronteira.eu\/fronteira2020\/?page_id=28"},"modified":"2026-03-20T11:30:46","modified_gmt":"2026-03-20T11:30:46","slug":"servicios-proximidad","status":"publish","type":"page","link":"https:\/\/www.fronteira.eu\/fronteira2020\/nuevos-yacimientos-de-empleo\/servicios-proximidad\/","title":{"rendered":"Servicios de Proximidad"},"content":{"rendered":"\n<p>Los Servicios de Promoci\u00f3n de Autonom\u00eda Personal y Vida Independiente a personas dependientes que residen en municipios peque\u00f1os, dispersos y alejados de las cabeceras de comarca, donde se encuentran los actuales servicios, son uno de los nuevos yacimientos de empleo que se trabajan desde el Proyecto Fronteira 2020.<\/p>\n\n\n\n<p> El objetivo es generar una cartera de servicios inclusiva que genere un empleo local de calidad.<\/p>\n\n\n\n<p>En el proyecto On Inclusive Entrepreneur se trabajaron nuevos yacimientos de empleo relacionados con los servicios de proximidad, como el de asistente personal, catering a domicilio, catering a eventos, gesti\u00f3n de edificios de uso p\u00fablico, Servicio de Lavander\u00eda a domicilio, servicio de lavander\u00eda a hosteler\u00eda y servicios de promoci\u00f3n de la autonom\u00eda personal. Adem\u00e1s, se proporcion\u00f3 informaci\u00f3n, certificados de profesionalidad, materiales formativos, informaci\u00f3n sobre los fondos europeos relacionados y en referencia a los modelos de intervenci\u00f3n de nuevos yacimientos de empleo.<\/p>\n\n\n<div ><style>#sp-ea-1549 .spcollapsing { height: 0; overflow: hidden; transition-property: height;transition-duration: 300ms;}#sp-ea-1549.sp-easy-accordion>.sp-ea-single {margin-bottom: 10px; border: 1px solid #e2e2e2; }#sp-ea-1549.sp-easy-accordion>.sp-ea-single>.ea-header a {color: #444;}#sp-ea-1549.sp-easy-accordion>.sp-ea-single>.sp-collapse>.ea-body {background: #fff; color: #444;}#sp-ea-1549.sp-easy-accordion>.sp-ea-single {background: #eee;}#sp-ea-1549.sp-easy-accordion>.sp-ea-single>.ea-header a .ea-expand-icon { float: left; color: #444;font-size: 16px;}<\/style><div id=\"sp_easy_accordion-1773998009\"><div id=\"sp-ea-1549\" class=\"sp-ea-one sp-easy-accordion\" data-ea-active=\"ea-click\" data-ea-mode=\"vertical\" data-preloader=\"\" data-scroll-active-item=\"\" data-offset-to-scroll=\"0\"><div class=\"ea-card ea-expand sp-ea-single\"><h3 class=\"ea-header\"><a class=\"collapsed\" id=\"ea-header-15490\" role=\"button\" data-sptoggle=\"spcollapse\" data-sptarget=\"#collapse15490\" aria-controls=\"collapse15490\" href=\"#\" aria-expanded=\"true\" tabindex=\"0\"><i aria-hidden=\"true\" role=\"presentation\" class=\"ea-expand-icon eap-icon-ea-expand-minus\"><\/i> Bloque 1.- Servicios de asistencia<\/a><\/h3><div class=\"sp-collapse spcollapse collapsed show\" id=\"collapse15490\" data-parent=\"#sp-ea-1549\" role=\"region\" aria-labelledby=\"ea-header-15490\"> <div class=\"ea-body\"><ul style=\"padding-left: 0\"><li><a href=\"https:\/\/www.fronteira.eu\/fronteira2020\/\/wp-content\/doc\/onep\/proximidad\/I.1%20Asistente%20personal.pdf\" target=\"_blank\" rel=\"noopener\"><br \/>\ud83d\udcc4 I.1 Asistencia personal \u2197\ufe0f <\/a><\/li><li><a href=\"https:\/\/www.fronteira.eu\/fronteira2020\/\/wp-content\/doc\/onep\/proximidad\/I.2%20Servicio%20Promocion%20Autonomia%20Personal.pdf\" target=\"_blank\" rel=\"noopener\"><br \/>\ud83d\udcc4 I.2 Servicio-Promoci\u00f3n-Autonom\u00eda Personal \u2197\ufe0f <\/a><\/li><li><a href=\"https:\/\/www.fronteira.eu\/fronteira2020\/\/wp-content\/doc\/onep\/proximidad\/I.3%20Servicio%20lavander\u00eda%20de%20domicilio.pdf\" target=\"_blank\" rel=\"noopener\"><br \/>\ud83d\udcc4 I.3 Servicio-lavander\u00eda-de-domicilio \u2197\ufe0f <\/a><\/li><\/ul><\/div><\/div><\/div><\/div><\/div><\/div>","protected":false},"excerpt":{"rendered":"<p>Los Servicios de Promoci\u00f3n de Autonom\u00eda Personal y Vida Independiente a personas dependientes que residen en municipios peque\u00f1os, dispersos y alejados de las cabeceras de comarca, donde se encuentran los actuales servicios, son uno de los nuevos yacimientos de empleo<\/p>\n","protected":false},"author":1,"featured_media":0,"parent":643,"menu_order":0,"comment_status":"closed","ping_status":"closed","template":"","meta":[],"_links":{"self":[{"href":"https:\/\/www.fronteira.eu\/fronteira2020\/wp-json\/wp\/v2\/pages\/28"}],"collection":[{"href":"https:\/\/www.fronteira.eu\/fronteira2020\/wp-json\/wp\/v2\/pages"}],"about":[{"href":"https:\/\/www.fronteira.eu\/fronteira2020\/wp-json\/wp\/v2\/types\/page"}],"author":[{"embeddable":true,"href":"https:\/\/www.fronteira.eu\/fronteira2020\/wp-json\/wp\/v2\/users\/1"}],"replies":[{"embeddable":true,"href":"https:\/\/www.fronteira.eu\/fronteira2020\/wp-json\/wp\/v2\/comments?post=28"}],"version-history":[{"count":9,"href":"https:\/\/www.fronteira.eu\/fronteira2020\/wp-json\/wp\/v2\/pages\/28\/revisions"}],"predecessor-version":[{"id":1563,"href":"https:\/\/www.fronteira.eu\/fronteira2020\/wp-json\/wp\/v2\/pages\/28\/revisions\/1563"}],"up":[{"embeddable":true,"href":"https:\/\/www.fronteira.eu\/fronteira2020\/wp-json\/wp\/v2\/pages\/643"}],"wp:attachment":[{"href":"https:\/\/www.fronteira.eu\/fronteira2020\/wp-json\/wp\/v2\/media?parent=28"}],"curies":[{"name":"wp","href":"https:\/\/api.w.org\/{rel}","templated":true}]}}