{"id":256,"date":"2020-04-17T08:51:28","date_gmt":"2020-04-17T08:51:28","guid":{"rendered":"http:\/\/desarrollo.fronteira.eu\/fronteira2020\/?page_id=256"},"modified":"2020-08-04T10:51:34","modified_gmt":"2020-08-04T10:51:34","slug":"gerencia-de-servicios-sociales-cyl","status":"publish","type":"page","link":"https:\/\/www.fronteira.eu\/fronteira2020\/socios\/gerencia-de-servicios-sociales-cyl\/","title":{"rendered":"Gerencia de Servicios Sociales de Castilla y Le\u00f3n"},"content":{"rendered":"\n<figure class=\"wp-block-image size-large img-logo_socio\"><img loading=\"lazy\" width=\"556\" height=\"129\" src=\"http:\/\/desarrollo.fronteira.eu\/fronteira2020\/wp-content\/uploads\/2020\/06\/logo_jcyl_ssocialescyl.jpg\" alt=\"\" class=\"wp-image-628\" srcset=\"https:\/\/www.fronteira.eu\/fronteira2020\/wp-content\/uploads\/2020\/06\/logo_jcyl_ssocialescyl.jpg 556w, https:\/\/www.fronteira.eu\/fronteira2020\/wp-content\/uploads\/2020\/06\/logo_jcyl_ssocialescyl-300x70.jpg 300w\" sizes=\"(max-width: 556px) 100vw, 556px\" \/><\/figure>\n\n\n\n<h3>Direcci\u00f3n:<\/h3>\n\n\n\n<p>Calle Padre Francisco Su\u00e1rez, 2, 47006, Valladolid, Espa\u00f1a<\/p>\n\n\n\n<h3>Habilidades y experiencias relevantes:<\/h3>\n\n\n\n<p>La Gerencia de Servicios Sociales de Castilla y Le\u00f3n (GSS) es el organismo p\u00fablico aut\u00f3nomo perteneciente a la Consejer\u00eda de Familia e Igualdad de Oportunidades de la Junta de Castilla y Le\u00f3n, encargado del dise\u00f1o, planificaci\u00f3n y gesti\u00f3n del sistema de servicios sociales en la Comunidad Aut\u00f3noma de Castilla y Le\u00f3n, Espa\u00f1a.<\/p>\n\n\n\n<p>GSS es la autoridad pertinente para la adopci\u00f3n de medidas destinadas a la aplicaci\u00f3n de la pol\u00edtica de protecci\u00f3n social: planificaci\u00f3n regional y su desarrollo, incluida la creaci\u00f3n, organizaci\u00f3n, mantenimiento y gesti\u00f3n de programas, servicios, Centros y Recursos.<\/p>\n\n\n\n<h3>P\u00e1gina web e email de contacto:<\/h3>\n\n\n\n<div class=\"redes-socios\">\n\n<p><span class=\"fa fa-globe\"><\/span>    <a href=\"https:\/\/www.serviciossociales.jcyl.es\" target=\"_blank\" rel=\"noopener noreferrer\">www.serviciossociales.jcyl.es<\/a><\/p>\n<p><span class=\"fa fa-envelope\"><\/span>  <a href=\"mailto:CamPerBe@jcyl.e\" target=\"_blank\" rel=\"noopener noreferrer\">\nCamPerBe@jcyl.e<\/a><\/p> \n<\/div>\n","protected":false},"excerpt":{"rendered":"<p>La Gerencia de Servicios Sociales de Castilla y Le\u00f3n (GSS) es el organismo p\u00fablico competente en asistencia social, perteneciente al Ministerio de la familia e igualdad de oportunidades&#8230;<\/p>\n","protected":false},"author":1,"featured_media":627,"parent":26,"menu_order":0,"comment_status":"closed","ping_status":"closed","template":"","meta":[],"_links":{"self":[{"href":"https:\/\/www.fronteira.eu\/fronteira2020\/wp-json\/wp\/v2\/pages\/256"}],"collection":[{"href":"https:\/\/www.fronteira.eu\/fronteira2020\/wp-json\/wp\/v2\/pages"}],"about":[{"href":"https:\/\/www.fronteira.eu\/fronteira2020\/wp-json\/wp\/v2\/types\/page"}],"author":[{"embeddable":true,"href":"https:\/\/www.fronteira.eu\/fronteira2020\/wp-json\/wp\/v2\/users\/1"}],"replies":[{"embeddable":true,"href":"https:\/\/www.fronteira.eu\/fronteira2020\/wp-json\/wp\/v2\/comments?post=256"}],"version-history":[{"count":12,"href":"https:\/\/www.fronteira.eu\/fronteira2020\/wp-json\/wp\/v2\/pages\/256\/revisions"}],"predecessor-version":[{"id":803,"href":"https:\/\/www.fronteira.eu\/fronteira2020\/wp-json\/wp\/v2\/pages\/256\/revisions\/803"}],"up":[{"embeddable":true,"href":"https:\/\/www.fronteira.eu\/fronteira2020\/wp-json\/wp\/v2\/pages\/26"}],"wp:featuredmedia":[{"embeddable":true,"href":"https:\/\/www.fronteira.eu\/fronteira2020\/wp-json\/wp\/v2\/media\/627"}],"wp:attachment":[{"href":"https:\/\/www.fronteira.eu\/fronteira2020\/wp-json\/wp\/v2\/media?parent=256"}],"curies":[{"name":"wp","href":"https:\/\/api.w.org\/{rel}","templated":true}]}}