{"id":251,"date":"2020-04-17T08:39:55","date_gmt":"2020-04-17T08:39:55","guid":{"rendered":"http:\/\/desarrollo.fronteira.eu\/fronteira2020\/?page_id=251"},"modified":"2020-08-04T10:48:16","modified_gmt":"2020-08-04T10:48:16","slug":"adm-estrela","status":"publish","type":"page","link":"https:\/\/www.fronteira.eu\/fronteira2020\/socios\/adm-estrela\/","title":{"rendered":"ADM Estrela \u2013 Asociaci\u00f3n Social y Desarrollo"},"content":{"rendered":"\n<figure class=\"wp-block-image size-large img-logo_socio\"><img loading=\"lazy\" width=\"432\" height=\"168\" src=\"http:\/\/desarrollo.fronteira.eu\/fronteira2020\/wp-content\/uploads\/2020\/04\/logo_estrela.jpg\" alt=\"\" class=\"wp-image-316\" srcset=\"https:\/\/www.fronteira.eu\/fronteira2020\/wp-content\/uploads\/2020\/04\/logo_estrela.jpg 432w, https:\/\/www.fronteira.eu\/fronteira2020\/wp-content\/uploads\/2020\/04\/logo_estrela-300x117.jpg 300w\" sizes=\"(max-width: 432px) 100vw, 432px\" \/><\/figure>\n\n\n\n<p>ADM Estrella \u2013 Asociaci\u00f3n Social y Desarrollo es una instituci\u00f3n que lleva desde 1989 trabajando en materia social con varios proyectos enfocados a ni\u00f1os y j\u00f3venes, discapacidad, formaci\u00f3n superior, formaci\u00f3n profesional y al desarrollo de una visi\u00f3n cr\u00edtica de los territorios y la mejora de las condiciones de vida de sus poblaciones, en particular de aquellos en situaci\u00f3n de mayor vulnerabilidad.<\/p>\n\n\n\n<h3>Direcci\u00f3n:<\/h3>\n\n\n\n<p>Travessa da Rua da Fontinha, s\/n, 6300 \u2013 569 Guarda \u2013 Portugal<\/p>\n\n\n\n<h3>Habilidades y experiencias relevantes:<\/h3>\n\n\n\n<p>Como respuesta social y proyectos de intervenci\u00f3n expone los siguientes:<\/p>\n\n\n\n<ul><li><strong>Infancia y Juventud:<\/strong>&nbsp;Jard\u00edn de Infancia y Centro de Actividades de Ocio \u201cArco Iris\u201d (Guarda), Jard\u00edn de Infancia y Guarder\u00eda \u201cFavo de Mel\u201d (Manteigas), Centro Juvenil \u201cGremio\u201d (Valle de la Estrella), Casa de Acogida de J\u00f3venes \u201cLar do Cansado\u201d (Castelo Branco)<\/li><li><strong>Personas mayores:<\/strong>&nbsp;Residencia para mayores \u201cS. Silvestre\u201d, Centro de D\u00eda y Atenci\u00f3n Domiciliaria (Valle de Estrellas), Centro de Mayores \u201cEspacio Nov\u2019Idade\u201d (Guarda).<\/li><li><strong>Personas mayores con discapacidad:<\/strong>&nbsp;Centro Ocupacional (Valle de la Estrella), Residencia y Centro Ocupacional \u201cLea Nobre\u201d (Pinhel)<\/li><li><strong>Educaci\u00f3n, formaci\u00f3n profesional y emprendimiento social:<\/strong>&nbsp;cursos de formaci\u00f3n para j\u00f3venes \u201cAprendizagens\u201d, formaci\u00f3n de personas con discapacidad, formaci\u00f3n p\u00fablica estrat\u00e9gica (Igualdad de G\u00e9nero)<\/li><li><strong>Familia y comunidad:<\/strong>&nbsp;Proyecto MOOV Libertad, Proyecto Reactivar el Barrio, Colonias residenciales de vacaciones, Proyecto Deportivo M\u00faevete Conmigo, Animaci\u00f3n Territorial \u2013 Grupo Comunitario Libertad y Serafina (Delegaci\u00f3n de Lisboa), Generaci\u00f3n CLDC 3G \u2013 Guarda, POAPMC \u2013 Territorio de Guarda y Manteigas.<\/li><li><strong>Cooperaci\u00f3n Internacional y Desarrollo:<\/strong>&nbsp;Proyecto \u201c\u00a1M\u00e1s voz, Cero Violencia!\u201d (Santo Tom\u00e9 y Pr\u00edncipe)<\/li><\/ul>\n\n\n\n<h3>P\u00e1gina web, redes sociales y email de contacto:<\/h3>\n\n\n\n<div class=\"redes-socios\">\n\n<p><span class=\"fa fa-globe\"><\/span>    <a href=\"https:\/\/www.admestrela.pt\" target=\"_blank\" rel=\"noopener noreferrer\">www.admestrela.pt<\/a><\/p>\n\n<p><span class=\"fa fa-facebook-f\"><\/span>    <a href=\"https:\/\/www.facebook.com\/adm.estrela\/\" target=\"_blank\" rel=\"noopener noreferrer\">\nwww.facebook.com\/adm.estrela\/ <\/a><\/p>\n\n\n<p><span class=\"fa fa-envelope\"><\/span>  <a href=\"mailto:admestrela@admestrela.p\" target=\"_blank\" rel=\"noopener noreferrer\">\nadmestrela@admestrela.p<\/a><\/p> \n<\/div>\n","protected":false},"excerpt":{"rendered":"<p>Es una instituci\u00f3n que desarrolla desde 1989 trabajo en el \u00e1rea social con diversos proyectos en el \u00e1rea de ni\u00f1ez y juventud, discapacidad&#8230;<\/p>\n","protected":false},"author":1,"featured_media":223,"parent":26,"menu_order":0,"comment_status":"closed","ping_status":"closed","template":"","meta":[],"_links":{"self":[{"href":"https:\/\/www.fronteira.eu\/fronteira2020\/wp-json\/wp\/v2\/pages\/251"}],"collection":[{"href":"https:\/\/www.fronteira.eu\/fronteira2020\/wp-json\/wp\/v2\/pages"}],"about":[{"href":"https:\/\/www.fronteira.eu\/fronteira2020\/wp-json\/wp\/v2\/types\/page"}],"author":[{"embeddable":true,"href":"https:\/\/www.fronteira.eu\/fronteira2020\/wp-json\/wp\/v2\/users\/1"}],"replies":[{"embeddable":true,"href":"https:\/\/www.fronteira.eu\/fronteira2020\/wp-json\/wp\/v2\/comments?post=251"}],"version-history":[{"count":9,"href":"https:\/\/www.fronteira.eu\/fronteira2020\/wp-json\/wp\/v2\/pages\/251\/revisions"}],"predecessor-version":[{"id":798,"href":"https:\/\/www.fronteira.eu\/fronteira2020\/wp-json\/wp\/v2\/pages\/251\/revisions\/798"}],"up":[{"embeddable":true,"href":"https:\/\/www.fronteira.eu\/fronteira2020\/wp-json\/wp\/v2\/pages\/26"}],"wp:featuredmedia":[{"embeddable":true,"href":"https:\/\/www.fronteira.eu\/fronteira2020\/wp-json\/wp\/v2\/media\/223"}],"wp:attachment":[{"href":"https:\/\/www.fronteira.eu\/fronteira2020\/wp-json\/wp\/v2\/media?parent=251"}],"curies":[{"name":"wp","href":"https:\/\/api.w.org\/{rel}","templated":true}]}}