{"id":24,"date":"2020-04-03T06:48:19","date_gmt":"2020-04-03T06:48:19","guid":{"rendered":"http:\/\/desarrollo.fronteira.eu\/fronteira2020\/?page_id=24"},"modified":"2020-06-02T15:25:30","modified_gmt":"2020-06-02T15:25:30","slug":"proyecto","status":"publish","type":"page","link":"https:\/\/www.fronteira.eu\/fronteira2020\/proyecto\/","title":{"rendered":"Proyecto"},"content":{"rendered":"\n<h3 class=\"has-text-color\" style=\"color:#1c66a3\">PROYECTO FRONTEIRA 2020<\/h3>\n\n\n\n<p>El proyecto FRONTEIRA 2020, enmarcado dentro Programa de Cooperaci\u00f3n Interreg V A Espa\u00f1a \u2013 Portugal (POCTEP) es una iniciativa transfronteriza que se desarrolla de forma conjunta con entidades de Castilla y Le\u00f3n y el Centro de Portugal, con el objetivo de mejorar la competitividad de las peque\u00f1as y medianas empresas desde un punto de vista inclusivo.<\/p>\n\n\n\n<p>El escaso esp\u00edritu empresarial y las dificultades para el acceso a la financiaci\u00f3n en las zonas rurales transfronterizas, que entorpece la creaci\u00f3n de nuevas empresas y limita el crecimiento y desarrollo de las ya existentes, nos motiva para definir una soluci\u00f3n orientada a combatir el desempleo, promover la competitividad, reforzando la innovaci\u00f3n en las empresas, para reactivar la econom\u00eda de la zona.<\/p>\n\n\n\n<p>Adem\u00e1s, el trabajo con las tres \u00e1reas prioritarias de yacimientos de empleo: servicios de proximidad, turismo accesible y sector agroalimentario, se trabajan desde un punto de vista inclusivo, que fomente el empleo de las personas en riesgo de exclusi\u00f3n a la vez que aporte soluciones para la atenci\u00f3n de personas dependientes en territorios transfronterizos.<\/p>\n\n\n\n<p><\/p>\n\n\n\n<div class=\"wp-block-columns are-vertically-aligned-center\">\n<div class=\"wp-block-column is-vertically-aligned-center\" style=\"flex-basis:66.66%\">\n<p><strong>Los objetivos del proyecto son<\/strong>:<\/p>\n\n\n\n<ul><li>Desarrollar herramientas metodol\u00f3gicas de intervenci\u00f3n y evaluaci\u00f3n de impacto, de car\u00e1cter integral y territorial, de aplicaci\u00f3n en el espacio de cooperaci\u00f3n, y garantizar su transferencia.<\/li><li>Mejorar la gesti\u00f3n de conocimiento y su transferencia a otros territorios fronterizos, necesario para generar condiciones adecuadas para el desarrollo de nuevos servicios a la poblaci\u00f3n y nuevas actividades de empleo en territorios excluidos.<\/li><li>Emprender nuevas actividades en el \u00e1mbito de los nuevos yacimientos de empleo con los que mejorar los servicios a la poblaci\u00f3n y procurar el acceso al empleo de personas de dif\u00edcil empleabilidad.<\/li><\/ul>\n\n\n\n<p><\/p>\n<\/div>\n\n\n\n<div class=\"wp-block-column is-vertically-aligned-center\" style=\"flex-basis:33.33%\">\n<div class=\"wp-block-image\"><figure class=\"aligncenter size-medium\"><img loading=\"lazy\" width=\"300\" height=\"226\" src=\"http:\/\/desarrollo.fronteira.eu\/fronteira2020\/wp-content\/uploads\/2020\/04\/ejemplo_proyecto-300x226.jpg\" alt=\"\" class=\"wp-image-132\" srcset=\"https:\/\/www.fronteira.eu\/fronteira2020\/wp-content\/uploads\/2020\/04\/ejemplo_proyecto-300x226.jpg 300w, https:\/\/www.fronteira.eu\/fronteira2020\/wp-content\/uploads\/2020\/04\/ejemplo_proyecto.jpg 541w\" sizes=\"(max-width: 300px) 100vw, 300px\" \/><\/figure><\/div>\n<\/div>\n<\/div>\n\n\n\n<p><strong>Adem\u00e1s se presentan los siguientes resultados<\/strong>:<\/p>\n\n\n\n<ul><li>Se han desarrollado en cada uno de los sectores de actividad identificados herramientas que facilitan an\u00e1lisis-diagn\u00f3sticos territoriales; metodolog\u00eda de intervenci\u00f3n en NYE y de Planificaci\u00f3n de Acci\u00f3n Territorial.<\/li><li>Se han realizado una base de datos de productos, recursos, actividades en cada uno de los NYE identificados.<\/li><li>Se han desarrollado Soluciones tecnol\u00f3gicas a partir de la identificaci\u00f3n de necesidades en los NYE.<\/li><li>Se ha desarrollo de una Metodolog\u00eda de Planes de Negocio en Territorios Inclusivos (PN&amp;TI) favoreciendo el acceso al empleo de personas de dif\u00edcil empleabilidad.<\/li><li>Se ha elaborado un cuadro de mando y una metodolog\u00eda de Evaluaci\u00f3n de Impacto que nos permite analizar la evoluci\u00f3n del territorio hacia su inclusi\u00f3n.<\/li><\/ul>\n","protected":false},"excerpt":{"rendered":"<p>PROYECTO FRONTEIRA 2020 El proyecto FRONTEIRA 2020, enmarcado dentro Programa de Cooperaci\u00f3n Interreg V A Espa\u00f1a \u2013 Portugal (POCTEP) es una iniciativa transfronteriza que se desarrolla de forma conjunta con entidades de Castilla y Le\u00f3n y el Centro de Portugal,<\/p>\n","protected":false},"author":1,"featured_media":0,"parent":0,"menu_order":0,"comment_status":"closed","ping_status":"closed","template":"","meta":[],"_links":{"self":[{"href":"https:\/\/www.fronteira.eu\/fronteira2020\/wp-json\/wp\/v2\/pages\/24"}],"collection":[{"href":"https:\/\/www.fronteira.eu\/fronteira2020\/wp-json\/wp\/v2\/pages"}],"about":[{"href":"https:\/\/www.fronteira.eu\/fronteira2020\/wp-json\/wp\/v2\/types\/page"}],"author":[{"embeddable":true,"href":"https:\/\/www.fronteira.eu\/fronteira2020\/wp-json\/wp\/v2\/users\/1"}],"replies":[{"embeddable":true,"href":"https:\/\/www.fronteira.eu\/fronteira2020\/wp-json\/wp\/v2\/comments?post=24"}],"version-history":[{"count":20,"href":"https:\/\/www.fronteira.eu\/fronteira2020\/wp-json\/wp\/v2\/pages\/24\/revisions"}],"predecessor-version":[{"id":610,"href":"https:\/\/www.fronteira.eu\/fronteira2020\/wp-json\/wp\/v2\/pages\/24\/revisions\/610"}],"wp:attachment":[{"href":"https:\/\/www.fronteira.eu\/fronteira2020\/wp-json\/wp\/v2\/media?parent=24"}],"curies":[{"name":"wp","href":"https:\/\/api.w.org\/{rel}","templated":true}]}}