{"id":165,"date":"2020-04-13T07:31:19","date_gmt":"2020-04-13T07:31:19","guid":{"rendered":"http:\/\/desarrollo.fronteira.eu\/fronteira2020\/?page_id=165"},"modified":"2020-08-04T10:50:51","modified_gmt":"2020-08-04T10:50:51","slug":"fundacion-aspaym-castilla-y-leon","status":"publish","type":"page","link":"https:\/\/www.fronteira.eu\/fronteira2020\/socios\/fundacion-aspaym-castilla-y-leon\/","title":{"rendered":"Fundaci\u00f3n ASPAYM Castilla Y Le\u00f3n"},"content":{"rendered":"\n<figure class=\"wp-block-image size-large img-logo_socio\"><img loading=\"lazy\" width=\"432\" height=\"168\" src=\"http:\/\/desarrollo.fronteira.eu\/fronteira2020\/wp-content\/uploads\/2020\/04\/logo_aspaym_cyl.jpg\" alt=\"\" class=\"wp-image-314\" srcset=\"https:\/\/www.fronteira.eu\/fronteira2020\/wp-content\/uploads\/2020\/04\/logo_aspaym_cyl.jpg 432w, https:\/\/www.fronteira.eu\/fronteira2020\/wp-content\/uploads\/2020\/04\/logo_aspaym_cyl-300x117.jpg 300w\" sizes=\"(max-width: 432px) 100vw, 432px\" \/><\/figure>\n\n\n\n<h3>Direcci\u00f3n:<\/h3>\n\n\n\n<p>Calle de Trevi\u00f1o, 74, 47008 Valladolid (Espa\u00f1a)&nbsp;<\/p>\n\n\n\n<h3>Habilidades y experiencias relevantes:<\/h3>\n\n\n\n<p>ASPAYM Castilla y Le\u00f3n nace hace m\u00e1s de 25 a\u00f1os con el \u00fanico objetivo de mejorar la calidad de vida de las personas con discapacidad. En sus inicios la entidad se centr\u00f3 en la atenci\u00f3n de personas con lesi\u00f3n medular de la comunidad, sin embargo, durante sus a\u00f1os de actividad, ASPAYM Castilla y Le\u00f3n ha ido evolucionando acorde con la sociedad, dando atenci\u00f3n a todo tipo de discapacidad f\u00edsica (lesi\u00f3n medular, ictus, ataxia, etc). Tras posicionarse en la comunidad como una entidad de referencia en el campo de la discapacidad, abre todos sus servicios a la sociedad en general, generando una metodolog\u00eda de trabajo inclusiva, donde todos tienen cabida.<\/p>\n\n\n\n<p>En la actualidad cuenta con m\u00e1s de 2.000 socios en toda la comunidad y m\u00e1s de 300 trabajadores extendidos por sus delegaciones (Valladolid, Le\u00f3n, \u00c1vila, Burgos y Palencia, El Bierzo, Paredes de Nava, Sahag\u00fan, Matapozuelos, Villadiego y Camponaraya). ASPAYM Castilla y Le\u00f3n trabaja con nuevos proyectos para posibilitar la inclusi\u00f3n social y laboral de las personas con discapacidad, acercarle al mundo real, y lograr que lleven a cabo cualquier tipo de actividad sin ninguna limitaci\u00f3n.<\/p>\n\n\n\n<p>La organizaci\u00f3n nace en 1992 en Valladolid con vocaci\u00f3n auton\u00f3mica para dar respuesta a las inquietudes de pacientes del Hospital Nacional de Parapl\u00e9jicos, que siendo originarios de Castilla y Le\u00f3n no ten\u00edan un servicio que pudiera atender y trabajar por sus necesidades. La creaci\u00f3n de la entidad est\u00e1 ligada estrechamente a la Federaci\u00f3n Nacional ASPAYM, que nace en 1979 al auspicio del Hospital Nacional de Parapl\u00e9jicos de Toledo, se ubica en 12 comunidades aut\u00f3nomas y est\u00e1 integrado por m\u00e1s de 7.000 socios y m\u00e1s de 30.000 representados.<\/p>\n\n\n\n<p><\/p>\n\n\n\n<h3>P\u00e1gina web, redes sociales y email de contacto:<\/h3>\n\n\n\n<div class=\"redes-socios\">\n\n<p><span class=\"fa fa-globe\"><\/span>    <a href=\"https:\/\/www.aspaymcyl.org\/\" target=\"_blank\" rel=\"noopener noreferrer\">www.aspaymcyl.org\/<\/a><\/p>\n\n<p><span class=\"fa fa-facebook-f\"><\/span>    <a href=\"https:\/\/www.facebook.com\/aspaym.castillayleon\/\" target=\"_blank\" rel=\"noopener noreferrer\">www.facebook.com\/aspaym.castillayleon\/ <\/a><\/p>\n\n<p><span class=\"fa fa-twitter\"><\/span>    <a href=\"https:\/\/twitter.com\/Aspaym_CyL\" target=\"_blank\" rel=\"noopener noreferrer\">twitter.com\/Aspaym_CyL<\/a><\/p>\n\n<p><span class=\"fa fa-instagram\"><\/span>    <a href=\"https:\/\/www.instagram.com\/aspaym_cyl\/\" target=\"_blank\" rel=\"noopener noreferrer\">www.instagram.com\/aspaym_cyl\/<\/a><\/p>\n\n<p><span class=\"fa fa-youtube\"><\/span>    <a href=\"https:\/\/www.youtube.com\/user\/aspaymcyl\" target=\"_blank\" rel=\"noopener noreferrer\">www.youtube.com\/user\/aspaymcyl<\/a><\/p>\n\n<p><span class=\"fa fa-flickr\"><\/span>    <a href=\"https:\/\/www.flickr.com\/photos\/aspaymcyl\/\" target=\"_blank\" rel=\"noopener noreferrer\">www.flickr.com\/photos\/aspaymcyl\/<\/a><\/p>\n\n<p><span class=\"fa fa-envelope\"><\/span>  <a href=\"mailto:aspaymcyl@aspaymcyl.org\" target=\"_blank\" rel=\"noopener noreferrer\">aspaymcyl@aspaymcyl.org<\/a><\/p> \n<\/div>\n","protected":false},"excerpt":{"rendered":"<p>Nace hace m\u00e1s de 25 a\u00f1os con el \u00fanico objetivo de mejorar la calidad de vida de las personas con discapacidad\u2026<\/p>\n","protected":false},"author":1,"featured_media":220,"parent":26,"menu_order":0,"comment_status":"closed","ping_status":"closed","template":"","meta":[],"_links":{"self":[{"href":"https:\/\/www.fronteira.eu\/fronteira2020\/wp-json\/wp\/v2\/pages\/165"}],"collection":[{"href":"https:\/\/www.fronteira.eu\/fronteira2020\/wp-json\/wp\/v2\/pages"}],"about":[{"href":"https:\/\/www.fronteira.eu\/fronteira2020\/wp-json\/wp\/v2\/types\/page"}],"author":[{"embeddable":true,"href":"https:\/\/www.fronteira.eu\/fronteira2020\/wp-json\/wp\/v2\/users\/1"}],"replies":[{"embeddable":true,"href":"https:\/\/www.fronteira.eu\/fronteira2020\/wp-json\/wp\/v2\/comments?post=165"}],"version-history":[{"count":16,"href":"https:\/\/www.fronteira.eu\/fronteira2020\/wp-json\/wp\/v2\/pages\/165\/revisions"}],"predecessor-version":[{"id":802,"href":"https:\/\/www.fronteira.eu\/fronteira2020\/wp-json\/wp\/v2\/pages\/165\/revisions\/802"}],"up":[{"embeddable":true,"href":"https:\/\/www.fronteira.eu\/fronteira2020\/wp-json\/wp\/v2\/pages\/26"}],"wp:featuredmedia":[{"embeddable":true,"href":"https:\/\/www.fronteira.eu\/fronteira2020\/wp-json\/wp\/v2\/media\/220"}],"wp:attachment":[{"href":"https:\/\/www.fronteira.eu\/fronteira2020\/wp-json\/wp\/v2\/media?parent=165"}],"curies":[{"name":"wp","href":"https:\/\/api.w.org\/{rel}","templated":true}]}}