{"id":163,"date":"2020-04-13T07:30:06","date_gmt":"2020-04-13T07:30:06","guid":{"rendered":"http:\/\/desarrollo.fronteira.eu\/fronteira2020\/?page_id=163"},"modified":"2020-05-07T07:51:07","modified_gmt":"2020-05-07T07:51:07","slug":"fundacion-intras","status":"publish","type":"page","link":"https:\/\/www.fronteira.eu\/fronteira2020\/socios\/fundacion-intras\/","title":{"rendered":"Fundaci\u00f3n INTRAS"},"content":{"rendered":"\n<figure class=\"wp-block-image size-large img-logo_socio\"><img loading=\"lazy\" width=\"400\" height=\"136\" src=\"http:\/\/desarrollo.fronteira.eu\/fronteira2020\/wp-content\/uploads\/2020\/04\/logo_intras.jpg\" alt=\"\" class=\"wp-image-318\" srcset=\"https:\/\/www.fronteira.eu\/fronteira2020\/wp-content\/uploads\/2020\/04\/logo_intras.jpg 400w, https:\/\/www.fronteira.eu\/fronteira2020\/wp-content\/uploads\/2020\/04\/logo_intras-300x102.jpg 300w\" sizes=\"(max-width: 400px) 100vw, 400px\" \/><\/figure>\n\n\n\n<h3>Direcci\u00f3n:<\/h3>\n\n\n\n<p>Mart\u00edn Santos Romero, 1. 47016 Valladolid, Espa\u00f1a<\/p>\n\n\n\n<h3>Descripci\u00f3n, competencias y experiencias relevantes:<\/h3>\n\n\n\n<p>Fundaci\u00f3n INTRAS es una organizaci\u00f3n sin \u00e1nimo de lucro con 25 a\u00f1os de experiencia en la coordinaci\u00f3n y prestaci\u00f3n de servicios de atenci\u00f3n socio-sanitaria en 6 provincias de Espa\u00f1a, combinando una fuerte vertiente de investigaci\u00f3n dedicada al envejecimiento, salud mental, vida asistida, desarrollo y aplicaci\u00f3n de soluciones tecnol\u00f3gicas, modelos y procesos de integraci\u00f3n socio-sanitaria m\u00e1s eficaces, testeo y validaci\u00f3n de soluciones y modelos.<\/p>\n\n\n\n<p>INTRAS coopera permanentemente con el Gobierno regional en la creaci\u00f3n de modelos de coordinaci\u00f3n sociosanitaria y coordina estructuras transfronterizas de impulso a la I+D+I. Tambi\u00e9n es co-fundador del Cl\u00faster SIVI, construido bajo el modelo de cu\u00e1druple h\u00e9lice, para promoci\u00f3n de la innovaci\u00f3n asistencial.<\/p>\n\n\n\n<p>INTRAS presenta una s\u00f3lida experiencia en coordinaci\u00f3n y participaci\u00f3n en proyectos nacionales e internacionales, siendo ejemplo la participaci\u00f3n en programas POCTEP, SUDOE, Interreg IVC, CIP ICT PSP, Health, V, VI, VII FP, Iberoeka, H2020, MSCA. INTRAS ha sido Jefe de Fila de consorcios de la convocatoria INTERREG IIIA: CERLEM (2003\/ SP2.E29\/4.2.), UDEP 0184_INDESS_2_E (2010, Investigaci\u00f3n y desarrollo de tecnolog\u00edas en la atenci\u00f3n sociosanitaria). Tambi\u00e9n ha participado como socio en los proyectos RESATER: RED DE SALUD Y TELEMEDICINA EN ZONAS RURALES (SOE1\/P3\/F197) y e-RESATER (SOE3\/P1\/F682), financiados por SUDOE, y INN.O.V.Age (Interreg IVC 1282R4).<\/p>\n\n\n\n<h3>P\u00e1gina web, redes sociales y email de contacto:<\/h3>\n\n\n\n<div class=\"redes-socios\">\n<p><span class=\"fa fa-globe\"><\/span>    <a href=\"https:\/\/www.intras.es\/\" target=\"_blank\" rel=\"noopener noreferrer\">https:\/\/www.intras.es\/<\/a><\/p>\n\n<p><span class=\"fa fa-facebook-f\"><\/span>    <a href=\"https:\/\/www.facebook.com\/fintras\/\" target=\"_blank\" rel=\"noopener noreferrer\">https:\/\/www.facebook.com\/fintras\/<\/a><\/p>\n\n<p><span class=\"fa fa-twitter\"><\/span>    <a href=\"https:\/\/twitter.com\/fintras\" target=\"_blank\" rel=\"noopener noreferrer\">https:\/\/twitter.com\/fintras\/<\/a><\/p>\n\n<p><span class=\"fa fa-instagram\"><\/span>    <a href=\"https:\/\/www.instagram.com\/fintras\/\" target=\"_blank\" rel=\"noopener noreferrer\">https:\/\/www.instagram.com\/fintras\/<\/a><\/p>\n\n<p><span class=\"fa fa-envelope\"><\/span>  <a href=\"mailto:pp@intras.es\" target=\"_blank\" rel=\"noopener noreferrer\">Pablo S\u00e1nchez: psp@intras.es<\/a><\/p>\n \n<\/div>\n\n\n\n<p><\/p>\n","protected":false},"excerpt":{"rendered":"<p>Es una organizaci\u00f3n sin \u00e1nimo de lucro con 25 a\u00f1os de experiencia en la coordinaci\u00f3n y prestaci\u00f3n de servicios de atenci\u00f3n socio-sanitaria&#8230;<\/p>\n","protected":false},"author":1,"featured_media":225,"parent":26,"menu_order":0,"comment_status":"closed","ping_status":"closed","template":"","meta":[],"_links":{"self":[{"href":"https:\/\/www.fronteira.eu\/fronteira2020\/wp-json\/wp\/v2\/pages\/163"}],"collection":[{"href":"https:\/\/www.fronteira.eu\/fronteira2020\/wp-json\/wp\/v2\/pages"}],"about":[{"href":"https:\/\/www.fronteira.eu\/fronteira2020\/wp-json\/wp\/v2\/types\/page"}],"author":[{"embeddable":true,"href":"https:\/\/www.fronteira.eu\/fronteira2020\/wp-json\/wp\/v2\/users\/1"}],"replies":[{"embeddable":true,"href":"https:\/\/www.fronteira.eu\/fronteira2020\/wp-json\/wp\/v2\/comments?post=163"}],"version-history":[{"count":27,"href":"https:\/\/www.fronteira.eu\/fronteira2020\/wp-json\/wp\/v2\/pages\/163\/revisions"}],"predecessor-version":[{"id":498,"href":"https:\/\/www.fronteira.eu\/fronteira2020\/wp-json\/wp\/v2\/pages\/163\/revisions\/498"}],"up":[{"embeddable":true,"href":"https:\/\/www.fronteira.eu\/fronteira2020\/wp-json\/wp\/v2\/pages\/26"}],"wp:featuredmedia":[{"embeddable":true,"href":"https:\/\/www.fronteira.eu\/fronteira2020\/wp-json\/wp\/v2\/media\/225"}],"wp:attachment":[{"href":"https:\/\/www.fronteira.eu\/fronteira2020\/wp-json\/wp\/v2\/media?parent=163"}],"curies":[{"name":"wp","href":"https:\/\/api.w.org\/{rel}","templated":true}]}}