{"id":161,"date":"2020-04-13T07:29:27","date_gmt":"2020-04-13T07:29:27","guid":{"rendered":"http:\/\/desarrollo.fronteira.eu\/fronteira2020\/?page_id=161"},"modified":"2020-08-04T10:48:53","modified_gmt":"2020-08-04T10:48:53","slug":"asociacion-asprodes","status":"publish","type":"page","link":"https:\/\/www.fronteira.eu\/fronteira2020\/socios\/asociacion-asprodes\/","title":{"rendered":"Asociaci\u00f3n Asprodes Plena Inclusi\u00f3n Castilla y Le\u00f3n"},"content":{"rendered":"\n<p><\/p>\n\n\n\n<figure class=\"wp-block-image size-large img-logo_socio\"><img loading=\"lazy\" width=\"300\" height=\"200\" src=\"http:\/\/desarrollo.fronteira.eu\/fronteira2020\/wp-content\/uploads\/2020\/04\/logo_asprodes.jpg\" alt=\"\" class=\"wp-image-426\"\/><\/figure>\n\n\n\n<h3>Direcci\u00f3n:<\/h3>\n\n\n\n<p>Calle Mariseca 1, Bajo, 37003 Salamanca<\/p>\n\n\n\n<h3>Habilidades y experiencias relevantes:<\/h3>\n\n\n\n<p>Asprodes Plena inclusi\u00f3n Castilla y Le\u00f3n es una asociaci\u00f3n creada, hace m\u00e1s de 50 a\u00f1os, por un grupo de familias que decidieron emprender un trabajo colectivo de reivindicaci\u00f3n y, posteriormente, de gesti\u00f3n de centros y servicios.<\/p>\n\n\n\n<p>Asprodes lo forman las familias, las personas atendidas, los voluntarios, los socios, los clientes y los profesionales que d\u00eda a d\u00eda trabajan para mejorar la calidad de vida de las personas con discapacidad intelectual y sus familias.<\/p>\n\n\n\n<p>Actualmente, Asprodes gestiona diferentes centros de d\u00eda, un colegio de educaci\u00f3n especial, un centro especial de empleo, viviendas y residencias en Salamanca y su provincia, dando apoyo a m\u00e1s de 1000 personas con discapacidad y sus familia.<\/p>\n\n\n\n<h3>P\u00e1gina web, redes sociales y email de contacto:<\/h3>\n\n\n\n<div class=\"redes-socios\">\n\n<p><span class=\"fa fa-globe\"><\/span>    <a href=\"https:\/\/www.asprodes.es\/\" target=\"_blank\" rel=\"noopener noreferrer\">www.asprodes.es\/<\/a><\/p>\n\n<p><span class=\"fa fa-facebook-f\"><\/span>    <a href=\"https:\/\/www.facebook.com\/ASPRODES\/\" target=\"_blank\" rel=\"noopener noreferrer\">\nwww.facebook.com\/ASPRODES\/ <\/a><\/p>\n\n<p><span class=\"fa fa-twitter\"><\/span>    <a href=\"https:\/\/www.twitter.com\/asprodessalaman\" target=\"_blank\" rel=\"noopener noreferrer\">www.twitter.com\/asprodessalaman<\/a><\/p>\n\n<p><span class=\"fa fa-envelope\"><\/span>  <a href=\"mailto:asprodes@asprodes.es\" target=\"_blank\" rel=\"noopener noreferrer\">asprodes@asprodes.es<\/a><\/p> \n<\/div>\n","protected":false},"excerpt":{"rendered":"<p>(Socio Coordinador)<br \/>\nEs una asociaci\u00f3n creada, hace m\u00e1s de 50 a\u00f1os, por un grupo de familias que decidieron emprender un trabajo colectivo de reivindicaci\u00f3n y, posteriormente, de gesti\u00f3n de centros y servicios.<\/p>\n","protected":false},"author":1,"featured_media":221,"parent":26,"menu_order":0,"comment_status":"closed","ping_status":"closed","template":"","meta":[],"_links":{"self":[{"href":"https:\/\/www.fronteira.eu\/fronteira2020\/wp-json\/wp\/v2\/pages\/161"}],"collection":[{"href":"https:\/\/www.fronteira.eu\/fronteira2020\/wp-json\/wp\/v2\/pages"}],"about":[{"href":"https:\/\/www.fronteira.eu\/fronteira2020\/wp-json\/wp\/v2\/types\/page"}],"author":[{"embeddable":true,"href":"https:\/\/www.fronteira.eu\/fronteira2020\/wp-json\/wp\/v2\/users\/1"}],"replies":[{"embeddable":true,"href":"https:\/\/www.fronteira.eu\/fronteira2020\/wp-json\/wp\/v2\/comments?post=161"}],"version-history":[{"count":13,"href":"https:\/\/www.fronteira.eu\/fronteira2020\/wp-json\/wp\/v2\/pages\/161\/revisions"}],"predecessor-version":[{"id":799,"href":"https:\/\/www.fronteira.eu\/fronteira2020\/wp-json\/wp\/v2\/pages\/161\/revisions\/799"}],"up":[{"embeddable":true,"href":"https:\/\/www.fronteira.eu\/fronteira2020\/wp-json\/wp\/v2\/pages\/26"}],"wp:featuredmedia":[{"embeddable":true,"href":"https:\/\/www.fronteira.eu\/fronteira2020\/wp-json\/wp\/v2\/media\/221"}],"wp:attachment":[{"href":"https:\/\/www.fronteira.eu\/fronteira2020\/wp-json\/wp\/v2\/media?parent=161"}],"curies":[{"name":"wp","href":"https:\/\/api.w.org\/{rel}","templated":true}]}}