{"id":1367,"date":"2022-11-14T10:11:06","date_gmt":"2022-11-14T10:11:06","guid":{"rendered":"https:\/\/www.fronteira.eu\/fronteira2020\/?page_id=1367"},"modified":"2022-11-14T10:11:11","modified_gmt":"2022-11-14T10:11:11","slug":"bones-practiques","status":"publish","type":"page","link":"https:\/\/www.fronteira.eu\/fronteira2020\/pt\/bones-practiques\/","title":{"rendered":"Bones Practiques"},"content":{"rendered":"\n<p style=\"color:red;margin:auto auto; font-size:200%;text-align:center;font-weight:900;padding:2em;\">p\u00e1gina em constru\u00e7\u00e3o<\/p>\n","protected":false},"excerpt":{"rendered":"<p>p\u00e1gina em constru\u00e7\u00e3o<\/p>\n","protected":false},"author":1,"featured_media":0,"parent":0,"menu_order":0,"comment_status":"closed","ping_status":"closed","template":"","meta":[],"_links":{"self":[{"href":"https:\/\/www.fronteira.eu\/fronteira2020\/wp-json\/wp\/v2\/pages\/1367"}],"collection":[{"href":"https:\/\/www.fronteira.eu\/fronteira2020\/wp-json\/wp\/v2\/pages"}],"about":[{"href":"https:\/\/www.fronteira.eu\/fronteira2020\/wp-json\/wp\/v2\/types\/page"}],"author":[{"embeddable":true,"href":"https:\/\/www.fronteira.eu\/fronteira2020\/wp-json\/wp\/v2\/users\/1"}],"replies":[{"embeddable":true,"href":"https:\/\/www.fronteira.eu\/fronteira2020\/wp-json\/wp\/v2\/comments?post=1367"}],"version-history":[{"count":1,"href":"https:\/\/www.fronteira.eu\/fronteira2020\/wp-json\/wp\/v2\/pages\/1367\/revisions"}],"predecessor-version":[{"id":1368,"href":"https:\/\/www.fronteira.eu\/fronteira2020\/wp-json\/wp\/v2\/pages\/1367\/revisions\/1368"}],"wp:attachment":[{"href":"https:\/\/www.fronteira.eu\/fronteira2020\/wp-json\/wp\/v2\/media?parent=1367"}],"curies":[{"name":"wp","href":"https:\/\/api.w.org\/{rel}","templated":true}]}}