{"id":1206,"date":"2022-10-27T08:18:45","date_gmt":"2022-10-27T08:18:45","guid":{"rendered":"https:\/\/www.fronteira.eu\/fronteira2020\/?page_id=1206"},"modified":"2024-11-15T12:24:27","modified_gmt":"2024-11-15T12:24:27","slug":"buenas-practicas","status":"publish","type":"page","link":"https:\/\/www.fronteira.eu\/fronteira2020\/buenas-practicas\/","title":{"rendered":"Buenas Pr\u00e1cticas"},"content":{"rendered":"\n<p>En este apartado se presentan Buenas Practicas que se han ido recogiendo a lo largo de varios a\u00f1os en el marco de diversos encuentros y proyectos de \u00e1mbito nacional, auton\u00f3mico o transfronterizo, por entidades sociales.<\/p>\n\n\n\n<p>Sin \u00e1nimo de ser exhaustivos, varias Jornadas de Desarrollo Inclusivo organizadas por la Red Rural Nacional, el Proyecto \u201cC\u00edrculos de Innovaci\u00f3n Social: un modelo de apoyos a cada persona que reside en el medio rural\u201d, gestionado por la Red C\u00edrculos, el Proyecto de Cooperaci\u00f3n entre Grupos de Acci\u00f3n Local de Castilla y Le\u00f3n \u201cAutonom\u00eda personal, Dependencia y Empleo\u201d, y proyectos gestionados en el marco del Programa Operativo de la Cooperaci\u00f3n Transfronteriza Espa\u00f1a-Portugal (POCTEP), como el Proyecto ONEP o el Proyecto Fronteira 2020. <\/p>\n\n\n\n<p>Las buenas pr\u00e1cticas hacen referencia al tipo de territorio en el que se desarrollan o al tipo de servicio que prestan, de ah\u00ed que exista la posibilidad de acceder a ellas a trav\u00e9s de dos criterios de b\u00fasqueda:<\/p>\n\n\n\n<ol><li>Por tipo de comarca.<\/li><li>Por tipo de servicios.<\/li><\/ol>\n\n\n\n<h3>Tipolog\u00eda de Comarcas<\/h3>\n\n<!-- INTERMEDIA (interm)-->\n<div class=\"clasifica-bbpp\">\n\t <div class=\"container-fluid \" style=\"margin-top:2em;\">\n\t\t<div class=\"row justify-content-center\">\n\t\t\t<div class=\"col-md-4 col-sm-6 text-center item-bbpp\">\n\t\t\t\t<a href=\"\/fronteira2020\/buenas-practicas\/tipologia-de-comarcas#comarca_interm\">\n\t\t\t\t<img alt=\"\" src=\"\/fronteira2020\/wp-content\/images\/bbpp\/comarca_interm.jpg\" class=\"bbpp-image\">\n\t\t\t\t<p class=\"bbpp-txt\"><strong>Intermedia<\/strong><\/p><\/a>\n\t\t\t<\/div>\n\t\t\n\n\t\t\t<!-- PERIURBANA (per)-->\t\t\n\t\t\t<div class=\"col-md-4 col-sm-6 text-center item-bbpp\">\n\t\t\t\t<a href=\"\/fronteira2020\/buenas-practicas\/tipologia-de-comarcas#comarca_per\">\n\t\t\t\t<img alt=\"\" src=\"\/fronteira2020\/wp-content\/images\/bbpp\/comarca_per.jpg\" class=\"bbpp-image\">\n\t\t\t\t<p class=\"bbpp-txt\"><strong>Periurbana<\/strong><\/p><\/a>\n\t\t\t<\/div>\n\t\t\t\n\n\t\t\t<!-- Rural Cr\u00edtica (rc) -->\n\t\t\t<div class=\"col-md-4 col-sm-6 text-center item-bbpp\">\n\t\t\t\t<a href=\"\/fronteira2020\/buenas-practicas\/tipologia-de-comarcas#comarca_rc\">\n\t\t\t\t<img alt=\"\" src=\"\/fronteira2020\/wp-content\/images\/bbpp\/comarca_rc.jpg\" class=\"bbpp-image\">\n\t\t\t\t<p class=\"bbpp-txt\"><strong>Rural Cr\u00edtica<\/strong><\/p><\/a>\n\t\t\t<\/div>\n\t\t\t\n\n\t\t\t<!-- Rural No Cr\u00edtica (rnc)-->\n\t\t\t<div class=\"col-md-4 col-sm-6 text-center item-bbpp\">\n\t\t\t\t<a href=\"\/fronteira2020\/buenas-practicas\/tipologia-de-comarcas#comarca_rnc\">\n\t\t\t\t<img alt=\"\" src=\"\/fronteira2020\/wp-content\/images\/bbpp\/comarca_rnc.jpg\" class=\"bbpp-image\">\n\t\t\t\t<p class=\"bbpp-txt\"><strong>Rural No Cr\u00edtica<\/strong><\/p><\/a>\n\t\t\t<\/div>\n\t\t\t\n\t\t\t<!-- Transversal (tr)-->\n\t\t\t<div class=\"col-md-4 col-sm-6 text-center item-bbpp\">\n\t\t\t\t<a href=\"\/fronteira2020\/buenas-practicas\/tipologia-de-comarcas#comarca_tr\">\n\t\t\t\t<img alt=\"\" src=\"\/fronteira2020\/wp-content\/images\/bbpp\/comarca_tr.jpg\" class=\"bbpp-image\">\n\t\t\t\t<p class=\"bbpp-txt\"><strong>Transversal<\/strong><\/p><\/a>\n\t\t\t<\/div>\n\t\t<\/div>\n\t<\/div>\n<\/div>\n\n\n\n<h3>Cartera de Servicios<\/h3>\n<div class=\"clasifica-bbpp\">\n\t <div class=\"container-fluid \" style=\"margin-top:2em;\">\n\t\t<div class=\"row justify-content-center\">\n\t\t\t<!-- Alzheimer (ALZH)-->\n\t\t\t<div class=\"col-md-4 col-sm-6 text-center item-bbpp\">\n\t\t\t\t<a href=\"\/fronteira2020\/buenas-practicas\/cartera-de-servicios#servicio_alzh\">\n\t\t\t\t<img alt=\"Alzheimer\" src=\"\/fronteira2020\/wp-content\/images\/bbpp\/servicio_alzh.jpg\" class=\"bbpp-image\">\n\t\t\t\t<p class=\"bbpp-txt\"><strong>Alzheimer<\/strong><\/p><\/a>\n\t\t\t<\/div>\n\t\t\n\t\t\t<!-- Catering (CATER)-->\n\t\t\t<div class=\"col-md-4 col-sm-6 text-center item-bbpp\">\n\t\t\t\t<a href=\"\/fronteira2020\/buenas-practicas\/cartera-de-servicios#servicio_cater\">\n\t\t\t\t<img alt=\"Catering\" src=\"\/fronteira2020\/wp-content\/images\/bbpp\/servicio_cater.jpg\" class=\"bbpp-image\">\n\t\t\t\t<p class=\"bbpp-txt\"><strong>Catering<\/strong><\/p><\/a>\n\t\t\t<\/div>\n\t\t\t\n\t\t\t<!-- Centro de Dia Discpac Intelectual\/ Enfermedad Mental (CD-DI\/EM)-->\n\t\t\t<div class=\"col-md-4 col-sm-6 text-center item-bbpp\">\n\t\t\t\t<a href=\"\/fronteira2020\/buenas-practicas\/cartera-de-servicios#servicio_cd-di-em\">\n\t\t\t\t<img alt=\"Centro de Dia Discpac Intelectual\" src=\"\/fronteira2020\/wp-content\/images\/bbpp\/servicio_cd-di-em.jpg\" class=\"bbpp-image\">\n\t\t\t\t<p class=\"bbpp-txt\"><strong>Centro de D\u00eda Discpacidad Intelectual\/ Enfermedad Mental<\/strong><\/p><\/a>\n\t\t\t<\/div>\n\t\t\t\n\t\t\t<!-- Centro Dia Mayores (CD-DI\/EM)-->\n\t\t\t<div class=\"col-md-4 col-sm-6 text-center item-bbpp\">\n\t\t\t\t<a href=\"\/fronteira2020\/buenas-practicas\/cartera-de-servicios#servicio_cd-may\">\n\t\t\t\t<img alt=\"Centro Dia Mayores\" src=\"\/fronteira2020\/wp-content\/images\/bbpp\/servicio_cd-may.jpg\" class=\"bbpp-image\">\n\t\t\t\t<p class=\"bbpp-txt\"><strong>Centro de D\u00eda Mayores<\/strong><\/p><\/a>\n\t\t\t<\/div>\n\t\t\t\n\t\t\t<!-- Comunidad  (COMUN)-->\n\t\t\t<div class=\"col-md-4 col-sm-6 text-center item-bbpp\">\n\t\t\t\t<a href=\"\/fronteira2020\/buenas-practicas\/cartera-de-servicios#servicio_comun\">\n\t\t\t\t<img alt=\"Comunidad\" src=\"\/fronteira2020\/wp-content\/images\/bbpp\/servicio_comun.jpg\" class=\"bbpp-image\">\n\t\t\t\t<p class=\"bbpp-txt\"><strong>Comunidad<\/strong><\/p><\/a>\n\t\t\t<\/div>\n\t\t\t\n\t\t\t<!-- Desarrollo Integral  (DESINTEG)-->\n\t\t\t<div class=\"col-md-4 col-sm-6 text-center item-bbpp\">\n\t\t\t\t<a href=\"\/fronteira2020\/buenas-practicas\/cartera-de-servicios#servicio_desinteg\">\n\t\t\t\t<img alt=\"Desarrollo Integral\" src=\"\/fronteira2020\/wp-content\/images\/bbpp\/servicio_desinteg.jpg\" class=\"bbpp-image\">\n\t\t\t\t<p class=\"bbpp-txt\"><strong>Desarrollo Integral<\/strong><\/p><\/a>\n\t\t\t<\/div>\n\t\t\t\n\t\t\t<!-- Desarrollo Rural  (DESRURAL)-->\n\t\t\t<div class=\"col-md-4 col-sm-6 text-center item-bbpp\">\n\t\t\t\t<a href=\"\/fronteira2020\/buenas-practicas\/cartera-de-servicios#servicio_desrural\">\n\t\t\t\t<img alt=\"Desarrollo Rural\" src=\"\/fronteira2020\/wp-content\/images\/bbpp\/servicio_desrural.jpg\" class=\"bbpp-image\">\n\t\t\t\t<p class=\"bbpp-txt\"><strong>Desarrollo Rural<\/strong><\/p><\/a>\n\t\t\t<\/div>\n\t\t\t\n\t\t\t<!-- Fisioterapia  (FISIO)-->\n\t\t\t<div class=\"col-md-4 col-sm-6 text-center item-bbpp\">\n\t\t\t\t<a href=\"\/fronteira2020\/buenas-practicas\/cartera-de-servicios#servicio_fisio\">\n\t\t\t\t<img alt=\"Fisioterapia\" src=\"\/fronteira2020\/wp-content\/images\/bbpp\/servicio_fisio.jpg\" class=\"bbpp-image\">\n\t\t\t\t<p class=\"bbpp-txt\"><strong>Fisioterapia  <\/strong><\/p><\/a>\n\t\t\t<\/div>\n\t\t\t\n\t\t\t<!-- Formaci\u00f3n y Empleo  (FyE)-->\n\t\t\t<div class=\"col-md-4 col-sm-6 text-center item-bbpp\">\n\t\t\t\t<a href=\"\/fronteira2020\/buenas-practicas\/cartera-de-servicios#servicio_fye\">\n\t\t\t\t<img alt=\"Formaci\u00f3n y Empleo\" src=\"\/fronteira2020\/wp-content\/images\/bbpp\/servicio_fye.jpg\" class=\"bbpp-image\">\n\t\t\t\t<p class=\"bbpp-txt\"><strong>Formaci\u00f3n y Empleo<\/strong><\/p><\/a>\n\t\t\t<\/div>\n\t\t\t\n\t\t\t<!-- Infancia  (INFAN)-->\n\t\t\t<div class=\"col-md-4 col-sm-6 text-center item-bbpp\">\n\t\t\t\t<a href=\"\/fronteira2020\/buenas-practicas\/cartera-de-servicios#servicio_infan\">\n\t\t\t\t<img alt=\"Infancia\" src=\"\/fronteira2020\/wp-content\/images\/bbpp\/servicio_infan.jpg\" class=\"bbpp-image\">\n\t\t\t\t<p class=\"bbpp-txt\"><strong>Infancia<\/strong><\/p><\/a>\n\t\t\t<\/div>\n\t\t\t\n\t\t\t<!-- Jovenes  (JOVEN)-->\n\t\t\t<div class=\"col-md-4 col-sm-6 text-center item-bbpp\">\n\t\t\t\t<a href=\"\/fronteira2020\/buenas-practicas\/cartera-de-servicios#servicio_joven\">\n\t\t\t\t<img alt=\"Jovenes\" src=\"\/fronteira2020\/wp-content\/images\/bbpp\/servicio_joven.jpg\" class=\"bbpp-image\">\n\t\t\t\t<p class=\"bbpp-txt\"><strong>J\u00f3venes<\/strong><\/p><\/a>\n\t\t\t<\/div>\n\t\t\t\n\t\t\t<!-- Multiservicios  (MULTI)-->\n\t\t\t<div class=\"col-md-4 col-sm-6 text-center item-bbpp\">\n\t\t\t\t<a href=\"\/fronteira2020\/buenas-practicas\/cartera-de-servicios#servicio_multi\">\n\t\t\t\t<img alt=\"Jovenes\" src=\"\/fronteira2020\/wp-content\/images\/bbpp\/servicio_multi.jpg\" class=\"bbpp-image\">\n\t\t\t\t<p class=\"bbpp-txt\"><strong>Multiservicios<\/strong><\/p><\/a>\n\t\t\t<\/div>\n\t\t\t\n\t\t\t<!-- Repoblacion  (REPOB)-->\n\t\t\t<div class=\"col-md-4 col-sm-6 text-center item-bbpp\">\n\t\t\t\t<a href=\"\/fronteira2020\/buenas-practicas\/cartera-de-servicios#servicio_repob\">\n\t\t\t\t<img alt=\"Jovenes\" src=\"\/fronteira2020\/wp-content\/images\/bbpp\/servicio_repob.jpg\" class=\"bbpp-image\">\n\t\t\t\t<p class=\"bbpp-txt\"><strong>Repoblaci\u00f3n<\/strong><\/p><\/a>\n\t\t\t<\/div>\n\t\t\t\n\t\t\t<!-- Servicio de Vida Independiente  (SVI)-->\n\t\t\t<div class=\"col-md-4 col-sm-6 text-center item-bbpp\">\n\t\t\t\t<a href=\"\/fronteira2020\/buenas-practicas\/cartera-de-servicios#servicio_svi\">\n\t\t\t\t<img alt=\"Jovenes\" src=\"\/fronteira2020\/wp-content\/images\/bbpp\/servicio_svi.jpg\" class=\"bbpp-image\">\n\t\t\t\t<p class=\"bbpp-txt\"><strong>Servicio de Vida Independiente<\/strong><\/p><\/a>\n\t\t\t<\/div>\n\t\t\t\n\t\t\t<!-- Transporte  (TRANSP)-->\n\t\t\t<div class=\"col-md-4 col-sm-6 text-center item-bbpp\">\n\t\t\t\t<a href=\"\/fronteira2020\/buenas-practicas\/cartera-de-servicios#servicio_transp\">\n\t\t\t\t<img alt=\"Jovenes\" src=\"\/fronteira2020\/wp-content\/images\/bbpp\/servicio_transp.jpg\" class=\"bbpp-image\">\n\t\t\t\t<p class=\"bbpp-txt\"><strong>Transporte<\/strong><\/p><\/a>\n\t\t\t<\/div>\n\t\t\t\n\t\t\t<!-- Vivienda Discapac Intelectual\/ Enfermedad Mental  (VIV-DI\/EM)-->\n\t\t\t<div class=\"col-md-4 col-sm-6 text-center item-bbpp\">\n\t\t\t\t<a href=\"\/fronteira2020\/buenas-practicas\/cartera-de-servicios#servicio_viv-di-em\">\n\t\t\t\t<img alt=\"Jovenes\" src=\"\/fronteira2020\/wp-content\/images\/bbpp\/servicio_viv-di-em.jpg\" class=\"bbpp-image\">\n\t\t\t\t<p class=\"bbpp-txt\"><strong>Vivienda Discapacidad Intelectual\/ Enfermedad Mental <\/strong><\/p><\/a>\n\t\t\t<\/div>\n\t\t<\/div>\n\t<\/div>\n<\/div>\n","protected":false},"excerpt":{"rendered":"<p>En este apartado se presentan Buenas Practicas que se han ido recogiendo a lo largo de varios a\u00f1os en el marco de diversos encuentros y proyectos de \u00e1mbito nacional, auton\u00f3mico o transfronterizo, por entidades sociales. Sin \u00e1nimo de ser exhaustivos,<\/p>\n","protected":false},"author":1,"featured_media":0,"parent":0,"menu_order":0,"comment_status":"closed","ping_status":"closed","template":"","meta":[],"_links":{"self":[{"href":"https:\/\/www.fronteira.eu\/fronteira2020\/wp-json\/wp\/v2\/pages\/1206"}],"collection":[{"href":"https:\/\/www.fronteira.eu\/fronteira2020\/wp-json\/wp\/v2\/pages"}],"about":[{"href":"https:\/\/www.fronteira.eu\/fronteira2020\/wp-json\/wp\/v2\/types\/page"}],"author":[{"embeddable":true,"href":"https:\/\/www.fronteira.eu\/fronteira2020\/wp-json\/wp\/v2\/users\/1"}],"replies":[{"embeddable":true,"href":"https:\/\/www.fronteira.eu\/fronteira2020\/wp-json\/wp\/v2\/comments?post=1206"}],"version-history":[{"count":52,"href":"https:\/\/www.fronteira.eu\/fronteira2020\/wp-json\/wp\/v2\/pages\/1206\/revisions"}],"predecessor-version":[{"id":1510,"href":"https:\/\/www.fronteira.eu\/fronteira2020\/wp-json\/wp\/v2\/pages\/1206\/revisions\/1510"}],"wp:attachment":[{"href":"https:\/\/www.fronteira.eu\/fronteira2020\/wp-json\/wp\/v2\/media?parent=1206"}],"curies":[{"name":"wp","href":"https:\/\/api.w.org\/{rel}","templated":true}]}}