{"id":1001,"date":"2021-12-20T09:55:45","date_gmt":"2021-12-20T09:55:45","guid":{"rendered":"https:\/\/www.fronteira.eu\/fronteira2020\/?page_id=1001"},"modified":"2023-09-14T15:16:58","modified_gmt":"2023-09-14T15:16:58","slug":"videos","status":"publish","type":"page","link":"https:\/\/www.fronteira.eu\/fronteira2020\/videos\/","title":{"rendered":"V\u00eddeos"},"content":{"rendered":"\n<h3>Jornadas de Innovaci\u00f3n Tur\u00edstica<\/h3>\n\n\n\n<div class=\"container-fluid \">\n\t<div class=\"row justify-content-center\">\n\t<div class=\"col-md-6 col-sm-12 text-center item-video\">\n       <iframe loading=\"lazy\" width=\"560\" height=\"315\" src=\"https:\/\/www.youtube.com\/embed\/58t6Tv49hrU\" title=\"YouTube video player\" frameborder=\"0\" allow=\"accelerometer; autoplay; clipboard-write; encrypted-media; gyroscope; picture-in-picture\" allowfullscreen=\"\"><\/iframe>\n<p class=\"pvideo\">Mesa Estrategias, Planes y Programas de Excelencia de Sostenibilidad Tur\u00edstica<\/p>\n    <\/div>\n     <div class=\"col-md-6 col-sm-12 text-center item-video\">\n       <iframe loading=\"lazy\" width=\"560\" height=\"315\" src=\"https:\/\/www.youtube.com\/embed\/PjsyjykwIDg\" title=\"YouTube video player\" frameborder=\"0\" allow=\"accelerometer; autoplay; clipboard-write; encrypted-media; gyroscope; picture-in-picture\" allowfullscreen=\"\"><\/iframe>\n\t   <p class=\"pvideo\">Mesa Formaci\u00f3n en Hosteler\u00eda y Turismo<\/p>\n    <\/div>\n     <div class=\"col-md-6 col-sm-12 text-center item-video\">\n        <iframe loading=\"lazy\" width=\"560\" height=\"315\" src=\"https:\/\/www.youtube.com\/embed\/8k4k5QWSI1I\" title=\"YouTube video player\" frameborder=\"0\" allow=\"accelerometer; autoplay; clipboard-write; encrypted-media; gyroscope; picture-in-picture\" allowfullscreen=\"\"><\/iframe>\n\t\t<p class=\"pvideo\">Mesa Empleo dirigido a colectivos prioritarios<\/p>\n    <\/div>\n    <div class=\"col-md-6 col-sm-12 text-center item-video\">\n       <iframe loading=\"lazy\" width=\"560\" height=\"315\" src=\"https:\/\/www.youtube.com\/embed\/ys99qCvK_4k\" title=\"YouTube video player\" frameborder=\"0\" allow=\"accelerometer; autoplay; clipboard-write; encrypted-media; gyroscope; picture-in-picture\" allowfullscreen=\"\"><\/iframe>\n\t   <p class=\"pvideo\">Sesi\u00f3n din\u00e1mica Configuraci\u00f3n de Experiencias Tur\u00edsticas Transfronterizas en Turismo<\/p>\n    <\/div>\n\t<div class=\"col-md-6 col-sm-12 text-center item-video\">\n       <iframe loading=\"lazy\" width=\"560\" height=\"315\" src=\"https:\/\/www.youtube.com\/embed\/EKV9hSv5hQs\" title=\"YouTube video player\" frameborder=\"0\" allow=\"accelerometer; autoplay; clipboard-write; encrypted-media; gyroscope; picture-in-picture\" allowfullscreen=\"\"><\/iframe>\n\t   <p class=\"pvideo\">Mesa Soluciones Tecnol\u00f3gicas, Productos de Apoyo y Accesibilidad de recursos tur\u00edsticos<\/p>\n    <\/div>\n\t<div class=\"col-md-6 col-sm-12 text-center item-video\">\n       <iframe loading=\"lazy\" width=\"560\" height=\"315\" src=\"https:\/\/www.youtube.com\/embed\/56c_EnBVQxA\" title=\"YouTube video player\" frameborder=\"0\" allow=\"accelerometer; autoplay; clipboard-write; encrypted-media; gyroscope; picture-in-picture\" allowfullscreen=\"\"><\/iframe>\n\t   <p class=\"pvideo\">Jornadas de Innovaci\u00f3n Tur\u00edstica<\/p>\n    <\/div>\n<\/div>\n<\/div>\n\n\n\n<h3>Nuevos Yacimientos de Empleo<\/h3>\n\n\n\n<div class=\"container-fluid \">\n\t<div class=\"row justify-content-center\">\n\t<div class=\"col-md-6 col-sm-12 text-center item-video\">\n       <iframe loading=\"lazy\" width=\"560\" height=\"315\" src=\"https:\/\/www.youtube.com\/embed\/PvuHtsnkI7A\" title=\"YouTube video player\" frameborder=\"0\" allow=\"accelerometer; autoplay; clipboard-write; encrypted-media; gyroscope; picture-in-picture\" allowfullscreen=\"\"><\/iframe>\n    <\/div>\n     <div class=\"col-md-6 col-sm-12 text-center item-video\">\n       <iframe loading=\"lazy\" width=\"560\" height=\"315\" src=\"https:\/\/www.youtube.com\/embed\/yoDkoy-Gw6k\" title=\"YouTube video player\" frameborder=\"0\" allow=\"accelerometer; autoplay; clipboard-write; encrypted-media; gyroscope; picture-in-picture\" allowfullscreen=\"\"><\/iframe>\n    <\/div>\n     <div class=\"col-md-6 col-sm-12 text-center item-video\">\n        <iframe loading=\"lazy\" width=\"560\" height=\"315\" src=\"https:\/\/www.youtube.com\/embed\/boumgmaacO0\" title=\"YouTube video player\" frameborder=\"0\" allow=\"accelerometer; autoplay; clipboard-write; encrypted-media; gyroscope; picture-in-picture\" allowfullscreen=\"\"><\/iframe>\n    <\/div>\n    <div class=\"col-md-6 col-sm-12 text-center item-video\">\n       <iframe loading=\"lazy\" width=\"560\" height=\"315\" src=\"https:\/\/www.youtube.com\/embed\/ChpTcej2HIg\" title=\"YouTube video player\" frameborder=\"0\" allow=\"accelerometer; autoplay; clipboard-write; encrypted-media; gyroscope; picture-in-picture\" allowfullscreen=\"\"><\/iframe>\n    <\/div>\n <div class=\"col-md-6 col-sm-12 text-center item-video\">\n        <iframe loading=\"lazy\" width=\"100%\" height=\"315\" src=\"https:\/\/www.youtube.com\/embed\/nsB1kzyADa8\" title=\"YouTube video player\" frameborder=\"0\" allow=\"accelerometer; autoplay; clipboard-write; encrypted-media; gyroscope; picture-in-picture\" allowfullscreen=\"\"><\/iframe>\n    <\/div>\n<\/div>\n<\/div>\n","protected":false},"excerpt":{"rendered":"<p>Jornadas de Innovaci\u00f3n Tur\u00edstica Mesa Estrategias, Planes y Programas de Excelencia de Sostenibilidad Tur\u00edstica Mesa Formaci\u00f3n en Hosteler\u00eda y Turismo Mesa Empleo dirigido a colectivos prioritarios Sesi\u00f3n din\u00e1mica Configuraci\u00f3n de Experiencias Tur\u00edsticas Transfronterizas en Turismo Mesa Soluciones Tecnol\u00f3gicas, Productos de<\/p>\n","protected":false},"author":1,"featured_media":0,"parent":0,"menu_order":0,"comment_status":"closed","ping_status":"closed","template":"","meta":[],"_links":{"self":[{"href":"https:\/\/www.fronteira.eu\/fronteira2020\/wp-json\/wp\/v2\/pages\/1001"}],"collection":[{"href":"https:\/\/www.fronteira.eu\/fronteira2020\/wp-json\/wp\/v2\/pages"}],"about":[{"href":"https:\/\/www.fronteira.eu\/fronteira2020\/wp-json\/wp\/v2\/types\/page"}],"author":[{"embeddable":true,"href":"https:\/\/www.fronteira.eu\/fronteira2020\/wp-json\/wp\/v2\/users\/1"}],"replies":[{"embeddable":true,"href":"https:\/\/www.fronteira.eu\/fronteira2020\/wp-json\/wp\/v2\/comments?post=1001"}],"version-history":[{"count":19,"href":"https:\/\/www.fronteira.eu\/fronteira2020\/wp-json\/wp\/v2\/pages\/1001\/revisions"}],"predecessor-version":[{"id":1473,"href":"https:\/\/www.fronteira.eu\/fronteira2020\/wp-json\/wp\/v2\/pages\/1001\/revisions\/1473"}],"wp:attachment":[{"href":"https:\/\/www.fronteira.eu\/fronteira2020\/wp-json\/wp\/v2\/media?parent=1001"}],"curies":[{"name":"wp","href":"https:\/\/api.w.org\/{rel}","templated":true}]}}