{"id":8,"date":"2020-04-02T09:03:48","date_gmt":"2020-04-02T09:03:48","guid":{"rendered":"http:\/\/desarrollo.fronteira.eu\/RISfronteira\/?page_id=8"},"modified":"2024-11-13T07:28:11","modified_gmt":"2024-11-13T07:28:11","slug":"actualidad","status":"publish","type":"page","link":"https:\/\/www.fronteira.eu\/RISfronteira\/actualidad\/","title":{"rendered":"Actualidad"},"content":{"rendered":"\n<div class=\"actualidad\"><style>.wp-show-posts-columns#wpsp-547 {margin-left: -2em; }.wp-show-posts-columns#wpsp-547 .wp-show-posts-inner {margin: 0 0 2em 2em; }<\/style><section id=\"wpsp-547\" class=\" wp-show-posts-columns wp-show-posts\" style=\"\"><article class=\" wp-show-posts-single post-1770 post type-post status-publish format-standard hentry category-noticias wpsp-col-4\" itemtype=\"http:\/\/schema.org\/CreativeWork\" itemscope><div class=\"wp-show-posts-inner\" style=\"\">\t\t\t\t\t\t<header class=\"wp-show-posts-entry-header\">\n\t\t\t\t\t\t\t<h3 class=\"wp-show-posts-entry-title\" itemprop=\"headline\"><a href=\"https:\/\/www.fronteira.eu\/RISfronteira\/ris-fronteira-avanza-en-innovacion-social-y-cuidados-de-larga-duracion-en-castilla-y-leon\/\" rel=\"bookmark\">RIS Fronteira avanza en innovaci\u00f3n social y cuidados de larga duraci\u00f3n<\/a><\/h3><div class=\"wp-show-posts-entry-meta wp-show-posts-entry-meta-below-title post-meta-inline\"><span class=\"wp-show-posts-posted-on wp-show-posts-meta\">\n\t\t\t\t\t<a href=\"https:\/\/www.fronteira.eu\/RISfronteira\/ris-fronteira-avanza-en-innovacion-social-y-cuidados-de-larga-duracion-en-castilla-y-leon\/\" title=\"08:22\" rel=\"bookmark\"><time class=\"wp-show-posts-entry-date published\" datetime=\"2025-10-29T08:22:24+00:00\" itemprop=\"datePublished\">29 octubre 2025<\/time><time class=\"wp-show-posts-updated\" datetime=\"2025-10-29T08:29:58+00:00\" itemprop=\"dateModified\">29 octubre 2025<\/time><\/a>\n\t\t\t\t<\/span><\/div>\t\t\t\t\t\t<\/header><!-- .entry-header -->\n\t\t\t\t\t\t\t\t\t\t\t<div class=\"wp-show-posts-entry-summary\" itemprop=\"text\">\n\t\t\t\t\t\t\t<p>Se ha celebrado en Salamanca una nueva jornada transfronteriza de RIS Fronteira, iniciativa enmarcada en el Programa Operativo de Cooperaci\u00f3n Transfronteriza Espa\u00f1a-Portugal (POCTEP), dedicada al desarrollo de Comunidades de Cuidados&#8230;<\/p>\n\t\t\t\t\t\t<\/div><!-- .entry-summary -->\n\t\t\t\t\t<div class=\"wpsp-read-more\"><a title=\"RIS Fronteira avanza en innovaci\u00f3n social y cuidados de larga duraci\u00f3n\" class=\"btn-mas\" href=\"https:\/\/www.fronteira.eu\/RISfronteira\/ris-fronteira-avanza-en-innovacion-social-y-cuidados-de-larga-duracion-en-castilla-y-leon\/\">Leer m\u00e1s<\/a><\/div><\/div><!-- wp-show-posts-inner --><\/article><article class=\" wp-show-posts-single post-1755 post type-post status-publish format-standard hentry category-noticias wpsp-col-4\" itemtype=\"http:\/\/schema.org\/CreativeWork\" itemscope><div class=\"wp-show-posts-inner\" style=\"\">\t\t\t\t\t\t<header class=\"wp-show-posts-entry-header\">\n\t\t\t\t\t\t\t<h3 class=\"wp-show-posts-entry-title\" itemprop=\"headline\"><a href=\"https:\/\/www.fronteira.eu\/RISfronteira\/ris-fronteira-refuerza-la-cooperacion-transfronteriza-en-innovacion-para-los-cuidados-con-un-encuentro-en-valladolid\/\" rel=\"bookmark\">RIS Fronteira refuerza la cooperaci\u00f3n transfronteriza en innovaci\u00f3n para los cuidados con un encuentro en Valladolid<\/a><\/h3><div class=\"wp-show-posts-entry-meta wp-show-posts-entry-meta-below-title post-meta-inline\"><span class=\"wp-show-posts-posted-on wp-show-posts-meta\">\n\t\t\t\t\t<a href=\"https:\/\/www.fronteira.eu\/RISfronteira\/ris-fronteira-refuerza-la-cooperacion-transfronteriza-en-innovacion-para-los-cuidados-con-un-encuentro-en-valladolid\/\" title=\"11:16\" rel=\"bookmark\"><time class=\"wp-show-posts-entry-date published\" datetime=\"2025-06-03T11:16:00+00:00\" itemprop=\"datePublished\">3 junio 2025<\/time><time class=\"wp-show-posts-updated\" datetime=\"2025-06-12T11:20:56+00:00\" itemprop=\"dateModified\">12 junio 2025<\/time><\/a>\n\t\t\t\t<\/span><\/div>\t\t\t\t\t\t<\/header><!-- .entry-header -->\n\t\t\t\t\t\t\t\t\t\t\t<div class=\"wp-show-posts-entry-summary\" itemprop=\"text\">\n\t\t\t\t\t\t\t<p>El 2 de junio, las entidades socias del proyecto RIS Fronteira se reunieron en Valladolid para celebrar una jornada de trabajo centrada en el hub social, el espacio del proyecto&#8230;<\/p>\n\t\t\t\t\t\t<\/div><!-- .entry-summary -->\n\t\t\t\t\t<div class=\"wpsp-read-more\"><a title=\"RIS Fronteira refuerza la cooperaci\u00f3n transfronteriza en innovaci\u00f3n para los cuidados con un encuentro en Valladolid\" class=\"btn-mas\" href=\"https:\/\/www.fronteira.eu\/RISfronteira\/ris-fronteira-refuerza-la-cooperacion-transfronteriza-en-innovacion-para-los-cuidados-con-un-encuentro-en-valladolid\/\">Leer m\u00e1s<\/a><\/div><\/div><!-- wp-show-posts-inner --><\/article><article class=\" wp-show-posts-single post-1747 post type-post status-publish format-standard hentry category-noticias wpsp-col-4\" itemtype=\"http:\/\/schema.org\/CreativeWork\" itemscope><div class=\"wp-show-posts-inner\" style=\"\">\t\t\t\t\t\t<header class=\"wp-show-posts-entry-header\">\n\t\t\t\t\t\t\t<h3 class=\"wp-show-posts-entry-title\" itemprop=\"headline\"><a href=\"https:\/\/www.fronteira.eu\/RISfronteira\/hackathon-transfronterizo-para-disenar-soluciones-innovadoras-en-turismo-accesible-y-sostenible\/\" rel=\"bookmark\">Hackathon transfronterizo para dise\u00f1ar soluciones innovadoras en turismo accesible y sostenible<\/a><\/h3><div class=\"wp-show-posts-entry-meta wp-show-posts-entry-meta-below-title post-meta-inline\"><span class=\"wp-show-posts-posted-on wp-show-posts-meta\">\n\t\t\t\t\t<a href=\"https:\/\/www.fronteira.eu\/RISfronteira\/hackathon-transfronterizo-para-disenar-soluciones-innovadoras-en-turismo-accesible-y-sostenible\/\" title=\"08:42\" rel=\"bookmark\"><time class=\"wp-show-posts-entry-date published\" datetime=\"2025-05-20T08:42:18+00:00\" itemprop=\"datePublished\">20 mayo 2025<\/time><time class=\"wp-show-posts-updated\" datetime=\"2025-05-20T08:42:22+00:00\" itemprop=\"dateModified\">20 mayo 2025<\/time><\/a>\n\t\t\t\t<\/span><\/div>\t\t\t\t\t\t<\/header><!-- .entry-header -->\n\t\t\t\t\t\t\t\t\t\t\t<div class=\"wp-show-posts-entry-summary\" itemprop=\"text\">\n\t\t\t\t\t\t\t<p>El pr\u00f3ximo 28 de mayo, la localidad portuguesa de Seia (Guarda, Portugal) ser\u00e1 sede de las Jornadas Luso-Espa\u00f1olas de Turismo Accesible y Sostenible, una iniciativa enmarcada en el proyecto europeo&#8230;<\/p>\n\t\t\t\t\t\t<\/div><!-- .entry-summary -->\n\t\t\t\t\t<div class=\"wpsp-read-more\"><a title=\"Hackathon transfronterizo para dise\u00f1ar soluciones innovadoras en turismo accesible y sostenible\" class=\"btn-mas\" href=\"https:\/\/www.fronteira.eu\/RISfronteira\/hackathon-transfronterizo-para-disenar-soluciones-innovadoras-en-turismo-accesible-y-sostenible\/\">Leer m\u00e1s<\/a><\/div><\/div><!-- wp-show-posts-inner --><\/article><article class=\" wp-show-posts-single post-1739 post type-post status-publish format-standard hentry category-noticias wpsp-col-4\" itemtype=\"http:\/\/schema.org\/CreativeWork\" itemscope><div class=\"wp-show-posts-inner\" style=\"\">\t\t\t\t\t\t<header class=\"wp-show-posts-entry-header\">\n\t\t\t\t\t\t\t<h3 class=\"wp-show-posts-entry-title\" itemprop=\"headline\"><a href=\"https:\/\/www.fronteira.eu\/RISfronteira\/alijo-acoge-la-conferencia-innovar-y-transformar-comunidades-para-promover-soluciones-de-inclusion-y-sostenibilidad\/\" rel=\"bookmark\">Alij\u00f3 acoge la conferencia \u201cInnovar y Transformar Comunidades\u201d para promover soluciones de inclusi\u00f3n y sostenibilidad<\/a><\/h3><div class=\"wp-show-posts-entry-meta wp-show-posts-entry-meta-below-title post-meta-inline\"><span class=\"wp-show-posts-posted-on wp-show-posts-meta\">\n\t\t\t\t\t<a href=\"https:\/\/www.fronteira.eu\/RISfronteira\/alijo-acoge-la-conferencia-innovar-y-transformar-comunidades-para-promover-soluciones-de-inclusion-y-sostenibilidad\/\" title=\"09:28\" rel=\"bookmark\"><time class=\"wp-show-posts-entry-date published\" datetime=\"2025-03-20T09:28:20+00:00\" itemprop=\"datePublished\">20 marzo 2025<\/time><time class=\"wp-show-posts-updated\" datetime=\"2025-03-20T09:30:44+00:00\" itemprop=\"dateModified\">20 marzo 2025<\/time><\/a>\n\t\t\t\t<\/span><\/div>\t\t\t\t\t\t<\/header><!-- .entry-header -->\n\t\t\t\t\t\t\t\t\t\t\t<div class=\"wp-show-posts-entry-summary\" itemprop=\"text\">\n\t\t\t\t\t\t\t<p>El Auditorio Municipal de Alij\u00f3 (Portugal) ha sido el escenario de una jornada de trabajo colaborativo en la que profesionales y representantes de diversas entidades, se reunieron para analizar los&#8230;<\/p>\n\t\t\t\t\t\t<\/div><!-- .entry-summary -->\n\t\t\t\t\t<div class=\"wpsp-read-more\"><a title=\"Alij\u00f3 acoge la conferencia \u201cInnovar y Transformar Comunidades\u201d para promover soluciones de inclusi\u00f3n y sostenibilidad\" class=\"btn-mas\" href=\"https:\/\/www.fronteira.eu\/RISfronteira\/alijo-acoge-la-conferencia-innovar-y-transformar-comunidades-para-promover-soluciones-de-inclusion-y-sostenibilidad\/\">Leer m\u00e1s<\/a><\/div><\/div><!-- wp-show-posts-inner --><\/article><article class=\" wp-show-posts-single post-1679 post type-post status-publish format-standard hentry category-noticias wpsp-col-4\" itemtype=\"http:\/\/schema.org\/CreativeWork\" itemscope><div class=\"wp-show-posts-inner\" style=\"\">\t\t\t\t\t\t<header class=\"wp-show-posts-entry-header\">\n\t\t\t\t\t\t\t<h3 class=\"wp-show-posts-entry-title\" itemprop=\"headline\"><a href=\"https:\/\/www.fronteira.eu\/RISfronteira\/la-gerencia-de-servicios-sociales-lidera-una-jornada-de-gestion-del-conocimiento-sobre-la-economia-de-los-cuidados-en-el-marco-del-proyecto-ris-fronteira\/\" rel=\"bookmark\">La Gerencia de Servicios Sociales lidera una jornada de gesti\u00f3n del conocimiento sobre la econom\u00eda de los cuidados, en el marco del proyecto RIS Fronteira<\/a><\/h3><div class=\"wp-show-posts-entry-meta wp-show-posts-entry-meta-below-title post-meta-inline\"><span class=\"wp-show-posts-posted-on wp-show-posts-meta\">\n\t\t\t\t\t<a href=\"https:\/\/www.fronteira.eu\/RISfronteira\/la-gerencia-de-servicios-sociales-lidera-una-jornada-de-gestion-del-conocimiento-sobre-la-economia-de-los-cuidados-en-el-marco-del-proyecto-ris-fronteira\/\" title=\"10:05\" rel=\"bookmark\"><time class=\"wp-show-posts-entry-date published\" datetime=\"2024-11-14T10:05:58+00:00\" itemprop=\"datePublished\">14 noviembre 2024<\/time><time class=\"wp-show-posts-updated\" datetime=\"2024-11-14T10:09:34+00:00\" itemprop=\"dateModified\">14 noviembre 2024<\/time><\/a>\n\t\t\t\t<\/span><\/div>\t\t\t\t\t\t<\/header><!-- .entry-header -->\n\t\t\t\t\t\t\t\t\t\t\t<div class=\"wp-show-posts-entry-summary\" itemprop=\"text\">\n\t\t\t\t\t\t\t<p>El director general de personas mayores, personas con discapacidad y atenci\u00f3n a la dependencia, de la Gerencia de Servicios Sociales de Castilla y Le\u00f3n, Eduardo Garc\u00eda Brea, ha inaugurado las&#8230;<\/p>\n\t\t\t\t\t\t<\/div><!-- .entry-summary -->\n\t\t\t\t\t<div class=\"wpsp-read-more\"><a title=\"La Gerencia de Servicios Sociales lidera una jornada de gesti\u00f3n del conocimiento sobre la econom\u00eda de los cuidados, en el marco del proyecto RIS Fronteira\" class=\"btn-mas\" href=\"https:\/\/www.fronteira.eu\/RISfronteira\/la-gerencia-de-servicios-sociales-lidera-una-jornada-de-gestion-del-conocimiento-sobre-la-economia-de-los-cuidados-en-el-marco-del-proyecto-ris-fronteira\/\">Leer m\u00e1s<\/a><\/div><\/div><!-- wp-show-posts-inner --><\/article><article class=\" wp-show-posts-single post-1650 post type-post status-publish format-standard hentry category-noticias wpsp-col-4\" itemtype=\"http:\/\/schema.org\/CreativeWork\" itemscope><div class=\"wp-show-posts-inner\" style=\"\">\t\t\t\t\t\t<header class=\"wp-show-posts-entry-header\">\n\t\t\t\t\t\t\t<h3 class=\"wp-show-posts-entry-title\" itemprop=\"headline\"><a href=\"https:\/\/www.fronteira.eu\/RISfronteira\/iii-jornadas-de-impulso-de-una-red-transfronteriza-de-centros-de-innovacion-o-hubs\/\" rel=\"bookmark\">III Jornadas de impulso de una red transfronteriza de centros de innovaci\u00f3n o hubs<\/a><\/h3><div class=\"wp-show-posts-entry-meta wp-show-posts-entry-meta-below-title post-meta-inline\"><span class=\"wp-show-posts-posted-on wp-show-posts-meta\">\n\t\t\t\t\t<a href=\"https:\/\/www.fronteira.eu\/RISfronteira\/iii-jornadas-de-impulso-de-una-red-transfronteriza-de-centros-de-innovacion-o-hubs\/\" title=\"08:26\" rel=\"bookmark\"><time class=\"wp-show-posts-entry-date published\" datetime=\"2024-10-30T08:26:13+00:00\" itemprop=\"datePublished\">30 octubre 2024<\/time><time class=\"wp-show-posts-updated\" datetime=\"2024-11-13T08:34:44+00:00\" itemprop=\"dateModified\">13 noviembre 2024<\/time><\/a>\n\t\t\t\t<\/span><\/div>\t\t\t\t\t\t<\/header><!-- .entry-header -->\n\t\t\t\t\t\t\t\t\t\t\t<div class=\"wp-show-posts-entry-summary\" itemprop=\"text\">\n\t\t\t\t\t\t\t<p>El pr\u00f3ximo d\u00eda 13 de noviembre, se celebrar\u00e1n en Valladolid las III Jornadas de impulso de una red transfronteriza de centros de innovaci\u00f3n o hubs, que se centrar\u00e1n en los&#8230;<\/p>\n\t\t\t\t\t\t<\/div><!-- .entry-summary -->\n\t\t\t\t\t<div class=\"wpsp-read-more\"><a title=\"III Jornadas de impulso de una red transfronteriza de centros de innovaci\u00f3n o hubs\" class=\"btn-mas\" href=\"https:\/\/www.fronteira.eu\/RISfronteira\/iii-jornadas-de-impulso-de-una-red-transfronteriza-de-centros-de-innovacion-o-hubs\/\">Leer m\u00e1s<\/a><\/div><\/div><!-- wp-show-posts-inner --><\/article><article class=\" wp-show-posts-single post-1476 post type-post status-publish format-standard hentry category-noticias wpsp-col-4\" itemtype=\"http:\/\/schema.org\/CreativeWork\" itemscope><div class=\"wp-show-posts-inner\" style=\"\">\t\t\t\t\t\t<header class=\"wp-show-posts-entry-header\">\n\t\t\t\t\t\t\t<h3 class=\"wp-show-posts-entry-title\" itemprop=\"headline\"><a href=\"https:\/\/www.fronteira.eu\/RISfronteira\/jornada-de-impulso-de-una-red-transfronteriza-de-centros-de-innovacion-o-hubs-en-el-marco-del-proyecto-ris-fronteira\/\" rel=\"bookmark\">\u201cJornada de Impulso de una Red Transfronteriza de Centros de Innovaci\u00f3n o Hubs\u201d, en el marco del proyecto RIS FRONTEIRA<\/a><\/h3><div class=\"wp-show-posts-entry-meta wp-show-posts-entry-meta-below-title post-meta-inline\"><span class=\"wp-show-posts-posted-on wp-show-posts-meta\">\n\t\t\t\t\t<a href=\"https:\/\/www.fronteira.eu\/RISfronteira\/jornada-de-impulso-de-una-red-transfronteriza-de-centros-de-innovacion-o-hubs-en-el-marco-del-proyecto-ris-fronteira\/\" title=\"13:04\" rel=\"bookmark\"><time class=\"wp-show-posts-entry-date published\" datetime=\"2024-04-19T13:04:12+00:00\" itemprop=\"datePublished\">19 abril 2024<\/time><time class=\"wp-show-posts-updated\" datetime=\"2024-11-13T08:29:57+00:00\" itemprop=\"dateModified\">13 noviembre 2024<\/time><\/a>\n\t\t\t\t<\/span><\/div>\t\t\t\t\t\t<\/header><!-- .entry-header -->\n\t\t\t\t\t\t\t\t\t\t\t<div class=\"wp-show-posts-entry-summary\" itemprop=\"text\">\n\t\t\t\t\t\t\t<p>Se ha celebrado la \u201cJornada de Impulso de una Red Transfronteriza de Centros de Innovaci\u00f3n o Hubs\u201d, el d\u00eda 30 de enero en el Centro Municipal Integrado Victoria Adrados (Salamanca),&#8230;<\/p>\n\t\t\t\t\t\t<\/div><!-- .entry-summary -->\n\t\t\t\t\t<div class=\"wpsp-read-more\"><a title=\"\u201cJornada de Impulso de una Red Transfronteriza de Centros de Innovaci\u00f3n o Hubs\u201d, en el marco del proyecto RIS FRONTEIRA\" class=\"btn-mas\" href=\"https:\/\/www.fronteira.eu\/RISfronteira\/jornada-de-impulso-de-una-red-transfronteriza-de-centros-de-innovacion-o-hubs-en-el-marco-del-proyecto-ris-fronteira\/\">Leer m\u00e1s<\/a><\/div><\/div><!-- wp-show-posts-inner --><\/article><article class=\" wp-show-posts-single post-1468 post type-post status-publish format-standard hentry category-noticias wpsp-col-4\" itemtype=\"http:\/\/schema.org\/CreativeWork\" itemscope><div class=\"wp-show-posts-inner\" style=\"\">\t\t\t\t\t\t<header class=\"wp-show-posts-entry-header\">\n\t\t\t\t\t\t\t<h3 class=\"wp-show-posts-entry-title\" itemprop=\"headline\"><a href=\"https:\/\/www.fronteira.eu\/RISfronteira\/videos-de-las-jornadas-de-innovacion-turistica\/\" rel=\"bookmark\">V\u00eddeos de las Jornadas de Innovaci\u00f3n Tur\u00edstica<\/a><\/h3><div class=\"wp-show-posts-entry-meta wp-show-posts-entry-meta-below-title post-meta-inline\"><span class=\"wp-show-posts-posted-on wp-show-posts-meta\">\n\t\t\t\t\t<a href=\"https:\/\/www.fronteira.eu\/RISfronteira\/videos-de-las-jornadas-de-innovacion-turistica\/\" title=\"14:25\" rel=\"bookmark\"><time class=\"wp-show-posts-entry-date published\" datetime=\"2023-09-14T14:25:11+00:00\" itemprop=\"datePublished\">14 septiembre 2023<\/time><time class=\"wp-show-posts-updated\" datetime=\"2024-11-13T08:33:18+00:00\" itemprop=\"dateModified\">13 noviembre 2024<\/time><\/a>\n\t\t\t\t<\/span><\/div>\t\t\t\t\t\t<\/header><!-- .entry-header -->\n\t\t\t\t\t\t\t\t\t\t\t<div class=\"wp-show-posts-entry-summary\" itemprop=\"text\">\n\t\t\t\t\t\t\t<p>Ya est\u00e1n disponibles los v\u00eddeos de las Jornadas de Innovaci\u00f3n Tur\u00edstica celebradas durante los d\u00edas 30 y 31 de mayo en B\u00e9jar, Salamanca, que sirvieron de punto de encuentro e&#8230;<\/p>\n\t\t\t\t\t\t<\/div><!-- .entry-summary -->\n\t\t\t\t\t<div class=\"wpsp-read-more\"><a title=\"V\u00eddeos de las Jornadas de Innovaci\u00f3n Tur\u00edstica\" class=\"btn-mas\" href=\"https:\/\/www.fronteira.eu\/RISfronteira\/videos-de-las-jornadas-de-innovacion-turistica\/\">Leer m\u00e1s<\/a><\/div><\/div><!-- wp-show-posts-inner --><\/article><article class=\" wp-show-posts-single post-1453 post type-post status-publish format-standard hentry category-noticias wpsp-col-4\" itemtype=\"http:\/\/schema.org\/CreativeWork\" itemscope><div class=\"wp-show-posts-inner\" style=\"\">\t\t\t\t\t\t<header class=\"wp-show-posts-entry-header\">\n\t\t\t\t\t\t\t<h3 class=\"wp-show-posts-entry-title\" itemprop=\"headline\"><a href=\"https:\/\/www.fronteira.eu\/RISfronteira\/conferencia-final-del-proyecto-ruralcare\/\" rel=\"bookmark\">Conferencia final del proyecto RuralCare<\/a><\/h3><div class=\"wp-show-posts-entry-meta wp-show-posts-entry-meta-below-title post-meta-inline\"><span class=\"wp-show-posts-posted-on wp-show-posts-meta\">\n\t\t\t\t\t<a href=\"https:\/\/www.fronteira.eu\/RISfronteira\/conferencia-final-del-proyecto-ruralcare\/\" title=\"07:17\" rel=\"bookmark\"><time class=\"wp-show-posts-entry-date published\" datetime=\"2023-09-12T07:17:27+00:00\" itemprop=\"datePublished\">12 septiembre 2023<\/time><time class=\"wp-show-posts-updated\" datetime=\"2024-11-13T08:38:54+00:00\" itemprop=\"dateModified\">13 noviembre 2024<\/time><\/a>\n\t\t\t\t<\/span><\/div>\t\t\t\t\t\t<\/header><!-- .entry-header -->\n\t\t\t\t\t\t\t\t\t\t\t<div class=\"wp-show-posts-entry-summary\" itemprop=\"text\">\n\t\t\t\t\t\t\t<p>RuralCare es un proyecto europeo de innovaci\u00f3n en servicios sociales de dise\u00f1o, puesta a prueba y evaluaci\u00f3n de un enfoque innovador sist\u00e9mico, para la provisi\u00f3n de cuidados integrados de larga&#8230;<\/p>\n\t\t\t\t\t\t<\/div><!-- .entry-summary -->\n\t\t\t\t\t<div class=\"wpsp-read-more\"><a title=\"Conferencia final del proyecto RuralCare\" class=\"btn-mas\" href=\"https:\/\/www.fronteira.eu\/RISfronteira\/conferencia-final-del-proyecto-ruralcare\/\">Leer m\u00e1s<\/a><\/div><\/div><!-- wp-show-posts-inner --><\/article><div class=\"wpsp-clear\"><\/div><\/section><!-- .wp-show-posts --><\/div>\n","protected":false},"excerpt":{"rendered":"","protected":false},"author":1,"featured_media":1632,"parent":0,"menu_order":0,"comment_status":"closed","ping_status":"closed","template":"","meta":[],"_links":{"self":[{"href":"https:\/\/www.fronteira.eu\/RISfronteira\/wp-json\/wp\/v2\/pages\/8"}],"collection":[{"href":"https:\/\/www.fronteira.eu\/RISfronteira\/wp-json\/wp\/v2\/pages"}],"about":[{"href":"https:\/\/www.fronteira.eu\/RISfronteira\/wp-json\/wp\/v2\/types\/page"}],"author":[{"embeddable":true,"href":"https:\/\/www.fronteira.eu\/RISfronteira\/wp-json\/wp\/v2\/users\/1"}],"replies":[{"embeddable":true,"href":"https:\/\/www.fronteira.eu\/RISfronteira\/wp-json\/wp\/v2\/comments?post=8"}],"version-history":[{"count":5,"href":"https:\/\/www.fronteira.eu\/RISfronteira\/wp-json\/wp\/v2\/pages\/8\/revisions"}],"predecessor-version":[{"id":564,"href":"https:\/\/www.fronteira.eu\/RISfronteira\/wp-json\/wp\/v2\/pages\/8\/revisions\/564"}],"wp:featuredmedia":[{"embeddable":true,"href":"https:\/\/www.fronteira.eu\/RISfronteira\/wp-json\/wp\/v2\/media\/1632"}],"wp:attachment":[{"href":"https:\/\/www.fronteira.eu\/RISfronteira\/wp-json\/wp\/v2\/media?parent=8"}],"curies":[{"name":"wp","href":"https:\/\/api.w.org\/{rel}","templated":true}]}}