{"id":775,"date":"2020-06-24T07:50:14","date_gmt":"2020-06-24T07:50:14","guid":{"rendered":"http:\/\/desarrollo.fronteira.eu\/RISfronteira\/?page_id=775"},"modified":"2024-11-12T11:15:45","modified_gmt":"2024-11-12T11:15:45","slug":"accesibilidad-web","status":"publish","type":"page","link":"https:\/\/www.fronteira.eu\/RISfronteira\/accesibilidad-web\/","title":{"rendered":"Accesibilidad del sitio web"},"content":{"rendered":"\n<p>El objetivo de Fronteira 2020 es que todas las personas, independientemente de tener una discapacidad, de la edad o de acceder a la web desde tecnolog\u00edas poco convencionales, puedan navegar por las p\u00e1ginas de este sitio web sin encontrar dificultades de acceso.<\/p>\n\n\n\n<p>A tal fin, el desarrollo se ha basado en el cumplimiento de las Pautas de Accesibilidad al Contenido en la Web 2.1, establecidas por el W3C (Consorcio de la World Wide Web) para el nivel de adecuaci\u00f3n \u201cdoble A\u201d (AA).<\/p>\n\n\n\n<p>Seg\u00fan <a title=\"se abrir\u00e1 una nueva ventana\" href=\"http:\/\/achecker.ca\/checker\/index.php\" target=\"_blank\" rel=\"noopener noreferrer\">AChecker<\/a>, este sitio web cumple el nivel <strong>WAI-AA<\/strong> para las WCAG 2.0.<\/p>\n<p style=\"text-align: center;\"><a title=\"se abrir\u00e1 una nueva ventana\" href=\"http:\/\/achecker.ca\/checker\/index.php\" target=\"_blank\" rel=\"noopener noreferrer\"><strong><img src=\"\/wp-content\/themes\/spacious\/images\/checker_logo.png\" alt=\"Achecker\"><\/strong><\/a><\/p>\n\n\n\n<p>El sitio web ha sido dise\u00f1ado respetando la filosof\u00eda \u00ab<strong>responsive<\/strong>\u00bb para que su plantilla se reajuste dependiendo del tama\u00f1o del dispositivo donde se est\u00e9 visualizando adapt\u00e1ndose a este.<\/p>\n\n\n\n<p>Las p\u00e1ginas tienen una estructura clara tanto para el usuario que puede ver todo el contenido, como para el que lee la informaci\u00f3n con un lector de pantalla, usuarios que desactivan la hoja de estilos, etc. Bajo este objetivo, se han definido mediante el c\u00f3digo HTML los encabezados de secci\u00f3n, las listas y todos los elementos que ayudan a la comprensi\u00f3n general del sitio web.<\/p>\n","protected":false},"excerpt":{"rendered":"<p>El objetivo de Fronteira 2020 es que todas las personas, independientemente de tener una discapacidad, de la edad o de acceder a la web desde tecnolog\u00edas poco convencionales, puedan navegar por las p\u00e1ginas de este sitio web sin encontrar dificultades<\/p>\n","protected":false},"author":1,"featured_media":0,"parent":0,"menu_order":0,"comment_status":"closed","ping_status":"closed","template":"","meta":[],"_links":{"self":[{"href":"https:\/\/www.fronteira.eu\/RISfronteira\/wp-json\/wp\/v2\/pages\/775"}],"collection":[{"href":"https:\/\/www.fronteira.eu\/RISfronteira\/wp-json\/wp\/v2\/pages"}],"about":[{"href":"https:\/\/www.fronteira.eu\/RISfronteira\/wp-json\/wp\/v2\/types\/page"}],"author":[{"embeddable":true,"href":"https:\/\/www.fronteira.eu\/RISfronteira\/wp-json\/wp\/v2\/users\/1"}],"replies":[{"embeddable":true,"href":"https:\/\/www.fronteira.eu\/RISfronteira\/wp-json\/wp\/v2\/comments?post=775"}],"version-history":[{"count":7,"href":"https:\/\/www.fronteira.eu\/RISfronteira\/wp-json\/wp\/v2\/pages\/775\/revisions"}],"predecessor-version":[{"id":1494,"href":"https:\/\/www.fronteira.eu\/RISfronteira\/wp-json\/wp\/v2\/pages\/775\/revisions\/1494"}],"wp:attachment":[{"href":"https:\/\/www.fronteira.eu\/RISfronteira\/wp-json\/wp\/v2\/media?parent=775"}],"curies":[{"name":"wp","href":"https:\/\/api.w.org\/{rel}","templated":true}]}}