{"id":772,"date":"2020-06-24T06:54:26","date_gmt":"2020-06-24T06:54:26","guid":{"rendered":"http:\/\/desarrollo.fronteira.eu\/RISfronteira\/?page_id=772"},"modified":"2020-06-24T07:15:22","modified_gmt":"2020-06-24T07:15:22","slug":"politica-de-cookies-2","status":"publish","type":"page","link":"https:\/\/www.fronteira.eu\/RISfronteira\/pt\/politica-de-cookies-2\/","title":{"rendered":"Pol\u00edtica de Cookies"},"content":{"rendered":"\n<p><strong>O que s\u00e3o cookies?<\/strong><\/p>\n<p>Um cookie \u00e9 um arquivo baixado no seu computador ao acessar determinadas p\u00e1ginas da web. Os cookies permitem que uma p\u00e1gina da Web, entre outras coisas, armazene e recupere informa\u00e7\u00f5es sobre os h\u00e1bitos de navega\u00e7\u00e3o de um usu\u00e1rio ou de seus equipamentos e, dependendo das informa\u00e7\u00f5es que eles cont\u00eam e da maneira como seus equipamentos usam, eles podem ser usados \u200b\u200bpara reconhecer o usu\u00e1rio.<\/p>\n\n<p><strong>Para que este site usa cookies e para que s\u00e3o?<\/strong><\/p>\n<ul>\n \t<li><strong>An\u00e1lise:<\/strong> S\u00e3o os cookies que, tratados por n\u00f3s ou por terceiros, permitem quantificar o n\u00famero de usu\u00e1rios e, assim, realizar a medi\u00e7\u00e3o e an\u00e1lise estat\u00edstica do uso feito pelos usu\u00e1rios do servi\u00e7o. Para fazer isso, sua navega\u00e7\u00e3o em nosso site \u00e9 analisada para melhorar a experi\u00eancia do usu\u00e1rio.<\/li>\n<\/ul>\n\n<p><strong>Os detalhes dos cookies usados \u200b\u200bneste site s\u00e3o os seguintes<\/strong>:<\/p>\n<ul class=\"item-cookie\">\n \t<li><strong>Cookie<\/strong>:&nbsp;Google Analytics.<\/li>\n \t<li><strong>Nome<\/strong>: _utma, _utmb, _utmc, _utmt, _utmz.<\/li>\n \t<li><strong>Tipo<\/strong>: Terceiro.<\/li>\n \t<li><strong>Objetivo<\/strong>:&nbsp;Colete informa\u00e7\u00f5es sobre a navega\u00e7\u00e3o dos usu\u00e1rios pelo site para saber a origem das visitas e outros dados semelhantes em n\u00edvel estat\u00edstico. Ele n\u00e3o obt\u00e9m dados dos nomes ou sobrenomes dos usu\u00e1rios ou do endere\u00e7o postal espec\u00edfico ao qual eles se conectam.<\/li>\n \t<li><strong>Mais informa\u00e7\u00e3o<\/strong>:&nbsp;Google Analytics, Central de privacidade do Google.<\/li>\n<\/ul>\n<ul class=\"item-cookie\">\n \t<li><strong>Nome<\/strong>: _ga, _gid.<\/li>\n \t<li><strong>Tipo<\/strong>: Terceiro.<\/li>\n \t<li><strong>Objetivo<\/strong>:&nbsp;Armazene um identificador de cliente exclusivo para controlar visitas, dados do usu\u00e1rio, campanhas &#8230; Em resumo, eles s\u00e3o usados \u200b\u200bpara distinguir usu\u00e1\n \t<li><strong>Cookie<\/strong>:&nbsp;Google Analytics.<\/li>rios.<\/li>\n \t<li><strong>Mais informa\u00e7\u00e3o<\/strong>:&nbsp;Google Analytics, Central de privacidade do Google.<\/li>\n<\/ul>\n<ul class=\"item-cookie\">\n \t<li><strong>Cookie<\/strong>:&nbsp;Asesor de Cookies.<\/li>\n \t<li><strong>Nome<\/strong>: cdp-cookies-plugin-wp.<\/li>\n \t<li><strong>Tipo<\/strong>: Pr\u00f3prio.<\/li>\n \t<li><strong>Objetivo<\/strong>:&nbsp;Mostrar ou n\u00e3o mostrar o aviso da pol\u00edtica de cookies, dependendo de j\u00e1 ter sido aceito ou n\u00e3o.<\/li>\n<\/ul>\n<ul class=\"item-cookie\">\n \t<li><strong>Cookie<\/strong>:&nbsp;WordPress.<\/li>\n \t<li><strong>Nome<\/strong>: wordpress_logged_in_[hash].<\/li>\n \t<li><strong>Tipo<\/strong>: Pr\u00f3prio.<\/li>\n \t<li><strong>Objetivo<\/strong>:&nbsp;Ap\u00f3s o login, o WordPress ativa o cookie wordpress_logged_in [hash], que indica quando voc\u00ea se conectou e quem voc\u00ea \u00e9, sendo usado para a interface do WordPress.<\/li>\n<\/ul>\n<ul class=\"item-cookie\">\n \t<li><strong>Cookie<\/strong>:&nbsp;WordPress.<\/li>\n \t<li><strong>Nome<\/strong>: wordpress_test_cookie.<\/li>\n \t<li><strong>Tipo<\/strong>: Pr\u00f3prio.<\/li>\n \t<li><strong>Objetivo<\/strong>:&nbsp; Para o gerente de conte\u00fado do WordPress verificar se o navegador tem cookies ativados.<\/li>\n<\/ul>\n<ul class=\"item-cookie\">\n \t<li><strong>Cookie<\/strong>:&nbsp;WordPress.<\/li>\n \t<li><strong>Nome<\/strong>: wordpress_sec_[hash].<\/li>\n \t<li><strong>Tipo<\/strong>: Pr\u00f3prio.<\/li>\n \t<li><strong>Objetivo<\/strong>:&nbsp; Para controlar o acesso de um usu\u00e1rio ao servi\u00e7o WordPress. \u00c9 um cookie de sess\u00e3o.<\/li>\n<\/ul>\n<ul class=\"item-cookie\">\n \t<li><strong>Cookie<\/strong>:&nbsp;WordPress.<\/li>\n \t<li><strong>Nome<\/strong>: wp-settings-[UID], wp-settings-time-[UID].<\/li>\n \t<li><strong>Tipo<\/strong>: Pr\u00f3prio.<\/li>\n \t<li><strong>Objetivo<\/strong>:&nbsp;O UID localizado no final do nome do cookie cont\u00e9m o ID do usu\u00e1rio armazenado no banco de dados do WordPress. \u00c9 usado para armazenar a apar\u00eancia da interface de administra\u00e7\u00e3o e pode ser usado para armazenar a apar\u00eancia do site principal.<\/li>\n<\/ul>\n<ul class=\"item-cookie\">\n \t<li><strong>Cookie<\/strong>:&nbsp;WordPress.<\/li>\n \t<li><strong>Nome<\/strong>: pll_language.<\/li>\n \t<li><strong>Tipo<\/strong>: Pr\u00f3prio.<\/li>\n \t<li><strong>Objetivo<\/strong>:&nbsp;Salve o idioma escolhido na navega\u00e7\u00e3o. Expira um ano desde a \u00faltima atualiza\u00e7\u00e3o.<\/li>\n<\/ul>\n<p>Nota: os cookies do tipo \u00abPr\u00f3prio\u00bb s\u00e3o usados \u200b\u200bapenas pelo propriet\u00e1rio deste site e os cookies \u00abde terceiros\u00bb tamb\u00e9m s\u00e3o usados \u200b\u200bpelo provedor de servi\u00e7os detalhado na tabela acima.<\/p>\n\n<p><strong>Como posso desativar ou eliminar esses cookies?<\/strong><\/p>\n<p>Voc\u00ea pode permitir, bloquear ou excluir os cookies instalados no seu computador, configurando as op\u00e7\u00f5es do navegador instalado no seu computador.<\/p>\n<ul>\n \t<li><strong>Firefox<\/strong>: <a href=\"http:\/\/support.mozilla.org\/es\/kb\/habilitar-y-deshabilitar-cookies-que-los-sitios-we\" target=\"_blank\" rel=\"alternate noopener noreferrer\">http:\/\/support.mozilla.org\/es\/kb\/habilitar-y-deshabilitar-cookies-que-los-sitios-we<\/a><\/li>\n \t<li><strong>Chrome<\/strong>: <a href=\"http:\/\/support.google.com\/chrome\/bin\/answer.py?hl=es&amp;answer=95647\" target=\"_blank\" rel=\"alternate noopener noreferrer\">http:\/\/support.google.com\/chrome\/bin\/answer.py?hl=es&amp;answer=95647<\/a><\/li>\n \t<li><strong>Explorer<\/strong>: <a href=\"http:\/\/windows.microsoft.com\/es-es\/windows7\/how-to-manage-cookies-in-internet-explorer-9\" target=\"_blank\" rel=\"alternate noopener noreferrer\">http:\/\/windows.microsoft.com\/es-es\/windows7\/how-to-manage-cookies-in-internet-explorer-9<\/a><\/li>\n \t<li><strong>Safari<\/strong>: <a href=\"http:\/\/support.apple.com\/kb\/ph5042\" target=\"_blank\" rel=\"alternate noopener noreferrer\">http:\/\/support.apple.com\/kb\/ph5042<\/a><\/li>\n \t<li><strong>Opera<\/strong>: <a href=\"http:\/\/help.opera.com\/Windows\/11.50\/es-ES\/cookies.html\" target=\"_blank\" rel=\"alternate noopener noreferrer\">http:\/\/help.opera.com\/Windows\/11.50\/es-ES\/cookies.html<\/a><\/li>\n \t<li><strong>Outros navegadores<\/strong>: Consulte a documenta\u00e7\u00e3o do navegador que voc\u00ea instalou.<\/li>\n<\/ul>\n","protected":false},"excerpt":{"rendered":"<p>O que s\u00e3o cookies? Um cookie \u00e9 um arquivo baixado no seu computador ao acessar determinadas p\u00e1ginas da web. Os cookies permitem que uma p\u00e1gina da Web, entre outras coisas, armazene e recupere informa\u00e7\u00f5es sobre os h\u00e1bitos de navega\u00e7\u00e3o de<\/p>\n","protected":false},"author":1,"featured_media":0,"parent":0,"menu_order":0,"comment_status":"closed","ping_status":"closed","template":"","meta":[],"_links":{"self":[{"href":"https:\/\/www.fronteira.eu\/RISfronteira\/wp-json\/wp\/v2\/pages\/772"}],"collection":[{"href":"https:\/\/www.fronteira.eu\/RISfronteira\/wp-json\/wp\/v2\/pages"}],"about":[{"href":"https:\/\/www.fronteira.eu\/RISfronteira\/wp-json\/wp\/v2\/types\/page"}],"author":[{"embeddable":true,"href":"https:\/\/www.fronteira.eu\/RISfronteira\/wp-json\/wp\/v2\/users\/1"}],"replies":[{"embeddable":true,"href":"https:\/\/www.fronteira.eu\/RISfronteira\/wp-json\/wp\/v2\/comments?post=772"}],"version-history":[{"count":2,"href":"https:\/\/www.fronteira.eu\/RISfronteira\/wp-json\/wp\/v2\/pages\/772\/revisions"}],"predecessor-version":[{"id":774,"href":"https:\/\/www.fronteira.eu\/RISfronteira\/wp-json\/wp\/v2\/pages\/772\/revisions\/774"}],"wp:attachment":[{"href":"https:\/\/www.fronteira.eu\/RISfronteira\/wp-json\/wp\/v2\/media?parent=772"}],"curies":[{"name":"wp","href":"https:\/\/api.w.org\/{rel}","templated":true}]}}