{"id":763,"date":"2020-06-21T00:10:46","date_gmt":"2020-06-21T00:10:46","guid":{"rendered":"http:\/\/desarrollo.fronteira.eu\/RISfronteira\/?page_id=763"},"modified":"2020-09-14T07:26:34","modified_gmt":"2020-09-14T07:26:34","slug":"politica-de-cookies","status":"publish","type":"page","link":"https:\/\/www.fronteira.eu\/RISfronteira\/politica-de-cookies\/","title":{"rendered":"Pol\u00edtica de Cookies"},"content":{"rendered":"\n<p><strong>\u00bfQu\u00e9 son las cookies?<\/strong><\/p>\n<p>Una cookie es un fichero que se descarga en su ordenador al acceder a determinadas p\u00e1ginas web. Las cookies permiten a una p\u00e1gina web, entre otras cosas, almacenar y recuperar informaci\u00f3n sobre h\u00e1bitos de navegaci\u00f3n de un usuario o de su equipo y, dependiendo de la informaci\u00f3n que contengan y de la forma que utilice su equipo, pueden utilizarse para reconocer al usuario.<\/p>\n\n<p><strong>\u00bfPara qu\u00e9 utiliza las cookies esta p\u00e1gina web y cu\u00e1les son?<\/strong><\/p>\n<ul>\n \t<li><strong>An\u00e1lisis:<\/strong> Son aquellas cookies que bien, tratadas por nosotros o por terceros, nos permiten cuantificar el n\u00famero de usuarios y as\u00ed realizar la medici\u00f3n y an\u00e1lisis estad\u00edstico de la utilizaci\u00f3n que hacen los usuarios del servicio. Para ello se analiza su navegaci\u00f3n en nuestra p\u00e1gina web con el fin de mejorar la experiencia del usuario.<\/li>\n<\/ul>\n\n<p><strong>El detalle de las cookies utilizadas en esta p\u00e1gina web es el siguiente<\/strong>:<\/p>\n<ul class=\"item-cookie\">\n \t<li><strong>Cookie<\/strong>:&nbsp;Google Analytics.<\/li>\n \t<li><strong>Nombre<\/strong>: _utma, _utmb, _utmc, _utmt, _utmz.<\/li>\n \t<li><strong>Tipo<\/strong>: De terceros.<\/li>\n \t<li><strong>Prop\u00f3sito<\/strong>:&nbsp;Recoger informaci\u00f3n sobre la navegaci\u00f3n de los usuarios por el sitio con el fin de conocer el origen de las visitas y otros datos similares a nivel estad\u00edstico. No obtiene datos de los nombres o apellidos de los usuarios ni de la direcci\u00f3n postal concreta desde donde se conectan.<\/li>\n \t<li><strong>M\u00e1s Informaci\u00f3n<\/strong>:&nbsp;Google Analytics, Centro de privacidad de Google.<\/li>\n<\/ul>\n<ul class=\"item-cookie\">\n \t<li><strong>Cookie<\/strong>:&nbsp;Google Analytics.<\/li>\n \t<li><strong>Nombre<\/strong>: _ga, _gid.<\/li>\n \t<li><strong>Tipo<\/strong>: De terceros.<\/li>\n \t<li><strong>Prop\u00f3sito<\/strong>:&nbsp;Almacenar un identificador de cliente \u00fanico para el control de las visitas, datos de usuarios, campa\u00f1as&#8230; En definitiva, se usan para distinguir a los usuarios.<\/li>\n \t<li><strong>M\u00e1s Informaci\u00f3n<\/strong>:&nbsp;Google Analytics, Centro de privacidad de Google.<\/li>\n<\/ul>\n<ul class=\"item-cookie\">\n \t<li><strong>Cookie<\/strong>:&nbsp;Asesor de Cookies.<\/li>\n \t<li><strong>Nombre<\/strong>: cdp-cookies-plugin-wp.<\/li>\n \t<li><strong>Tipo<\/strong>: Propia.<\/li>\n \t<li><strong>Prop\u00f3sito<\/strong>:&nbsp;Mostrar o no mostrar el aviso de pol\u00edtica de cookies en funci\u00f3n de si ya se ha aceptado o no.<\/li>\n<\/ul>\n<ul class=\"item-cookie\">\n \t<li><strong>Cookie<\/strong>:&nbsp;WordPress.<\/li>\n \t<li><strong>Nombre<\/strong>: wordpress_logged_in_[hash].<\/li>\n \t<li><strong>Tipo<\/strong>: Propia.<\/li>\n \t<li><strong>Prop\u00f3sito<\/strong>:&nbsp;Despu\u00e9s del login, WordPress activa la cookie wordpress_logged_in [hash], que indica cuando te has conectado y qui\u00e9n eres, siendo usado para la interfaz de WordPress.<\/li>\n<\/ul>\n<ul class=\"item-cookie\">\n \t<li><strong>Cookie<\/strong>:&nbsp;WordPress.<\/li>\n \t<li><strong>Nombre<\/strong>: wordpress_test_cookie.<\/li>\n \t<li><strong>Tipo<\/strong>: Propia.<\/li>\n \t<li><strong>Prop\u00f3sito<\/strong>:&nbsp; Para que el gestor de contenidos WordPress compruebe si el navegador tiene las cookies activadas.<\/li>\n<\/ul>\n<ul class=\"item-cookie\">\n \t<li><strong>Cookie<\/strong>:&nbsp;WordPress.<\/li>\n \t<li><strong>Nombre<\/strong>: wordpress_sec_[hash].<\/li>\n \t<li><strong>Tipo<\/strong>: Propia.<\/li>\n \t<li><strong>Prop\u00f3sito<\/strong>:&nbsp; Para controlar el acceso de un usuario al servicio de WordPress. Es una cookie de sesi\u00f3n.<\/li>\n<\/ul>\n<ul class=\"item-cookie\">\n \t<li><strong>Cookie<\/strong>:&nbsp;WordPress.<\/li>\n \t<li><strong>Nombre<\/strong>: wp-settings-[UID], wp-settings-time-[UID].<\/li>\n \t<li><strong>Tipo<\/strong>: Propia.<\/li>\n \t<li><strong>Prop\u00f3sito<\/strong>:&nbsp;El UID situado al final del nombre de la cookie contiene el ID de usuario almacenado en la base de datos de WordPress. Se usa para almacenar el aspecto de la interfaz de administraci\u00f3n y puede ser usada para almacenar el aspecto del sitio principal.<\/li>\n<\/ul>\n<ul class=\"item-cookie\">\n \t<li><strong>Cookie<\/strong>:&nbsp;WordPress.<\/li>\n \t<li><strong>Nombre<\/strong>: pll_language.<\/li>\n \t<li><strong>Tipo<\/strong>: Propia.<\/li>\n \t<li><strong>Prop\u00f3sito<\/strong>:&nbsp;Guarda el idioma escogido en la navegaci\u00f3n. Caduca al a\u00f1o desde la \u00faltima actualizaci\u00f3n.<\/li>\n<\/ul>\n<p>Nota: Las cookies de tipo \u00abPropias\u00bb son utilizadas s\u00f3lo por el propietario de esta web y las cookies \u00abDe terceros\u00bb son utilizadas, tambi\u00e9n, por el prestador del servicio que est\u00e1 detallado en el cuadro anterior.<\/p>\n\n<p><strong>\u00bfC\u00f3mo puedo desactivar o eliminar estas cookies?<\/strong><\/p>\n<p>Puede usted permitir, bloquear o eliminar las cookies instaladas en su equipo mediante la configuraci\u00f3n de las opciones del navegador instalado en su ordenador.<\/p>\n<ul>\n \t<li><strong>Firefox<\/strong>: <a href=\"http:\/\/support.mozilla.org\/es\/kb\/habilitar-y-deshabilitar-cookies-que-los-sitios-we\" target=\"_blank\" rel=\"alternate noopener noreferrer\">http:\/\/support.mozilla.org\/es\/kb\/habilitar-y-deshabilitar-cookies-que-los-sitios-we<\/a><\/li>\n \t<li><strong>Chrome<\/strong>: <a href=\"http:\/\/support.google.com\/chrome\/bin\/answer.py?hl=es&amp;answer=95647\" target=\"_blank\" rel=\"alternate noopener noreferrer\">http:\/\/support.google.com\/chrome\/bin\/answer.py?hl=es&amp;answer=95647<\/a><\/li>\n \t<li><strong>Explorer<\/strong>: <a href=\"http:\/\/windows.microsoft.com\/es-es\/windows7\/how-to-manage-cookies-in-internet-explorer-9\" target=\"_blank\" rel=\"alternate noopener noreferrer\">http:\/\/windows.microsoft.com\/es-es\/windows7\/how-to-manage-cookies-in-internet-explorer-9<\/a><\/li>\n \t<li><strong>Safari<\/strong>: <a href=\"http:\/\/support.apple.com\/kb\/ph5042\" target=\"_blank\" rel=\"alternate noopener noreferrer\">http:\/\/support.apple.com\/kb\/ph5042<\/a><\/li>\n \t<li><strong>Opera<\/strong>: <a href=\"http:\/\/help.opera.com\/Windows\/11.50\/es-ES\/cookies.html\" target=\"_blank\" rel=\"alternate noopener noreferrer\">http:\/\/help.opera.com\/Windows\/11.50\/es-ES\/cookies.html<\/a><\/li>\n \t<li><strong>Otros navegadores<\/strong>: Consulte la documentaci\u00f3n del navegador que tenga instalado.<\/li>\n<\/ul>\n\n\n\n<p><\/p>\n","protected":false},"excerpt":{"rendered":"<p>\u00bfQu\u00e9 son las cookies? Una cookie es un fichero que se descarga en su ordenador al acceder a determinadas p\u00e1ginas web. Las cookies permiten a una p\u00e1gina web, entre otras cosas, almacenar y recuperar informaci\u00f3n sobre h\u00e1bitos de navegaci\u00f3n de<\/p>\n","protected":false},"author":1,"featured_media":0,"parent":0,"menu_order":0,"comment_status":"closed","ping_status":"closed","template":"","meta":[],"_links":{"self":[{"href":"https:\/\/www.fronteira.eu\/RISfronteira\/wp-json\/wp\/v2\/pages\/763"}],"collection":[{"href":"https:\/\/www.fronteira.eu\/RISfronteira\/wp-json\/wp\/v2\/pages"}],"about":[{"href":"https:\/\/www.fronteira.eu\/RISfronteira\/wp-json\/wp\/v2\/types\/page"}],"author":[{"embeddable":true,"href":"https:\/\/www.fronteira.eu\/RISfronteira\/wp-json\/wp\/v2\/users\/1"}],"replies":[{"embeddable":true,"href":"https:\/\/www.fronteira.eu\/RISfronteira\/wp-json\/wp\/v2\/comments?post=763"}],"version-history":[{"count":4,"href":"https:\/\/www.fronteira.eu\/RISfronteira\/wp-json\/wp\/v2\/pages\/763\/revisions"}],"predecessor-version":[{"id":820,"href":"https:\/\/www.fronteira.eu\/RISfronteira\/wp-json\/wp\/v2\/pages\/763\/revisions\/820"}],"wp:attachment":[{"href":"https:\/\/www.fronteira.eu\/RISfronteira\/wp-json\/wp\/v2\/media?parent=763"}],"curies":[{"name":"wp","href":"https:\/\/api.w.org\/{rel}","templated":true}]}}