{"id":660,"date":"2020-06-19T07:51:09","date_gmt":"2020-06-19T07:51:09","guid":{"rendered":"http:\/\/desarrollo.fronteira.eu\/RISfronteira\/?page_id=660"},"modified":"2024-11-12T18:32:30","modified_gmt":"2024-11-12T18:32:30","slug":"centro-turistico","status":"publish","type":"page","link":"https:\/\/www.fronteira.eu\/RISfronteira\/pt\/centros-inovacao\/centro-turistico\/","title":{"rendered":"Centro tur\u00edstico"},"content":{"rendered":"\n<p>O p\u00f3lo tur\u00edstico aposta no desenvolvimento de um modelo de turismo acess\u00edvel, respeitador do ambiente e adaptado \u00e0s necessidades de todos os visitantes. Esta iniciativa incentiva a cria\u00e7\u00e3o de experi\u00eancias tur\u00edsticas inclusivas, desde percursos acess\u00edveis e servi\u00e7os adaptados \u00e0 incorpora\u00e7\u00e3o de tecnologias inovadoras que melhorem a acessibilidade e a experi\u00eancia do visitante.<\/p>\n\n\n\n<p>Al\u00e9m disso, o p\u00f3lo tur\u00edstico promove o emprego local e a forma\u00e7\u00e3o em mat\u00e9ria de sustentabilidade e acessibilidade, dotando as empresas e as comunidades rurais de ferramentas para atrair um p\u00fablico mais vasto e diversificado. Ao promover pr\u00e1ticas tur\u00edsticas respons\u00e1veis \u200b\u200b\u200b\u200be acess\u00edveis, este p\u00f3lo n\u00e3o s\u00f3 apoia pessoas com defici\u00eancia e outros grupos com necessidades espec\u00edficas, como tamb\u00e9m contribui para a revitaliza\u00e7\u00e3o econ\u00f3mica das zonas rurais, criando oportunidades de emprego e incentivando o empreendedorismo num sector em crescimento.<\/p>\n\n\n\n<p>O p\u00f3lo tur\u00edstico, em s\u00edntese, \u00e9 uma plataforma de inova\u00e7\u00e3o que combina a acessibilidade com o desenvolvimento sustent\u00e1vel, promovendo um turismo inclusivo que beneficia tanto os visitantes como as comunidades que os acolhem.<\/p>\n","protected":false},"excerpt":{"rendered":"<p>O p\u00f3lo tur\u00edstico aposta no desenvolvimento de um modelo de turismo acess\u00edvel, respeitador do ambiente e adaptado \u00e0s necessidades de todos os visitantes. Esta iniciativa incentiva a cria\u00e7\u00e3o de experi\u00eancias tur\u00edsticas inclusivas, desde percursos acess\u00edveis e servi\u00e7os adaptados \u00e0 incorpora\u00e7\u00e3o<\/p>\n","protected":false},"author":1,"featured_media":0,"parent":656,"menu_order":0,"comment_status":"closed","ping_status":"closed","template":"","meta":[],"_links":{"self":[{"href":"https:\/\/www.fronteira.eu\/RISfronteira\/wp-json\/wp\/v2\/pages\/660"}],"collection":[{"href":"https:\/\/www.fronteira.eu\/RISfronteira\/wp-json\/wp\/v2\/pages"}],"about":[{"href":"https:\/\/www.fronteira.eu\/RISfronteira\/wp-json\/wp\/v2\/types\/page"}],"author":[{"embeddable":true,"href":"https:\/\/www.fronteira.eu\/RISfronteira\/wp-json\/wp\/v2\/users\/1"}],"replies":[{"embeddable":true,"href":"https:\/\/www.fronteira.eu\/RISfronteira\/wp-json\/wp\/v2\/comments?post=660"}],"version-history":[{"count":5,"href":"https:\/\/www.fronteira.eu\/RISfronteira\/wp-json\/wp\/v2\/pages\/660\/revisions"}],"predecessor-version":[{"id":1624,"href":"https:\/\/www.fronteira.eu\/RISfronteira\/wp-json\/wp\/v2\/pages\/660\/revisions\/1624"}],"up":[{"embeddable":true,"href":"https:\/\/www.fronteira.eu\/RISfronteira\/wp-json\/wp\/v2\/pages\/656"}],"wp:attachment":[{"href":"https:\/\/www.fronteira.eu\/RISfronteira\/wp-json\/wp\/v2\/media?parent=660"}],"curies":[{"name":"wp","href":"https:\/\/api.w.org\/{rel}","templated":true}]}}