{"id":656,"date":"2020-06-19T07:46:18","date_gmt":"2020-06-19T07:46:18","guid":{"rendered":"http:\/\/desarrollo.fronteira.eu\/RISfronteira\/?page_id=656"},"modified":"2024-11-13T07:40:44","modified_gmt":"2024-11-13T07:40:44","slug":"centros-inovacao","status":"publish","type":"page","link":"https:\/\/www.fronteira.eu\/RISfronteira\/pt\/centros-inovacao\/","title":{"rendered":"Centros de inova\u00e7\u00e3o"},"content":{"rendered":"\n<p>Os centros de inova\u00e7\u00e3o s\u00e3o centros de colabora\u00e7\u00e3o dedicados ao desenvolvimento de solu\u00e7\u00f5es criativas para melhorar a vida nas comunidades locais e enfrentar desafios espec\u00edficos no seu ambiente. No contexto do projecto RIS Fronteira, estes p\u00f3los funcionam como pontos de encontro transfronteiri\u00e7os onde pessoas, entidades e especialistas de diferentes \u00e1reas unem esfor\u00e7os para promover a economia social, promover o turismo inclusivo e proteger o ambiente.<\/p>\n\n\n\n<p>Cada centro combina conhecimentos, recursos e tecnologias para responder \u00e0s necessidades do territ\u00f3rio a partir de tr\u00eas perspetivas principais: inova\u00e7\u00e3o social na sa\u00fade e nos cuidados, o desenvolvimento do turismo acess\u00edvel e sustent\u00e1vel e a implementa\u00e7\u00e3o de pr\u00e1ticas de economia ecol\u00f3gica. Atrav\u00e9s da coopera\u00e7\u00e3o e da transfer\u00eancia de conhecimentos, estes centros contribuem para a cria\u00e7\u00e3o de ecossistemas resilientes que promovem o bem-estar, a sustentabilidade e a inclus\u00e3o no espa\u00e7o rural transfronteiri\u00e7o.<\/p>\n\n\n\n<div id=\"yacimientos\" class=\"servicios-div \">\n <div class=\"container-fluid \" style=\"margin-top:2em;\">\n\t<div class=\"row justify-content-center\">\n\t\t<div class=\"col-md-4 col-sm-6 text-center item-yacimiento\">\n\t\t\t<a href=\"\/RISfronteira\/centros-inovacao\/centro-social\/\">\n\t\t\t<img src=\"\/RISfronteira\/wp-content\/uploads\/2024\/11\/hub_social.jpg\" alt=\"\">\n\t\t\t<p class=\"name-yacimiento\"><strong>Centro social<\/strong><\/p><\/a>\n\t\t<\/div>\n\t\t<div class=\"col-md-4 col-sm-6 text-center item-yacimiento\">\n\t\t\t<a href=\"\/RISfronteira\/centros-inovacao\/centro-turistico\/\">\n\t\t\t<img src=\"\/RISfronteira\/wp-content\/uploads\/2024\/11\/hub_turistico.jpg\" alt=\"\">\n\t\t\t<p class=\"name-yacimiento\"><strong>Centro tur\u00edstico<\/strong><\/p><\/a>\n\t\t<\/div>\n\t\t<div class=\"col-md-4 col-sm-6 text-center item-yacimiento\">\n\t\t\t<a href=\"\/RISfronteira\/centros-inovacao\/centro-ambiental\/\">\n\t\t\t<img src=\"\/RISfronteira\/wp-content\/uploads\/2024\/11\/hub_ambiental.jpg\" alt=\"\">\n\t\t\t<p class=\"name-yacimiento\"><strong>Centro ambiental<\/strong><\/p><\/a>\n\t\t<\/div>\n\t<\/div>\n <\/div>\n<\/div>\n","protected":false},"excerpt":{"rendered":"<p>Os centros de inova\u00e7\u00e3o s\u00e3o centros de colabora\u00e7\u00e3o dedicados ao desenvolvimento de solu\u00e7\u00f5es criativas para melhorar a vida nas comunidades locais e enfrentar desafios espec\u00edficos no seu ambiente. No contexto do projecto RIS Fronteira, estes p\u00f3los funcionam como pontos de<\/p>\n","protected":false},"author":1,"featured_media":0,"parent":0,"menu_order":0,"comment_status":"closed","ping_status":"closed","template":"","meta":[],"_links":{"self":[{"href":"https:\/\/www.fronteira.eu\/RISfronteira\/wp-json\/wp\/v2\/pages\/656"}],"collection":[{"href":"https:\/\/www.fronteira.eu\/RISfronteira\/wp-json\/wp\/v2\/pages"}],"about":[{"href":"https:\/\/www.fronteira.eu\/RISfronteira\/wp-json\/wp\/v2\/types\/page"}],"author":[{"embeddable":true,"href":"https:\/\/www.fronteira.eu\/RISfronteira\/wp-json\/wp\/v2\/users\/1"}],"replies":[{"embeddable":true,"href":"https:\/\/www.fronteira.eu\/RISfronteira\/wp-json\/wp\/v2\/comments?post=656"}],"version-history":[{"count":16,"href":"https:\/\/www.fronteira.eu\/RISfronteira\/wp-json\/wp\/v2\/pages\/656\/revisions"}],"predecessor-version":[{"id":1639,"href":"https:\/\/www.fronteira.eu\/RISfronteira\/wp-json\/wp\/v2\/pages\/656\/revisions\/1639"}],"wp:attachment":[{"href":"https:\/\/www.fronteira.eu\/RISfronteira\/wp-json\/wp\/v2\/media?parent=656"}],"curies":[{"name":"wp","href":"https:\/\/api.w.org\/{rel}","templated":true}]}}