{"id":637,"date":"2020-06-18T16:11:35","date_gmt":"2020-06-18T16:11:35","guid":{"rendered":"http:\/\/desarrollo.fronteira.eu\/RISfronteira\/?page_id=637"},"modified":"2025-03-13T09:59:26","modified_gmt":"2025-03-13T09:59:26","slug":"hub-turistico","status":"publish","type":"page","link":"https:\/\/www.fronteira.eu\/RISfronteira\/hubs-innovacion\/hub-turistico\/","title":{"rendered":"Hub tur\u00edstico"},"content":{"rendered":"\n<p>El hub tur\u00edstico se enfoca en desarrollar un modelo de turismo accesible, respetuoso con el medio ambiente y adaptado a las necesidades de todos los visitantes. Esta iniciativa fomenta la creaci\u00f3n de experiencias tur\u00edsticas inclusivas, desde rutas accesibles y servicios adaptados hasta la incorporaci\u00f3n de tecnolog\u00edas innovadoras que mejoran la accesibilidad y la experiencia del visitante.<\/p>\n\n\n\n<p>Adem\u00e1s, el hub tur\u00edstico promueve el empleo local y la formaci\u00f3n en sostenibilidad y accesibilidad, brindando a las empresas y comunidades rurales herramientas para atraer a un p\u00fablico m\u00e1s amplio y diversificado. Al impulsar pr\u00e1cticas de turismo responsable y accesible, este hub no solo apoya a las personas con discapacidad y otros grupos con necesidades espec\u00edficas, sino que tambi\u00e9n contribuye a la revitalizaci\u00f3n econ\u00f3mica de las zonas rurales, creando oportunidades de empleo y fomentando el emprendimiento en un sector en crecimiento. El hub tur\u00edstico, en resumen, es una plataforma de innovaci\u00f3n que combina la accesibilidad con el desarrollo sostenible, promoviendo un turismo inclusivo que beneficia tanto a los visitantes como a las comunidades que los acogen.<\/p>\n\n\n\n<figure class=\"wp-block-embed is-type-video is-provider-youtube wp-block-embed-youtube wp-embed-aspect-16-9 wp-has-aspect-ratio\"><div class=\"wp-block-embed__wrapper\">\n<iframe loading=\"lazy\" title=\"Hub tur\u00edstico\" width=\"750\" height=\"422\" src=\"https:\/\/www.youtube.com\/embed\/Eo60ARqcaGY?feature=oembed\" frameborder=\"0\" allow=\"accelerometer; autoplay; clipboard-write; encrypted-media; gyroscope; picture-in-picture; web-share\" referrerpolicy=\"strict-origin-when-cross-origin\" allowfullscreen><\/iframe>\n<\/div><\/figure>\n","protected":false},"excerpt":{"rendered":"<p>El hub tur\u00edstico se enfoca en desarrollar un modelo de turismo accesible, respetuoso con el medio ambiente y adaptado a las necesidades de todos los visitantes. Esta iniciativa fomenta la creaci\u00f3n de experiencias tur\u00edsticas inclusivas, desde rutas accesibles y servicios<\/p>\n","protected":false},"author":1,"featured_media":0,"parent":643,"menu_order":0,"comment_status":"closed","ping_status":"closed","template":"","meta":[],"_links":{"self":[{"href":"https:\/\/www.fronteira.eu\/RISfronteira\/wp-json\/wp\/v2\/pages\/637"}],"collection":[{"href":"https:\/\/www.fronteira.eu\/RISfronteira\/wp-json\/wp\/v2\/pages"}],"about":[{"href":"https:\/\/www.fronteira.eu\/RISfronteira\/wp-json\/wp\/v2\/types\/page"}],"author":[{"embeddable":true,"href":"https:\/\/www.fronteira.eu\/RISfronteira\/wp-json\/wp\/v2\/users\/1"}],"replies":[{"embeddable":true,"href":"https:\/\/www.fronteira.eu\/RISfronteira\/wp-json\/wp\/v2\/comments?post=637"}],"version-history":[{"count":9,"href":"https:\/\/www.fronteira.eu\/RISfronteira\/wp-json\/wp\/v2\/pages\/637\/revisions"}],"predecessor-version":[{"id":1737,"href":"https:\/\/www.fronteira.eu\/RISfronteira\/wp-json\/wp\/v2\/pages\/637\/revisions\/1737"}],"up":[{"embeddable":true,"href":"https:\/\/www.fronteira.eu\/RISfronteira\/wp-json\/wp\/v2\/pages\/643"}],"wp:attachment":[{"href":"https:\/\/www.fronteira.eu\/RISfronteira\/wp-json\/wp\/v2\/media?parent=637"}],"curies":[{"name":"wp","href":"https:\/\/api.w.org\/{rel}","templated":true}]}}