{"id":417,"date":"2020-04-27T15:52:06","date_gmt":"2020-04-27T15:52:06","guid":{"rendered":"http:\/\/desarrollo.fronteira.eu\/RISfronteira\/?page_id=417"},"modified":"2020-06-20T23:10:37","modified_gmt":"2020-06-20T23:10:37","slug":"parceiros","status":"publish","type":"page","link":"https:\/\/www.fronteira.eu\/RISfronteira\/pt\/parceiros\/","title":{"rendered":"Parceiros"},"content":{"rendered":"\n<aside id=\"spacious_service_widget-4\" class=\"widget widget_service_block amr_widget\">\t\t\t\t\t<div class=\"tg-one-third\">\r\n\t\t\t\t<div class=\"service-image\"><img width=\"500\" height=\"200\" src=\"https:\/\/www.fronteira.eu\/RISfronteira\/wp-content\/uploads\/2020\/04\/socio_asprodes.png\" class=\"attachment-featured size-featured wp-post-image\" alt=\"ASPRODES Plena Inclusi\u00f3n CyL\" loading=\"lazy\" title=\"Associa\u00e7\u00e3o Asprodes Plena Inclusi\u00f3n Castilla y Le\u00f3n\" srcset=\"https:\/\/www.fronteira.eu\/RISfronteira\/wp-content\/uploads\/2020\/04\/socio_asprodes.png 500w, https:\/\/www.fronteira.eu\/RISfronteira\/wp-content\/uploads\/2020\/04\/socio_asprodes-300x120.png 300w, https:\/\/www.fronteira.eu\/RISfronteira\/wp-content\/uploads\/2020\/04\/socio_asprodes-200x80.png 200w\" sizes=\"(max-width: 500px) 100vw, 500px\" \/><\/div>\t\t\t\t<h3 class=\"widget-title\"><span>\t\t\t\t<a title=\"Associa\u00e7\u00e3o Asprodes Plena Inclusi\u00f3n Castilla y Le\u00f3n\" href=\"https:\/\/www.fronteira.eu\/RISfronteira\/pt\/parceiros\/associacao-asprodes\/\">Associa\u00e7\u00e3o Asprodes Plena Inclusi\u00f3n Castilla y Le\u00f3n<\/a><\/span><\/h3>\t\t\t\t<p>(Coordenador)<br \/>\nAsprodes Plena Inclusi\u00f3n Castilla y Le\u00f3n \u00e9 uma associa\u00e7\u00e3o criada, h\u00e1 mais de 50 anos, por um grupo de fam\u00edlias que decidiu empreender um trabalho coletivo de reivindica\u00e7\u00e3o e, mais tarde, gerenciamento de centros e servi\u00e7os.<\/p>\n\t\t\t\t<div class=\"more-link-wrap\">\r\n\t\t\t\t\t<a class=\"more-link\" title=\"Associa\u00e7\u00e3o Asprodes Plena Inclusi\u00f3n Castilla y Le\u00f3n\" href=\"https:\/\/www.fronteira.eu\/RISfronteira\/pt\/parceiros\/associacao-asprodes\/\">Leer m\u00e1s<\/a>\r\n\t\t\t\t<\/div>\r\n\t\t\t<\/div>\r\n\t\t\t\t\t\t\t\t<div class=\"tg-one-third\">\r\n\t\t\t\t<div class=\"service-image\"><img width=\"500\" height=\"200\" src=\"https:\/\/www.fronteira.eu\/RISfronteira\/wp-content\/uploads\/2024\/11\/socio22-instituto_poli_guarda.png\" class=\"attachment-featured size-featured wp-post-image\" alt=\"Polit\u00e9cnico Guarda\" loading=\"lazy\" title=\"Instituto Polit\u00e9cnico Da Guarda\" srcset=\"https:\/\/www.fronteira.eu\/RISfronteira\/wp-content\/uploads\/2024\/11\/socio22-instituto_poli_guarda.png 500w, https:\/\/www.fronteira.eu\/RISfronteira\/wp-content\/uploads\/2024\/11\/socio22-instituto_poli_guarda-300x120.png 300w, https:\/\/www.fronteira.eu\/RISfronteira\/wp-content\/uploads\/2024\/11\/socio22-instituto_poli_guarda-200x80.png 200w\" sizes=\"(max-width: 500px) 100vw, 500px\" \/><\/div>\t\t\t\t<h3 class=\"widget-title\"><span>\t\t\t\t<a title=\"Instituto Polit\u00e9cnico Da Guarda\" href=\"https:\/\/www.fronteira.eu\/RISfronteira\/pt\/parceiros\/instituto-politecnico-da-guarda-2\/\">Instituto Polit\u00e9cnico Da Guarda<\/a><\/span><\/h3>\t\t\t\t<p>O IPG \u00e9 uma institui\u00e7\u00e3o p\u00fablica de ensino superior, ao servi\u00e7o da sociedade, orientada para a produ\u00e7\u00e3o e difus\u00e3o de conhecimento, a cria\u00e7\u00e3o e transmiss\u00e3o de cultura e conhecimento de natureza profissional, cient\u00edfica, tecnol\u00f3gica e art\u00edstica, atrav\u00e9s da articula\u00e7\u00e3o do estudo, ensino, investiga\u00e7\u00e3o orientada e desenvolvimento experimental.<\/p>\n\t\t\t\t<div class=\"more-link-wrap\">\r\n\t\t\t\t\t<a class=\"more-link\" title=\"Instituto Polit\u00e9cnico Da Guarda\" href=\"https:\/\/www.fronteira.eu\/RISfronteira\/pt\/parceiros\/instituto-politecnico-da-guarda-2\/\">Leer m\u00e1s<\/a>\r\n\t\t\t\t<\/div>\r\n\t\t\t<\/div>\r\n\t\t\t\t\t\t\t\t<div class=\"tg-one-third\">\r\n\t\t\t\t<div class=\"service-image\"><img width=\"500\" height=\"200\" src=\"https:\/\/www.fronteira.eu\/RISfronteira\/wp-content\/uploads\/2024\/11\/socio23-plena_inclusion.jpg\" class=\"attachment-featured size-featured wp-post-image\" alt=\"Plena Inclusi\u00f3n Castilla y Le\u00f3n\" loading=\"lazy\" title=\"Plena Inclusi\u00f3n Castilla y Le\u00f3n\" srcset=\"https:\/\/www.fronteira.eu\/RISfronteira\/wp-content\/uploads\/2024\/11\/socio23-plena_inclusion.jpg 500w, https:\/\/www.fronteira.eu\/RISfronteira\/wp-content\/uploads\/2024\/11\/socio23-plena_inclusion-300x120.jpg 300w, https:\/\/www.fronteira.eu\/RISfronteira\/wp-content\/uploads\/2024\/11\/socio23-plena_inclusion-200x80.jpg 200w\" sizes=\"(max-width: 500px) 100vw, 500px\" \/><\/div>\t\t\t\t<h3 class=\"widget-title\"><span>\t\t\t\t<a title=\"Plena Inclusi\u00f3n Castilla y Le\u00f3n\" href=\"https:\/\/www.fronteira.eu\/RISfronteira\/pt\/parceiros\/plena-inclusion-castilla-y-leon\/\">Plena Inclusi\u00f3n Castilla y Le\u00f3n<\/a><\/span><\/h3>\t\t\t\t<p>Plena inclusi\u00f3n Castilla y Le\u00f3n es la federaci\u00f3n de asociaciones y fundaciones de familias de personas con discapacidad intelectual de la regi\u00f3n que trabaja por los derechos y la inclusi\u00f3n social de las personas. <\/p>\n\t\t\t\t<div class=\"more-link-wrap\">\r\n\t\t\t\t\t<a class=\"more-link\" title=\"Plena Inclusi\u00f3n Castilla y Le\u00f3n\" href=\"https:\/\/www.fronteira.eu\/RISfronteira\/pt\/parceiros\/plena-inclusion-castilla-y-leon\/\">Leer m\u00e1s<\/a>\r\n\t\t\t\t<\/div>\r\n\t\t\t<\/div>\r\n\t\t\t\t\t\t\t\t<div class=\"tg-one-third tg-after-three-blocks-clearfix\">\r\n\t\t\t\t<div class=\"service-image\"><img width=\"500\" height=\"200\" src=\"https:\/\/www.fronteira.eu\/RISfronteira\/wp-content\/uploads\/2020\/04\/socio_estrela.jpg\" class=\"attachment-featured size-featured wp-post-image\" alt=\"ADM ESTRELA\" loading=\"lazy\" title=\"ADM Estrela \u2013 Associa\u00e7\u00e3o Social e Desenvolvimento\" srcset=\"https:\/\/www.fronteira.eu\/RISfronteira\/wp-content\/uploads\/2020\/04\/socio_estrela.jpg 500w, https:\/\/www.fronteira.eu\/RISfronteira\/wp-content\/uploads\/2020\/04\/socio_estrela-300x120.jpg 300w, https:\/\/www.fronteira.eu\/RISfronteira\/wp-content\/uploads\/2020\/04\/socio_estrela-200x80.jpg 200w\" sizes=\"(max-width: 500px) 100vw, 500px\" \/><\/div>\t\t\t\t<h3 class=\"widget-title\"><span>\t\t\t\t<a title=\"ADM Estrela \u2013 Associa\u00e7\u00e3o Social e Desenvolvimento\" href=\"https:\/\/www.fronteira.eu\/RISfronteira\/pt\/parceiros\/adm-estrela-associacao-social-e-desenvolvimento\/\">ADM Estrela \u2013 Associa\u00e7\u00e3o Social e Desenvolvimento<\/a><\/span><\/h3>\t\t\t\t<p>A ADM Estrela &#8211; Associa\u00e7\u00e3o Social e Desenvolvimento \u00e9 uma IPSS &#8211; Institui\u00e7\u00e3o Particular de Solidariedade Social &#8211; fundada em Dezembro de 1989, com sede em Vale de Estrela &#8211; Guarda, reconhecida como pessoa colectiva de utilidade p\u00fablica e ONG PD &#8211; Organiza\u00e7\u00e3o N\u00e3o Governamental para Pessoas com Defici\u00eancia.<\/p>\n\t\t\t\t<div class=\"more-link-wrap\">\r\n\t\t\t\t\t<a class=\"more-link\" title=\"ADM Estrela \u2013 Associa\u00e7\u00e3o Social e Desenvolvimento\" href=\"https:\/\/www.fronteira.eu\/RISfronteira\/pt\/parceiros\/adm-estrela-associacao-social-e-desenvolvimento\/\">Leer m\u00e1s<\/a>\r\n\t\t\t\t<\/div>\r\n\t\t\t<\/div>\r\n\t\t\t\t\t\t\t\t<div class=\"tg-one-third\">\r\n\t\t\t\t<div class=\"service-image\"><img width=\"500\" height=\"200\" src=\"https:\/\/www.fronteira.eu\/RISfronteira\/wp-content\/uploads\/2020\/04\/socio_intras.jpg\" class=\"attachment-featured size-featured wp-post-image\" alt=\"Fundaci\u00f3n INTRAS\" loading=\"lazy\" title=\"Funda\u00e7\u00e3o INTRAS\" srcset=\"https:\/\/www.fronteira.eu\/RISfronteira\/wp-content\/uploads\/2020\/04\/socio_intras.jpg 500w, https:\/\/www.fronteira.eu\/RISfronteira\/wp-content\/uploads\/2020\/04\/socio_intras-300x120.jpg 300w, https:\/\/www.fronteira.eu\/RISfronteira\/wp-content\/uploads\/2020\/04\/socio_intras-200x80.jpg 200w\" sizes=\"(max-width: 500px) 100vw, 500px\" \/><\/div>\t\t\t\t<h3 class=\"widget-title\"><span>\t\t\t\t<a title=\"Funda\u00e7\u00e3o INTRAS\" href=\"https:\/\/www.fronteira.eu\/RISfronteira\/pt\/parceiros\/fundacao-intras\/\">Funda\u00e7\u00e3o INTRAS<\/a><\/span><\/h3>\t\t\t\t<p>A Funda\u00e7\u00e3o INTRAS \u00e9 uma entidade sem fins lucrativos criada em 1994 que, com uma equipa de quase 600 profissionais, ajuda pessoas com problemas de sa\u00fade mental a recuperar os seus projetos de vida.<\/p>\n\t\t\t\t<div class=\"more-link-wrap\">\r\n\t\t\t\t\t<a class=\"more-link\" title=\"Funda\u00e7\u00e3o INTRAS\" href=\"https:\/\/www.fronteira.eu\/RISfronteira\/pt\/parceiros\/fundacao-intras\/\">Leer m\u00e1s<\/a>\r\n\t\t\t\t<\/div>\r\n\t\t\t<\/div>\r\n\t\t\t\t\t\t\t\t<div class=\"tg-one-third\">\r\n\t\t\t\t<div class=\"service-image\"><img width=\"500\" height=\"200\" src=\"https:\/\/www.fronteira.eu\/RISfronteira\/wp-content\/uploads\/2024\/11\/socio26-cercig.jpg\" class=\"attachment-featured size-featured wp-post-image\" alt=\"Cercig\" loading=\"lazy\" title=\"CERCIG \u2013 Cooperativa para Educa\u00e7\u00e3o e Reabilita\u00e7\u00e3o de Cidad\u00e3os Inadaptados de la Guarda\" srcset=\"https:\/\/www.fronteira.eu\/RISfronteira\/wp-content\/uploads\/2024\/11\/socio26-cercig.jpg 500w, https:\/\/www.fronteira.eu\/RISfronteira\/wp-content\/uploads\/2024\/11\/socio26-cercig-300x120.jpg 300w, https:\/\/www.fronteira.eu\/RISfronteira\/wp-content\/uploads\/2024\/11\/socio26-cercig-200x80.jpg 200w\" sizes=\"(max-width: 500px) 100vw, 500px\" \/><\/div>\t\t\t\t<h3 class=\"widget-title\"><span>\t\t\t\t<a title=\"CERCIG \u2013 Cooperativa para Educa\u00e7\u00e3o e Reabilita\u00e7\u00e3o de Cidad\u00e3os Inadaptados de la Guarda\" href=\"https:\/\/www.fronteira.eu\/RISfronteira\/pt\/parceiros\/cercig-cooperativa-para-educacao-e-reabilitacao-de-cidadaos-inadaptados-de-la-guarda\/\">CERCIG \u2013 Cooperativa para Educa\u00e7\u00e3o e Reabilita\u00e7\u00e3o de Cidad\u00e3os Inadaptados de la Guarda<\/a><\/span><\/h3>\t\t\t\t<p>Fundada em 21 de Julho de 1977 e com sede no Parque da Sa\u00fade da Guarda, esta cooperativa \u00e9 uma institui\u00e7\u00e3o assistencial com fins altru\u00edstas e reconhecida como Institui\u00e7\u00e3o de Utilidade P\u00fablica desde 1983.<\/p>\n\t\t\t\t<div class=\"more-link-wrap\">\r\n\t\t\t\t\t<a class=\"more-link\" title=\"CERCIG \u2013 Cooperativa para Educa\u00e7\u00e3o e Reabilita\u00e7\u00e3o de Cidad\u00e3os Inadaptados de la Guarda\" href=\"https:\/\/www.fronteira.eu\/RISfronteira\/pt\/parceiros\/cercig-cooperativa-para-educacao-e-reabilitacao-de-cidadaos-inadaptados-de-la-guarda\/\">Leer m\u00e1s<\/a>\r\n\t\t\t\t<\/div>\r\n\t\t\t<\/div>\r\n\t\t\t\t\t\t\t<\/aside>\n\n\n\n<div class=\"clearfix\" style=\"clear:both;\">\n<aside id=\"spacious_service_widget-5\" class=\"widget widget_service_block amr_widget\">\t\t\t\t\t<div class=\"tg-one-third\">\r\n\t\t\t\t<div class=\"service-image\"><img width=\"500\" height=\"200\" src=\"https:\/\/www.fronteira.eu\/RISfronteira\/wp-content\/uploads\/2024\/11\/socio27-aspaym.png\" class=\"attachment-featured size-featured wp-post-image\" alt=\"ASPAYM Castilla y Le\u00f3n\" loading=\"lazy\" title=\"Funda\u00e7\u00e3o ASPAYM Castilla y Le\u00f3n\" srcset=\"https:\/\/www.fronteira.eu\/RISfronteira\/wp-content\/uploads\/2024\/11\/socio27-aspaym.png 500w, https:\/\/www.fronteira.eu\/RISfronteira\/wp-content\/uploads\/2024\/11\/socio27-aspaym-300x120.png 300w, https:\/\/www.fronteira.eu\/RISfronteira\/wp-content\/uploads\/2024\/11\/socio27-aspaym-200x80.png 200w\" sizes=\"(max-width: 500px) 100vw, 500px\" \/><\/div>\t\t\t\t<h3 class=\"widget-title\"><span>\t\t\t\t<a title=\"Funda\u00e7\u00e3o ASPAYM Castilla y Le\u00f3n\" href=\"https:\/\/www.fronteira.eu\/RISfronteira\/pt\/parceiros\/fundacao-aspaym-castilla-y-leon\/\">Funda\u00e7\u00e3o ASPAYM Castilla y Le\u00f3n<\/a><\/span><\/h3>\t\t\t\t<p>A ASPAYM Castilla y Le\u00f3n foi fundada em 1992 com o objetivo de melhorar a qualidade de vida das pessoas com defici\u00eancia. Nos seus prim\u00f3rdios, a entidade centrou-se no atendimento de pessoas com les\u00f5es medulares na comunidade, no entanto, durante os seus anos de actividade, ASPAYM Castilla y Le\u00f3n evoluiu de acordo com a sociedade, prestando cuidados a todos os tipos de defici\u00eancias f\u00edsicas ( les\u00e3o medular medula, acidente vascular cerebral, ataxia, etc.).<\/p>\n\t\t\t\t<div class=\"more-link-wrap\">\r\n\t\t\t\t\t<a class=\"more-link\" title=\"Funda\u00e7\u00e3o ASPAYM Castilla y Le\u00f3n\" href=\"https:\/\/www.fronteira.eu\/RISfronteira\/pt\/parceiros\/fundacao-aspaym-castilla-y-leon\/\">Leer m\u00e1s<\/a>\r\n\t\t\t\t<\/div>\r\n\t\t\t<\/div>\r\n\t\t\t\t\t\t\t\t<div class=\"tg-one-third\">\r\n\t\t\t\t<div class=\"service-image\"><img width=\"500\" height=\"200\" src=\"https:\/\/www.fronteira.eu\/RISfronteira\/wp-content\/uploads\/2024\/11\/socio28-municipio_guarda.png\" class=\"attachment-featured size-featured wp-post-image\" alt=\"Municipio Da Guarda\" loading=\"lazy\" title=\"C\u00e2mara Municipal Da Guarda\" srcset=\"https:\/\/www.fronteira.eu\/RISfronteira\/wp-content\/uploads\/2024\/11\/socio28-municipio_guarda.png 500w, https:\/\/www.fronteira.eu\/RISfronteira\/wp-content\/uploads\/2024\/11\/socio28-municipio_guarda-300x120.png 300w, https:\/\/www.fronteira.eu\/RISfronteira\/wp-content\/uploads\/2024\/11\/socio28-municipio_guarda-200x80.png 200w\" sizes=\"(max-width: 500px) 100vw, 500px\" \/><\/div>\t\t\t\t<h3 class=\"widget-title\"><span>\t\t\t\t<a title=\"C\u00e2mara Municipal Da Guarda\" href=\"https:\/\/www.fronteira.eu\/RISfronteira\/pt\/parceiros\/camara-municipal-da-guarda-2\/\">C\u00e2mara Municipal Da Guarda<\/a><\/span><\/h3>\t\t\t\t<p>A C\u00e2mara Municipal de Guarda vem desempenhando, nos \u00faltimos anos, um papel fundamental no desenvolvimento local e regional&#8230;<\/p>\n\t\t\t\t<div class=\"more-link-wrap\">\r\n\t\t\t\t\t<a class=\"more-link\" title=\"C\u00e2mara Municipal Da Guarda\" href=\"https:\/\/www.fronteira.eu\/RISfronteira\/pt\/parceiros\/camara-municipal-da-guarda-2\/\">Leer m\u00e1s<\/a>\r\n\t\t\t\t<\/div>\r\n\t\t\t<\/div>\r\n\t\t\t\t\t\t\t\t<div class=\"tg-one-third\">\r\n\t\t\t\t<div class=\"service-image\"><img width=\"500\" height=\"200\" src=\"https:\/\/www.fronteira.eu\/RISfronteira\/wp-content\/uploads\/2020\/06\/socio_jcyl_ssocialescyl.jpg\" class=\"attachment-featured size-featured wp-post-image\" alt=\"Servicios Sociales de Castilla y Le\u00f3n. Junta de Castilla y Le\u00f3n\" loading=\"lazy\" title=\"Gest\u00e3o de servi\u00e7os sociais de Castela e Le\u00e3o\" srcset=\"https:\/\/www.fronteira.eu\/RISfronteira\/wp-content\/uploads\/2020\/06\/socio_jcyl_ssocialescyl.jpg 500w, https:\/\/www.fronteira.eu\/RISfronteira\/wp-content\/uploads\/2020\/06\/socio_jcyl_ssocialescyl-300x120.jpg 300w\" sizes=\"(max-width: 500px) 100vw, 500px\" \/><\/div>\t\t\t\t<h3 class=\"widget-title\"><span>\t\t\t\t<a title=\"Gest\u00e3o de servi\u00e7os sociais de Castela e Le\u00e3o\" href=\"https:\/\/www.fronteira.eu\/RISfronteira\/pt\/parceiros\/gestao-de-servicos-sociais-de-castela-e-leao\/\">Gest\u00e3o de servi\u00e7os sociais de Castela e Le\u00e3o<\/a><\/span><\/h3>\t\t\t\t<p>A Administra\u00e7\u00e3o de Servi\u00e7os Sociais de Castela e Le\u00e3o (GSS) \u00e9 o \u00f3rg\u00e3o p\u00fablico competente em assist\u00eancia social, pertencente ao Minist\u00e9rio da fam\u00edlia e igualdade de oportunidades&#8230;<\/p>\n\t\t\t\t<div class=\"more-link-wrap\">\r\n\t\t\t\t\t<a class=\"more-link\" title=\"Gest\u00e3o de servi\u00e7os sociais de Castela e Le\u00e3o\" href=\"https:\/\/www.fronteira.eu\/RISfronteira\/pt\/parceiros\/gestao-de-servicos-sociais-de-castela-e-leao\/\">Leer m\u00e1s<\/a>\r\n\t\t\t\t<\/div>\r\n\t\t\t<\/div>\r\n\t\t\t\t\t\t\t<\/aside>\n<\/div>\n\n\n\n<p><\/p>\n","protected":false},"excerpt":{"rendered":"","protected":false},"author":1,"featured_media":0,"parent":0,"menu_order":0,"comment_status":"closed","ping_status":"closed","template":"","meta":[],"_links":{"self":[{"href":"https:\/\/www.fronteira.eu\/RISfronteira\/wp-json\/wp\/v2\/pages\/417"}],"collection":[{"href":"https:\/\/www.fronteira.eu\/RISfronteira\/wp-json\/wp\/v2\/pages"}],"about":[{"href":"https:\/\/www.fronteira.eu\/RISfronteira\/wp-json\/wp\/v2\/types\/page"}],"author":[{"embeddable":true,"href":"https:\/\/www.fronteira.eu\/RISfronteira\/wp-json\/wp\/v2\/users\/1"}],"replies":[{"embeddable":true,"href":"https:\/\/www.fronteira.eu\/RISfronteira\/wp-json\/wp\/v2\/comments?post=417"}],"version-history":[{"count":11,"href":"https:\/\/www.fronteira.eu\/RISfronteira\/wp-json\/wp\/v2\/pages\/417\/revisions"}],"predecessor-version":[{"id":758,"href":"https:\/\/www.fronteira.eu\/RISfronteira\/wp-json\/wp\/v2\/pages\/417\/revisions\/758"}],"wp:attachment":[{"href":"https:\/\/www.fronteira.eu\/RISfronteira\/wp-json\/wp\/v2\/media?parent=417"}],"curies":[{"name":"wp","href":"https:\/\/api.w.org\/{rel}","templated":true}]}}