{"id":249,"date":"2020-04-17T08:36:41","date_gmt":"2020-04-17T08:36:41","guid":{"rendered":"http:\/\/desarrollo.fronteira.eu\/RISfronteira\/?page_id=249"},"modified":"2024-11-19T10:09:24","modified_gmt":"2024-11-19T10:09:24","slug":"cercig","status":"publish","type":"page","link":"https:\/\/www.fronteira.eu\/RISfronteira\/socios\/cercig\/","title":{"rendered":"CERCIG \u2013 Cooperativa para Educaci\u00f3n y Rehabilitaci\u00f3n de Ciudadanos Inadaptados de la Guarda"},"content":{"rendered":"\n<figure class=\"wp-block-image size-full img-logo_socio\"><img loading=\"lazy\" width=\"500\" height=\"200\" src=\"https:\/\/www.fronteira.eu\/RISfronteira\/wp-content\/uploads\/2024\/11\/socio26-cercig.jpg\" alt=\"Cercig\" class=\"wp-image-1646\" srcset=\"https:\/\/www.fronteira.eu\/RISfronteira\/wp-content\/uploads\/2024\/11\/socio26-cercig.jpg 500w, https:\/\/www.fronteira.eu\/RISfronteira\/wp-content\/uploads\/2024\/11\/socio26-cercig-300x120.jpg 300w, https:\/\/www.fronteira.eu\/RISfronteira\/wp-content\/uploads\/2024\/11\/socio26-cercig-200x80.jpg 200w\" sizes=\"(max-width: 500px) 100vw, 500px\" \/><\/figure>\n\n\n\n<h3>Direcci\u00f3n:<\/h3>\n\n\n\n<p>Parque da Sa\u00fade, 6300-749 Guarda \u2013 Portugal<\/p>\n\n\n\n<h3><strong>Habilidades y experiencias relevantes<\/strong>:<\/h3>\n\n\n\n<p>Fundada el 21 de julio de 1977 y con sede en el Parque da Sa\u00fade da Guarda, esta cooperativa es una instituci\u00f3n de bienestar con fines altruistas y reconocida como Instituci\u00f3n de Utilidad P\u00fablica desde 1983.<\/p>\n\n\n\n<p>Su misi\u00f3n es promover la educaci\u00f3n, formaci\u00f3n y rehabilitaci\u00f3n de los ciudadanos, buscando su inclusi\u00f3n en la sociedad. Para conseguirlo, utiliza diversos medios y recursos para dar un apoyo integral a personas de todas las edades. Tambi\u00e9n brinda apoyo a personas que enfrentan graves dificultades de autonom\u00eda, con el objetivo de garantizar su bienestar y preservar su calidad de vida.<\/p>\n\n\n\n<p>Adem\u00e1s, lucha para erradicar prejuicios y actitudes incomprensibles que podr\u00edan conducir a la marginaci\u00f3n o exclusi\u00f3n social de las personas apoyadas. Desarrolla actividades de informaci\u00f3n y sensibilizaci\u00f3n entre la ciudadan\u00eda en general sobre los derechos de las personas apoyadas y sus familias. <\/p>\n\n\n\n<p>Se trata de una cooperativa comprometida con la comunidad, ofreciendo apoyo y servicios especializados para personas que necesitan apoyo adicional. Comprometida con mejorar la calidad de vida de estas personas, promoviendo su plena inclusi\u00f3n en la sociedad.<\/p>\n\n\n\n<h3>P\u00e1gina web, redes sociales y email de contacto:<\/h3>\n\n\n\n<div class=\"redes-socios\">\n\n<p><span class=\"fa fa-globe\"><\/span>    <a href=\"https:\/\/www.cercig.com\" target=\"_blank\" rel=\"noopener noreferrer\">www.cercig.com<\/a><\/p>\n\n<p><span class=\"fa fa-facebook-f\"><\/span>    <a href=\"https:\/\/www.facebook.com\/cerciguarda\/\" target=\"_blank\" rel=\"noopener noreferrer\">www.facebook.com\/cerciguarda\/ <\/a><\/p>\n\n<p><span class=\"fa fa-instagram\"><\/span>    <a href=\"https:\/\/www.instagram.com\/cerci_guarda\" target=\"_blank\" rel=\"noopener noreferrer\">www.instagram.com\/cerci_guarda<\/a><\/p>\n\n<p><span class=\"fa fa-youtube\"><\/span>    <a href=\"https:\/\/www.youtube.com\/channel\/UC352PdSPF3u660C6FNXGi9g\/featured\" target=\"_blank\" rel=\"noopener noreferrer\">www.youtube.com\/channel\/UC352PdSPF3u660C6FNXGi9g\/featured<\/a><\/p>\n\n<p><span class=\"fa fa-envelope\"><\/span>  <a href=\"mailto:direcao@cercig.org.pt\" target=\"_blank\" rel=\"noopener noreferrer\">direcao@cercig.org.pt<\/a><\/p> \n<\/div>\n","protected":false},"excerpt":{"rendered":"<p>Fundada el 21 de julio de 1977 y con sede en el Parque da Sa\u00fade da Guarda, esta cooperativa es una instituci\u00f3n de bienestar con fines altruistas y reconocida como Instituci\u00f3n de Utilidad P\u00fablica desde 1983.<\/p>\n","protected":false},"author":1,"featured_media":1646,"parent":26,"menu_order":0,"comment_status":"closed","ping_status":"closed","template":"","meta":[],"_links":{"self":[{"href":"https:\/\/www.fronteira.eu\/RISfronteira\/wp-json\/wp\/v2\/pages\/249"}],"collection":[{"href":"https:\/\/www.fronteira.eu\/RISfronteira\/wp-json\/wp\/v2\/pages"}],"about":[{"href":"https:\/\/www.fronteira.eu\/RISfronteira\/wp-json\/wp\/v2\/types\/page"}],"author":[{"embeddable":true,"href":"https:\/\/www.fronteira.eu\/RISfronteira\/wp-json\/wp\/v2\/users\/1"}],"replies":[{"embeddable":true,"href":"https:\/\/www.fronteira.eu\/RISfronteira\/wp-json\/wp\/v2\/comments?post=249"}],"version-history":[{"count":11,"href":"https:\/\/www.fronteira.eu\/RISfronteira\/wp-json\/wp\/v2\/pages\/249\/revisions"}],"predecessor-version":[{"id":1713,"href":"https:\/\/www.fronteira.eu\/RISfronteira\/wp-json\/wp\/v2\/pages\/249\/revisions\/1713"}],"up":[{"embeddable":true,"href":"https:\/\/www.fronteira.eu\/RISfronteira\/wp-json\/wp\/v2\/pages\/26"}],"wp:featuredmedia":[{"embeddable":true,"href":"https:\/\/www.fronteira.eu\/RISfronteira\/wp-json\/wp\/v2\/media\/1646"}],"wp:attachment":[{"href":"https:\/\/www.fronteira.eu\/RISfronteira\/wp-json\/wp\/v2\/media?parent=249"}],"curies":[{"name":"wp","href":"https:\/\/api.w.org\/{rel}","templated":true}]}}