{"id":1694,"date":"2024-11-19T09:38:10","date_gmt":"2024-11-19T09:38:10","guid":{"rendered":"https:\/\/www.fronteira.eu\/RISfronteira\/?page_id=1694"},"modified":"2024-11-19T10:07:27","modified_gmt":"2024-11-19T10:07:27","slug":"plena-inclusion-castilla-y-leon","status":"publish","type":"page","link":"https:\/\/www.fronteira.eu\/RISfronteira\/socios\/plena-inclusion-castilla-y-leon\/","title":{"rendered":"Plena Inclusi\u00f3n Castilla y Le\u00f3n"},"content":{"rendered":"\n<p><\/p>\n\n\n\n<figure class=\"wp-block-image size-full img-logo_socio\"><img loading=\"lazy\" width=\"500\" height=\"200\" src=\"https:\/\/www.fronteira.eu\/RISfronteira\/wp-content\/uploads\/2024\/11\/socio23-plena_inclusion.jpg\" alt=\"Plena Inclusi\u00f3n Castilla y Le\u00f3n\" class=\"wp-image-1643\" srcset=\"https:\/\/www.fronteira.eu\/RISfronteira\/wp-content\/uploads\/2024\/11\/socio23-plena_inclusion.jpg 500w, https:\/\/www.fronteira.eu\/RISfronteira\/wp-content\/uploads\/2024\/11\/socio23-plena_inclusion-300x120.jpg 300w, https:\/\/www.fronteira.eu\/RISfronteira\/wp-content\/uploads\/2024\/11\/socio23-plena_inclusion-200x80.jpg 200w\" sizes=\"(max-width: 500px) 100vw, 500px\" \/><\/figure>\n\n\n\n<h3>Direcci\u00f3n:<\/h3>\n\n\n\n<p>P\u00ba Hospital Militar 40 (Local 34), 47006 Valladolid<\/p>\n\n\n\n<h3>Habilidades y experiencias relevantes:<\/h3>\n\n\n\n<p>Plena inclusi\u00f3n Castilla y Le\u00f3n es la federaci\u00f3n de asociaciones y fundaciones de familias de personas con discapacidad intelectual de la regi\u00f3n que trabaja por los derechos y la inclusi\u00f3n social de las personas. En esta l\u00ednea, trabajamos en cuatro grandes bloques: con las entidades, con las personas con discapacidad intelectual, las familias y las administraciones p\u00fablicas y la sociedad.<\/p>\n\n\n\n<p>En la d\u00e9cada de los 60, concretamente el 13 de noviembre de 1977,&nbsp; se fund\u00f3 la federaci\u00f3n regional de familias de personas discapacidad intelectual en Castilla y Le\u00f3n (inicialmente se llam\u00f3 FECLAPS). Las asociaciones fundadoras fueron, Pronisa en Avila, Aspanias en Burgos, Asprona en Le\u00f3n, Aspanis en Palencia, Asprodes en Salamanca, Apadefim en Segovia, Asamis en Soria, Asprona en Valladolid y Asprosub en Zamora.<\/p>\n\n\n\n<p>A\u00f1os m\u00e1s tarde, en 1981 esta federaci\u00f3n es declarada de utilidad p\u00fablica por acuerdo del Consejo de Ministros el 27 de noviembre de ese mismo a\u00f1o. Siguiendo en una l\u00ednea de unificaci\u00f3n nacional, en 1.999 la mayor parte de las federaciones nacionales se unen bajo el nombre de FEAPS, m\u00e1s el nombre de la comunidad aut\u00f3noma, nombre que se mantiene hasta el 2016 que es sustituido por Plena inclusi\u00f3n. A lo largo de estas d\u00e9cadas de existencia , la federaci\u00f3n ha ido sumando socios hasta el momento actual que ya asciende a 38 entidades.<\/p>\n\n\n\n<h3>P\u00e1gina web, redes sociales y email de contacto:<\/h3>\n\n\n\n<div class=\"redes-socios\">\n\n<p><span class=\"fa fa-globe\"><\/span>    <a href=\"https:\/\/www.plenainclusioncyl.org\/\" target=\"_blank\" rel=\"noopener noreferrer\">www.plenainclusioncyl.org<\/a><\/p>\n\n<p><span class=\"fa fa-facebook-f\"><\/span>    <a href=\"https:\/\/www.facebook.com\/plenainclusioncyl\/\" target=\"_blank\" rel=\"noopener noreferrer\">\nwww.facebook.com\/plenainclusioncyl <\/a><\/p>\n\n<p><span class=\"fa fa-twitter\"><\/span>    <a href=\"https:\/\/x.com\/PlenaCyL\" target=\"_blank\" rel=\"noopener noreferrer\">https:\/\/x.com\/PlenaCyL<\/a><\/p>\n\n<p><span class=\"fa fa-instagram\"><\/span>    <a href=\"https:\/\/www.instagram.com\/plenainclusioncyl\/\" target=\"_blank\" rel=\"noopener noreferrer\">https:\/\/www.instagram.com\/plenainclusioncyl\/<\/a><\/p>\n\n<p><span class=\"fa fa-envelope\"><\/span>  <a href=\"mailto:plenainclusioncyl@plenainclusioncyl.org\" target=\"_blank\" rel=\"noopener noreferrer\">plenainclusioncyl@plenainclusioncyl.org<\/a><\/p> \n<\/div>\n","protected":false},"excerpt":{"rendered":"<p>Plena inclusi\u00f3n Castilla y Le\u00f3n es la federaci\u00f3n de asociaciones y fundaciones de familias de personas con discapacidad intelectual de la regi\u00f3n que trabaja por los derechos y la inclusi\u00f3n social de las personas. <\/p>\n","protected":false},"author":1,"featured_media":1643,"parent":26,"menu_order":0,"comment_status":"closed","ping_status":"closed","template":"","meta":[],"_links":{"self":[{"href":"https:\/\/www.fronteira.eu\/RISfronteira\/wp-json\/wp\/v2\/pages\/1694"}],"collection":[{"href":"https:\/\/www.fronteira.eu\/RISfronteira\/wp-json\/wp\/v2\/pages"}],"about":[{"href":"https:\/\/www.fronteira.eu\/RISfronteira\/wp-json\/wp\/v2\/types\/page"}],"author":[{"embeddable":true,"href":"https:\/\/www.fronteira.eu\/RISfronteira\/wp-json\/wp\/v2\/users\/1"}],"replies":[{"embeddable":true,"href":"https:\/\/www.fronteira.eu\/RISfronteira\/wp-json\/wp\/v2\/comments?post=1694"}],"version-history":[{"count":5,"href":"https:\/\/www.fronteira.eu\/RISfronteira\/wp-json\/wp\/v2\/pages\/1694\/revisions"}],"predecessor-version":[{"id":1712,"href":"https:\/\/www.fronteira.eu\/RISfronteira\/wp-json\/wp\/v2\/pages\/1694\/revisions\/1712"}],"up":[{"embeddable":true,"href":"https:\/\/www.fronteira.eu\/RISfronteira\/wp-json\/wp\/v2\/pages\/26"}],"wp:featuredmedia":[{"embeddable":true,"href":"https:\/\/www.fronteira.eu\/RISfronteira\/wp-json\/wp\/v2\/media\/1643"}],"wp:attachment":[{"href":"https:\/\/www.fronteira.eu\/RISfronteira\/wp-json\/wp\/v2\/media?parent=1694"}],"curies":[{"name":"wp","href":"https:\/\/api.w.org\/{rel}","templated":true}]}}