{"id":161,"date":"2020-04-13T07:29:27","date_gmt":"2020-04-13T07:29:27","guid":{"rendered":"http:\/\/desarrollo.fronteira.eu\/RISfronteira\/?page_id=161"},"modified":"2024-11-19T09:51:55","modified_gmt":"2024-11-19T09:51:55","slug":"asociacion-asprodes","status":"publish","type":"page","link":"https:\/\/www.fronteira.eu\/RISfronteira\/socios\/asociacion-asprodes\/","title":{"rendered":"Asociaci\u00f3n Asprodes Plena Inclusi\u00f3n Castilla y Le\u00f3n"},"content":{"rendered":"\n<p><\/p>\n\n\n\n<figure class=\"wp-block-image size-full img-logo_socio\"><img loading=\"lazy\" width=\"500\" height=\"200\" src=\"https:\/\/www.fronteira.eu\/RISfronteira\/wp-content\/uploads\/2024\/11\/socio21_asprodes.png\" alt=\"ASPRODES Plena inclusi\u00f3n Castilla y Le\u00f3n\" class=\"wp-image-1641\" srcset=\"https:\/\/www.fronteira.eu\/RISfronteira\/wp-content\/uploads\/2024\/11\/socio21_asprodes.png 500w, https:\/\/www.fronteira.eu\/RISfronteira\/wp-content\/uploads\/2024\/11\/socio21_asprodes-300x120.png 300w, https:\/\/www.fronteira.eu\/RISfronteira\/wp-content\/uploads\/2024\/11\/socio21_asprodes-200x80.png 200w\" sizes=\"(max-width: 500px) 100vw, 500px\" \/><\/figure>\n\n\n\n<h3>Direcci\u00f3n:<\/h3>\n\n\n\n<p>Calle Mariseca 1, Bajo, 37003 Salamanca<\/p>\n\n\n\n<h3>Habilidades y experiencias relevantes:<\/h3>\n\n\n\n<p>Asprodes Plena inclusi\u00f3n Castilla y Le\u00f3n es una asociaci\u00f3n creada, hace m\u00e1s de 50 a\u00f1os, por un grupo de familias que decidieron emprender un trabajo colectivo de reivindicaci\u00f3n y, posteriormente, de gesti\u00f3n de centros y servicios.<\/p>\n\n\n\n<p>Asprodes lo forman las familias, las personas atendidas, los voluntarios, los socios, los clientes y los profesionales que d\u00eda a d\u00eda trabajan para mejorar la calidad de vida de las personas con discapacidad intelectual y sus familias.<\/p>\n\n\n\n<p>Actualmente, Asprodes gestiona diferentes centros de d\u00eda, un colegio de educaci\u00f3n especial, un centro especial de empleo, viviendas y residencias en Salamanca y su provincia, dando apoyo a m\u00e1s de 1000 personas con discapacidad y sus familia.<\/p>\n\n\n\n<h3>P\u00e1gina web, redes sociales y email de contacto:<\/h3>\n\n\n\n<div class=\"redes-socios\">\n\n<p><span class=\"fa fa-globe\"><\/span>    <a href=\"https:\/\/www.asprodes.es\/\" target=\"_blank\" rel=\"noopener noreferrer\">www.asprodes.es\/<\/a><\/p>\n\n<p><span class=\"fa fa-facebook-f\"><\/span>    <a href=\"https:\/\/www.facebook.com\/ASPRODES\/\" target=\"_blank\" rel=\"noopener noreferrer\">\nwww.facebook.com\/ASPRODES\/ <\/a><\/p>\n\n<p><span class=\"fa fa-twitter\"><\/span>    <a href=\"https:\/\/www.twitter.com\/asprodessalaman\" target=\"_blank\" rel=\"noopener noreferrer\">www.twitter.com\/asprodessalaman<\/a><\/p>\n\n<p><span class=\"fa fa-instagram\"><\/span>    <a href=\"https:\/\/www.instagram.com\/grupoasprodes\/\" target=\"_blank\" rel=\"noopener noreferrer\">https:\/\/www.instagram.com\/grupoasprodes\/<\/a><\/p>\n\n<p><span class=\"fa fa-linkedin\"><\/span>    <a href=\"https:\/\/www.linkedin.com\/uas\/login?session_redirect=https%3A%2F%2Fwww.linkedin.com%2Fcompany%2F101284151%2Fadmin%2Ffeed%2Fposts%2F%2520\" target=\"_blank\" rel=\"noopener noreferrer\">https:\/\/www.linkedin.com\/uas\/login?session_redirect=https%3A%2F%2Fwww.linkedin.com%2Fcompany%2F101284151%2Fadmin%2Ffeed%2Fposts%2F%2520<\/a><\/p>\n\n<p><span class=\"fa fa-envelope\"><\/span>  <a href=\"mailto:asprodes@asprodes.es\" target=\"_blank\" rel=\"noopener noreferrer\">asprodes@asprodes.es<\/a><\/p> \n<\/div>\n","protected":false},"excerpt":{"rendered":"<p>(Coordinador)<br \/>\nEs una asociaci\u00f3n creada, hace m\u00e1s de 50 a\u00f1os, por un grupo de familias que decidieron emprender un trabajo colectivo de reivindicaci\u00f3n y, posteriormente, de gesti\u00f3n de centros y servicios.<\/p>\n","protected":false},"author":1,"featured_media":221,"parent":26,"menu_order":0,"comment_status":"closed","ping_status":"closed","template":"","meta":[],"_links":{"self":[{"href":"https:\/\/www.fronteira.eu\/RISfronteira\/wp-json\/wp\/v2\/pages\/161"}],"collection":[{"href":"https:\/\/www.fronteira.eu\/RISfronteira\/wp-json\/wp\/v2\/pages"}],"about":[{"href":"https:\/\/www.fronteira.eu\/RISfronteira\/wp-json\/wp\/v2\/types\/page"}],"author":[{"embeddable":true,"href":"https:\/\/www.fronteira.eu\/RISfronteira\/wp-json\/wp\/v2\/users\/1"}],"replies":[{"embeddable":true,"href":"https:\/\/www.fronteira.eu\/RISfronteira\/wp-json\/wp\/v2\/comments?post=161"}],"version-history":[{"count":17,"href":"https:\/\/www.fronteira.eu\/RISfronteira\/wp-json\/wp\/v2\/pages\/161\/revisions"}],"predecessor-version":[{"id":1698,"href":"https:\/\/www.fronteira.eu\/RISfronteira\/wp-json\/wp\/v2\/pages\/161\/revisions\/1698"}],"up":[{"embeddable":true,"href":"https:\/\/www.fronteira.eu\/RISfronteira\/wp-json\/wp\/v2\/pages\/26"}],"wp:featuredmedia":[{"embeddable":true,"href":"https:\/\/www.fronteira.eu\/RISfronteira\/wp-json\/wp\/v2\/media\/221"}],"wp:attachment":[{"href":"https:\/\/www.fronteira.eu\/RISfronteira\/wp-json\/wp\/v2\/media?parent=161"}],"curies":[{"name":"wp","href":"https:\/\/api.w.org\/{rel}","templated":true}]}}