{"id":140,"date":"2020-04-08T07:51:05","date_gmt":"2020-04-08T07:51:05","guid":{"rendered":"http:\/\/desarrollo.fronteira.eu\/RISfronteira\/?page_id=140"},"modified":"2024-11-13T08:55:15","modified_gmt":"2024-11-13T08:55:15","slug":"projeto","status":"publish","type":"page","link":"https:\/\/www.fronteira.eu\/RISfronteira\/pt\/projeto\/","title":{"rendered":"Projeto"},"content":{"rendered":"\n<p>O projeto RIS Fronteira, inserido no Programa Operacional de Coopera\u00e7\u00e3o Transfronteiri\u00e7a Espanha &#8211; Portugal (POCTEP), \u00e9 uma iniciativa que visa criar e promover uma Rede de Centros ou Hubs de Inova\u00e7\u00e3o Social, de natureza transfronteiri\u00e7a no dom\u00ednio das novas economias: sa\u00fade e cuidados, inova\u00e7\u00e3o tur\u00edstica e economia ecol\u00f3gica, com o objectivo de melhorar a competitividade do espa\u00e7o de coopera\u00e7\u00e3o atrav\u00e9s da especializa\u00e7\u00e3o das entidades parceiras, da cria\u00e7\u00e3o de ecossistemas territoriais, atrav\u00e9s da especializa\u00e7\u00e3o territorial e da gest\u00e3o e transfer\u00eancia de conhecimento com impacto territorial.<\/p>\n\n\n\n<p><strong>Os objetivos espec\u00edficos<\/strong> <strong>do projeto s\u00e3o:<\/strong><\/p>\n\n\n\n<div class=\"wp-block-columns\">\n<div class=\"wp-block-column is-vertically-aligned-center\" style=\"flex-basis:66.66%\">\n<ul><li>Promover novas actividades econ\u00f3micas que gerem emprego para grupos priorit\u00e1rios no espa\u00e7o de coopera\u00e7\u00e3o..<\/li><li>Promover os ecossistemas territoriais no \u00e2mbito das Novas Economias, aproveitando a especializa\u00e7\u00e3o inteligente dos territ\u00f3rios.<\/li><li>Promover a gest\u00e3o do conhecimento, garantindo a sua transfer\u00eancia para outros territ\u00f3rios e influ\u00eancia nas pol\u00edticas.<\/li><li>Promover novos modelos de governa\u00e7\u00e3o p\u00fablico-privada nos sectores econ\u00f3micos identificados nas RIS3 (modelo de cuidados domicili\u00e1rios, patrim\u00f3nio natural e cultural), para gerar maiores impactos no espa\u00e7o fronteiri\u00e7o.<\/li><li>Procurar a excel\u00eancia na gest\u00e3o e coordena\u00e7\u00e3o do projeto e no alcance dos objetivos previstos.<\/li><li>Dar visibilidade, divulgar e valorizar os resultados e atividades do projeto, bem como os seus objetivos, desenhando a\u00e7\u00f5es de comunica\u00e7\u00e3o interna e externa que permitam amplificar o impacto junto dos grupos-alvo identificados.<\/li><\/ul>\n<\/div>\n\n\n\n<div class=\"wp-block-column is-vertically-aligned-center\" style=\"flex-basis:33.33%\">\n<figure class=\"wp-block-image size-full\"><img loading=\"lazy\" width=\"300\" height=\"226\" src=\"https:\/\/www.fronteira.eu\/RISfronteira\/wp-content\/uploads\/2024\/11\/Proyecto.png\" alt=\"\" class=\"wp-image-1565\"\/><\/figure>\n<\/div>\n<\/div>\n\n\n\n<p><strong>O projeto \u00e9 realizado pelos seguintes parceiros:<\/strong><\/p>\n\n\n\n<ul><li><strong><a rel=\"noreferrer noopener\" href=\"https:\/\/asprodes.es\/\" target=\"_blank\">Associa\u00e7\u00e3o ASPRODES<\/a><\/strong>, Salamanca (Espanha). <\/li><li><strong><a rel=\"noreferrer noopener\" href=\"http:\/\/www.ipg.pt\/website\/\" target=\"_blank\">Instituto Polit\u00e9cnico da Guarda<\/a><\/strong>, Guarda (Portugal).<\/li><li><strong><a rel=\"noreferrer noopener\" href=\"https:\/\/www.plenainclusioncyl.org\/\" target=\"_blank\">Inclus\u00e3o Total Castela e Le\u00e3o<\/a><\/strong>, Valladolid (Espanha). <\/li><li><strong><a rel=\"noreferrer noopener\" href=\"https:\/\/www.admestrela.pt\/\" target=\"_blank\">ADM Estrela &#8211; Associa\u00e7\u00e3o Social e Desenvolvimento,<\/a><\/strong> Guarda (Portugal). <\/li><li><strong><a rel=\"noreferrer noopener\" href=\"https:\/\/www.intras.es\/\" target=\"_blank\">Funda\u00e7\u00e3o INTRAS<\/a><\/strong>, Valladolid (Espanha) <\/li><li><strong><a rel=\"noreferrer noopener\" href=\"https:\/\/www.cercig.com\/\" target=\"_blank\">CERCIG<\/a><\/strong>, Guarda (Portugal). <\/li><li><strong><a rel=\"noreferrer noopener\" href=\"https:\/\/www.aspaymcyl.org\/\" target=\"_blank\">Funda\u00e7\u00e3o ASPAYM Castela e Le\u00e3o<\/a><\/strong>, Valladolid (Espanha) <\/li><li><strong><a rel=\"noreferrer noopener\" href=\"https:\/\/www.mun-guarda.pt\/Portal\/\" target=\"_blank\">Munic\u00edpio da Guarda<\/a><\/strong>, Guarda (Portugal).<\/li><li><strong><a href=\"https:\/\/serviciossociales.jcyl.es\/web\/es\/servicios-sociales.html\" target=\"_blank\" rel=\"noreferrer noopener\">Gest\u00e3o dos Servi\u00e7os Sociais de Castela e Le\u00e3o<\/a><\/strong>, Valladolid (Espanha). <\/li><\/ul>\n","protected":false},"excerpt":{"rendered":"<p>O projeto RIS Fronteira, inserido no Programa Operacional de Coopera\u00e7\u00e3o Transfronteiri\u00e7a Espanha &#8211; Portugal (POCTEP), \u00e9 uma iniciativa que visa criar e promover uma Rede de Centros ou Hubs de Inova\u00e7\u00e3o Social, de natureza transfronteiri\u00e7a no dom\u00ednio das novas economias:<\/p>\n","protected":false},"author":1,"featured_media":0,"parent":0,"menu_order":0,"comment_status":"closed","ping_status":"closed","template":"","meta":[],"_links":{"self":[{"href":"https:\/\/www.fronteira.eu\/RISfronteira\/wp-json\/wp\/v2\/pages\/140"}],"collection":[{"href":"https:\/\/www.fronteira.eu\/RISfronteira\/wp-json\/wp\/v2\/pages"}],"about":[{"href":"https:\/\/www.fronteira.eu\/RISfronteira\/wp-json\/wp\/v2\/types\/page"}],"author":[{"embeddable":true,"href":"https:\/\/www.fronteira.eu\/RISfronteira\/wp-json\/wp\/v2\/users\/1"}],"replies":[{"embeddable":true,"href":"https:\/\/www.fronteira.eu\/RISfronteira\/wp-json\/wp\/v2\/comments?post=140"}],"version-history":[{"count":27,"href":"https:\/\/www.fronteira.eu\/RISfronteira\/wp-json\/wp\/v2\/pages\/140\/revisions"}],"predecessor-version":[{"id":1663,"href":"https:\/\/www.fronteira.eu\/RISfronteira\/wp-json\/wp\/v2\/pages\/140\/revisions\/1663"}],"wp:attachment":[{"href":"https:\/\/www.fronteira.eu\/RISfronteira\/wp-json\/wp\/v2\/media?parent=140"}],"curies":[{"name":"wp","href":"https:\/\/api.w.org\/{rel}","templated":true}]}}